{"id":6554,"date":"2024-03-20T16:49:16","date_gmt":"2024-03-20T09:49:16","guid":{"rendered":"https:\/\/b2c.fairs.vn\/?post_type=product&#038;p=6554"},"modified":"2024-03-20T16:49:16","modified_gmt":"2024-03-20T09:49:16","slug":"com-chay-cung-dinh","status":"publish","type":"product","link":"https:\/\/b2c.fairs.vn\/en\/product\/com-chay-cung-dinh\/","title":{"rendered":"C\u01a1m Ch\u00e1y Cung \u0110\u00ecnh"},"content":{"rendered":"<p>S\u1ea3n ph\u1ea9m c\u01a1m ch\u00e1y Cung \u0110\u00ecnh c\u1ee7a C\u00f4ng ty TNHH s\u1ea3n xu\u1ea5t v\u00e0 ph\u00e2n ph\u1ed1i th\u1ef1c ph\u1ea9m An Ph\u00fa t\u1ea1i x\u1ebfp h\u1ea1ng s\u1ea3n ph\u1ea9m 3 sao thu\u1ed9c ch\u01b0\u01a1ng tr\u00ecnh OCOP n\u0103m 2021. \u0110\u1ec3 c\u00f3 s\u1ea3n ph\u1ea9m c\u01a1m ch\u00e1y kh\u00f4 cho ra v\u1ecb r\u1ea5t ri\u00eang c\u1ee7a v\u00f9ng qu\u00ea Kim S\u01a1n, Ninh B\u00ecnh, sau khi nh\u1eadp m\u00e1y m\u00f3c \u0111\u1ec3 \u0111\u01b0a v\u00e0o ch\u1ebf bi\u1ebfn c\u01a1m ch\u00e1y, ch\u00fang t\u00f4i b\u1eaft \u0111\u1ea7u tri\u1ec3n khai kh\u00e2u l\u1ef1a ch\u1ecdn nguy\u00ean li\u1ec7u g\u1ed3m g\u1ea1o, ru\u1ed1c, d\u1ea7u chi\u00ean v\u00e0 bao b\u00ec \u0111\u00f3ng g\u00f3i, khay nh\u1ef1a&#8230; \u0110i\u1ec1u quan tr\u1ecdng nh\u1ea5t trong kh\u00e2u ch\u1ecdn nguy\u00ean li\u1ec7u \u0111\u1ea7u v\u00e0o \u0111\u00f3 l\u00e0: T\u1ea5t c\u1ea3 \u0111\u1ec1u \u0111\u1ea3m b\u1ea3o ngu\u1ed3n g\u1ed1c xu\u1ea5t x\u1ee9 r\u00f5 r\u00e0ng. G\u1ea1o \u0111\u01b0\u1ee3c l\u1ef1a ch\u1ecdn \u0111\u1ec3 l\u00e0m c\u01a1m ch\u00e1y l\u00e0 g\u1ea1o n\u1ebfp c\u00e1i hoa v\u00e0ng. Qu\u00e1 tr\u00ecnh ng\u00e2m g\u1ea1o c\u0169ng \u0111\u00f2i h\u1ecfi ph\u1ea3i \u0111\u00fang k\u1ef9 thu\u1eadt, th\u00f4ng th\u01b0\u1eddng vi\u1ec7c ng\u00e2m g\u1ea1o s\u1ebd \u0111\u01b0\u1ee3c th\u1ef1c hi\u1ec7n trong th\u1eddi gian t\u1eeb 6-8 ti\u1ebfng. Khi \u0111\u1ed3 x\u00f4i s\u1ebd d\u00f9ng n\u1ed3i h\u01a1i \u0111\u1ec3 n\u1ea5u, gi\u00fap x\u00f4i ch\u00edn \u0111\u1ec1u, \u0111\u1ed9 k\u1ebft d\u00ednh cao h\u01a1n so v\u1edbi n\u1ea5u ch\u00edn tr\u1ef1c ti\u1ebfp b\u1eb1ng n\u01b0\u1edbc. M\u1ed9t c\u00f4ng \u0111o\u1ea1n c\u0169ng r\u1ea5t quan tr\u1ecdng \u1ea3nh h\u01b0\u1edfng \u0111\u1ebfn ch\u1ea5t l\u01b0\u1ee3ng c\u1ee7a s\u1ea3n ph\u1ea9m \u0111\u00f3 l\u00e0 chi\u00ean c\u01a1m. C\u01a1m sau khi \u0111\u01b0\u1ee3c c\u00e1n th\u00e0nh nh\u1eefng khay nh\u1ecf, s\u1ea5y kh\u00f4 b\u1eb1ng m\u00e1y trong th\u1eddi gian 15 ti\u1ebfng, \u1edf nhi\u1ec7t \u0111\u1ed9 420C \u0111\u1ec3 \u0111\u1ea3m b\u1ea3o c\u01a1m ch\u1eafc gi\u00f2n, kh\u00f4ng b\u1ecb r\u00e3, s\u1ebd \u0111\u01b0\u1ee3c chi\u00ean b\u1eb1ng n\u1ed3i chi\u00ean v\u1edbi c\u00f4ng ngh\u1ec7 tr\u00ean d\u1ea7u &#8211; d\u01b0\u1edbi n\u01b0\u1edbc. V\u1edbi c\u00f4ng ngh\u1ec7 n\u00e0y lu\u00f4n \u0111\u1ea3m b\u1ea3o nhi\u1ec7t \u0111\u1ed9 s\u00f4i \u1ed5n \u0111\u1ecbnh v\u00e0 nh\u1eefng m\u1ea9u c\u01a1m nh\u1ecf, v\u1ee5n s\u1ebd ch\u00ecm xu\u1ed1ng d\u01b0\u1edbi \u0111\u00e1y c\u00f3 n\u01b0\u1edbc m\u00e0 kh\u00f4ng b\u1ecb ch\u00e1y kh\u00e9t.<\/p>\n<p>Tha\u0300nh ph\u00e2\u0300n:<\/p>\n<p>G\u1ea1o N\u1ebfp th\u01a1m, Ch\u00e0 B\u00f4ng, \u1edat kh\u00f4, M\u1eafm, \u0110\u01b0\u1eddng, H\u00e0nh l\u00e1, Gia v\u1ecb&#8230;<\/p>\n<p>Th\u00f4ng tin kha\u0301c:<\/p>\n<p>B\u1ea3o qu\u1ea3n: N\u01a1i kh\u00f4 r\u00e1o, tho\u00e1ng m\u00e1t, k\u00edn h\u01a1i. &#8211; S\u1eed d\u1ee5ng: \u0102n ngay kh\u00f4ng c\u1ea7n ch\u1ebf bi\u1ebfn &#8211; \u0110\u1eb7c s\u1ea3n Ninh B\u00ecnh &#8211; Kh\u1ed1i l\u01b0\u1ee3ng: 200gr &#8211; \u0110\u00f3ng g\u00f3i: T\u00fai linon tr\u01a1n, h\u00fat ch\u00e2n kh\u00f4ng<\/p>","protected":false},"excerpt":{"rendered":"<p>S\u1ea3n ph\u1ea9m c\u01a1m ch\u00e1y Cung \u0110\u00ecnh c\u1ee7a C\u00f4ng ty TNHH s\u1ea3n xu\u1ea5t v\u00e0 ph\u00e2n ph\u1ed1i th\u1ef1c ph\u1ea9m An Ph\u00fa t\u1ea1i<\/p>","protected":false},"featured_media":6556,"comment_status":"open","ping_status":"closed","template":"","meta":{"_acf_changed":false},"product_cat":[315,317,314,22,313],"product_tag":[],"class_list":{"0":"post-6554","1":"product","2":"type-product","3":"status-publish","4":"has-post-thumbnail","6":"product_cat-che-bien-tu-gao-ngu-coc","7":"product_cat-che-bien-tu-thit-trung-sua-thuy-san-cac-san-pham-tu-mat-ong-mat-khac-va-nong-san-thuc-pham-khac","8":"product_cat-do-an-nhanh","9":"product_cat-sanphamthucpham","10":"product_cat-thuc-pham-che-bien","12":"first","13":"instock","14":"shipping-taxable","15":"product-type-simple"},"acf":[],"_links":{"self":[{"href":"https:\/\/b2c.fairs.vn\/en\/wp-json\/wp\/v2\/product\/6554","targetHints":{"allow":["GET"]}}],"collection":[{"href":"https:\/\/b2c.fairs.vn\/en\/wp-json\/wp\/v2\/product"}],"about":[{"href":"https:\/\/b2c.fairs.vn\/en\/wp-json\/wp\/v2\/types\/product"}],"replies":[{"embeddable":true,"href":"https:\/\/b2c.fairs.vn\/en\/wp-json\/wp\/v2\/comments?post=6554"}],"version-history":[{"count":0,"href":"https:\/\/b2c.fairs.vn\/en\/wp-json\/wp\/v2\/product\/6554\/revisions"}],"wp:featuredmedia":[{"embeddable":true,"href":"https:\/\/b2c.fairs.vn\/en\/wp-json\/wp\/v2\/media\/6556"}],"wp:attachment":[{"href":"https:\/\/b2c.fairs.vn\/en\/wp-json\/wp\/v2\/media?parent=6554"}],"wp:term":[{"taxonomy":"product_cat","embeddable":true,"href":"https:\/\/b2c.fairs.vn\/en\/wp-json\/wp\/v2\/product_cat?post=6554"},{"taxonomy":"product_tag","embeddable":true,"href":"https:\/\/b2c.fairs.vn\/en\/wp-json\/wp\/v2\/product_tag?post=6554"}],"curies":[{"name":"wp","href":"https:\/\/api.w.org\/{rel}","templated":true}]}}