{"id":6524,"date":"2024-03-20T16:44:01","date_gmt":"2024-03-20T09:44:01","guid":{"rendered":"https:\/\/b2c.fairs.vn\/?post_type=product&#038;p=6524"},"modified":"2024-03-27T17:10:37","modified_gmt":"2024-03-27T10:10:37","slug":"che-dinh-dinh-dac-san-htx-che-hao-dat-hop-do","status":"publish","type":"product","link":"https:\/\/b2c.fairs.vn\/en\/product\/che-dinh-dinh-dac-san-htx-che-hao-dat-hop-do\/","title":{"rendered":"Ch\u00e8 \u0110inh \u0111inh \u0111\u1eb7c s\u1ea3n ( HTX ch\u00e8 H\u1ea2O \u0110\u1ea0T) h\u1ed9p \u0111\u1ecf 150g"},"content":{"rendered":"<p>Th\u00e0nh ph\u1ea7n:<br \/>\nNguy\u00ean li\u1ec7u l\u00e0 b\u00fap ch\u00e8 n\u00f5n t\u01b0\u01a1i 1 t\u00f4m t\u1ea1i v\u00f9ng ch\u00e8 \u0111\u1ea1t ti\u00eau chu\u1ea9n VietGap h\u01b0\u01a1\u0301ng h\u01b0\u0303u c\u01a1 c\u1ee7a H\u1ee3p T\u00e1c X\u00e3 Ch\u00e8 H\u1ea3o \u0110\u1ea1t \u0111\u01b0\u1ee3c h\u00e1i v\u00e0o bu\u1ed5i s\u00e1ng s\u01a1\u0301m, ch\u00e8 sau \u0111\u00f3 \u0111em v\u1ec1 ngay v\u00e0 \u0111\u01b0\u1ee3c sao kh\u00f4 lu\u00f4n theo ph\u01b0\u01a1ng ph\u00e1p truy\u1ec1n th\u1ed1ng s\u1eed d\u1ee5ng c\u00f4ng ngh\u1ec7 hi\u1ec7n \u0111\u1ea1i \u0111a\u0309m ba\u0309o quy tri\u0300nh KHE\u0301P KI\u0301N, \u0111\u00e3 gi\u1eef \u0111\u01b0\u1ee3c ch\u1ea5t, v\u1ecb, h\u01b0\u01a1ng Ch\u00e8 T\u00e2n C\u01b0\u01a1ng t\u1ef1 nhi\u00ean, sau khi sao kh\u00f4 ch\u1ebf bi\u1ebfn th\u00e0nh Ch\u00e8 \u0110inh \u0111\u01b0\u1ee3c \u0111\u00f3ng g\u00f3i b\u1eb1ng t\u00fai \u1ea9m nh\u1ecf h\u00fat ch\u00e2n kh\u00f4ng \u0111\u1ebf ti\u1ec7n l\u1ee3i khi s\u1eed d\u1ee5ng v\u00e0 b\u1ea3o qu\u1ea3n ch\u00e8 \u0111\u01b0\u1ee3c t\u1ed1t v\u00e0 l\u00e2u h\u01a1n..<br \/>\n\u2013 C\u00f4ng d\u1ee5ng:<br \/>\nGi\u00fap t\u1ec9nh t\u00e1o, gi\u1ea3m nguy c\u01a1 m\u1eafc b\u1ec7nh ung th\u01b0, tim m\u1ea1ch, gi\u1ea3m cholesterol, ch\u1ed1ng l\u00e3o h\u00f3a v\u00e0 l\u00e0m \u0111\u1eb9p da.<br \/>\n\u2013 B\u1ea3o qu\u1ea3n:<br \/>\n\u0110\u1ec3 n\u01a1i kh\u00f4 r\u00e1o ,tho\u00e1ng m\u00e1t, tr\u00e1nh ti\u1ebfp x\u00fac tr\u1ef1c ti\u1ebfp v\u1edbi \u00e1nh n\u1eafng m\u1eb7t tr\u1eddi.<br \/>\n\u2013 Quy c\u00e1ch:<br \/>\n\u0110\u01b0\u1ee3c \u0111\u00f3ng v\u00e0o t\u00fai \u1ea5m nh\u1ecf th\u01b0\u01a1ng hi\u1ec7u H\u1ea3o \u0110\u1ea1t h\u00fat ch\u00e2n kh\u00f4ng kh\u1ed1i l\u01b0\u1ee3ng t\u1ecbnh 200g<\/p>\n<p>H\u01b0\u01a1\u0301ng d\u00e2\u0303n pha tra\u0300<br \/>\n\u2013 Tra\u0301ng \u00e2\u0301m b\u0103\u0300ng n\u01b0\u01a1\u0301c \u00e2\u0301m tr\u01b0\u01a1\u0301c khi pha<br \/>\n\u2013 Cho 4-6gam tra\u0300 va\u0300o \u00e2\u0301n co\u0301 th\u00ea\u0309 ti\u0301ch 150ml<br \/>\n\u2013 Ro\u0301t 150ml n\u01b0\u01a1\u0301c s\u00f4i va\u0300o \u00e2\u0301m, ch\u01a1\u0300 t\u01b0\u0300 3-5 phu\u0301t<br \/>\n\u2013 Th\u01b0\u01a1\u0309ng th\u01b0\u0301c h\u01b0\u01a1ng vi\u0323 th\u01a1m ngon tinh ki\u00ea\u0301t cu\u0309a tra\u0300 \u0111\u0103\u0323c sa\u0309n T\u00e2n C\u01b0\u01a1ng Tha\u0301i Nguy\u00ean.<br \/>\n\u2013 Ch\u00fa \u00fd:<br \/>\nSau khi c\u1eaft mi\u1ec7ng t\u00fai ph\u1ea3i \u0111\u00f3ng k\u00edn, \u0111\u1ec3 trong h\u1ed9p chuy\u00ean \u0111\u1ef1ng tr\u00e0, s\u1ebd gi\u1eef \u0111\u01b0\u1ee3c h\u01b0\u01a1ng v\u1ecb ch\u1ea5t l\u01b0\u1ee3ng tr\u00e0 ngon v\u00e0 l\u00e2u h\u01a1n.<\/p>","protected":false},"excerpt":{"rendered":"<p>Th\u00e0nh ph\u1ea7n:<br \/>\nNguy\u00ean li\u1ec7u l\u00e0 b\u00fap ch\u00e8 n\u00f5n t\u01b0\u01a1i 1 t\u00f4m t\u1ea1i v\u00f9ng ch\u00e8 \u0111\u1ea1t ti\u00eau chu\u1ea9n VietGap h\u01b0\u01a1\u0301ng h\u01b0\u0303u c\u01a1 c\u1ee7a H\u1ee3p T\u00e1c X\u00e3 Ch\u00e8 H\u1ea3o \u0110\u1ea1t \u0111\u01b0\u1ee3c h\u00e1i v\u00e0o bu\u1ed5i s\u00e1ng s\u01a1\u0301m, ch\u00e8 sau \u0111\u00f3 \u0111em v\u1ec1 ngay v\u00e0 \u0111\u01b0\u1ee3c sao kh\u00f4 lu\u00f4n theo ph\u01b0\u01a1ng ph\u00e1p truy\u1ec1n th\u1ed1ng s\u1eed d\u1ee5ng c\u00f4ng ngh\u1ec7 hi\u1ec7n \u0111\u1ea1i \u0111a\u0309m ba\u0309o quy tri\u0300nh KHE\u0301P KI\u0301N, \u0111\u00e3 gi\u1eef \u0111\u01b0\u1ee3c ch\u1ea5t, v\u1ecb, h\u01b0\u01a1ng Ch\u00e8 T\u00e2n C\u01b0\u01a1ng t\u1ef1 nhi\u00ean, sau khi sao kh\u00f4 ch\u1ebf bi\u1ebfn th\u00e0nh Ch\u00e8 \u0110inh \u0111\u01b0\u1ee3c \u0111\u00f3ng g\u00f3i b\u1eb1ng t\u00fai \u1ea9m nh\u1ecf h\u00fat ch\u00e2n kh\u00f4ng \u0111\u1ebf ti\u1ec7n l\u1ee3i khi s\u1eed d\u1ee5ng v\u00e0 b\u1ea3o qu\u1ea3n ch\u00e8 \u0111\u01b0\u1ee3c t\u1ed1t v\u00e0 l\u00e2u h\u01a1n..<br \/>\n\u2013 C\u00f4ng d\u1ee5ng:<br \/>\nGi\u00fap t\u1ec9nh t\u00e1o, gi\u1ea3m nguy c\u01a1 m\u1eafc b\u1ec7nh ung th\u01b0, tim m\u1ea1ch, gi\u1ea3m cholesterol, ch\u1ed1ng l\u00e3o h\u00f3a v\u00e0 l\u00e0m \u0111\u1eb9p da.<br \/>\n\u2013 B\u1ea3o qu\u1ea3n:<br \/>\n\u0110\u1ec3 n\u01a1i kh\u00f4 r\u00e1o ,tho\u00e1ng m\u00e1t, tr\u00e1nh ti\u1ebfp x\u00fac tr\u1ef1c ti\u1ebfp v\u1edbi \u00e1nh n\u1eafng m\u1eb7t tr\u1eddi.<br \/>\n\u2013 Quy c\u00e1ch:<br \/>\n\u0110\u01b0\u1ee3c \u0111\u00f3ng v\u00e0o t\u00fai \u1ea5m nh\u1ecf th\u01b0\u01a1ng hi\u1ec7u H\u1ea3o \u0110\u1ea1t h\u00fat ch\u00e2n kh\u00f4ng kh\u1ed1i l\u01b0\u1ee3ng t\u1ecbnh 200g<\/p>\n<p>H\u01b0\u01a1\u0301ng d\u00e2\u0303n pha tra\u0300<br \/>\n\u2013 Tra\u0301ng \u00e2\u0301m b\u0103\u0300ng n\u01b0\u01a1\u0301c \u00e2\u0301m tr\u01b0\u01a1\u0301c khi pha<br \/>\n\u2013 Cho 4-6gam tra\u0300 va\u0300o \u00e2\u0301n co\u0301 th\u00ea\u0309 ti\u0301ch 150ml<br \/>\n\u2013 Ro\u0301t 150ml n\u01b0\u01a1\u0301c s\u00f4i va\u0300o \u00e2\u0301m, ch\u01a1\u0300 t\u01b0\u0300 3-5 phu\u0301t<br \/>\n\u2013 Th\u01b0\u01a1\u0309ng th\u01b0\u0301c h\u01b0\u01a1ng vi\u0323 th\u01a1m ngon tinh ki\u00ea\u0301t cu\u0309a tra\u0300 \u0111\u0103\u0323c sa\u0309n T\u00e2n C\u01b0\u01a1ng Tha\u0301i Nguy\u00ean.<br \/>\n\u2013 Ch\u00fa \u00fd:<br \/>\nSau khi c\u1eaft mi\u1ec7ng t\u00fai ph\u1ea3i \u0111\u00f3ng k\u00edn, \u0111\u1ec3 trong h\u1ed9p chuy\u00ean \u0111\u1ef1ng tr\u00e0, s\u1ebd gi\u1eef \u0111\u01b0\u1ee3c h\u01b0\u01a1ng v\u1ecb ch\u1ea5t l\u01b0\u1ee3ng tr\u00e0 ngon v\u00e0 l\u00e2u h\u01a1n.<\/p>","protected":false},"featured_media":6527,"comment_status":"open","ping_status":"closed","template":"","meta":{"_acf_changed":false},"product_cat":[321,322],"product_tag":[],"class_list":{"0":"post-6524","1":"product","2":"type-product","3":"status-publish","4":"has-post-thumbnail","6":"product_cat-che","7":"product_cat-che-tuoi-che-bien","9":"first","10":"instock","11":"shipping-taxable","12":"purchasable","13":"product-type-simple"},"acf":[],"_links":{"self":[{"href":"https:\/\/b2c.fairs.vn\/en\/wp-json\/wp\/v2\/product\/6524","targetHints":{"allow":["GET"]}}],"collection":[{"href":"https:\/\/b2c.fairs.vn\/en\/wp-json\/wp\/v2\/product"}],"about":[{"href":"https:\/\/b2c.fairs.vn\/en\/wp-json\/wp\/v2\/types\/product"}],"replies":[{"embeddable":true,"href":"https:\/\/b2c.fairs.vn\/en\/wp-json\/wp\/v2\/comments?post=6524"}],"version-history":[{"count":0,"href":"https:\/\/b2c.fairs.vn\/en\/wp-json\/wp\/v2\/product\/6524\/revisions"}],"wp:featuredmedia":[{"embeddable":true,"href":"https:\/\/b2c.fairs.vn\/en\/wp-json\/wp\/v2\/media\/6527"}],"wp:attachment":[{"href":"https:\/\/b2c.fairs.vn\/en\/wp-json\/wp\/v2\/media?parent=6524"}],"wp:term":[{"taxonomy":"product_cat","embeddable":true,"href":"https:\/\/b2c.fairs.vn\/en\/wp-json\/wp\/v2\/product_cat?post=6524"},{"taxonomy":"product_tag","embeddable":true,"href":"https:\/\/b2c.fairs.vn\/en\/wp-json\/wp\/v2\/product_tag?post=6524"}],"curies":[{"name":"wp","href":"https:\/\/api.w.org\/{rel}","templated":true}]}}