{"id":6493,"date":"2024-03-20T16:36:09","date_gmt":"2024-03-20T09:36:09","guid":{"rendered":"https:\/\/b2c.fairs.vn\/?post_type=product&#038;p=6493"},"modified":"2024-04-10T16:50:34","modified_gmt":"2024-04-10T09:50:34","slug":"cao-son-tra","status":"publish","type":"product","link":"https:\/\/b2c.fairs.vn\/en\/product\/cao-son-tra\/","title":{"rendered":"Cao S\u01a1n Tr\u00e0"},"content":{"rendered":"<div>\n<div>\n<p>Tr\u00e0 xanh \u0111\u00e3 tr\u1edf th\u00e0nh m\u1ed9t th\u1ee9c u\u1ed1ng th\u01b0\u1eddng ng\u00e0y c\u1ee7a ng\u01b0\u1eddi Vi\u1ec7t. Tr\u00e0 xanh g\u1ea7n g\u0169i v\u1edbi ng\u01b0\u1eddi Vi\u1ec7t \u1edf m\u1ecdi l\u00fac, m\u1ecdi n\u01a1i. T\u1eeb \u0111\u01b0\u1eddng ph\u1ed1 t\u1edbi gia \u0111\u00ecnh, t\u1eeb v\u0103n ph\u00f2ng doanh nghi\u1ec7p \u0111\u1ebfn tr\u1ee5 c\u00f4ng quy\u1ec1n, n\u01a1i \u0111\u00e2u tr\u00e0 xanh c\u0169ng \u0111\u01b0\u1ee3c d\u00f9ng \u0111\u1ec3 ti\u1ebfp kh\u00e1ch. \u0110\u00f3 l\u00e0 n\u00e9t \u0111\u1eb7c tr\u01b0ng, gi\u00e0u n\u00e9t truy\u1ec1n th\u1ed1ng v\u0103n h\u00f3a Vi\u1ec7t. C\u00f3 l\u1ebd c\u0169ng v\u00ec th\u1ebf m\u00e0 tr\u00e0 xanh \u0111\u00e3 d\u1ea7n tr\u1edf th\u00e0nh m\u1ed9t trong nh\u1eefng m\u00f3n qu\u00e0 kh\u00f4ng th\u1ec3 thi\u1ebfu trong m\u1ed7i d\u1ecbp l\u1ec5 t\u1ebft, c\u01b0\u1edbi h\u1ecfi.<\/p>\n<p>&nbsp;<\/p>\n<p>T\u1eeb nh\u1eefng l\u00e1 ch\u00e8 non tr\u00ean n\u00fai cao quanh n\u0103m b\u1ed1n m\u00f9a m\u01b0a n\u1eafng t\u1ef1 nhi\u00ean l\u1edbn l\u00ean, Cao S\u01a1n Tr\u00e0 x\u1ee9ng \u0111\u00e1ng l\u00e0 th\u1ee9 tr\u00e0 tinh t\u1ebf, \u0111\u1eadm \u0111\u00e0, thu\u1ea7n khi\u1ebft m\u1ecfng manh nh\u01b0 s\u01b0\u01a1ng s\u1edbm, nh\u01b0 c\u01a1n gi\u00f3 m\u00e1t b\u1ea5t ch\u1ee3t \u00f9a qua.<\/p>\n<p>&nbsp;<\/p>\n<p>Tr\u00e0 xanh \u0111\u00e3 tr\u1edf th\u00e0nh m\u1ed9t th\u1ee9c u\u1ed1ng th\u01b0\u1eddng ng\u00e0y c\u1ee7a ng\u01b0\u1eddi Vi\u1ec7t. Tr\u00e0 xanh g\u1ea7n g\u0169i v\u1edbi ng\u01b0\u1eddi Vi\u1ec7t \u1edf m\u1ecdi l\u00fac, m\u1ecdi n\u01a1i. T\u1eeb \u0111\u01b0\u1eddng ph\u1ed1 t\u1edbi gia \u0111\u00ecnh, t\u1eeb v\u0103n ph\u00f2ng doanh nghi\u1ec7p \u0111\u1ebfn tr\u1ee5 c\u00f4ng quy\u1ec1n, n\u01a1i \u0111\u00e2u tr\u00e0 xanh c\u0169ng \u0111\u01b0\u1ee3c d\u00f9ng \u0111\u1ec3 ti\u1ebfp kh\u00e1ch. \u0110\u00f3 l\u00e0 n\u00e9t \u0111\u1eb7c tr\u01b0ng, gi\u00e0u n\u00e9t truy\u1ec1n th\u1ed1ng v\u0103n h\u00f3a Vi\u1ec7t. C\u00f3 l\u1ebd c\u0169ng v\u00ec th\u1ebf m\u00e0 tr\u00e0 xanh \u0111\u00e3 d\u1ea7n tr\u1edf th\u00e0nh m\u1ed9t trong nh\u1eefng m\u00f3n qu\u00e0 kh\u00f4ng th\u1ec3 thi\u1ebfu trong m\u1ed7i d\u1ecbp l\u1ec5 t\u1ebft, c\u01b0\u1edbi h\u1ecfi.<\/p>\n<p>&nbsp;<\/p>\n<p>Nh\u1eafc t\u1edbi tr\u00e0 Th\u00e1i Nguy\u00ean ng\u01b0\u1eddi ta th\u01b0\u1eddng ngh\u0129 ngay \u0111\u1ebfn ch\u00e9n tr\u00e0 xanh, v\u1ecb ng\u1ecdt h\u1eadu \u0111\u1eb7c tr\u01b0ng c\u1ee7a tr\u00e0 Vi\u1ec7t Th\u00e1i. C\u00e2y ch\u00e8 \u0111\u01b0\u1ee3c tr\u1ed3ng t\u1ea1i v\u00f9ng ch\u00e8 s\u1ea1ch Ph\u00fac Thu\u1eadn \u2013 Ph\u1ed5 Y\u00ean c\u00f3 l\u1ecbch s\u1eed canh t\u00e1c ch\u00e8 l\u00e2u \u0111\u1eddi v\u00ec kh\u00ed h\u1eadu, th\u1ed5 nh\u01b0\u1ee1ng ph\u00f9 h\u1ee3p c\u00e2y ch\u00e8. Ph\u01b0\u01a1ng ph\u00e1p s\u1ea3n xu\u1ea5t truy\u1ec1n th\u1ed1ng \u0111\u01b0\u1ee3c h\u1ed7 tr\u1ee3 b\u1edfi c\u00f4ng c\u1ee5 hi\u1ec7n \u0111\u1ea1i, ch\u1ec9 d\u00f9ng ph\u00e2n b\u00f3n h\u1eefu c\u01a1, c\u00e1c h\u1ee3p ch\u1ea5t sinh h\u1ecdc theo quy tr\u00ecnh nghi\u00eam ng\u1eb7t v\u00e0 ch\u00ednh x\u00e1c &#8211; VietGap, lu\u00f4n \u0111\u1ea3m b\u1ea3o v\u1ec7 sinh an to\u00e0n nh\u01b0ng ch\u1ea5t l\u01b0\u1ee3ng v\u1eabn h\u1ea3o h\u1ea1ng.<\/p>\n<\/div>\n<\/div>\n<div>\n<div>\n<h3 class=\"text-xl my-5 font-bold\">Th\u00f4ng s\u1ed1 k\u1ef9 thu\u1eadt<\/h3>\n<div>\n<div class=\"my-2 py-2\">S\u1ea3n xu\u1ea5t t\u1ea1i<span class=\"mlr-1\">:<\/span><span class=\"ml-1\">Vi\u1ec7t Nam<\/span><\/div>\n<\/div>\n<\/div>\n<\/div>","protected":false},"excerpt":{"rendered":"<p>Tr\u00e0 xanh \u0111\u00e3 tr\u1edf th\u00e0nh m\u1ed9t th\u1ee9c u\u1ed1ng th\u01b0\u1eddng ng\u00e0y c\u1ee7a ng\u01b0\u1eddi Vi\u1ec7t. Tr\u00e0 xanh g\u1ea7n g\u0169i v\u1edbi ng\u01b0\u1eddi Vi\u1ec7t<\/p>","protected":false},"featured_media":6494,"comment_status":"open","ping_status":"closed","template":"","meta":{"_acf_changed":false},"product_cat":[321,322,22],"product_tag":[],"class_list":{"0":"post-6493","1":"product","2":"type-product","3":"status-publish","4":"has-post-thumbnail","6":"product_cat-che","7":"product_cat-che-tuoi-che-bien","8":"product_cat-sanphamthucpham","10":"first","11":"instock","12":"shipping-taxable","13":"product-type-simple"},"acf":[],"_links":{"self":[{"href":"https:\/\/b2c.fairs.vn\/en\/wp-json\/wp\/v2\/product\/6493","targetHints":{"allow":["GET"]}}],"collection":[{"href":"https:\/\/b2c.fairs.vn\/en\/wp-json\/wp\/v2\/product"}],"about":[{"href":"https:\/\/b2c.fairs.vn\/en\/wp-json\/wp\/v2\/types\/product"}],"replies":[{"embeddable":true,"href":"https:\/\/b2c.fairs.vn\/en\/wp-json\/wp\/v2\/comments?post=6493"}],"version-history":[{"count":0,"href":"https:\/\/b2c.fairs.vn\/en\/wp-json\/wp\/v2\/product\/6493\/revisions"}],"wp:featuredmedia":[{"embeddable":true,"href":"https:\/\/b2c.fairs.vn\/en\/wp-json\/wp\/v2\/media\/6494"}],"wp:attachment":[{"href":"https:\/\/b2c.fairs.vn\/en\/wp-json\/wp\/v2\/media?parent=6493"}],"wp:term":[{"taxonomy":"product_cat","embeddable":true,"href":"https:\/\/b2c.fairs.vn\/en\/wp-json\/wp\/v2\/product_cat?post=6493"},{"taxonomy":"product_tag","embeddable":true,"href":"https:\/\/b2c.fairs.vn\/en\/wp-json\/wp\/v2\/product_tag?post=6493"}],"curies":[{"name":"wp","href":"https:\/\/api.w.org\/{rel}","templated":true}]}}