{"id":6488,"date":"2024-03-20T16:35:02","date_gmt":"2024-03-20T09:35:02","guid":{"rendered":"https:\/\/b2c.fairs.vn\/?post_type=product&#038;p=6488"},"modified":"2024-04-10T16:54:58","modified_gmt":"2024-04-10T09:54:58","slug":"thiet-bao-tra","status":"publish","type":"product","link":"https:\/\/b2c.fairs.vn\/en\/product\/thiet-bao-tra\/","title":{"rendered":"Thi\u1ebft B\u1ea3o Tr\u00e0"},"content":{"rendered":"<div>\n<div>\n<p>Con \u0111\u01b0\u1eddng nho nh\u1ecf xuy\u00ean qua nh\u1eefng \u0111\u1ed3i ch\u00e8 th\u1ea5p tho\u00e1ng \u1edf n\u1eeda b\u00ean c\u1ee7a d\u00e3y Tam \u0110\u1ea3o \u0111\u1ed5 b\u00f3ng xanh m\u01b0\u1edbt nh\u1eefng r\u1eebng c\u00e2y kh\u00f4ng r\u00f5 n\u0103m tu\u1ed5i, c\u00e1ch kh\u00f4ng xa nh\u1eefng v\u00f9ng ng\u1eadp n\u01b0\u1edbc \u1edf H\u1ed3 N\u00fai C\u1ed1c quanh n\u0103m \u0111\u1eabm h\u01a1i s\u01b0\u01a1ng. Nh\u1eefng \u0111\u1ed3i ch\u00e8 kh\u00f4ng \u0111\u01a1n \u0111\u1ed9c ch\u00ecm trong nh\u1eefng r\u1eebng c\u00e2y trong n\u00fai, ven su\u1ed1i t\u1ef1 nhi\u00ean l\u1edbn l\u00ean gi\u1eefa kh\u00ed tr\u1eddi xanh s\u1eafc.\u00a0<strong>Thi\u1ebft B\u1ea3o Tr\u00e0<\/strong>\u00a0l\u00e0 s\u1ea3n ph\u1ea9m \u0111\u01b0\u1ee3c sao su\u1ed1t tr\u00ean t\u1eebng m\u1ed3i l\u1eeda nh\u1ecf \u0111\u1ec3 gi\u1eef nguy\u00ean \u0111\u01b0\u1ee3c v\u1ecb s\u01b0\u01a1ng s\u1edbm c\u00f2n \u0111\u1ecdng tr\u00ean t\u1eebng chi\u1ebfc l\u00e1, t\u1ea1o n\u00ean v\u1ecb ng\u1ecdt h\u1eadu \u0111\u1eadm \u0111\u00e0 v\u00e0 h\u01b0\u01a1ng th\u01a1m ng\u00e2y ng\u1ea5t.<\/p>\n<p>&nbsp;<\/p>\n<p>Tr\u00e0 ngon Th\u00e1i Nguy\u00ean khi sao lu\u00f4n \u0111\u1ec1u l\u1eeda m\u00e0 kh\u00f4ng ch\u00e1y, kh\u00f4ng c\u00f3 m\u00f9i kh\u00e9t, c\u00e1c c\u00e1nh ch\u00e8 khi sao \u0111\u1ec1u \u0111\u1eb7n m\u00e0 kh\u00f4ng n\u00e1t v\u1ee5n, cu\u1ed9n tr\u00f2n v\u00e0o nhau. M\u00e0u c\u1ee7a lo\u1ea1i tr\u00e0 ngon th\u01b0\u1eddng l\u00e0 m\u00e0u m\u1ed1c cau, ng\u1ecdn cong nh\u1ecf nh\u01b0 m\u00f3c c\u00e2u, nhai th\u1eed th\u00ec b\u00e3 v\u1eabn xanh nh\u01b0 khi sao. Khi u\u1ed1ng, ng\u1eadm l\u00e2u trong c\u1ed5 h\u1ecdng s\u1ebd ng\u1ecdt d\u1ea7n v\u1ecb tr\u00e0 m\u00e0 kh\u00f4ng ph\u1ea3i ng\u1ecdt c\u1ee7a m\u00ec ch\u00ednh pha l\u1eabn trong \u0111\u00f3 \u0111\u1ec3 l\u1eeba c\u1ea3m gi\u00e1c.<\/p>\n<\/div>\n<\/div>\n<div>\n<div>\n<h3 class=\"text-xl my-5 font-bold\">Th\u00f4ng s\u1ed1 k\u1ef9 thu\u1eadt<\/h3>\n<div>\n<div class=\"my-2 py-2\">S\u1ea3n xu\u1ea5t t\u1ea1i<span class=\"mlr-1\">:<\/span><span class=\"ml-1\">Vi\u1ec7t Nam<\/span><\/div>\n<\/div>\n<\/div>\n<\/div>","protected":false},"excerpt":{"rendered":"<p>Con \u0111\u01b0\u1eddng nho nh\u1ecf xuy\u00ean qua nh\u1eefng \u0111\u1ed3i ch\u00e8 th\u1ea5p tho\u00e1ng \u1edf n\u1eeda b\u00ean c\u1ee7a d\u00e3y Tam \u0110\u1ea3o \u0111\u1ed5 b\u00f3ng<\/p>","protected":false},"featured_media":6489,"comment_status":"open","ping_status":"closed","template":"","meta":{"_acf_changed":false},"product_cat":[321,322,22],"product_tag":[],"class_list":{"0":"post-6488","1":"product","2":"type-product","3":"status-publish","4":"has-post-thumbnail","6":"product_cat-che","7":"product_cat-che-tuoi-che-bien","8":"product_cat-sanphamthucpham","10":"first","11":"instock","12":"shipping-taxable","13":"product-type-simple"},"acf":[],"_links":{"self":[{"href":"https:\/\/b2c.fairs.vn\/en\/wp-json\/wp\/v2\/product\/6488","targetHints":{"allow":["GET"]}}],"collection":[{"href":"https:\/\/b2c.fairs.vn\/en\/wp-json\/wp\/v2\/product"}],"about":[{"href":"https:\/\/b2c.fairs.vn\/en\/wp-json\/wp\/v2\/types\/product"}],"replies":[{"embeddable":true,"href":"https:\/\/b2c.fairs.vn\/en\/wp-json\/wp\/v2\/comments?post=6488"}],"version-history":[{"count":0,"href":"https:\/\/b2c.fairs.vn\/en\/wp-json\/wp\/v2\/product\/6488\/revisions"}],"wp:featuredmedia":[{"embeddable":true,"href":"https:\/\/b2c.fairs.vn\/en\/wp-json\/wp\/v2\/media\/6489"}],"wp:attachment":[{"href":"https:\/\/b2c.fairs.vn\/en\/wp-json\/wp\/v2\/media?parent=6488"}],"wp:term":[{"taxonomy":"product_cat","embeddable":true,"href":"https:\/\/b2c.fairs.vn\/en\/wp-json\/wp\/v2\/product_cat?post=6488"},{"taxonomy":"product_tag","embeddable":true,"href":"https:\/\/b2c.fairs.vn\/en\/wp-json\/wp\/v2\/product_tag?post=6488"}],"curies":[{"name":"wp","href":"https:\/\/api.w.org\/{rel}","templated":true}]}}