{"id":6457,"date":"2024-03-20T16:23:43","date_gmt":"2024-03-20T09:23:43","guid":{"rendered":"https:\/\/b2c.fairs.vn\/?post_type=product&#038;p=6457"},"modified":"2024-04-09T16:17:34","modified_gmt":"2024-04-09T09:17:34","slug":"loc-tra-qua-bieu","status":"publish","type":"product","link":"https:\/\/b2c.fairs.vn\/en\/product\/loc-tra-qua-bieu\/","title":{"rendered":"L\u1ed9c Tr\u00e0 th\u01b0\u1ee3ng h\u1ea1ng Vi\u1ec7t Th\u00e1i"},"content":{"rendered":"<p>L\u1ed9c Tr\u00e0 Th\u01b0\u1ee3ng H\u1ea1ng ( \u0110\u1eb7c Bi\u1ec7t) l\u00e0 s\u1ea3n ph\u1ea9m cao c\u1ea5p trong B\u1ed9 s\u1ea3n ph\u1ea9m tr\u00e0 c\u1ee7a C\u00f4ng ty C\u1ed5 ph\u1ea7n tr\u00e0 Vi\u1ec7t Th\u00e1i, s\u1ea3n ph\u1ea9m \u0111\u01b0\u1ee3c ch\u0103m s\u00f3c ho\u00e0n to\u00e0n b\u1eb1ng h\u1eefu c\u01a1 v\u00e0 l\u00ean men c\u00f9ng v\u1edbi kh\u00f4 \u0111\u1ed7 t\u01b0\u01a1ng, ng\u00f4. S\u1ea3n xu\u1ea5t theo ti\u00eau chu\u1ea9n VietGap v\u1edbi quy tr\u00ecnh ch\u0103m s\u00f3c, s\u1ea3n xu\u1ea5t \u0111\u1eb7c bi\u1ec7t v\u00ec v\u1eady \u201cL\u1ed9c Tr\u00e0 h\u1ed9i t\u1ee5 \u0111\u1ea7y \u0111\u1ee7 c\u00e1c y\u1ebfu t\u1ed1 s\u1eafc, h\u01b0\u01a1ng, v\u1ecb\u201d c\u0169ng h\u1ebft s\u1ee9c \u0111\u1eb7c bi\u1ec7t. L\u1ed9c Tr\u00e0 \u0111\u01b0\u1ee3c \u0111\u00f3ng g\u00f3i b\u1eb1ng c\u00f4ng ngh\u1ec7 hi\u1ec7n \u0111\u1ea1i m\u1ed7i g\u00f3i nh\u1ecf 10g, r\u1ea5t ti\u1ec7n l\u1ee3i \u0111\u01b0\u1ee3c x\u1ebfp trong h\u1ed9p gi\u1ea5y c\u00f3 m\u00e0ng co, (m\u1ed7i s\u1ea3n ph\u1ea9m g\u1ed3m 200g tr\u00e0), t\u1ea1o n\u00ean m\u1ed9t b\u1ed9 s\u1ea3n ph\u1ea9m ch\u1ea5t l\u01b0\u1ee3ng v\u00e0 r\u1ea5t ti\u1ec7n \u00edch cho vi\u1ec7c s\u1eed d\u1ee5ng, b\u1ea3o qu\u1ea3n.<\/p>\n<p>&nbsp;<\/p>\n<p>Ch\u00fang t\u00f4i cam k\u1ebft l\u00e0 ch\u1ee7 s\u1edf h\u1eefu h\u1ee3p ph\u00e1p c\u1ee7a s\u1ea3n ph\u1ea9m n\u00eau tr\u00ean; s\u1ea3n ph\u1ea9m tham gia b\u00ecnh ch\u1ecdn kh\u00f4ng vi ph\u1ea1m b\u1ea3n quy\u1ec1n v\u1ec1 s\u1edf h\u1eefu tr\u00ed tu\u1ec7, s\u1edf h\u1eefu c\u00f4ng nghi\u1ec7p; th\u1ef1c hi\u1ec7n \u0111\u1ea7y \u0111\u1ee7 quy \u0111\u1ecbnh c\u1ee7a H\u1ed9i \u0111\u1ed3ng b\u00ecnh ch\u1ecdn; ch\u1ecbu tr\u00e1ch nhi\u1ec7m tr\u01b0\u1edbc ph\u00e1p lu\u1eadt v\u1ec1 t\u00ednh ch\u00ednh x\u00e1c, trung th\u1ef1c \u0111\u1ed1i v\u1edbi c\u00e1c th\u00f4ng tin \u0111\u01b0\u1ee3c cung c\u1ea5p trong h\u1ed3 h\u01a1 \u0111\u0103ng k\u00fd tham gia b\u00ecnh ch\u1ecdn.\/.<\/p>","protected":false},"excerpt":{"rendered":"<p>L\u1ed9c Tr\u00e0 Th\u01b0\u1ee3ng H\u1ea1ng ( \u0110\u1eb7c Bi\u1ec7t) l\u00e0 s\u1ea3n ph\u1ea9m cao c\u1ea5p trong B\u1ed9 s\u1ea3n ph\u1ea9m tr\u00e0 c\u1ee7a C\u00f4ng ty C\u1ed5 ph\u1ea7n tr\u00e0 Vi\u1ec7t Th\u00e1i, s\u1ea3n ph\u1ea9m \u0111\u01b0\u1ee3c ch\u0103m s\u00f3c ho\u00e0n to\u00e0n b\u1eb1ng h\u1eefu c\u01a1 v\u00e0 l\u00ean men c\u00f9ng v\u1edbi kh\u00f4 \u0111\u1ed7 t\u01b0\u01a1ng, ng\u00f4. S\u1ea3n xu\u1ea5t theo ti\u00eau chu\u1ea9n VietGap v\u1edbi quy tr\u00ecnh ch\u0103m s\u00f3c, s\u1ea3n xu\u1ea5t \u0111\u1eb7c bi\u1ec7t v\u00ec v\u1eady \u201cL\u1ed9c Tr\u00e0 h\u1ed9i t\u1ee5 \u0111\u1ea7y \u0111\u1ee7 c\u00e1c y\u1ebfu t\u1ed1 s\u1eafc, h\u01b0\u01a1ng, v\u1ecb\u201d c\u0169ng h\u1ebft s\u1ee9c \u0111\u1eb7c bi\u1ec7t. L\u1ed9c Tr\u00e0 \u0111\u01b0\u1ee3c \u0111\u00f3ng g\u00f3i b\u1eb1ng c\u00f4ng ngh\u1ec7 hi\u1ec7n \u0111\u1ea1i m\u1ed7i g\u00f3i nh\u1ecf 10g, r\u1ea5t ti\u1ec7n l\u1ee3i \u0111\u01b0\u1ee3c x\u1ebfp trong h\u1ed9p gi\u1ea5y c\u00f3 m\u00e0ng co, (m\u1ed7i s\u1ea3n ph\u1ea9m g\u1ed3m 200g tr\u00e0), t\u1ea1o n\u00ean m\u1ed9t b\u1ed9 s\u1ea3n ph\u1ea9m ch\u1ea5t l\u01b0\u1ee3ng v\u00e0 r\u1ea5t ti\u1ec7n \u00edch cho vi\u1ec7c s\u1eed d\u1ee5ng, b\u1ea3o qu\u1ea3n.<\/p>\n<p>&nbsp;<\/p>\n<p>Ch\u00fang t\u00f4i cam k\u1ebft l\u00e0 ch\u1ee7 s\u1edf h\u1eefu h\u1ee3p ph\u00e1p c\u1ee7a s\u1ea3n ph\u1ea9m n\u00eau tr\u00ean; s\u1ea3n ph\u1ea9m tham gia b\u00ecnh ch\u1ecdn kh\u00f4ng vi ph\u1ea1m b\u1ea3n quy\u1ec1n v\u1ec1 s\u1edf h\u1eefu tr\u00ed tu\u1ec7, s\u1edf h\u1eefu c\u00f4ng nghi\u1ec7p; th\u1ef1c hi\u1ec7n \u0111\u1ea7y \u0111\u1ee7 quy \u0111\u1ecbnh c\u1ee7a H\u1ed9i \u0111\u1ed3ng b\u00ecnh ch\u1ecdn; ch\u1ecbu tr\u00e1ch nhi\u1ec7m tr\u01b0\u1edbc ph\u00e1p lu\u1eadt v\u1ec1 t\u00ednh ch\u00ednh x\u00e1c, trung th\u1ef1c \u0111\u1ed1i v\u1edbi c\u00e1c th\u00f4ng tin \u0111\u01b0\u1ee3c cung c\u1ea5p trong h\u1ed3 h\u01a1 \u0111\u0103ng k\u00fd tham gia b\u00ecnh ch\u1ecdn.\/.<\/p>","protected":false},"featured_media":6458,"comment_status":"open","ping_status":"closed","template":"","meta":{"_acf_changed":false},"product_cat":[321,322,22],"product_tag":[],"class_list":{"0":"post-6457","1":"product","2":"type-product","3":"status-publish","4":"has-post-thumbnail","6":"product_cat-che","7":"product_cat-che-tuoi-che-bien","8":"product_cat-sanphamthucpham","10":"first","11":"instock","12":"shipping-taxable","13":"product-type-simple"},"acf":[],"_links":{"self":[{"href":"https:\/\/b2c.fairs.vn\/en\/wp-json\/wp\/v2\/product\/6457","targetHints":{"allow":["GET"]}}],"collection":[{"href":"https:\/\/b2c.fairs.vn\/en\/wp-json\/wp\/v2\/product"}],"about":[{"href":"https:\/\/b2c.fairs.vn\/en\/wp-json\/wp\/v2\/types\/product"}],"replies":[{"embeddable":true,"href":"https:\/\/b2c.fairs.vn\/en\/wp-json\/wp\/v2\/comments?post=6457"}],"version-history":[{"count":0,"href":"https:\/\/b2c.fairs.vn\/en\/wp-json\/wp\/v2\/product\/6457\/revisions"}],"wp:featuredmedia":[{"embeddable":true,"href":"https:\/\/b2c.fairs.vn\/en\/wp-json\/wp\/v2\/media\/6458"}],"wp:attachment":[{"href":"https:\/\/b2c.fairs.vn\/en\/wp-json\/wp\/v2\/media?parent=6457"}],"wp:term":[{"taxonomy":"product_cat","embeddable":true,"href":"https:\/\/b2c.fairs.vn\/en\/wp-json\/wp\/v2\/product_cat?post=6457"},{"taxonomy":"product_tag","embeddable":true,"href":"https:\/\/b2c.fairs.vn\/en\/wp-json\/wp\/v2\/product_tag?post=6457"}],"curies":[{"name":"wp","href":"https:\/\/api.w.org\/{rel}","templated":true}]}}