{"id":6452,"date":"2024-03-20T16:22:45","date_gmt":"2024-03-20T09:22:45","guid":{"rendered":"https:\/\/b2c.fairs.vn\/?post_type=product&#038;p=6452"},"modified":"2024-04-10T16:50:48","modified_gmt":"2024-04-10T09:50:48","slug":"tam-tra-thuong-hang","status":"publish","type":"product","link":"https:\/\/b2c.fairs.vn\/en\/product\/tam-tra-thuong-hang\/","title":{"rendered":"T\u00e2m Tr\u00e0 Th\u01b0\u1ee3ng H\u1ea1ng"},"content":{"rendered":"<div>\n<div>\n<p><strong>T\u00e2m tr\u00e0 &#8211; c\u00e1i t\u00ean \u0111\u00e3 n\u00f3i l\u00ean t\u1ea5t c\u1ea3 !<\/strong><\/p>\n<p>&nbsp;<\/p>\n<p>Th\u1ee9 tr\u00e0 \u0111\u1eb7c tr\u01b0ng cho ng\u01b0\u1eddi l\u00e0m ch\u00e8 d\u00e0y c\u00f4ng quanh n\u0103m ch\u0103m ch\u00fat t\u1eebng lu\u1ed1ng, d\u1eabn t\u1eebng \u0111\u01b0\u1eddng n\u01b0\u1edbc m\u00e0 c\u00e2y l\u1edbn l\u00ean. \u0110am m\u00ea v\u00e0 t\u00e2m huy\u1ebft v\u1edbi c\u00e2y \u0111\u00e3 ngh\u0129 \u0111\u1ebfn lo\u1ea1i tr\u00e0 nh\u01b0 s\u1edf th\u00edch c\u1ee7a ri\u00eang m\u00ecnh v\u00e0 s\u1ef1 chi\u00eam nghi\u1ec7m v\u1edbi th\u1ee9 c\u00e2y c\u00f3 t\u1eeb ngh\u00ecn n\u0103m.<\/p>\n<p>&nbsp;<\/p>\n<p>Nh\u1eafc t\u1edbi tr\u00e0 Th\u00e1i Nguy\u00ean ng\u01b0\u1eddi ta th\u01b0\u1eddng ngh\u0129 ngay \u0111\u1ebfn ch\u00e9n tr\u00e0 xanh, v\u1ecb ng\u1ecdt h\u1eadu \u0111\u1eb7c tr\u01b0ng c\u1ee7a tr\u00e0 Vi\u1ec7t Th\u00e1i. C\u00e2y ch\u00e8 \u0111\u01b0\u1ee3c tr\u1ed3ng t\u1ea1i v\u00f9ng ch\u00e8 s\u1ea1ch Ph\u00fac Thu\u1eadn \u2013 Ph\u1ed5 Y\u00ean c\u00f3 l\u1ecbch s\u1eed canh t\u00e1c ch\u00e8 l\u00e2u \u0111\u1eddi v\u00ec kh\u00ed h\u1eadu, th\u1ed5 nh\u01b0\u1ee1ng ph\u00f9 h\u1ee3p c\u00e2y ch\u00e8. Ph\u01b0\u01a1ng ph\u00e1p s\u1ea3n xu\u1ea5t truy\u1ec1n th\u1ed1ng \u0111\u01b0\u1ee3c h\u1ed7 tr\u1ee3 b\u1edfi c\u00f4ng c\u1ee5 hi\u1ec7n \u0111\u1ea1i, ch\u1ec9 d\u00f9ng ph\u00e2n b\u00f3n h\u1eefu c\u01a1, c\u00e1c h\u1ee3p ch\u1ea5t sinh h\u1ecdc theo quy tr\u00ecnh nghi\u00eam ng\u1eb7t v\u00e0 ch\u00ednh x\u00e1c &#8211; VietGap, lu\u00f4n \u0111\u1ea3m b\u1ea3o v\u1ec7 sinh an to\u00e0n nh\u01b0ng ch\u1ea5t l\u01b0\u1ee3ng v\u1eabn h\u1ea3o h\u1ea1ng.<\/p>\n<\/div>\n<\/div>\n<div>\n<div>\n<h3 class=\"text-xl my-5 font-bold\">Th\u00f4ng s\u1ed1 k\u1ef9 thu\u1eadt<\/h3>\n<div>\n<div class=\"my-2 py-2\">S\u1ea3n xu\u1ea5t t\u1ea1i<span class=\"mlr-1\">:<\/span><span class=\"ml-1\">Vi\u1ec7t Nam<\/span><\/div>\n<\/div>\n<\/div>\n<\/div>","protected":false},"excerpt":{"rendered":"<p>T\u00e2m tr\u00e0 &#8211; c\u00e1i t\u00ean \u0111\u00e3 n\u00f3i l\u00ean t\u1ea5t c\u1ea3 ! &nbsp; Th\u1ee9 tr\u00e0 \u0111\u1eb7c tr\u01b0ng cho ng\u01b0\u1eddi l\u00e0m ch\u00e8<\/p>","protected":false},"featured_media":6453,"comment_status":"open","ping_status":"closed","template":"","meta":{"_acf_changed":false},"product_cat":[321,322,22],"product_tag":[],"class_list":{"0":"post-6452","1":"product","2":"type-product","3":"status-publish","4":"has-post-thumbnail","6":"product_cat-che","7":"product_cat-che-tuoi-che-bien","8":"product_cat-sanphamthucpham","10":"first","11":"instock","12":"shipping-taxable","13":"product-type-simple"},"acf":[],"_links":{"self":[{"href":"https:\/\/b2c.fairs.vn\/en\/wp-json\/wp\/v2\/product\/6452","targetHints":{"allow":["GET"]}}],"collection":[{"href":"https:\/\/b2c.fairs.vn\/en\/wp-json\/wp\/v2\/product"}],"about":[{"href":"https:\/\/b2c.fairs.vn\/en\/wp-json\/wp\/v2\/types\/product"}],"replies":[{"embeddable":true,"href":"https:\/\/b2c.fairs.vn\/en\/wp-json\/wp\/v2\/comments?post=6452"}],"version-history":[{"count":0,"href":"https:\/\/b2c.fairs.vn\/en\/wp-json\/wp\/v2\/product\/6452\/revisions"}],"wp:featuredmedia":[{"embeddable":true,"href":"https:\/\/b2c.fairs.vn\/en\/wp-json\/wp\/v2\/media\/6453"}],"wp:attachment":[{"href":"https:\/\/b2c.fairs.vn\/en\/wp-json\/wp\/v2\/media?parent=6452"}],"wp:term":[{"taxonomy":"product_cat","embeddable":true,"href":"https:\/\/b2c.fairs.vn\/en\/wp-json\/wp\/v2\/product_cat?post=6452"},{"taxonomy":"product_tag","embeddable":true,"href":"https:\/\/b2c.fairs.vn\/en\/wp-json\/wp\/v2\/product_tag?post=6452"}],"curies":[{"name":"wp","href":"https:\/\/api.w.org\/{rel}","templated":true}]}}