{"id":6442,"date":"2024-03-20T16:20:39","date_gmt":"2024-03-20T09:20:39","guid":{"rendered":"https:\/\/b2c.fairs.vn\/?post_type=product&#038;p=6442"},"modified":"2024-03-29T14:56:33","modified_gmt":"2024-03-29T07:56:33","slug":"loc-tra-thuong-hang","status":"publish","type":"product","link":"https:\/\/b2c.fairs.vn\/en\/product\/loc-tra-thuong-hang\/","title":{"rendered":"L\u1ed9c Tr\u00e0 th\u01b0\u1ee3ng h\u1ea1ng"},"content":{"rendered":"<div>\n<div>\n<p>L\u1ed9c Tr\u00e0 Th\u01b0\u1ee3ng H\u1ea1ng ( \u0110\u1eb7c Bi\u1ec7t) l\u00e0 s\u1ea3n ph\u1ea9m cao c\u1ea5p trong B\u1ed9 s\u1ea3n ph\u1ea9m tr\u00e0 c\u1ee7a C\u00f4ng ty C\u1ed5 ph\u1ea7n tr\u00e0 Vi\u1ec7t Th\u00e1i, s\u1ea3n ph\u1ea9m \u0111\u01b0\u1ee3c ch\u0103m s\u00f3c ho\u00e0n to\u00e0n b\u1eb1ng h\u1eefu c\u01a1 v\u00e0 l\u00ean men c\u00f9ng v\u1edbi kh\u00f4 \u0111\u1ed7 t\u01b0\u01a1ng, ng\u00f4. S\u1ea3n xu\u1ea5t theo ti\u00eau chu\u1ea9n VietGap v\u1edbi quy tr\u00ecnh ch\u0103m s\u00f3c, s\u1ea3n xu\u1ea5t \u0111\u1eb7c bi\u1ec7t v\u00ec v\u1eady \u201cL\u1ed9c Tr\u00e0 h\u1ed9i t\u1ee5 \u0111\u1ea7y \u0111\u1ee7 c\u00e1c y\u1ebfu t\u1ed1 s\u1eafc, h\u01b0\u01a1ng, v\u1ecb\u201d c\u0169ng h\u1ebft s\u1ee9c \u0111\u1eb7c bi\u1ec7t. L\u1ed9c Tr\u00e0 \u0111\u01b0\u1ee3c \u0111\u00f3ng g\u00f3i b\u1eb1ng c\u00f4ng ngh\u1ec7 hi\u1ec7n \u0111\u1ea1i m\u1ed7i g\u00f3i nh\u1ecf 10g, r\u1ea5t ti\u1ec7n l\u1ee3i \u0111\u01b0\u1ee3c x\u1ebfp trong h\u1ed9p gi\u1ea5y c\u00f3 m\u00e0ng co, (m\u1ed7i s\u1ea3n ph\u1ea9m g\u1ed3m 200g tr\u00e0), t\u1ea1o n\u00ean m\u1ed9t b\u1ed9 s\u1ea3n ph\u1ea9m ch\u1ea5t l\u01b0\u1ee3ng v\u00e0 r\u1ea5t ti\u1ec7n \u00edch cho vi\u1ec7c s\u1eed d\u1ee5ng, b\u1ea3o qu\u1ea3n.<\/p>\n<p>&nbsp;<\/p>\n<p>Ch\u00fang t\u00f4i cam k\u1ebft l\u00e0 ch\u1ee7 s\u1edf h\u1eefu h\u1ee3p ph\u00e1p c\u1ee7a s\u1ea3n ph\u1ea9m n\u00eau tr\u00ean; s\u1ea3n ph\u1ea9m tham gia b\u00ecnh ch\u1ecdn kh\u00f4ng vi ph\u1ea1m b\u1ea3n quy\u1ec1n v\u1ec1 s\u1edf h\u1eefu tr\u00ed tu\u1ec7, s\u1edf h\u1eefu c\u00f4ng nghi\u1ec7p; th\u1ef1c hi\u1ec7n \u0111\u1ea7y \u0111\u1ee7 quy \u0111\u1ecbnh c\u1ee7a H\u1ed9i \u0111\u1ed3ng b\u00ecnh ch\u1ecdn; ch\u1ecbu tr\u00e1ch nhi\u1ec7m tr\u01b0\u1edbc ph\u00e1p lu\u1eadt v\u1ec1 t\u00ednh ch\u00ednh x\u00e1c, trung th\u1ef1c \u0111\u1ed1i v\u1edbi c\u00e1c th\u00f4ng tin \u0111\u01b0\u1ee3c cung c\u1ea5p trong h\u1ed3 h\u01a1 \u0111\u0103ng k\u00fd tham gia b\u00ecnh ch\u1ecdn.\/.<\/p>\n<p>&nbsp;<\/p>\n<p><strong>S\u1ea3n ph\u1ea9m OCOP 4 sao: L\u1ed9c Tr\u00e0 Th\u01b0\u1ee3ng H\u1ea1ng \u201cNguy\u00ean tr\u00e0 v\u1edbi n\u00fai&#8221;<\/strong><\/p>\n<p>&nbsp;<\/p>\n<p>L\u1ed9c Tr\u00e0 Th\u01b0\u1ee3ng H\u1ea1ng, c\u00e1i\u00a0t\u00ean quen thu\u1ed9c n\u1eb1m trong b\u1ed9 s\u1ea3n ph\u1ea9m cao c\u1ea5p c\u00f4ng ty c\u1ed5 ph\u1ea7n tr\u00e0 Vi\u1ec7t Th\u00e1i \u0111\u01b0\u1ee3c UBND t\u1ec9nh Th\u00e1i Nguy\u00ean c\u1ea5p ch\u1ee9ng nh\u1eadn 4 sao. \u201cL\u1ed9c Tr\u00e0 Th\u01b0\u1ee3ng H\u1ea1ng\u201d \u0111\u01b0\u1ee3c ch\u1ebf bi\u1ebfn c\u00f4ng phu,\u00a0t\u1ef7 m\u1ec9\u00a0t\u1eeb v\u00f9ng nguy\u00ean li\u1ec7u \u0111\u01b0\u1ee3c tr\u1ed3ng d\u01b0\u1edbi ch\u00e2n\u00a0d\u00e3y\u00a0n\u00fai ngo\u00e0i v\u00f9ng \u0111\u1ec7m c\u1ee7a v\u01b0\u1eddn qu\u1ed1c gia Tam \u0110\u1ea3o v\u1ec1 ph\u00eda s\u01b0\u1eddn \u0110\u00f4ng B\u1eafc. Quanh n\u0103m m\u00e2y ph\u1ee7, kh\u00ed h\u1eadu \u00f4n h\u00f2a,\u00a0nh\u1ed7\u00a0nh\u01b0\u1ee1ng th\u00edch h\u1ee3p v\u1edbi c\u00e2y ch\u00e8 kh\u00f4ng ph\u1ea3i n\u01a1i n\u00e0o c\u0169ng c\u00f3 \u0111\u01b0\u1ee3c.\u00a0Quy tr\u00ecnh s\u1ea3n xu\u1ea5t theo ti\u00eau chu\u1ea9n\u00a0VietGap\u00a0v\u1edbi quy tr\u00ecnh ch\u0103m s\u00f3c, s\u1ea3n xu\u1ea5t \u0111\u1eb7c bi\u1ec7t v\u00ec v\u1eady \u201cL\u1ed9c Tr\u00e0 h\u1ed9i t\u1ee5 \u0111\u1ea7y \u0111\u1ee7 c\u00e1c y\u1ebfu t\u1ed1 s\u1eafc, h\u01b0\u01a1ng, v\u1ecb\u201d \u0111\u1eadm n\u00e9t v\u0103n h\u00f3a tr\u00e0 Vi\u1ec7t.<\/p>\n<p>&nbsp;<\/p>\n<p><strong>L\u1ed9c Tr\u00e0 Th\u01b0\u1ee3ng H\u1ea1ng, \u00fd ch\u1ec9 tr\u00ean cao, v\u1eeba tao nh\u00e3, l\u1ea1i mang \u0111\u1eadm n\u00e9t quy\u1ec1n sang.<\/strong><\/p>\n<p>&nbsp;<\/p>\n<p>S\u1ea3n ph\u1ea9m \u0111\u01b0\u1ee3c \u0111\u00f3ng g\u00f3i trong bao b\u00ec sang tr\u1ecdng, m\u1eabu m\u00e3 \u0111\u1eb9p, c\u00f3 tem, nh\u00e3n v\u00e0 truy su\u1ea5t ngu\u1ed3n g\u1ed1c. S\u1eed d\u1ee5ng c\u00f4ng ngh\u1ec7 \u0111\u00f3ng g\u00f3i h\u00fat ch\u00e2n kh\u00f4ng hi\u1ec7n \u0111\u1ea1i, \u0111\u01b0\u1ee3c x\u1ebfp trong h\u1ed9p g\u1ed7 l\u00e0m t\u1eeb ph\u1ee5 ph\u1ea9m g\u1ed7 l\u00e0 m\u00f9n c\u01b0a \u0111\u01b0\u1ee3c bao ph\u1ee7 b\u1edfi m\u00e0u c\u00e1nh gi\u00e1n v\u00e0 tr\u1ecdng t\u00e2m l\u00e0 tem b\u1eb1ng \u0111\u1ed3ng l\u00e1,\u00a0sang tr\u1ecdng v\u1edbi t\u00fai v\u1ea3i da tinh t\u1ebf, l\u1ecbch s\u1ef1.<\/p>\n<\/div>\n<\/div>\n<div>\n<div>\n<h3 class=\"text-xl my-5 font-bold\">Th\u00f4ng s\u1ed1 k\u1ef9 thu\u1eadt<\/h3>\n<div>\n<div class=\"my-2 py-2\">H\u1ed9p g\u1ed7<span class=\"mlr-1\">:<\/span><span class=\"ml-1\">300g g\u1ed3m 30 t\u00fai 10g\/l\u1ea7n pha<\/span><\/div>\n<\/div>\n<\/div>\n<\/div>","protected":false},"excerpt":{"rendered":"<div>\n<div>\n<p>L\u1ed9c Tr\u00e0 Th\u01b0\u1ee3ng H\u1ea1ng ( \u0110\u1eb7c Bi\u1ec7t) l\u00e0 s\u1ea3n ph\u1ea9m cao c\u1ea5p trong B\u1ed9 s\u1ea3n ph\u1ea9m tr\u00e0 c\u1ee7a C\u00f4ng ty C\u1ed5 ph\u1ea7n tr\u00e0 Vi\u1ec7t Th\u00e1i, s\u1ea3n ph\u1ea9m \u0111\u01b0\u1ee3c ch\u0103m s\u00f3c ho\u00e0n to\u00e0n b\u1eb1ng h\u1eefu c\u01a1 v\u00e0 l\u00ean men c\u00f9ng v\u1edbi kh\u00f4 \u0111\u1ed7 t\u01b0\u01a1ng, ng\u00f4. S\u1ea3n xu\u1ea5t theo ti\u00eau chu\u1ea9n VietGap v\u1edbi quy tr\u00ecnh ch\u0103m s\u00f3c, s\u1ea3n xu\u1ea5t \u0111\u1eb7c bi\u1ec7t v\u00ec v\u1eady \u201cL\u1ed9c Tr\u00e0 h\u1ed9i t\u1ee5 \u0111\u1ea7y \u0111\u1ee7 c\u00e1c y\u1ebfu t\u1ed1 s\u1eafc, h\u01b0\u01a1ng, v\u1ecb\u201d c\u0169ng h\u1ebft s\u1ee9c \u0111\u1eb7c bi\u1ec7t. L\u1ed9c Tr\u00e0 \u0111\u01b0\u1ee3c \u0111\u00f3ng g\u00f3i b\u1eb1ng c\u00f4ng ngh\u1ec7 hi\u1ec7n \u0111\u1ea1i m\u1ed7i g\u00f3i nh\u1ecf 10g, r\u1ea5t ti\u1ec7n l\u1ee3i \u0111\u01b0\u1ee3c x\u1ebfp trong h\u1ed9p gi\u1ea5y c\u00f3 m\u00e0ng co, (m\u1ed7i s\u1ea3n ph\u1ea9m g\u1ed3m 200g tr\u00e0), t\u1ea1o n\u00ean m\u1ed9t b\u1ed9 s\u1ea3n ph\u1ea9m ch\u1ea5t l\u01b0\u1ee3ng v\u00e0 r\u1ea5t ti\u1ec7n \u00edch cho vi\u1ec7c s\u1eed d\u1ee5ng, b\u1ea3o qu\u1ea3n.<\/p>\n<p>&nbsp;<\/p>\n<p>Ch\u00fang t\u00f4i cam k\u1ebft l\u00e0 ch\u1ee7 s\u1edf h\u1eefu h\u1ee3p ph\u00e1p c\u1ee7a s\u1ea3n ph\u1ea9m n\u00eau tr\u00ean; s\u1ea3n ph\u1ea9m tham gia b\u00ecnh ch\u1ecdn kh\u00f4ng vi ph\u1ea1m b\u1ea3n quy\u1ec1n v\u1ec1 s\u1edf h\u1eefu tr\u00ed tu\u1ec7, s\u1edf h\u1eefu c\u00f4ng nghi\u1ec7p; th\u1ef1c hi\u1ec7n \u0111\u1ea7y \u0111\u1ee7 quy \u0111\u1ecbnh c\u1ee7a H\u1ed9i \u0111\u1ed3ng b\u00ecnh ch\u1ecdn; ch\u1ecbu tr\u00e1ch nhi\u1ec7m tr\u01b0\u1edbc ph\u00e1p lu\u1eadt v\u1ec1 t\u00ednh ch\u00ednh x\u00e1c, trung th\u1ef1c \u0111\u1ed1i v\u1edbi c\u00e1c th\u00f4ng tin \u0111\u01b0\u1ee3c cung c\u1ea5p trong h\u1ed3 h\u01a1 \u0111\u0103ng k\u00fd tham gia b\u00ecnh ch\u1ecdn.\/.<\/p>\n<p>&nbsp;<\/p>\n<p><strong>S\u1ea3n ph\u1ea9m OCOP 4 sao: L\u1ed9c Tr\u00e0 Th\u01b0\u1ee3ng H\u1ea1ng \u201cNguy\u00ean tr\u00e0 v\u1edbi n\u00fai&#8221;<\/strong><\/p>\n<p>&nbsp;<\/p>\n<p>L\u1ed9c Tr\u00e0 Th\u01b0\u1ee3ng H\u1ea1ng, c\u00e1i\u00a0t\u00ean quen thu\u1ed9c n\u1eb1m trong b\u1ed9 s\u1ea3n ph\u1ea9m cao c\u1ea5p c\u00f4ng ty c\u1ed5 ph\u1ea7n tr\u00e0 Vi\u1ec7t Th\u00e1i \u0111\u01b0\u1ee3c UBND t\u1ec9nh Th\u00e1i Nguy\u00ean c\u1ea5p ch\u1ee9ng nh\u1eadn 4 sao. \u201cL\u1ed9c Tr\u00e0 Th\u01b0\u1ee3ng H\u1ea1ng\u201d \u0111\u01b0\u1ee3c ch\u1ebf bi\u1ebfn c\u00f4ng phu,\u00a0t\u1ef7 m\u1ec9\u00a0t\u1eeb v\u00f9ng nguy\u00ean li\u1ec7u \u0111\u01b0\u1ee3c tr\u1ed3ng d\u01b0\u1edbi ch\u00e2n\u00a0d\u00e3y\u00a0n\u00fai ngo\u00e0i v\u00f9ng \u0111\u1ec7m c\u1ee7a v\u01b0\u1eddn qu\u1ed1c gia Tam \u0110\u1ea3o v\u1ec1 ph\u00eda s\u01b0\u1eddn \u0110\u00f4ng B\u1eafc. Quanh n\u0103m m\u00e2y ph\u1ee7, kh\u00ed h\u1eadu \u00f4n h\u00f2a,\u00a0nh\u1ed7\u00a0nh\u01b0\u1ee1ng th\u00edch h\u1ee3p v\u1edbi c\u00e2y ch\u00e8 kh\u00f4ng ph\u1ea3i n\u01a1i n\u00e0o c\u0169ng c\u00f3 \u0111\u01b0\u1ee3c.\u00a0Quy tr\u00ecnh s\u1ea3n xu\u1ea5t theo ti\u00eau chu\u1ea9n\u00a0VietGap\u00a0v\u1edbi quy tr\u00ecnh ch\u0103m s\u00f3c, s\u1ea3n xu\u1ea5t \u0111\u1eb7c bi\u1ec7t v\u00ec v\u1eady \u201cL\u1ed9c Tr\u00e0 h\u1ed9i t\u1ee5 \u0111\u1ea7y \u0111\u1ee7 c\u00e1c y\u1ebfu t\u1ed1 s\u1eafc, h\u01b0\u01a1ng, v\u1ecb\u201d \u0111\u1eadm n\u00e9t v\u0103n h\u00f3a tr\u00e0 Vi\u1ec7t.<\/p>\n<p>&nbsp;<\/p>\n<p><strong>L\u1ed9c Tr\u00e0 Th\u01b0\u1ee3ng H\u1ea1ng, \u00fd ch\u1ec9 tr\u00ean cao, v\u1eeba tao nh\u00e3, l\u1ea1i mang \u0111\u1eadm n\u00e9t quy\u1ec1n sang.<\/strong><\/p>\n<p>&nbsp;<\/p>\n<p>S\u1ea3n ph\u1ea9m \u0111\u01b0\u1ee3c \u0111\u00f3ng g\u00f3i trong bao b\u00ec sang tr\u1ecdng, m\u1eabu m\u00e3 \u0111\u1eb9p, c\u00f3 tem, nh\u00e3n v\u00e0 truy su\u1ea5t ngu\u1ed3n g\u1ed1c. S\u1eed d\u1ee5ng c\u00f4ng ngh\u1ec7 \u0111\u00f3ng g\u00f3i h\u00fat ch\u00e2n kh\u00f4ng hi\u1ec7n \u0111\u1ea1i, \u0111\u01b0\u1ee3c x\u1ebfp trong h\u1ed9p g\u1ed7 l\u00e0m t\u1eeb ph\u1ee5 ph\u1ea9m g\u1ed7 l\u00e0 m\u00f9n c\u01b0a \u0111\u01b0\u1ee3c bao ph\u1ee7 b\u1edfi m\u00e0u c\u00e1nh gi\u00e1n v\u00e0 tr\u1ecdng t\u00e2m l\u00e0 tem b\u1eb1ng \u0111\u1ed3ng l\u00e1,\u00a0sang tr\u1ecdng v\u1edbi t\u00fai v\u1ea3i da tinh t\u1ebf, l\u1ecbch s\u1ef1.<\/p>\n<\/div>\n<\/div>\n<div>\n<div>\n<h3 class=\"text-xl my-5 font-bold\">Th\u00f4ng s\u1ed1 k\u1ef9 thu\u1eadt<\/h3>\n<div>\n<div class=\"my-2 py-2\">H\u1ed9p g\u1ed7<span class=\"mlr-1\">:<\/span><span class=\"ml-1\">300g g\u1ed3m 30 t\u00fai 10g\/l\u1ea7n pha<\/span><\/div>\n<\/div>\n<\/div>\n<\/div>","protected":false},"featured_media":12722,"comment_status":"open","ping_status":"closed","template":"","meta":{"_acf_changed":false},"product_cat":[321,322,366,398,22],"product_tag":[],"class_list":{"0":"post-6442","1":"product","2":"type-product","3":"status-publish","4":"has-post-thumbnail","6":"product_cat-che","7":"product_cat-che-tuoi-che-bien","8":"product_cat-hang-cnnt-cap-qg","9":"product_cat-san-pham-cnnt-tb-cap-qg-2021","10":"product_cat-sanphamthucpham","12":"first","13":"instock","14":"shipping-taxable","15":"product-type-simple"},"acf":[],"_links":{"self":[{"href":"https:\/\/b2c.fairs.vn\/en\/wp-json\/wp\/v2\/product\/6442","targetHints":{"allow":["GET"]}}],"collection":[{"href":"https:\/\/b2c.fairs.vn\/en\/wp-json\/wp\/v2\/product"}],"about":[{"href":"https:\/\/b2c.fairs.vn\/en\/wp-json\/wp\/v2\/types\/product"}],"replies":[{"embeddable":true,"href":"https:\/\/b2c.fairs.vn\/en\/wp-json\/wp\/v2\/comments?post=6442"}],"version-history":[{"count":0,"href":"https:\/\/b2c.fairs.vn\/en\/wp-json\/wp\/v2\/product\/6442\/revisions"}],"wp:featuredmedia":[{"embeddable":true,"href":"https:\/\/b2c.fairs.vn\/en\/wp-json\/wp\/v2\/media\/12722"}],"wp:attachment":[{"href":"https:\/\/b2c.fairs.vn\/en\/wp-json\/wp\/v2\/media?parent=6442"}],"wp:term":[{"taxonomy":"product_cat","embeddable":true,"href":"https:\/\/b2c.fairs.vn\/en\/wp-json\/wp\/v2\/product_cat?post=6442"},{"taxonomy":"product_tag","embeddable":true,"href":"https:\/\/b2c.fairs.vn\/en\/wp-json\/wp\/v2\/product_tag?post=6442"}],"curies":[{"name":"wp","href":"https:\/\/api.w.org\/{rel}","templated":true}]}}