{"id":6441,"date":"2024-03-20T16:41:07","date_gmt":"2024-03-20T09:41:07","guid":{"rendered":"https:\/\/b2c.fairs.vn\/?post_type=product&#038;p=6441"},"modified":"2024-04-03T16:12:59","modified_gmt":"2024-04-03T09:12:59","slug":"binh-tich-loc-ve-vang-24k","status":"publish","type":"product","link":"https:\/\/b2c.fairs.vn\/en\/product\/binh-tich-loc-ve-vang-24k\/","title":{"rendered":"B\u00ecnh hoa v\u0103n th\u00e2p t\u00f2an h\u1ef7"},"content":{"rendered":"<div class=\"col-xs-12 col-sm-6\">\n<div id=\"rotate\" class=\"rotate-product\">\n<div class=\"rotate rotate-product-content\"><\/div>\n<\/div>\n<\/div>\n<div class=\"col-xs-12 col-sm-6\">\n<div class=\"box\">\n<div id=\"table\" class=\"infoTable\">\n<div class=\"modal-table\">\n<div id=\"model-viewer\">\n<div id=\"info\" class=\"display\">\n<div>\n<p>&nbsp;<\/p>\n<div id=\"gioithieu\">Gi\u1edbi thi\u1ec7u:<\/div>\n<p><span id=\"info-features\">S\u1ea3n ph\u1ea9m c\u1ee7a l\u00e0ng g\u1ed1m B\u1ed3 B\u00e1t r\u1ea5t \u0111\u01b0\u1ee3c \u01b0a chu\u1ed9ng. R\u1ea5t nhi\u1ec1u nh\u1eefng di v\u1eadt nh\u01b0 g\u1ea1ch \u0111\u1ea5t nung \u0110\u1ea1i Vi\u1ec7t qu\u1ed1c qu\u00e2n th\u00e0nh chuy\u00ean &#8211; lo\u1ea1i g\u1ea1ch chuy\u00ean d\u00f9ng \u0111\u1ec3 x\u00e2y th\u00e0nh, c\u00e1c s\u1ea3n ph\u1ea9m g\u1ed1m tinh x\u1ea3o nh\u01b0 \u0111\u1ea7u r\u1ed3ng, m\u1eb7t linh th\u00fa, b\u00e1t \u0111\u0129a, \u0111\u1ed3 gia d\u1ee5ng&#8230;\u0111\u00e3 \u0111\u01b0\u1ee3c t\u00ecm th\u1ea5y khi khai qu\u1eadt kh\u1ea3o c\u1ed5 t\u1ea1i khu v\u1ef1c \u0111\u1ec1n Vua \u0110inh, Vua L\u00ea (Ninh B\u00ecnh).Ch\u1ecdn \u0111\u1ea5t: \u0110\u1ec3 s\u1ea3n xu\u1ea5t ra c\u00e1c s\u1ea3n ph\u1ea9m g\u1ed1m B\u1ed3 B\u00e1t, ngu\u1ed3n nguy\u00ean li\u1ec7u quan tr\u1ecdng nh\u1ea5t l\u00e0 \u0111\u1ea5t s\u00e9t tr\u1eafng. Lo\u1ea1i \u0111\u1ea5t s\u00e9t n\u00e0y \u0111\u01b0\u1ee3c l\u1ea5y \u1edf c\u00e1c \u0111\u1ed3i xung quanh khu v\u1ef1c x\u00e3 Y\u00ean Th\u00e0nh &#8211; \u0111\u00e2y c\u0169ng l\u00e0 n\u01a1i xa x\u01b0a cha \u00f4ng l\u00e0ng B\u1ed3 B\u00e1t l\u1ea5y l\u00e0m g\u1ed1m c\u1ed5. Lo\u1ea1i \u0111\u1ea5t n\u00e0y c\u00f3 \u0111\u1eb7c \u0111i\u1ec3m t\u1ea1o n\u00ean d\u00f2ng men tr\u1eafng s\u1ed1 m\u1ed9t hi\u1ec7n nay v\u00e0 ch\u1ec9 c\u1ea7n nung 50-70% th\u1eddi gian so v\u1edbi c\u00e1c lo\u1ea1i \u0111\u1ea5t kh\u00e1c nh\u1eefng v\u1eabn b\u1ea3o \u0111\u1ea3m ch\u1ea5t l\u01b0\u1ee3ng v\u1ec1 \u0111\u1ed9 m\u1ecbn, c\u1ee9ng, sau khi nung s\u1ea3n ph\u1ea9m \u00edt b\u1ecb n\u1ee9t, v\u1ee1 h\u01a1n so v\u1edbi c\u00e1c lo\u1ea1i \u0111\u1ea5t s\u00e9t kh\u00e1c.X\u1eed l\u00fd \u0111\u1ea5t: \u0110\u1ea5t s\u00e9t ph\u1ea3i \u0111\u01b0\u1ee3c x\u1eed l\u00fd \u0111\u1ec3 lo\u1ea1i b\u1ecf c\u00e1c t\u1ea1p ch\u1ea5t ch\u1ee9a trong n\u00f3.Trong qu\u00e1 tr\u00ecnh x\u1eed l\u00fd, t\u00f9y theo t\u1eebng lo\u1ea1i g\u1ed1m m\u00e0 ng\u01b0\u1eddi ta c\u00f3 th\u1ec3 pha th\u00eam cao lanh \u1edf m\u1ee9c \u0111\u1ed9 nhi\u1ec1u \u00edt kh\u00e1c nhau. C\u00f3 lo\u1ea1i \u0111\u1ea5t s\u00e9t m\u1ee1 \u00edt c\u00e1t, h\u00fat n\u01b0\u1edbc nhi\u1ec1u, qu\u00e1 d\u00ednh th\u00ec ph\u1ea3i pha th\u00eam c\u00e1t v\u00e0 m\u1ed9t s\u1ed1 ch\u1ea5t kh\u00f4ng d\u1ebbo \u0111\u1ec3 ch\u1ed1ng r\u1ea1n n\u1ee9t trong khi ph\u01a1i hay nung g\u1ed1m.T\u1ea1o d\u00e1ng: \u0110\u00e2y l\u00e0 kh\u00e2u \u0111\u1eb7c bi\u1ec7t quan tr\u1ecdng trong quy tr\u00ecnh s\u1ea3n xu\u1ea5t. T\u1eeb nh\u1eefng m\u1ea3ng \u0111\u1ea5t \u0111\u00e3 \u0111\u01b0\u1ee3c x\u1eed l\u00fd, ng\u01b0\u1eddi th\u1ee3 b\u1eaft \u0111\u1ea7u truy\u1ec1n cho m\u1ed7i s\u1ea3n ph\u1ea9m m\u1ed9t h\u00ecnh d\u00e1ng ri\u00eang bi\u1ec7t. Ng\u01b0\u1eddi th\u1ee3 g\u1ed1m c\u00f3 th\u1ec3 d\u00f9ng ph\u01b0\u01a1ng ph\u00e1p vu\u1ed1t tay, be ch\u1ea1ch tr\u00ean b\u00e0n xoay ho\u1eb7c t\u1ea1o h\u00ecnh theo khu\u00f4n in.Trang tr\u00ed h\u1ecda ti\u1ebft: \u0110\u1ec3 n\u00e2ng cao t\u00ednh ngh\u1ec7 thu\u1eadt cho t\u00e1c ph\u1ea9m g\u1ed1m, ng\u01b0\u1eddi th\u1ee3 g\u1ed1m d\u00f9ng b\u00fat l\u00f4ng v\u1ebd m\u00e0u l\u00ean s\u1ea3n ph\u1ea9m v\u1edbi \u0111\u1ee7 lo\u1ea1i hoa v\u0103n. S\u1ea3n ph\u1ea9m g\u1ed1m \u0111\u01b0\u1ee3c trang tr\u00ed hoa v\u0103n b\u1eb1ng nhi\u1ec1u ph\u01b0\u01a1ng ph\u00e1p nh\u01b0: v\u1ebd tr\u00ean g\u1ed1m (ng\u01b0\u1eddi th\u1ee3 d\u00f9ng b\u00fat l\u00f4ng v\u1ebd tr\u1ef1c ti\u1ebfp l\u00ean n\u1ec1n m\u1ed9c c\u00e1c hoa v\u0103n h\u1ecda ti\u1ebft, \u0111i\u1ec1u n\u00e0y \u0111\u00f2i h\u1ecfi th\u1ee3 v\u1ebd g\u1ed1m ph\u1ea3i c\u00f3 tay ngh\u1ec1 cao, hoa v\u0103n h\u1ecda ti\u1ebft ph\u1ea3i h\u00e0i h\u00f2a v\u1edbi d\u00e1ng g\u1ed1m, c\u00e1c trang tr\u00ed h\u1ecda ti\u1ebft n\u00e0y \u0111\u00e3 n\u00e2ng ngh\u1ec1 g\u1ed1m l\u00ean m\u1ee9c ngh\u1ec7 thu\u1eadt, m\u1ed7i c\u00e1i l\u00e0 m\u1ed9t t\u00e1c ph\u1ea9m), \u0111\u00e1nh ch\u1ec9 (\u0111\u1ecbnh v\u00f2ng tr\u00f2n quanh mi\u1ec7ng, th\u00e2n ho\u1eb7c ch\u00e2n s\u1ea3n ph\u1ea9m b\u1eb1ng m\u00e0u ho\u1eb7c men m\u00e0u) hay b\u00f4i men ch\u1ea3y (m\u1ed9t lo\u1ea1i men trang tr\u00ed) l\u00ean mi\u1ec7ng s\u1ea3n ph\u1ea9m \u0111\u1ec3 khi nung men ch\u1ea3y t\u1ecfa xu\u1ed1ng t\u1ea1o n\u00ean nh\u1eefng \u0111\u01b0\u1eddng n\u00e9t m\u00e0u s\u1eafc t\u1ef1 nhi\u00ean h\u00e0i h\u00f2a. Ngo\u00e0i ra, m\u1ed9t s\u1ed1 s\u1ea3n ph\u1ea9m c\u00f3 hoa v\u0103n kh\u1eafc ch\u00ecm v\u00e0o x\u01b0\u01a1ng g\u1ed1m \u0111\u01b0\u1ee3c th\u1ef1c hi\u1ec7n b\u1eb1ng ph\u01b0\u01a1ng ph\u00e1p in khu\u00f4n.C\u1eaft g\u1ecdt v\u00e0 kh\u1eafc v\u1ea1ch: S\u1ea3n ph\u1ea9m sau khi t\u1ea1o d\u00e1ng c\u00f2n \u01b0\u1edbt v\u00e0 r\u1ea5t d\u1ec5 bi\u1ebfn d\u1ea1ng, do \u0111\u00f3 ph\u1ea3i ti\u1ebfn h\u00e0nh ph\u01a1i s\u1ea3n ph\u1ea9m sao cho kh\u00f4 \u0111\u1ec1u, kh\u00f4ng b\u1ecb n\u1ee9t n\u1ebb, kh\u00f4ng l\u00e0m thay \u0111\u1ed5i h\u00ecnh d\u00e1ng s\u1ea3n ph\u1ea9m. Sau \u0111\u00f3, ng\u01b0\u1eddi th\u1ee3 ti\u1ebfn h\u00e0nh s\u1eeda, g\u1ecdt, c\u1ea1o nh\u1eb5n\u2026 theo \u0111\u00fang \u00fd mu\u1ed1n. C\u00e1c chi ti\u1ebft kh\u00e1c nh\u01b0: quai, tai ho\u1eb7c trang tr\u00ed c\u00e1c h\u00ecnh \u0111\u1ed9ng v\u1eadt n\u1ed5i, hoa l\u00e1\u2026 T\u1ea5t c\u1ea3 \u0111\u1ec1u \u0111\u01b0\u1ee3c th\u1ef1c hi\u1ec7n \u1edf c\u00f4ng \u0111o\u1ea1n n\u00e0y. Kh\u1eafc v\u1ea1ch l\u00e0 ph\u01b0\u01a1ng ph\u00e1p trang tr\u00ed hoa v\u0103n ch\u1ee7 y\u1ebfu. Ng\u01b0\u1eddi th\u1ee3 g\u1ed1m v\u1ebd ho\u1eb7c kh\u1eafc v\u1ea1ch tr\u1ef1c ti\u1ebfp l\u00ean s\u01b0\u01a1ng g\u1ed1m sau \u0111\u00f3 \u0111em nung.L\u00e0m men g\u1ed1m: \u0110\u1ed1i v\u1edbi s\u1ea3n ph\u1ea9m g\u1ed1m, n\u01b0\u1edbc men g\u1ed1m l\u00e0 nguy\u00ean li\u1ec7u r\u1ea5t quan tr\u1ecdng. \u0110\u1ec3 t\u1ea1o men, nh\u1eefng ng\u01b0\u1eddi th\u1ee3 th\u1ee7 c\u00f4ng ph\u1ea3i ch\u1ebf t\u00e1c, luy\u1ec7n t\u1eeb \u0111\u00e1 v\u00f4i tr\u1eafng, tr\u1ea5u l\u00faa n\u1ebfp 6 th\u00e1ng, r\u1ec5 c\u1ecf B\u00e1t, c\u00f9ng m\u1ed9t s\u1ed1 ph\u1ee5 gia kh\u00e1c nh\u01b0 v\u1ecf s\u00f2, h\u1ebfn (t\u1ea1i \u0111\u1ecba ph\u01b0\u01a1ng). V\u1ec1 m\u00e0u s\u1eafc c\u1ee7a men, n\u1ed5i b\u1eadt v\u1edbi c\u00e1c m\u00e0u nh\u01b0: Tr\u1eafng, xanh ng\u1ecdc, tro, b\u00fap dong, men lam, men d\u1ea1n\u2026 Th\u00f4ng th\u01b0\u1eddng, \u0111\u1ec3 l\u00e0m \u0111\u01b0\u1ee3c m\u1ed9t n\u01b0\u1edbc men ho\u00e0n ch\u1ec9nh c\u1ea7n th\u1eddi gian luy\u1ec7n kho\u1ea3ng m\u1ed9t tu\u1ea7n, \u0111i\u1ec1u \u0111\u00f3 th\u1ec3 hi\u1ec7n s\u1ef1 t\u1ec9 m\u1ec9, s\u00e1ng t\u1ea1o c\u1ee7a ng\u01b0\u1eddi th\u1ee3 th\u1ee7 c\u00f4ng. K\u1ef9 thu\u1eadt tr\u00e1ng men c\u00f3 nhi\u1ec1u h\u00ecnh th\u1ee9c nh\u01b0 phun men, d\u1ed9i men l\u00ean b\u1ec1 m\u1eb7t c\u1ed1t g\u1ed1m c\u1ee1 l\u1edbn, nh\u00fang men \u0111\u1ed1i v\u1edbi lo\u1ea1i g\u1ed1m nh\u1ecf nh\u01b0ng th\u00f4ng d\u1ee5ng l\u00e0 h\u00ecnh th\u1ee9c l\u00e1ng men ngo\u00e0i s\u1ea3n ph\u1ea9m, g\u1ecdi l\u00e0 \u201ck\u00ecm men\u201d. Sau \u0111\u00f3, ng\u01b0\u1eddi th\u1ee3 g\u1ed1m ti\u1ebfn h\u00e0nh tu ch\u1ec9nh l\u1ea1i s\u1ea3n ph\u1ea9m m\u1ed9t l\u1ea7n cu\u1ed1i tr\u01b0\u1edbc khi \u0111\u01b0a v\u00e0o l\u00f2 nung. Tr\u01b0\u1edbc h\u1ebft ph\u1ea3i xem k\u0129 t\u1eebng s\u1ea3n ph\u1ea9m xem c\u00f3 ch\u1ed7 n\u00e0o khuy\u1ebft men th\u00ec ph\u1ea3i b\u00f4i qu\u1ec7t men v\u00e0o c\u00e1c v\u1ecb tr\u00ed \u1ea5y; ti\u1ebfp theo h\u1ecd ti\u1ebfn h\u00e0nh \u201cc\u1eaft d\u00f2\u201d, t\u1ee9c c\u1ea1o b\u1ecf nh\u1eefng ch\u1ed7 d\u01b0 th\u1eeba men, c\u00f4ng vi\u1ec7c n\u00e0y g\u1ecdi l\u00e0 \u201cs\u1eeda h\u00e0ng men\u201d. Nung \u0111\u1ed1t s\u1ea3n ph\u1ea9m g\u1ed1m: \u0110\u00e2y l\u00e0 c\u00f4ng \u0111o\u1ea1n quan tr\u1ecdng nh\u1ea5t quy\u1ebft \u0111\u1ecbnh s\u1ef1 th\u00e0nh c\u00f4ng hay th\u1ea5t b\u1ea1i c\u1ee7a m\u1ed9t m\u1ebb g\u1ed1m. C\u00e1c s\u1ea3n ph\u1ea9m c\u1ee7a x\u01b0\u1edfng g\u1ed1m B\u1ed3 B\u00e1t \u0111\u01b0\u1ee3c nung \u1edf nhi\u1ec7t \u0111\u1ed9 3000oC v\u1edbi nguy\u00ean li\u1ec7u \u0111\u1ea5t s\u00e9t ri\u00eang m\u00e0 ch\u1ec9 n\u01a1i n\u00e0y m\u1edbi c\u00f3, \u0111\u00e3 t\u1ea1o n\u00ean m\u1ed9t lo\u1ea1i g\u1ed1m kh\u00f4ng c\u00f3 n\u1ed3ng \u0111\u1ed9 ch\u00ec, \u0111\u1ea3m b\u1ea3o an to\u00e0n s\u1ee9c kh\u1ecfe cho ng\u01b0\u1eddi ti\u00eau d\u00f9ng, c\u0169ng nh\u01b0 gi\u1eef \u0111\u01b0\u1ee3c n\u00e9t \u0111\u1eb7c tr\u01b0ng, \u0111\u1ed9 b\u1ec1n b\u00f3ng c\u1ee7a men, h\u1ea1n ch\u1ebf s\u1ee9t m\u1ebb. G\u1ed1m B\u1ed3 B\u00e1t n\u1ed5i ti\u1ebfng b\u1edfi s\u1eafc tr\u1eafng \u0111\u1ed9c \u0111\u00e1o, c\u00f3 nhi\u1ec1u s\u1ea3n ph\u1ea9m ph\u1ee5c v\u1ee5 \u0111\u1eddi s\u1ed1ng sinh ho\u1ea1t t\u1eeb thu\u1edf s\u01a1 khai cho \u0111\u1ebfn khi \u0111\u01b0\u1ee3c kh\u00f4i ph\u1ee5c l\u1ea1i v\u00e0 ph\u00e1t tri\u1ec3n. \u0110\u1ebfn nay, c\u00e1c s\u1ea3n ph\u1ea9m g\u1ed1m do ngh\u1ec7 nh\u00e2n l\u00e0ng g\u1ed1m B\u1ed3 B\u00e1t l\u00e0m ra v\u1edbi \u0111\u1ee7 ch\u1ee7ng lo\u1ea1i, m\u1eabu m\u00e3, gi\u00e1 tr\u1ecb s\u1eed d\u1ee5ng kh\u00e1c nhau n\u00ean \u0111\u01b0\u1ee3c nhi\u1ec1u ng\u01b0\u1eddi \u01b0a th\u00edch, t\u1eeb v\u1eadt v\u1eadt d\u1ee5ng sinh ho\u1ea1t nh\u01b0 \u1ea5m ch\u00e9n, b\u00e1t \u0111\u0129a, l\u1ecd hoa\u2026 \u0111\u1ebfn nh\u1eefng s\u1ea3n ph\u1ea9m l\u01b0u ni\u1ec7m, trang tr\u00ed nh\u01b0 chu\u00f4ng gi\u00f3, v\u00f2ng c\u1ed5, tranh g\u1ed1m ngh\u1ec7 thu\u1eadt<\/span><\/p>\n<\/div>\n<\/div>\n<\/div>\n<\/div>\n<\/div>\n<\/div>\n<\/div>","protected":false},"excerpt":{"rendered":"<p>&nbsp; Gi\u1edbi thi\u1ec7u: S\u1ea3n ph\u1ea9m c\u1ee7a l\u00e0ng g\u1ed1m B\u1ed3 B\u00e1t r\u1ea5t \u0111\u01b0\u1ee3c \u01b0a chu\u1ed9ng. R\u1ea5t nhi\u1ec1u nh\u1eefng di v\u1eadt nh\u01b0<\/p>","protected":false},"featured_media":15445,"comment_status":"open","ping_status":"closed","template":"","meta":{"_acf_changed":false},"product_cat":[395,366,398,336,337],"product_tag":[],"class_list":{"0":"post-6441","1":"product","2":"type-product","3":"status-publish","4":"has-post-thumbnail","6":"product_cat-gom-su-my-nghe","7":"product_cat-hang-cnnt-cap-qg","8":"product_cat-san-pham-cnnt-tb-cap-qg-2021","9":"product_cat-san-pham-thu-cong-my-nghe","10":"product_cat-thu-cong-my-nghe-gia-dung-trang-tri","12":"first","13":"instock","14":"shipping-taxable","15":"product-type-simple"},"acf":[],"_links":{"self":[{"href":"https:\/\/b2c.fairs.vn\/en\/wp-json\/wp\/v2\/product\/6441","targetHints":{"allow":["GET"]}}],"collection":[{"href":"https:\/\/b2c.fairs.vn\/en\/wp-json\/wp\/v2\/product"}],"about":[{"href":"https:\/\/b2c.fairs.vn\/en\/wp-json\/wp\/v2\/types\/product"}],"replies":[{"embeddable":true,"href":"https:\/\/b2c.fairs.vn\/en\/wp-json\/wp\/v2\/comments?post=6441"}],"version-history":[{"count":0,"href":"https:\/\/b2c.fairs.vn\/en\/wp-json\/wp\/v2\/product\/6441\/revisions"}],"wp:featuredmedia":[{"embeddable":true,"href":"https:\/\/b2c.fairs.vn\/en\/wp-json\/wp\/v2\/media\/15445"}],"wp:attachment":[{"href":"https:\/\/b2c.fairs.vn\/en\/wp-json\/wp\/v2\/media?parent=6441"}],"wp:term":[{"taxonomy":"product_cat","embeddable":true,"href":"https:\/\/b2c.fairs.vn\/en\/wp-json\/wp\/v2\/product_cat?post=6441"},{"taxonomy":"product_tag","embeddable":true,"href":"https:\/\/b2c.fairs.vn\/en\/wp-json\/wp\/v2\/product_tag?post=6441"}],"curies":[{"name":"wp","href":"https:\/\/api.w.org\/{rel}","templated":true}]}}