{"id":6435,"date":"2024-03-20T16:19:31","date_gmt":"2024-03-20T09:19:31","guid":{"rendered":"https:\/\/b2c.fairs.vn\/?post_type=product&#038;p=6435"},"modified":"2024-04-09T16:22:47","modified_gmt":"2024-04-09T09:22:47","slug":"loc-tra","status":"publish","type":"product","link":"https:\/\/b2c.fairs.vn\/en\/product\/loc-tra\/","title":{"rendered":"L\u1ed9c Tr\u00e0 Vi\u1ec7t Th\u00e1i"},"content":{"rendered":"<div>\n<div>\n<p>Tr\u00e0 xanh \u0111\u00e3 tr\u1edf th\u00e0nh m\u1ed9t th\u1ee9c u\u1ed1ng th\u01b0\u1eddng ng\u00e0y c\u1ee7a ng\u01b0\u1eddi Vi\u1ec7t. Tr\u00e0 xanh g\u1ea7n g\u0169i v\u1edbi ng\u01b0\u1eddi Vi\u1ec7t \u1edf m\u1ecdi l\u00fac, m\u1ecdi n\u01a1i. T\u1eeb \u0111\u01b0\u1eddng ph\u1ed1 t\u1edbi gia \u0111\u00ecnh, t\u1eeb v\u0103n ph\u00f2ng doanh nghi\u1ec7p \u0111\u1ebfn tr\u1ee5 c\u00f4ng quy\u1ec1n, n\u01a1i \u0111\u00e2u tr\u00e0 xanh c\u0169ng \u0111\u01b0\u1ee3c d\u00f9ng \u0111\u1ec3 ti\u1ebfp kh\u00e1ch. \u0110\u00f3 l\u00e0 n\u00e9t \u0111\u1eb7c tr\u01b0ng, gi\u00e0u n\u00e9t truy\u1ec1n th\u1ed1ng v\u0103n h\u00f3a Vi\u1ec7t. C\u00f3 l\u1ebd c\u0169ng v\u00ec th\u1ebf m\u00e0 tr\u00e0 xanh \u0111\u00e3 d\u1ea7n tr\u1edf th\u00e0nh m\u1ed9t trong nh\u1eefng m\u00f3n qu\u00e0 kh\u00f4ng th\u1ec3 thi\u1ebfu trong m\u1ed7i d\u1ecbp l\u1ec5 t\u1ebft, c\u01b0\u1edbi h\u1ecfi.<\/p>\n<p>C\u0169ng nh\u01b0 c\u00e1c s\u1ea3n ph\u1ea9m kh\u00e1c mang th\u01b0\u01a1ng hi\u1ec7u Vi\u1ec7t Th\u00e1i, L\u1ed8C TR\u00c0 \u0111\u01b0\u1ee3c ch\u1ecdn ri\u00eang t\u1eeb nh\u1eefng b\u00fap ch\u00e8 non m\u1ed9c m\u1ea1c, h\u1ea3o h\u1ea1ng. L\u00e0 s\u1ef1 ch\u1eaft l\u1ecdc c\u1ee7a k\u1ef9 thu\u1eadt v\u00e0 s\u1ef1 t\u1ec9 m\u1ec9 trong t\u1eebng thao t\u00e1c c\u1ee7a ng\u01b0\u1eddi phu tr\u00e0. \u0110\u00e2y l\u00e0 s\u1ea3n ph\u1ea9m ch\u00e8 Th\u00e1i Nguy\u00ean\u00a0\u0111\u1ed9c \u0111\u00e1o c\u1ee7a ch\u00fang t\u00f4i.<\/p>\n<p>&nbsp;<\/p>\n<p>Tr\u00e0 Vi\u1ec7t Th\u00e1i ngon nh\u1ea5t l\u00e0 tr\u00e0 b\u00fap, h\u00ecnh m\u00f3c c\u00e2u. N\u01b0\u1edbc pha tr\u00e0 l\u00e0 n\u01b0\u1edbc su\u1ed1i \u0111\u1ea7u ngu\u1ed3n, n\u01b0\u1edbc s\u1ea1ch \u1edf gi\u1eefa d\u00f2ng s\u00f4ng ho\u1eb7c n\u01b0\u1edbc gi\u1ebfng kh\u01a1i, \u0111un c\u1ee7i l\u00e0m cho l\u00ean \u0111\u01b0\u1ee3c v\u1ecb tr\u00e0. Ng\u01b0\u1eddi pha ng\u00e2m tr\u00e0 trong n\u01b0\u1edbc s\u00f4i, l\u1eafc \u0111\u1ec1u tr\u01b0\u1edbc khi ch\u1eaft. Ch\u00e9n x\u1ebfp v\u00f2ng, tay r\u00f3t \u0111\u1ec1u theo t\u1eebng v\u00f2ng \u0111\u1ec3 v\u1ecb tr\u00e0 trong c\u00e1c ch\u00e9n \u0111\u1ec1u nhau. Tr\u00e0 c\u00f3 v\u1ecb ch\u00e1t d\u1ecbu \u0111\u1eb7c tr\u01b0ng, \u0111\u1ec3 l\u00e2u ng\u1ecdt n\u01a1i \u0111\u1ea7u l\u01b0\u1ee1i. Th\u01b0\u1edfng tr\u00e0 c\u00f3 k\u1eb9o l\u1ea1c, h\u1ea1t h\u01b0\u1edbng d\u01b0\u01a1ng, hoa h\u1ed3ng cho th\u00eam b\u00f9i, th\u00eam \u0111\u01b0\u1ee3m.<\/p>\n<\/div>\n<\/div>\n<div>\n<div>\n<h3 class=\"text-xl my-5 font-bold\">Th\u00f4ng s\u1ed1 k\u1ef9 thu\u1eadt<\/h3>\n<div>\n<div class=\"my-2 py-2\">H\u1ed9p<span class=\"mlr-1\">:<\/span><span class=\"ml-1\">20 g\u00f3i x 10g<\/span><\/div>\n<div class=\"my-2 py-2\">H\u1ea1n s\u1eed d\u1ee5ng<span class=\"mlr-1\">:<\/span><span class=\"ml-1\">24 th\u00e1ng<\/span><\/div>\n<\/div>\n<\/div>\n<\/div>","protected":false},"excerpt":{"rendered":"<p>Tr\u00e0 xanh \u0111\u00e3 tr\u1edf th\u00e0nh m\u1ed9t th\u1ee9c u\u1ed1ng th\u01b0\u1eddng ng\u00e0y c\u1ee7a ng\u01b0\u1eddi Vi\u1ec7t. Tr\u00e0 xanh g\u1ea7n g\u0169i v\u1edbi ng\u01b0\u1eddi Vi\u1ec7t<\/p>","protected":false},"featured_media":6437,"comment_status":"open","ping_status":"closed","template":"","meta":{"_acf_changed":false},"product_cat":[321,322,22],"product_tag":[],"class_list":{"0":"post-6435","1":"product","2":"type-product","3":"status-publish","4":"has-post-thumbnail","6":"product_cat-che","7":"product_cat-che-tuoi-che-bien","8":"product_cat-sanphamthucpham","10":"first","11":"instock","12":"shipping-taxable","13":"product-type-simple"},"acf":[],"_links":{"self":[{"href":"https:\/\/b2c.fairs.vn\/en\/wp-json\/wp\/v2\/product\/6435","targetHints":{"allow":["GET"]}}],"collection":[{"href":"https:\/\/b2c.fairs.vn\/en\/wp-json\/wp\/v2\/product"}],"about":[{"href":"https:\/\/b2c.fairs.vn\/en\/wp-json\/wp\/v2\/types\/product"}],"replies":[{"embeddable":true,"href":"https:\/\/b2c.fairs.vn\/en\/wp-json\/wp\/v2\/comments?post=6435"}],"version-history":[{"count":0,"href":"https:\/\/b2c.fairs.vn\/en\/wp-json\/wp\/v2\/product\/6435\/revisions"}],"wp:featuredmedia":[{"embeddable":true,"href":"https:\/\/b2c.fairs.vn\/en\/wp-json\/wp\/v2\/media\/6437"}],"wp:attachment":[{"href":"https:\/\/b2c.fairs.vn\/en\/wp-json\/wp\/v2\/media?parent=6435"}],"wp:term":[{"taxonomy":"product_cat","embeddable":true,"href":"https:\/\/b2c.fairs.vn\/en\/wp-json\/wp\/v2\/product_cat?post=6435"},{"taxonomy":"product_tag","embeddable":true,"href":"https:\/\/b2c.fairs.vn\/en\/wp-json\/wp\/v2\/product_tag?post=6435"}],"curies":[{"name":"wp","href":"https:\/\/api.w.org\/{rel}","templated":true}]}}