{"id":6395,"date":"2024-03-20T16:13:58","date_gmt":"2024-03-20T09:13:58","guid":{"rendered":"https:\/\/b2c.fairs.vn\/?post_type=product&#038;p=6395"},"modified":"2024-04-09T16:29:02","modified_gmt":"2024-04-09T09:29:02","slug":"ca-gai-leo-sao-vang-thom-1kg","status":"publish","type":"product","link":"https:\/\/b2c.fairs.vn\/en\/product\/ca-gai-leo-sao-vang-thom-1kg\/","title":{"rendered":"C\u00e0 gai leo sao v\u00e0ng th\u01a1m &#8211; 1kg"},"content":{"rendered":"<div>\n<div>\n<p>*** Th\u00e0nh Ph\u1ea7n: 100% c\u00e0 gai leo kh\u00f4 sao v\u00e0ng h\u1ea1 th\u1ed5<\/p>\n<p>*** C\u00f4ng D\u1ee5ng:<\/p>\n<p>&#8211; Gi\u00fap t\u0103ng c\u01b0\u1eddng ch\u1ee9c n\u0103ng gan, trong c\u00e1c tr\u01b0\u1eddng h\u1ee3p suy gi\u1ea3m ch\u1ee9c n\u0103ng gan do vi\u00eam gan, x\u01a1 gan, men gan cao.<\/p>\n<p>&#8211; Gi\u1ea3i r\u01b0\u1ee3u bia gi\u00fap c\u01a1 th\u1ec3 nhanh ch\u00f3ng t\u1ec9nh t\u00e1o sau khi u\u1ed1ng nhi\u1ec1u r\u01b0\u1ee3u bia.<\/p>\n<p>&#8211; Gi\u00fap t\u0103ng c\u01b0\u1eddng ch\u1ee9c n\u0103ng gi\u1ea3i \u0111\u1ed9c gan, b\u1ea3o v\u1ec7 t\u1ebf b\u00e0o gan.<\/p>\n<p>*** \u0110\u1ed1i t\u01b0\u1ee3ng s\u1eed d\u1ee5ng:<\/p>\n<p>&#8211; Ng\u01b0\u1eddi c\u00f3 ch\u1ee9c n\u0103ng gan suy gi\u1ea3m do vi\u00eam gan, x\u01a1 gan, men gan cao, gan nhi\u1ec5m m\u1ee1.<\/p>\n<p>&#8211; Ng\u01b0\u1eddi u\u1ed1ng bia r\u01b0\u1ee3u nhi\u1ec1u.<\/p>\n<p>&#8211; Ng\u01b0\u1eddi hay th\u1ee9c khuya.<\/p>\n<p>&#8211; Ng\u01b0\u1eddi hay d\u00f9ng thu\u1ed1c kh\u00e1ng sinh.<\/p>\n<p>&#8211; Ng\u01b0\u1eddi b\u1ecb v\u00e0ng da v\u00e0ng m\u1eaft, m\u1ee5n nh\u1ecdt m\u1ec1 \u0111ay quanh n\u0103m do gan n\u00f3ng, gan b\u1ecb t\u1ed5n th\u01b0\u01a1ng.<\/p>\n<p>&#8211; Ng\u01b0\u1eddi \u0103n u\u1ed1ng kh\u00f3 ti\u00eau, hay \u0111\u1ea7y b\u1ee5ng, hay \u0103n c\u00e1c \u0111\u1ed3 \u0103n nhanh, \u0111\u1ed3 \u0103n c\u00f3 nhi\u1ec1u d\u1ea7u m\u1ee1 d\u1eabn \u0111\u1ebfn n\u00f3ng gan.<\/p>\n<p>Ch\u00fa \u00fd:<\/p>\n<p>&#8211; S\u1ea3n ph\u1ea9m n\u00e0y kh\u00f4ng ph\u1ea3i l\u00e0 thu\u1ed1c v\u00e0 kh\u00f4ng c\u00f3 t\u00e1c d\u1ee5ng thay th\u1ebf thu\u1ed1c ch\u1eefa b\u1ec7nh.<\/p>\n<p>&#8211; Kh\u00f4ng d\u00f9ng cho ph\u1ee5 n\u1eef mang thai v\u00e0 cho con b\u00fa.<\/p>\n<p>&#8211; Ng\u1eebng s\u1eed d\u1ee5ng n\u1ebfu kh\u00f4ng dung n\u1ea1p ho\u1eb7c qu\u00e1 m\u1eabn v\u1edbi m\u1ed9t trong c\u00e1c th\u00e0nh ph\u1ea7n trong c\u00f4ng th\u1ee9c.<\/p>\n<\/div>\n<\/div>\n<div>\n<div>\n<h3 class=\"text-xl my-5 font-bold\">Th\u00f4ng s\u1ed1 k\u1ef9 thu\u1eadt<\/h3>\n<div>\n<div class=\"my-2 py-2\">H\u01b0\u01a1ng v\u1ecb<span class=\"mlr-1\">:<\/span><span class=\"ml-1\">M\u00e1t d\u1ecbu th\u1ea3o d\u01b0\u1ee3c<\/span><\/div>\n<div class=\"my-2 py-2\">Tr\u1ecdng l\u01b0\u1ee3ng<span class=\"mlr-1\">:<\/span><span class=\"ml-1\">1Kg<\/span><\/div>\n<\/div>\n<\/div>\n<\/div>","protected":false},"excerpt":{"rendered":"<p>*** Th\u00e0nh Ph\u1ea7n: 100% c\u00e0 gai leo kh\u00f4 sao v\u00e0ng h\u1ea1 th\u1ed5 *** C\u00f4ng D\u1ee5ng: &#8211; Gi\u00fap t\u0103ng c\u01b0\u1eddng ch\u1ee9c<\/p>","protected":false},"featured_media":6396,"comment_status":"open","ping_status":"closed","template":"","meta":{"_acf_changed":false},"product_cat":[321,22,323],"product_tag":[],"class_list":{"0":"post-6395","1":"product","2":"type-product","3":"status-publish","4":"has-post-thumbnail","6":"product_cat-che","7":"product_cat-sanphamthucpham","8":"product_cat-san-pham-tra-tu-thuc-vat-khac","10":"first","11":"instock","12":"shipping-taxable","13":"product-type-simple"},"acf":[],"_links":{"self":[{"href":"https:\/\/b2c.fairs.vn\/en\/wp-json\/wp\/v2\/product\/6395","targetHints":{"allow":["GET"]}}],"collection":[{"href":"https:\/\/b2c.fairs.vn\/en\/wp-json\/wp\/v2\/product"}],"about":[{"href":"https:\/\/b2c.fairs.vn\/en\/wp-json\/wp\/v2\/types\/product"}],"replies":[{"embeddable":true,"href":"https:\/\/b2c.fairs.vn\/en\/wp-json\/wp\/v2\/comments?post=6395"}],"version-history":[{"count":0,"href":"https:\/\/b2c.fairs.vn\/en\/wp-json\/wp\/v2\/product\/6395\/revisions"}],"wp:featuredmedia":[{"embeddable":true,"href":"https:\/\/b2c.fairs.vn\/en\/wp-json\/wp\/v2\/media\/6396"}],"wp:attachment":[{"href":"https:\/\/b2c.fairs.vn\/en\/wp-json\/wp\/v2\/media?parent=6395"}],"wp:term":[{"taxonomy":"product_cat","embeddable":true,"href":"https:\/\/b2c.fairs.vn\/en\/wp-json\/wp\/v2\/product_cat?post=6395"},{"taxonomy":"product_tag","embeddable":true,"href":"https:\/\/b2c.fairs.vn\/en\/wp-json\/wp\/v2\/product_tag?post=6395"}],"curies":[{"name":"wp","href":"https:\/\/api.w.org\/{rel}","templated":true}]}}