{"id":6390,"date":"2024-03-20T16:12:52","date_gmt":"2024-03-20T09:12:52","guid":{"rendered":"https:\/\/b2c.fairs.vn\/?post_type=product&#038;p=6390"},"modified":"2024-04-09T16:27:21","modified_gmt":"2024-04-09T09:27:21","slug":"cao-ca-gai-leo-nguyen-chat","status":"publish","type":"product","link":"https:\/\/b2c.fairs.vn\/en\/product\/cao-ca-gai-leo-nguyen-chat\/","title":{"rendered":"Cao C\u00e0 Gai Leo Nguy\u00ean Ch\u1ea5t"},"content":{"rendered":"<div>\n<div>\n<p>Cao c\u00e0 gai leo H\u1ee3p H\u00f2a c\u00f3 th\u00e0nh ph\u1ea7n 100% t\u1eeb c\u00e2y c\u00e0 gai leo nguy\u00ean ch\u1ea5t \u0111\u01b0\u1ee3c tr\u1ed3ng t\u1ea1i x\u00e3 H\u1ee3p H\u00f2a, huy\u1ec7n S\u01a1n D\u01b0\u01a1ng, t\u1ec9nh Tuy\u00ean Quang.<\/p>\n<p>H\u01b0\u1edbng d\u1eabn s\u1eed d\u1ee5ng:<\/p>\n<p>&#8211; L\u1ea5y m\u1ed9t th\u00eca nh\u1ecf cao pha v\u00e0o c\u1ed1c n\u01b0\u1edbc n\u00f3ng.<\/p>\n<p>&#8211; C\u00f3 th\u1ec3 d\u00f9ng th\u00eam m\u1eadt ong, \u0111\u01b0\u1eddng, s\u1eefa \u0111\u1ec3 thay \u0111\u1ed5i v\u1ecb t\u00f9y nhu c\u1ea7u \u00fay kh\u00e1ch.<\/p>\n<p>&#8211; \u0110\u1ed1i t\u01b0\u1ee3ng s\u1eed d\u1ee5ng: B\u00ea\u0323nh nh\u00e2n m\u0103\u0301c vi\u00eam gan B.<\/p>\n<p>&#8211; B\u00ea\u0323nh nh\u00e2n \u0111ang d\u00f9ng nhi\u1ec1u thu\u00f4\u0301c kha\u0301ng virus nh\u01b0ng ch\u01b0a hi\u00ea\u0323u qua\u0309.<\/p>\n<p>&#8211; Ng\u01b0\u01a1\u0300i bi\u0323 men gan cao, m\u01a1\u0303 ma\u0301u<\/p>\n<p>&#8211; B\u00ea\u0323nh nh\u00e2n bi\u0323 x\u01a1n gan, U gan, suy gia\u0309m ch\u01b0\u0301c n\u0103ng gan do s\u01b0\u0309 du\u0323ng nhi\u00ea\u0300u bia r\u01b0\u01a1\u0323u<\/p>\n<p>&#8211; Ng\u01b0\u01a1\u0300i th\u01b0\u01a1\u0300ng xuy\u00ean pha\u0309i ti\u00ea\u0301p xu\u0301c va\u0300 s\u01b0\u0309 du\u0323ng bia r\u01b0\u01a1\u0323u.<\/p>\n<p>L\u01b0u \u00fd khi s\u1eed d\u1ee5ng:<\/p>\n<p>&#8211; \u0110\u1ed1i v\u1edbi ph\u1ee5 n\u1eef \u0111ang mang thai: Kh\u00f4ng d\u00f9ng C\u00e0 Gai Leo cho ph\u1ee5 n\u1eef \u0111ang mang thai<\/p>\n<p>&#8211; \u0110\u1ed1i v\u1edbi ph\u1ee5 n\u1eef \u0111ang cho con b\u00fa: Qua th\u01b0\u0323c t\u00ea\u0301 ki\u00ea\u0309m nghi\u00ea\u0323m cho th\u00e2\u0301y C\u00e0 Gai Leo kh\u00f4ng co\u0301 ta\u0301c du\u0323ng phu\u0323 \u0111\u00f4\u0301i v\u01a1\u0301i phu\u0323 n\u01b0\u0303 \u0111ang cho con b\u00fa, do \u0111o\u0301 b\u00ea\u0323nh nh\u00e2n co\u0301 th\u1ec3 ho\u00e0n to\u00e0n y\u00ean t\u00e2m khi s\u01b0\u0309 du\u0323ng sa\u0309n ph\u00e2\u0309m.<\/p>\n<\/div>\n<\/div>\n<div>\n<div>\n<h3 class=\"text-xl my-5 font-bold\">Th\u00f4ng s\u1ed1 k\u1ef9 thu\u1eadt<\/h3>\n<div>\n<div class=\"my-2 py-2\">Tr\u1ecdng l\u01b0\u1ee3ng<span class=\"mlr-1\">:<\/span><span class=\"ml-1\">100g<\/span><\/div>\n<div class=\"my-2 py-2\">H\u1ea1n s\u1eed d\u1ee5ng<span class=\"mlr-1\">:<\/span><span class=\"ml-1\">24 th\u00e1ng<\/span><\/div>\n<\/div>\n<\/div>\n<\/div>","protected":false},"excerpt":{"rendered":"<p>Cao c\u00e0 gai leo H\u1ee3p H\u00f2a c\u00f3 th\u00e0nh ph\u1ea7n 100% t\u1eeb c\u00e2y c\u00e0 gai leo nguy\u00ean ch\u1ea5t \u0111\u01b0\u1ee3c tr\u1ed3ng t\u1ea1i<\/p>","protected":false},"featured_media":6391,"comment_status":"open","ping_status":"closed","template":"","meta":{"_acf_changed":false},"product_cat":[321,22,323],"product_tag":[],"class_list":{"0":"post-6390","1":"product","2":"type-product","3":"status-publish","4":"has-post-thumbnail","6":"product_cat-che","7":"product_cat-sanphamthucpham","8":"product_cat-san-pham-tra-tu-thuc-vat-khac","10":"first","11":"instock","12":"shipping-taxable","13":"product-type-simple"},"acf":[],"_links":{"self":[{"href":"https:\/\/b2c.fairs.vn\/en\/wp-json\/wp\/v2\/product\/6390","targetHints":{"allow":["GET"]}}],"collection":[{"href":"https:\/\/b2c.fairs.vn\/en\/wp-json\/wp\/v2\/product"}],"about":[{"href":"https:\/\/b2c.fairs.vn\/en\/wp-json\/wp\/v2\/types\/product"}],"replies":[{"embeddable":true,"href":"https:\/\/b2c.fairs.vn\/en\/wp-json\/wp\/v2\/comments?post=6390"}],"version-history":[{"count":0,"href":"https:\/\/b2c.fairs.vn\/en\/wp-json\/wp\/v2\/product\/6390\/revisions"}],"wp:featuredmedia":[{"embeddable":true,"href":"https:\/\/b2c.fairs.vn\/en\/wp-json\/wp\/v2\/media\/6391"}],"wp:attachment":[{"href":"https:\/\/b2c.fairs.vn\/en\/wp-json\/wp\/v2\/media?parent=6390"}],"wp:term":[{"taxonomy":"product_cat","embeddable":true,"href":"https:\/\/b2c.fairs.vn\/en\/wp-json\/wp\/v2\/product_cat?post=6390"},{"taxonomy":"product_tag","embeddable":true,"href":"https:\/\/b2c.fairs.vn\/en\/wp-json\/wp\/v2\/product_tag?post=6390"}],"curies":[{"name":"wp","href":"https:\/\/api.w.org\/{rel}","templated":true}]}}