{"id":6377,"date":"2024-03-20T16:11:38","date_gmt":"2024-03-20T09:11:38","guid":{"rendered":"https:\/\/b2c.fairs.vn\/?post_type=product&#038;p=6377"},"modified":"2024-04-09T16:27:37","modified_gmt":"2024-04-09T09:27:37","slug":"tra-ca-gai-leo-hop-hoa","status":"publish","type":"product","link":"https:\/\/b2c.fairs.vn\/en\/product\/tra-ca-gai-leo-hop-hoa\/","title":{"rendered":"Tr\u00e0 c\u00e0 gai leo H\u1ee3p H\u00f2a"},"content":{"rendered":"<div>\n<div>\n<p>+++ Kh\u00f4ng ch\u1ea5t b\u1ea3o qu\u1ea3n.<\/p>\n<p>+++ Kh\u00f4ng ch\u1ea5t ph\u1ee5 gia.<\/p>\n<p>+++ Kh\u00f4ng ch\u1ea5t h\u00f3a h\u1ecdc.<\/p>\n<p>&nbsp;<\/p>\n<p>*** C\u00f4ng D\u1ee5ng c\u1ee7a tr\u00e0 c\u00e0 gai leo H\u1ee3p H\u00f2a:<\/p>\n<p>&#8211; Gi\u00fap t\u0103ng c\u01b0\u1eddng ch\u1ee9c n\u0103ng gan, trong c\u00e1c tr\u01b0\u1eddng h\u1ee3p suy gi\u1ea3m ch\u1ee9c n\u0103ng gan do vi\u00eam gan, x\u01a1 gan, men gan cao.<\/p>\n<p>&#8211; Gi\u1ea3i r\u01b0\u1ee3u bia gi\u00fap c\u01a1 th\u1ec3 nhanh ch\u00f3ng t\u1ec9nh t\u00e1o sau khi u\u1ed1ng nhi\u1ec1u r\u01b0\u1ee3u bia.<\/p>\n<p>&#8211; Gi\u00fap t\u0103ng c\u01b0\u1eddng ch\u1ee9c n\u0103ng gi\u1ea3i \u0111\u1ed9c gan, b\u1ea3o v\u1ec7 t\u1ebf b\u00e0o gan.<\/p>\n<p>&nbsp;<\/p>\n<p>*** \u0110\u1ed1i t\u01b0\u1ee3ng s\u1eed d\u1ee5ng c\u00e0 gai leo:<\/p>\n<p>&#8211; Ng\u01b0\u1eddi c\u00f3 ch\u1ee9c n\u0103ng gan suy gi\u1ea3m do vi\u00eam gan, x\u01a1 gan, men gan cao, gan nhi\u1ec5m m\u1ee1,<\/p>\n<p>&#8211; Ng\u01b0\u1eddi u\u1ed1ng bia r\u01b0\u1ee3u nhi\u1ec1u.<\/p>\n<p>&#8211; Ng\u01b0\u1eddi hay th\u1ee9c khuya.<\/p>\n<p>&#8211; Ng\u01b0\u1eddi hay d\u00f9ng thu\u1ed1c kh\u00e1ng sinh.<\/p>\n<p>&#8211; Ng\u01b0\u1eddi b\u1ecb v\u00e0ng da v\u00e0ng m\u1eaft, m\u1ee5n nh\u1ecdt m\u1ec1 \u0111ay quanh n\u0103m do gan n\u00f3ng, gan b\u1ecb t\u1ed5n th\u01b0\u01a1ng.<\/p>\n<p>&#8211; Ng\u01b0\u1eddi \u0103n u\u1ed1ng kh\u00f3 ti\u00eau, hay \u0111\u1ea7y b\u1ee5ng, hay \u0103n c\u00e1c \u0111\u1ed3 \u0103n nhanh, \u0111\u1ed3 \u0103n c\u00f3 nhi\u1ec1u d\u1ea7u m\u1ee1 d\u1eabn \u0111\u1ebfn n\u00f3ng gan.<\/p>\n<p>&nbsp;<\/p>\n<p>*** H\u01b0\u1edbng d\u1eabn s\u1eed d\u1ee5ng tr\u00e0 t\u00fai l\u1ecdc:<\/p>\n<p>&#8211; Cho 1 g\u00f3i tr\u00e0 t\u00fai l\u1ecdc c\u00e0 gai leo v\u00e0o c\u1ed1c. R\u00f3t 250ml n\u01b0\u1edbc n\u00f3ng (80 &#8211; 100 \u0111\u1ed9 C), ng\u00e2m g\u00f3i tr\u00e0 trong 5 &#8211; 7 ph\u00fat r\u1ed3i nh\u1ea5c l\u00ean 1 &#8211; 2 l\u1ea7n l\u00e0 u\u1ed1ng \u0111\u01b0\u1ee3c.<\/p>\n<p>&#8211; Ng\u01b0\u1eddi c\u00f3 ch\u1ee9c n\u0103ng gan suy gi\u1ea3m do vi\u00eam gan, x\u01a1 gan, men gan cao 4 &#8211; 6 g\u00f3i\/ ng\u00e0y.<\/p>\n<p>&#8211; Ng\u01b0\u1eddi u\u1ed1ng bia r\u01b0\u1ee3u nhi\u1ec1u 2-3 g\u00f3i\/ng\u00e0y, ho\u1eb7c c\u00f3 th\u1ec3 u\u1ed1ng ngay sau b\u1eefa r\u01b0\u1ee3u gi\u00fap c\u01a1 th\u1ec3 nhanh ch\u00f3ng t\u1ec9nh t\u00e1o. C\u00f3 th\u1ec3 h\u00e3m 1 l\u1ea7n v\u00e0o b\u00ecnh u\u1ed1ng thay n\u01b0\u1edbc c\u1ea3 ng\u00e0y, v\u00e0 \u0111\u1ec3 ngu\u1ed9i c\u1ea5t t\u1ee7 l\u1ea1nh ho\u1eb7c u\u1ed1ng chung v\u1edbi \u0111\u00e1 r\u1ea5t m\u00e1t.<\/p>\n<p>&nbsp;<\/p>\n<p>Ch\u00fa \u00fd S\u1ea3n ph\u1ea9m n\u00e0y kh\u00f4ng ph\u1ea3i l\u00e0 thu\u1ed1c v\u00e0 kh\u00f4ng c\u00f3 t\u00e1c d\u1ee5ng thay th\u1ebf thu\u1ed1c ch\u1eefa b\u1ec7nh. Kh\u00f4ng d\u00f9ng cho ph\u1ee5 n\u1eef mang thai v\u00e0 cho con b\u00fa Ng\u1eebng s\u1eed d\u1ee5ng n\u1ebfu kh\u00f4ng dung n\u1ea1p ho\u1eb7c qu\u00e1 m\u1eabn v\u1edbi m\u1ed9t trong c\u00e1c th\u00e0nh ph\u1ea7n trong c\u00f4ng th\u1ee9c.<\/p>\n<\/div>\n<\/div>\n<div>\n<div>\n<h3 class=\"text-xl my-5 font-bold\">Th\u00f4ng s\u1ed1 k\u1ef9 thu\u1eadt<\/h3>\n<div>\n<div class=\"my-2 py-2\">Th\u00e0nh Ph\u1ea7n<span class=\"mlr-1\">:<\/span><span class=\"ml-1\">C\u00e0 gai leo; X\u1ea1 \u0111en; C\u1ecf ng\u1ecdt<\/span><\/div>\n<div class=\"my-2 py-2\">K\u00edch C\u1ee1 G\u00f3i<span class=\"mlr-1\">:<\/span><span class=\"ml-1\">30G\/GR<\/span><\/div>\n<div class=\"my-2 py-2\">H\u1ea1n s\u1eed d\u1ee5ng<span class=\"mlr-1\">:<\/span><span class=\"ml-1\">24 th\u00e1ng<\/span><\/div>\n<\/div>\n<\/div>\n<\/div>","protected":false},"excerpt":{"rendered":"<p>+++ Kh\u00f4ng ch\u1ea5t b\u1ea3o qu\u1ea3n. +++ Kh\u00f4ng ch\u1ea5t ph\u1ee5 gia. +++ Kh\u00f4ng ch\u1ea5t h\u00f3a h\u1ecdc. &nbsp; *** C\u00f4ng D\u1ee5ng c\u1ee7a<\/p>","protected":false},"featured_media":6380,"comment_status":"open","ping_status":"closed","template":"","meta":{"_acf_changed":false},"product_cat":[321,22,323],"product_tag":[],"class_list":{"0":"post-6377","1":"product","2":"type-product","3":"status-publish","4":"has-post-thumbnail","6":"product_cat-che","7":"product_cat-sanphamthucpham","8":"product_cat-san-pham-tra-tu-thuc-vat-khac","10":"first","11":"instock","12":"shipping-taxable","13":"product-type-simple"},"acf":[],"_links":{"self":[{"href":"https:\/\/b2c.fairs.vn\/en\/wp-json\/wp\/v2\/product\/6377","targetHints":{"allow":["GET"]}}],"collection":[{"href":"https:\/\/b2c.fairs.vn\/en\/wp-json\/wp\/v2\/product"}],"about":[{"href":"https:\/\/b2c.fairs.vn\/en\/wp-json\/wp\/v2\/types\/product"}],"replies":[{"embeddable":true,"href":"https:\/\/b2c.fairs.vn\/en\/wp-json\/wp\/v2\/comments?post=6377"}],"version-history":[{"count":0,"href":"https:\/\/b2c.fairs.vn\/en\/wp-json\/wp\/v2\/product\/6377\/revisions"}],"wp:featuredmedia":[{"embeddable":true,"href":"https:\/\/b2c.fairs.vn\/en\/wp-json\/wp\/v2\/media\/6380"}],"wp:attachment":[{"href":"https:\/\/b2c.fairs.vn\/en\/wp-json\/wp\/v2\/media?parent=6377"}],"wp:term":[{"taxonomy":"product_cat","embeddable":true,"href":"https:\/\/b2c.fairs.vn\/en\/wp-json\/wp\/v2\/product_cat?post=6377"},{"taxonomy":"product_tag","embeddable":true,"href":"https:\/\/b2c.fairs.vn\/en\/wp-json\/wp\/v2\/product_tag?post=6377"}],"curies":[{"name":"wp","href":"https:\/\/api.w.org\/{rel}","templated":true}]}}