{"id":6341,"date":"2024-03-20T16:07:08","date_gmt":"2024-03-20T09:07:08","guid":{"rendered":"https:\/\/b2c.fairs.vn\/?post_type=product&#038;p=6341"},"modified":"2024-04-23T11:45:43","modified_gmt":"2024-04-23T04:45:43","slug":"mat-ong-rung-binh-ca","status":"publish","type":"product","link":"https:\/\/b2c.fairs.vn\/en\/product\/mat-ong-rung-binh-ca\/","title":{"rendered":"M\u00e2\u0323t ong r\u01b0\u0300ng Bi\u0300nh Ca"},"content":{"rendered":"<h4>Gi\u1edbi thi\u1ec7u:<\/h4>\n<p>M\u1eadt ong hoa r\u01b0\u0300ng c\u00f3 m\u00e0u v\u00e0ng s\u1eabm, \u0111\u1eb7c qu\u00e1nh v\u00e0 c\u00f3 \u0111\u1ed9 k\u1ebft d\u00ednh cao, th\u01b0\u1eddng c\u00f3 nhi\u1ec1u b\u1ecdt kh\u00ed v\u00e0 c\u00f3 v\u00e1ng c\u1ee7a ph\u1ea5n hoa tr\u00ean b\u1ec1 m\u1eb7t, c\u00f3 m\u00f9i th\u01a1m d\u1ecbu nh\u1eb9 v\u00e0 v\u1ecb ng\u1ecdt t\u1ef1 nhi\u00ean \u0111\u1eb7c tr\u01b0ng. Khi \u0111\u1ec3 trong t\u1ee7 l\u1ea1nh, m\u1eadt ong kh\u00f4ng b\u1ecb \u0111\u00f4ng c\u1ee9ng v\u00e0 v\u1eabn gi\u1eef \u0111\u01b0\u1ee3c \u0111\u1ed9 s\u00e1nh m\u1ecbn t\u1ef1 nhi\u00ean.<\/p>\n<h4>Tha\u0300nh ph\u00e2\u0300n:<\/h4>\n<p>M\u00e2\u0323t ong r\u01b0\u0300ng Bi\u0300nh Ca \u0111\u01b0\u01a1\u0323c \u0111a\u0300n ong th\u01a1\u0323 thu l\u01b0\u01a1\u0323m t\u01b0\u0300 hoa khuynh \u0111i\u00ea\u0323p, y\u00ean ba\u0323ch, b\u00f4\u0300 \u0111\u00ea\u0300, tra\u0300m, s\u01a1n \u0111o\u0309,&#8230; tr\u00ean vu\u0300ng \u0111\u00f4\u0300i nu\u0301i ven s\u00f4ng L\u00f4, Tuy\u00ean Quang. T\u01b0\u0300 \u0111o\u0301 ta\u0323o ra h\u01b0\u01a1ng vi\u0323 m\u00e2\u0323t ong r\u01b0\u0300ng Bi\u0300nh Ca chi\u0309 co\u0301 ta\u0323i Tuy\u00ean Quang<\/p>\n<h4>Th\u00f4ng tin kha\u0301c:<\/h4>\n<p>U\u1ed1ng m\u1eadt ong v\u00e0o s\u00e1ng s\u1edbm &#8211; \u0111\u1ec3 l\u00e0m s\u1ea1ch d\u1ea1 d\u00e0y: U\u1ed1ng m\u1ed9t c\u1ed1c n\u01b0\u1edbc \u1ea5m c\u00f3 pha m\u1ed9t th\u00eca nh\u1ecf m\u1eadt ong tr\u01b0\u1edbc b\u1eefa s\u00e1ng.<\/p>\n<p>U\u1ed1ng m\u1eadt ong sau khi \u0103n- th\u00fac \u0111\u1ea9y ti\u00eau h\u00f3a: U\u1ed1ng m\u1ed9t c\u1ed1c n\u01b0\u1edbc m\u1eadt ong 1-2 gi\u1edd sau b\u1eefa \u0103n.<\/p>\n<p>U\u1ed1ng m\u1eadt ong v\u00e0o bu\u1ed5i chi\u1ec1u &#8211; gi\u00fap b\u1ed5 sung n\u0103ng l\u01b0\u1ee3ng: U\u1ed1ng m\u1ed9t c\u1ed1c tr\u00e0 m\u1eadt ong ho\u1eb7c s\u1eefa m\u1eadt ong v\u00e0o b\u1eefa chi\u1ec1u.<\/p>\n<p>U\u1ed1ng m\u1eadt ong tr\u01b0\u1edbc b\u1eefa \u0103n &#8211; Ng\u0103n ch\u1eb7n acid d\u1ea1 d\u00e0y: U\u1ed1ng m\u1ed9t c\u1ed1c n\u01b0\u1edbc m\u1eadt ong ch\u1eebng n\u1eeda gi\u1edd tr\u01b0\u1edbc b\u1eefa \u0103n.<\/p>\n<p>U\u1ed1ng m\u1eadt ong tr\u01b0\u1edbc khi \u0111i ng\u1ee7 &#8211; H\u1ed7 tr\u1ee3 an th\u1ea7n: Pha n\u01b0\u1edbc \u1ea5m v\u1edbi m\u1eadt ong u\u1ed1ng tr\u01b0\u1edbc khi \u0111i ng\u1ee7 gimar stress gi\u00fap ng\u1ee7 ngon v\u00e0 s\u00e2u h\u01a1n.<\/p>\n<h4>B\u1ea3o qu\u1ea3n n\u01a1i thoa\u0301ng ma\u0301t (kh\u00f4ng \u0111\u00ea\u0309 trong tu\u0309 la\u0323nh)<\/h4>","protected":false},"excerpt":{"rendered":"<p>Gi\u1edbi thi\u1ec7u: M\u1eadt ong hoa r\u01b0\u0300ng c\u00f3 m\u00e0u v\u00e0ng s\u1eabm, \u0111\u1eb7c qu\u00e1nh v\u00e0 c\u00f3 \u0111\u1ed9 k\u1ebft d\u00ednh cao, th\u01b0\u1eddng c\u00f3<\/p>","protected":false},"featured_media":6346,"comment_status":"open","ping_status":"closed","template":"","meta":{"_acf_changed":false},"product_cat":[317,22,313],"product_tag":[],"class_list":{"0":"post-6341","1":"product","2":"type-product","3":"status-publish","4":"has-post-thumbnail","6":"product_cat-che-bien-tu-thit-trung-sua-thuy-san-cac-san-pham-tu-mat-ong-mat-khac-va-nong-san-thuc-pham-khac","7":"product_cat-sanphamthucpham","8":"product_cat-thuc-pham-che-bien","10":"first","11":"instock","12":"shipping-taxable","13":"product-type-simple"},"acf":[],"_links":{"self":[{"href":"https:\/\/b2c.fairs.vn\/en\/wp-json\/wp\/v2\/product\/6341","targetHints":{"allow":["GET"]}}],"collection":[{"href":"https:\/\/b2c.fairs.vn\/en\/wp-json\/wp\/v2\/product"}],"about":[{"href":"https:\/\/b2c.fairs.vn\/en\/wp-json\/wp\/v2\/types\/product"}],"replies":[{"embeddable":true,"href":"https:\/\/b2c.fairs.vn\/en\/wp-json\/wp\/v2\/comments?post=6341"}],"version-history":[{"count":0,"href":"https:\/\/b2c.fairs.vn\/en\/wp-json\/wp\/v2\/product\/6341\/revisions"}],"wp:featuredmedia":[{"embeddable":true,"href":"https:\/\/b2c.fairs.vn\/en\/wp-json\/wp\/v2\/media\/6346"}],"wp:attachment":[{"href":"https:\/\/b2c.fairs.vn\/en\/wp-json\/wp\/v2\/media?parent=6341"}],"wp:term":[{"taxonomy":"product_cat","embeddable":true,"href":"https:\/\/b2c.fairs.vn\/en\/wp-json\/wp\/v2\/product_cat?post=6341"},{"taxonomy":"product_tag","embeddable":true,"href":"https:\/\/b2c.fairs.vn\/en\/wp-json\/wp\/v2\/product_tag?post=6341"}],"curies":[{"name":"wp","href":"https:\/\/api.w.org\/{rel}","templated":true}]}}