{"id":6323,"date":"2024-03-20T16:05:24","date_gmt":"2024-03-20T09:05:24","guid":{"rendered":"https:\/\/b2c.fairs.vn\/?post_type=product&#038;p=6323"},"modified":"2024-04-09T16:28:00","modified_gmt":"2024-04-09T09:28:00","slug":"mat-ong-nhan-binh-ca","status":"publish","type":"product","link":"https:\/\/b2c.fairs.vn\/en\/product\/mat-ong-nhan-binh-ca\/","title":{"rendered":"M\u1eadt ong nh\u00e3n B\u00ecnh Ca"},"content":{"rendered":"<div>\n<div>\n<p>&#8211; N\u0103m 2020, S\u1ea3n ph\u1ea9m M\u1eadt ong B\u00ecnh Ca c\u1ee7a H\u1ee3p t\u00e1c x\u00e3 s\u1ea3n xu\u1ea5t v\u00e0 d\u1ecbch v\u1ee5\u00a0n\u00f4ng nghi\u1ec7p H\u00f9ng H\u1eadu \u0111\u00e3 \u0111\u01b0\u1ee3c H\u1ed9i \u0111\u1ed3ng \u0111\u00e1nh gi\u00e1, ph\u00e2n h\u1ea1ng s\u1ea3n ph\u1ea9m tham gia Ch\u01b0\u01a1ng tr\u00ecnh M\u1ed7i x\u00e3 m\u1ed9t s\u1ea3n ph\u1ea9m (OCOP) Tuy\u00ean Quang\u00a0\u0111\u00e1nh gi\u00e1, x\u1ebfp lo\u1ea1i s\u1ea3n ph\u1ea9m OCOP \u0111\u1ea1t h\u1ea1ng 3 sao.<\/p>\n<p>&#8211; M\u1eadt ong hoa nh\u00e3n lu\u00f4n th\u01a1m v\u00e0 ngon h\u01a1n m\u1eadt ong c\u1ee7a c\u00e1c lo\u00e0i hoa kh\u00e1c. th\u1eddi gian s\u1eed d\u1ee5ng \u0111\u01b0\u1ee3c d\u00e0i ng\u00e0y nh\u1ea5t n\u00ean gi\u1eef \u0111\u01b0\u1ee3c enzim kh\u00f4ng b\u1ecb ph\u00e2n hu\u1ef7 c\u00f9ng m\u1eadt.<br \/>\n&#8211; M\u1eadt ong \u0111\u01b0\u1ee3c d\u00f9ng \u0111\u1ec3:<br \/>\n+ c\u1ea3i thi\u1ec7n h\u1ec7 ti\u00eau ho\u00e1.<br \/>\n+ Gi\u1ea3m b\u00e9o.<br \/>\n+ B\u1ed3i b\u1ed5.<br \/>\n+ Gi\u1ea3m l\u00e3o ho\u00e1.<br \/>\n+ L\u00e0m \u0111\u1eb9p.<br \/>\n+ L\u00e0 kh\u00e1ng sinh t\u1ef1 nhi\u00ean tr\u1ecb vi\u00eam, ho&#8230;.<\/p>\n<\/div>\n<\/div>\n<div>\n<div>\n<h3 class=\"text-xl my-5 font-bold\">Th\u00f4ng s\u1ed1 k\u1ef9 thu\u1eadt<\/h3>\n<div>\n<div class=\"my-2 py-2\">S\u1ea3n ph\u1ea9m<span class=\"mlr-1\">:<\/span><span class=\"ml-1\">0,5ml\/chai<\/span><\/div>\n<div class=\"my-2 py-2\">H\u1ea1n s\u1eed d\u1ee5ng<span class=\"mlr-1\">:<\/span><span class=\"ml-1\">24 th\u00e1ng<\/span><\/div>\n<\/div>\n<\/div>\n<\/div>","protected":false},"excerpt":{"rendered":"<p>&#8211; N\u0103m 2020, S\u1ea3n ph\u1ea9m M\u1eadt ong B\u00ecnh Ca c\u1ee7a H\u1ee3p t\u00e1c x\u00e3 s\u1ea3n xu\u1ea5t v\u00e0 d\u1ecbch v\u1ee5\u00a0n\u00f4ng nghi\u1ec7p H\u00f9ng<\/p>","protected":false},"featured_media":6329,"comment_status":"open","ping_status":"closed","template":"","meta":{"_acf_changed":false},"product_cat":[317,22,313],"product_tag":[],"class_list":{"0":"post-6323","1":"product","2":"type-product","3":"status-publish","4":"has-post-thumbnail","6":"product_cat-che-bien-tu-thit-trung-sua-thuy-san-cac-san-pham-tu-mat-ong-mat-khac-va-nong-san-thuc-pham-khac","7":"product_cat-sanphamthucpham","8":"product_cat-thuc-pham-che-bien","10":"first","11":"instock","12":"shipping-taxable","13":"product-type-simple"},"acf":[],"_links":{"self":[{"href":"https:\/\/b2c.fairs.vn\/en\/wp-json\/wp\/v2\/product\/6323","targetHints":{"allow":["GET"]}}],"collection":[{"href":"https:\/\/b2c.fairs.vn\/en\/wp-json\/wp\/v2\/product"}],"about":[{"href":"https:\/\/b2c.fairs.vn\/en\/wp-json\/wp\/v2\/types\/product"}],"replies":[{"embeddable":true,"href":"https:\/\/b2c.fairs.vn\/en\/wp-json\/wp\/v2\/comments?post=6323"}],"version-history":[{"count":0,"href":"https:\/\/b2c.fairs.vn\/en\/wp-json\/wp\/v2\/product\/6323\/revisions"}],"wp:featuredmedia":[{"embeddable":true,"href":"https:\/\/b2c.fairs.vn\/en\/wp-json\/wp\/v2\/media\/6329"}],"wp:attachment":[{"href":"https:\/\/b2c.fairs.vn\/en\/wp-json\/wp\/v2\/media?parent=6323"}],"wp:term":[{"taxonomy":"product_cat","embeddable":true,"href":"https:\/\/b2c.fairs.vn\/en\/wp-json\/wp\/v2\/product_cat?post=6323"},{"taxonomy":"product_tag","embeddable":true,"href":"https:\/\/b2c.fairs.vn\/en\/wp-json\/wp\/v2\/product_tag?post=6323"}],"curies":[{"name":"wp","href":"https:\/\/api.w.org\/{rel}","templated":true}]}}