{"id":6304,"date":"2024-03-20T16:00:24","date_gmt":"2024-03-20T09:00:24","guid":{"rendered":"https:\/\/b2c.fairs.vn\/?post_type=product&#038;p=6304"},"modified":"2024-04-03T17:09:44","modified_gmt":"2024-04-03T10:09:44","slug":"tam-op-pvc-nano","status":"publish","type":"product","link":"https:\/\/b2c.fairs.vn\/en\/product\/tam-op-pvc-nano\/","title":{"rendered":"T\u1ea5m \u1ed1p PVC Nano"},"content":{"rendered":"<p>T\u1ea5m \u1ed1p PVC nano kh\u00f4ng c\u00f2n l\u1ea1i g\u00ec v\u1edbi th\u1ecb tr\u01b0\u1eddng v\u1eadt li\u1ec7u n\u1ed9i th\u1ea5t nh\u01b0ng t\u1ea5m nh\u1ef1a th\u00f4ng minh hay c\u00f2n g\u1ecdi l\u00e0 t\u1ea5m PVC Foam l\u1ea1i l\u00e0 m\u1ed9t kh\u00e1i ni\u1ec7m t\u01b0\u01a1ng \u0111\u1ed1i m\u1edbi l\u1ea1. H\u00e3y c\u00f9ng Ng\u00e2n Hoa t\u00ecm hi\u1ec3u v\u1ec1 t\u1ea5m \u1ed1p nh\u1ef1a th\u00f4ng minh:<\/p>\n<p>&nbsp;<\/p>\n<h4>T\u1ea5m \u1ed1p PVC nano<\/h4>\n<p>T\u1ea5m \u1ed1p PVC nano c\u00f2n c\u00f3 t\u00ean g\u1ecdi kh\u00e1c l\u00e0 t\u1ea5m \u1ed1p t\u01b0\u1eddng PVC nh\u1ef1a cao c\u1ea5p. PVC l\u00e0 t\u00ean vi\u1ebft t\u1eaft c\u1ee7a poly vinyclorua m\u1ed9t lo\u1ea1i nh\u1ef1a t\u1ed5ng h\u1ee3p \u0111\u01b0\u1ee3c t\u1ea1o ra sau ph\u1ea3n \u1ee9ng tr\u00f9ng h\u1ee3p vinylclorua- C2H3Cl. Hi\u1ec7n nay d\u01b0\u1edbi s\u1ef1 nghi\u00ean c\u1ee9u v\u00e0 ph\u00e1t tri\u1ec3n c\u1ee7a khoa h\u1ecdc nh\u1ef1a PVC d\u1ea7n tr\u1edf th\u00e0nh v\u1eadt li\u1ec7u trang tr\u00ed n\u1ed9i th\u1ea5t thay th\u1ebf cho c\u00e1c v\u1eadt g\u1ed7 v\u00e0 \u0111\u00e1. T\u1ea5m g\u1ed7 nh\u1ef1a \u0111\u01b0\u1ee3c t\u1ea1o th\u00e0nh t\u1eeb PVC v\u00e0 b\u1ed9t g\u1ed7 v\u00e0 m\u1ed9t s\u1ed1 ch\u1ea5t ph\u1ee5 gia kh\u00e1c. M\u1eb7c d\u00f9 c\u00f3 s\u1ef1 tham gia c\u1ee7a b\u1ed9t g\u1ed7 nh\u01b0ng m\u00e0u s\u1eafc \u0111\u1eb7c tr\u01b0ng c\u1ee7a t\u1ea5m PVC Foam v\u1eabn l\u00e0 m\u00e0u tr\u1eafng. Ngo\u00e0i ra, n\u1ebfu mu\u1ed1n \u0111a d\u1ea1ng m\u00e0u s\u1eafc th\u00ec b\u1ea1n c\u00f3 th\u1ec3 s\u1eed d\u1ee5ng nh\u1eefng t\u1ea5m \u0111\u00e3 qua \u00e9p h\u1ecda ti\u1ebft v\u00e2n g\u1ed7, v\u00e2n \u0111\u00e1, v\u00e2n gi\u1ea5y d\u00e1n hay s\u01a1n ph\u1ee7 m\u00e0u.<\/p>\n<h2><\/h2>\n<h4>T\u1ea5m g\u1ed7 nh\u1ef1a \u0111\u01b0\u1ee3c d\u00f9ng \u0111\u1ec3 l\u00e0m g\u00ec?<\/h4>\n<p>Hi\u1ec7n nay t\u1ea5m g\u1ed7 nh\u1ef1a th\u00f4ng m\u00ecnh \u0111\u01b0\u1ee3c s\u1eed d\u1ee5ng r\u1ea5t ph\u1ed5 bi\u1ebfn trong n\u1ed9i th\u1ea5t: l\u00e0m t\u1ea5m \u1ed1p t\u1ee7 b\u1ebfp, t\u1ee7 l\u1ea1nh, bi\u1ec3n qu\u1ea3ng c\u00e1o, in ch\u1eef, v\u00e1ch ng\u0103n, \u1ed1p tr\u1ea7n, \u1ed1p t\u01b0\u1eddng, l\u00e0m d\u1ee5ng c\u1ee5 th\u1ec3 thao,\u2026<\/p>","protected":false},"excerpt":{"rendered":"<p>T\u1ea5m \u1ed1p PVC nano kh\u00f4ng c\u00f2n l\u1ea1i g\u00ec v\u1edbi th\u1ecb tr\u01b0\u1eddng v\u1eadt li\u1ec7u n\u1ed9i th\u1ea5t nh\u01b0ng t\u1ea5m nh\u1ef1a th\u00f4ng minh<\/p>","protected":false},"featured_media":0,"comment_status":"open","ping_status":"closed","template":"","meta":{"_acf_changed":false},"product_cat":[520,399],"product_tag":[],"class_list":{"0":"post-6304","1":"product","2":"type-product","3":"status-publish","5":"product_cat-nha-cua-doi-song","6":"product_cat-vat-lieu-xay-dung","8":"first","9":"instock","10":"shipping-taxable","11":"product-type-simple"},"acf":[],"_links":{"self":[{"href":"https:\/\/b2c.fairs.vn\/en\/wp-json\/wp\/v2\/product\/6304","targetHints":{"allow":["GET"]}}],"collection":[{"href":"https:\/\/b2c.fairs.vn\/en\/wp-json\/wp\/v2\/product"}],"about":[{"href":"https:\/\/b2c.fairs.vn\/en\/wp-json\/wp\/v2\/types\/product"}],"replies":[{"embeddable":true,"href":"https:\/\/b2c.fairs.vn\/en\/wp-json\/wp\/v2\/comments?post=6304"}],"version-history":[{"count":0,"href":"https:\/\/b2c.fairs.vn\/en\/wp-json\/wp\/v2\/product\/6304\/revisions"}],"wp:attachment":[{"href":"https:\/\/b2c.fairs.vn\/en\/wp-json\/wp\/v2\/media?parent=6304"}],"wp:term":[{"taxonomy":"product_cat","embeddable":true,"href":"https:\/\/b2c.fairs.vn\/en\/wp-json\/wp\/v2\/product_cat?post=6304"},{"taxonomy":"product_tag","embeddable":true,"href":"https:\/\/b2c.fairs.vn\/en\/wp-json\/wp\/v2\/product_tag?post=6304"}],"curies":[{"name":"wp","href":"https:\/\/api.w.org\/{rel}","templated":true}]}}