{"id":6303,"date":"2024-03-20T16:00:50","date_gmt":"2024-03-20T09:00:50","guid":{"rendered":"https:\/\/b2c.fairs.vn\/?post_type=product&#038;p=6303"},"modified":"2024-03-28T10:46:16","modified_gmt":"2024-03-28T03:46:16","slug":"hop-tra-qua-tang-non-hop-giay","status":"publish","type":"product","link":"https:\/\/b2c.fairs.vn\/en\/product\/hop-tra-qua-tang-non-hop-giay\/","title":{"rendered":"H\u1ed9p tr\u00e0 qu\u00e0 t\u1eb7ng &#8211; N\u00f5n h\u1ed9p gi\u1ea5y"},"content":{"rendered":"<p>&#8211; Th\u00e0nh ph\u1ea7n: 100% b\u00fap ch\u00e8 xanh t\u1ef1 nhi\u00ean<\/p>\n<p>&#8211; \u0110\u01b0\u1ee3c thu h\u00e1i t\u1ec9 m\u1ec9 t\u1ea1i nh\u1eefng v\u01b0\u1eddn ch\u00e8 truy\u1ec1n th\u1ed1ng l\u00e2u n\u0103m t\u1ea1i v\u00f9ng ch\u00e8 T\u00e2n C\u01b0\u01a1ng b\u1eb1ng ph\u01b0\u01a1ng ph\u00e1p th\u1ee7 c\u00f4ng, thu ho\u1ea1ch nh\u1eefng b\u00fap tr\u00e0 non h\u00e1i \u0111\u00fang quy chu\u1ea9n 1 b\u00fap 1 l\u00e1 non.<\/p>\n<p>&#8211; N\u01b0\u1edbc tr\u00e0 s\u00e1nh c\u00f3 m\u00e0u v\u00e0ng s\u00e1ng. H\u01b0\u01a1ng th\u01a1m m\u00f9i c\u1ed1m n\u1ebfp m\u1edbi, h\u01b0\u01a1ng th\u01a1m c\u1ee7a t\u1ef1 nhi\u00ean.<\/p>\n<p>&#8211; Tr\u00e0 \u0111\u01b0\u1ee3c s\u1ea3n xu\u1ea5t theo h\u01b0\u1edbng h\u1eefu c\u01a1.<\/p>\n<p>&#8211; H\u1ec7 th\u1ed1ng qu\u1ea3n l\u00fd an to\u00e0n th\u1ef1c ph\u1ea9m ph\u00f9 h\u1ee3p ti\u00eau chu\u1ea9n qu\u1ed1c t\u1ebf ISO 22000:2018<\/p>\n<p>&#8211; Quy tr\u00ecnh ch\u1ebf bi\u1ebfn t\u1eeb vi\u1ec7c sao s\u1ea5y, l\u00ean h\u01b0\u01a1ng ho\u00e0n to\u00e0n th\u1ee7 c\u00f4ng truy\u1ec1n th\u1ed1ng<\/p>\n<p>&#8211; Bao b\u00ec: t\u00fai h\u00fat ch\u00e2n kh\u00f4ng.<\/p>\n<p>&#8211; \u0110\u00f3ng h\u1ed9p sang tr\u1ecdng, l\u1ecbch s\u1ef1.<\/p>\n<p>&nbsp;<\/p>\n<p>Tr\u00e0 n\u00f5n gi\u1eef trong m\u00ecnh nh\u1eefng g\u00ec qu\u00ed gi\u00e1 nh\u1ea5t m\u00e0 m\u1ea3nh \u0111\u1ea5t T\u00e2n C\u01b0\u01a1ng Th\u00e1i Nguy\u00ean \u0111\u00e3 ban t\u1eb7ng. C\u00e1i trong l\u00e0nh tinh khi\u1ebft kh\u00f3 g\u00ec m\u00e0 v\u00ed m\u00e0 t\u1ea3 m\u00e0 v\u1ebd. C\u00e1i trong c\u1ee7a v\u1ecb, c\u1ee7a h\u01b0\u01a1ng, c\u1ee7a n\u01b0\u1edbc tr\u00e0 m\u00e0 ch\u1ec9 khi ta c\u1ea7m, ta ng\u1eedi, ta u\u1ed1ng m\u1edbi th\u1ea5y h\u1ebft \u0111\u01b0\u1ee3c. M\u1ed7i s\u1edbm mai th\u1ee9c d\u1eady, ng\u01b0\u1eddi h\u00e1i ch\u00e8 c\u1ea7n m\u1eabn b\u00ean nh\u1eefng v\u1ea1t ch\u00e8 xanh non, t\u1ec9 m\u1ec9 ch\u1ecdn l\u1ea5y b\u00fap m\u1ed9t l\u00e1, l\u00e1 ng\u1eadm s\u01b0\u01a1ng \u0111\u00eam. M\u1ed7i b\u00fap ch\u00e8 \u0111\u01b0\u1ee3c h\u00e1i, gi\u1eef trong m\u00ecnh gi\u1ecdt ng\u1ecdc c\u1ee7a \u0111\u1ea5t tr\u1eddi. R\u1ed3i b\u00e0n tay ngh\u1ec7 nh\u00e2n l\u00e0m tr\u00e0 l\u1ea1i ti\u1ebfp\u00a0t\u1ee5c g\u00ecn gi\u1eef gi\u1ecdt ng\u1ecdc \u1ea5y, l\u00e0m sao cho th\u1ea5m v\u00e0o t\u1eebng nh\u00e1nh tr\u00e0 \u0111\u1ec3 khi u\u1ed1ng, ng\u01b0\u1eddi u\u1ed1ng th\u1ea5y c\u1ea3 m\u1ed9t c\u00e2u chuy\u1ec7n, m\u1ed9t d\u00f2ng \u0111\u1eddi trong \u0111\u00f3.<\/p>\n<p>&nbsp;<\/p>\n<p>Khi tr\u00e0\u00a0v\u1eeba \u0111\u01b0\u1ee3c r\u00f3t ra ch\u00e9n, h\u01b0\u01a1ng t\u1ecfa ra ng\u00e0o ng\u1ea1t, h\u01b0\u01a1ng th\u01a1m m\u00f9i c\u1ed1m n\u1ebfp m\u1edbi, h\u01b0\u01a1ng th\u01a1m c\u1ee7a t\u1ef1 nhi\u00ean, c\u1ee7a \u0111\u1ea5t tr\u1eddi tinh t\u00fay. Sau c\u1ea3m nh\u1eadn v\u1ecb ch\u00e1t nh\u1eb9 m\u00e0 \u0111\u01b0\u1ee3m \u0111\u00e0 n\u01a1i \u0111\u1ea7u l\u01b0\u1ee1i, ng\u01b0\u1eddi th\u01b0\u1edfng tr\u00e0 s\u1ebd th\u1ea5y h\u1eadu ng\u1ecdt \u0111\u1eadm b\u00f9i \u1edf s\u00e2u trong h\u1ecdng t\u1ea1o c\u1ea3m gi\u00e1c l\u00e2ng l\u00e2ng kh\u00f3 t\u1ea3 m\u00e0 s\u1ea3ng kho\u00e1i v\u00f4 c\u00f9ng ch\u1ec9 c\u00f3 t\u1ea1i S\u01a1n Dung Tr\u00e0.<\/p>\n<p>&nbsp;<\/p>\n<p>T\u1eebng b\u00fap tr\u00e0 n\u00f5n \u0111\u01b0\u1ee3c h\u00e1i v\u00e0o l\u00fac s\u00e1ng s\u1edbm ph\u1ea3i \u0111\u01b0\u1ee3c cho v\u00e0o s\u1ecdt tre tho\u00e1ng \u0111\u1ec3 tr\u00e1nh l\u00e1 ch\u00e8 t\u01b0\u01a1i kh\u00f4ng b\u1ecb h\u1ea5p nhi\u1ec7t, nh\u1eefng b\u00fap ch\u00e8 kh\u00f4ng \u0111\u01b0\u1ee3c l\u00e8n ch\u1eb7t, tr\u00e1nh d\u1eadp n\u00e1t. Ng\u01b0\u1eddi l\u00e0m tr\u00e0 c\u1ea9n tr\u1ecdng n\u00e2ng niu t\u1eebng b\u00fap tr\u00e0. Tr\u00e0 sau khi thu h\u00e1i xong \u0111\u01b0\u1ee3c mang v\u1ec1 tr\u1ea3i ra nong 2 ti\u1ebfng r\u1ed3i cho v\u00e0o t\u00f4n xao b\u1eb1ng nhi\u1ec7t than c\u1ee7i, \u0111\u00e2y l\u00e0 m\u1ed9t c\u00f4ng \u0111o\u1ea1n k\u00ec c\u00f4ng, tr\u00e0 \u0111\u01b0\u1ee3c cho v\u00e0o t\u00f4n v\u1edbi th\u1eddi gian v\u00e0 nhi\u1ec7t \u0111\u1ed9 k\u1ef9 thu\u1eadt ri\u00eang c\u1ee7a c\u00e1c ngh\u1ec7 nh\u00e2n c\u1ee7a HTX Tr\u00e0 S\u01a1n Dung. Tr\u00e0 sau khi sao \u0111\u01b0\u1ee3c mang \u0111i v\u00f2 b\u1eb1ng c\u00e1c m\u00e1y v\u00f2 c\u00f3 c\u00e1c th\u00f4ng s\u1ed1 c\u1ee7a c\u00e1c r\u00e3nh v\u1edbi k\u1ef9 thu\u1eadt ri\u00eang do TS. Tr\u1ea7n Ng\u1ecdc Giang \u2013 Gi\u1ea3ng vi\u00ean \u0110H K\u1ef9 thu\u1eadt C\u00f4ng nghi\u1ec7p nghi\u00ean c\u1ee9u v\u00e0 l\u00e0m th\u1ef1c nghi\u1ec7m. Tr\u00e0 sau khi v\u00f2 l\u00e0m t\u01a1i s\u1ebd \u0111\u01b0\u1ee3c \u0111em s\u1ea5y qua v\u00e0 sao kh\u00f4.<\/p>\n<p>&nbsp;<\/p>\n<p>\u0110\u1ec3 t\u1ea1o ra \u0111\u01b0\u1ee3c h\u01b0\u01a1ng v\u1ecb \u0111\u1eb7c tr\u01b0ng ri\u00eang bi\u1ec7t c\u1ee7a Tr\u00e0 S\u01a1n Dung, qu\u00e1 tr\u00ecnh l\u00ean h\u01b0\u01a1ng v\u1eabn \u0111\u01b0\u1ee3c S\u01a1n Dung Tr\u00e0 s\u1eed d\u1ee5ng ph\u01b0\u01a1ng ph\u00e1p th\u1ee7 c\u00f4ng truy\u1ec1n th\u1ed1ng l\u00e0 s\u1eed d\u1ee5ng nhi\u1ec7t c\u1ee7a than c\u1ee7i. L\u1eeda l\u00fac to l\u00fac nh\u1ecf, t\u00f4n quay l\u00fac ch\u1eadm l\u00fac nhanh, n\u1ebfm th\u1eed, c\u1ea3m nh\u1eadn r\u1ed3i l\u1ea1i ch\u1edd \u0111\u1ee3i r\u1ed3i \u0111i\u1ec1u ch\u1ec9nh. Tr\u00e0 ph\u1ea3i \u0111\u01b0\u1ee3c quay \u0111\u1ee7 v\u00f2ng, l\u1eeda v\u1eeba t\u1edbi khi c\u00e1nh tr\u00e0 th\u1eadt th\u1ea5u trong l\u00f5i t\u1ecfa h\u01b0\u01a1ng th\u01a1m ng\u00e0o ng\u1ea1t. Nh\u1eefng ngh\u1ec7 nh\u00e2n c\u1ee7a HTX Tr\u00e0 S\u01a1n Dung ph\u1ea3i r\u1ea5t c\u1ea9n th\u1eadn n\u1ebfu kh\u00f4ng s\u1ebd h\u1ecfng c\u1ea3 m\u1ed9t c\u00f4ng tr\u00ecnh.<\/p>","protected":false},"excerpt":{"rendered":"<div class=\"my-2 py-2\">Xu\u1ea5t x\u1ee9<span class=\"mlr-1\">:<\/span><span class=\"ml-1\">T\u00e2n C\u01b0\u01a1ng Th\u00e1i Nguy\u00ean<\/span><\/div>\n<div class=\"my-2 py-2\">B\u1ea3o qu\u1ea3n<span class=\"mlr-1\">:<\/span><span class=\"ml-1\">\u0110\u1ec3 n\u01a1i kh\u00f4 r\u00e1o, tho\u00e1ng m\u00e1t, tr\u00e1nh \u00e1nh n\u1eafng tr\u1ef1c ti\u1ebfp<\/span><\/div>\n<div class=\"my-2 py-2\">Th\u00e0nh ph\u1ea7n<span class=\"mlr-1\">:<\/span><span class=\"ml-1\">100% b\u00fap ch\u00e8 xanh nguy\u00ean ch\u1ea5t<\/span><\/div>\n<div class=\"my-2 py-2\">Kh\u1ed1i l\u01b0\u1ee3ng<span class=\"mlr-1\">:<\/span><span class=\"ml-1\">1kg \u0111\u00f3ng g\u00f3i 500g \u0111\u00f3ng h\u00fat ch\u00e2n kh\u00f4ng, \u0111\u00f3ng h\u1ed9p gi\u1ea5y<\/span><\/div>\n<div class=\"my-2 py-2\">Th\u01b0\u01a1ng hi\u1ec7u<span class=\"mlr-1\">:<\/span><span class=\"ml-1\">S\u01a1n Dung Tr\u00e0<\/span><\/div>\n<div class=\"my-2 py-2\">H\u1ea1n s\u1eed d\u1ee5ng<span class=\"mlr-1\">:<\/span><span class=\"ml-1\">12 th\u00e1ng k\u1ec3 t\u1eeb ng\u00e0y s\u1ea3n xu\u1ea5t<\/span><\/div>","protected":false},"featured_media":5137,"comment_status":"open","ping_status":"closed","template":"","meta":{"_acf_changed":false},"product_cat":[321,22],"product_tag":[],"class_list":{"0":"post-6303","1":"product","2":"type-product","3":"status-publish","4":"has-post-thumbnail","6":"product_cat-che","7":"product_cat-sanphamthucpham","9":"first","10":"instock","11":"shipping-taxable","12":"purchasable","13":"product-type-simple"},"acf":[],"_links":{"self":[{"href":"https:\/\/b2c.fairs.vn\/en\/wp-json\/wp\/v2\/product\/6303","targetHints":{"allow":["GET"]}}],"collection":[{"href":"https:\/\/b2c.fairs.vn\/en\/wp-json\/wp\/v2\/product"}],"about":[{"href":"https:\/\/b2c.fairs.vn\/en\/wp-json\/wp\/v2\/types\/product"}],"replies":[{"embeddable":true,"href":"https:\/\/b2c.fairs.vn\/en\/wp-json\/wp\/v2\/comments?post=6303"}],"version-history":[{"count":0,"href":"https:\/\/b2c.fairs.vn\/en\/wp-json\/wp\/v2\/product\/6303\/revisions"}],"wp:featuredmedia":[{"embeddable":true,"href":"https:\/\/b2c.fairs.vn\/en\/wp-json\/wp\/v2\/media\/5137"}],"wp:attachment":[{"href":"https:\/\/b2c.fairs.vn\/en\/wp-json\/wp\/v2\/media?parent=6303"}],"wp:term":[{"taxonomy":"product_cat","embeddable":true,"href":"https:\/\/b2c.fairs.vn\/en\/wp-json\/wp\/v2\/product_cat?post=6303"},{"taxonomy":"product_tag","embeddable":true,"href":"https:\/\/b2c.fairs.vn\/en\/wp-json\/wp\/v2\/product_tag?post=6303"}],"curies":[{"name":"wp","href":"https:\/\/api.w.org\/{rel}","templated":true}]}}