{"id":6297,"date":"2024-03-20T15:59:37","date_gmt":"2024-03-20T08:59:37","guid":{"rendered":"https:\/\/b2c.fairs.vn\/?post_type=product&#038;p=6297"},"modified":"2024-05-14T09:31:51","modified_gmt":"2024-05-14T02:31:51","slug":"cao-da-day-ta-trang","status":"publish","type":"product","link":"https:\/\/b2c.fairs.vn\/en\/product\/cao-da-day-ta-trang\/","title":{"rendered":"Cao d\u1ea1 d\u00e0y t\u00e1 tr\u00e0ng"},"content":{"rendered":"<p>Gi\u1edbi thi\u1ec7u:<\/p>\n<p>Ng\u01b0\u1eddi b\u1ecb tr\u00e0o ng\u01b0\u1ee3c d\u1ecbch v\u1ecb, \u1ee3 n\u00f3ng, \u1ee3 chua, \u0111au, vi\u00eam lo\u00e9t d\u1ea1 d\u00e0y, vi khu\u1ea9n Hp, ti\u00eau h\u00f3a k\u00e9m, \u0111i ngo\u00e0i, r\u1ed1i lo\u1ea1n ti\u00eau h\u00f3a, t\u1ee9c ng\u1ef1c, kh\u00f3 nu\u1ed1t, kh\u00f3 ti\u00eau, \u0111\u1ea7y b\u1ee5ng tr\u01b0\u1edbng h\u01a1i, kh\u00e0n gi\u1ecdng, \u0111au h\u1ecdng, ho hen. C\u00e1ch d\u00f9ng: Pha n\u01b0\u1edbc n\u00f3ng u\u1ed1ng, ng\u00e0y u\u1ed1ng 2 l\u1ea7n m\u1ed7i l\u1ea7n 6 gram( 1 th\u00eca cafe )<\/p>\n<p>Tha\u0300nh ph\u00e2\u0300n:<\/p>\n<p>L\u00e1 Kh\u00f4i Nhung, C\u00e2y Kh\u1ed5 S\u00e2m, C\u00e2y Rau M\u01b0\u01a1ng, T\u1ea7m G\u1eedi M\u00edt, Ch\u00e8 D\u00e2y, B\u1ed3 C\u00f4ng Anh.<\/p>\n<p>Th\u00f4ng tin kha\u0301c:<\/p>\n<p>B\u1ea3o qu\u1ea3n n\u01a1i kh\u00f4 m\u00e1t d\u01b0\u1edbi 25 \u0111\u1ed9, tr\u00e1nh \u00e1nh s\u00e1ng. Quy c\u00e1ch \u0111\u00f3ng g\u00f3i: h\u1ed9p 3 l\u1ecd. Kh\u00f4ng s\u1eed d\u1ee5ng cho ng\u01b0\u1eddi m\u1eabn c\u1ea3m v\u1edbi b\u1ea5t k\u1ef3 th\u00e0nh ph\u1ea7n n\u00e0o c\u1ee7a s\u1ea3n ph\u1ea9m<\/p>","protected":false},"excerpt":{"rendered":"<p>Gi\u1edbi thi\u1ec7u:<\/p>\n<p>Ng\u01b0\u1eddi b\u1ecb tr\u00e0o ng\u01b0\u1ee3c d\u1ecbch v\u1ecb, \u1ee3 n\u00f3ng, \u1ee3 chua, \u0111au, vi\u00eam lo\u00e9t d\u1ea1 d\u00e0y, vi khu\u1ea9n Hp, ti\u00eau h\u00f3a k\u00e9m, \u0111i ngo\u00e0i, r\u1ed1i lo\u1ea1n ti\u00eau h\u00f3a, t\u1ee9c ng\u1ef1c, kh\u00f3 nu\u1ed1t, kh\u00f3 ti\u00eau, \u0111\u1ea7y b\u1ee5ng tr\u01b0\u1edbng h\u01a1i, kh\u00e0n gi\u1ecdng, \u0111au h\u1ecdng, ho hen. C\u00e1ch d\u00f9ng: Pha n\u01b0\u1edbc n\u00f3ng u\u1ed1ng, ng\u00e0y u\u1ed1ng 2 l\u1ea7n m\u1ed7i l\u1ea7n 6 gram( 1 th\u00eca cafe )<\/p>\n<p>Tha\u0300nh ph\u00e2\u0300n:<\/p>\n<p>L\u00e1 Kh\u00f4i Nhung, C\u00e2y Kh\u1ed5 S\u00e2m, C\u00e2y Rau M\u01b0\u01a1ng, T\u1ea7m G\u1eedi M\u00edt, Ch\u00e8 D\u00e2y, B\u1ed3 C\u00f4ng Anh.<\/p>\n<p>Th\u00f4ng tin kha\u0301c:<\/p>\n<p>B\u1ea3o qu\u1ea3n n\u01a1i kh\u00f4 m\u00e1t d\u01b0\u1edbi 25 \u0111\u1ed9, tr\u00e1nh \u00e1nh s\u00e1ng. Quy c\u00e1ch \u0111\u00f3ng g\u00f3i: h\u1ed9p 3 l\u1ecd. Kh\u00f4ng s\u1eed d\u1ee5ng cho ng\u01b0\u1eddi m\u1eabn c\u1ea3m v\u1edbi b\u1ea5t k\u1ef3 th\u00e0nh ph\u1ea7n n\u00e0o c\u1ee7a s\u1ea3n ph\u1ea9m<\/p>","protected":false},"featured_media":6298,"comment_status":"open","ping_status":"closed","template":"","meta":{"_acf_changed":false},"product_cat":[332,333],"product_tag":[],"class_list":{"0":"post-6297","1":"product","2":"type-product","3":"status-publish","4":"has-post-thumbnail","6":"product_cat-san-pham-duoc-lieu-va-san-pham-tu-duoc-lieu","7":"product_cat-thuc-pham-chuc-nang-thuoc-duoc-lieu-thuoc-y-hoc-co-truyen","9":"first","10":"instock","11":"shipping-taxable","12":"purchasable","13":"product-type-simple"},"acf":[],"_links":{"self":[{"href":"https:\/\/b2c.fairs.vn\/en\/wp-json\/wp\/v2\/product\/6297","targetHints":{"allow":["GET"]}}],"collection":[{"href":"https:\/\/b2c.fairs.vn\/en\/wp-json\/wp\/v2\/product"}],"about":[{"href":"https:\/\/b2c.fairs.vn\/en\/wp-json\/wp\/v2\/types\/product"}],"replies":[{"embeddable":true,"href":"https:\/\/b2c.fairs.vn\/en\/wp-json\/wp\/v2\/comments?post=6297"}],"version-history":[{"count":0,"href":"https:\/\/b2c.fairs.vn\/en\/wp-json\/wp\/v2\/product\/6297\/revisions"}],"wp:featuredmedia":[{"embeddable":true,"href":"https:\/\/b2c.fairs.vn\/en\/wp-json\/wp\/v2\/media\/6298"}],"wp:attachment":[{"href":"https:\/\/b2c.fairs.vn\/en\/wp-json\/wp\/v2\/media?parent=6297"}],"wp:term":[{"taxonomy":"product_cat","embeddable":true,"href":"https:\/\/b2c.fairs.vn\/en\/wp-json\/wp\/v2\/product_cat?post=6297"},{"taxonomy":"product_tag","embeddable":true,"href":"https:\/\/b2c.fairs.vn\/en\/wp-json\/wp\/v2\/product_tag?post=6297"}],"curies":[{"name":"wp","href":"https:\/\/api.w.org\/{rel}","templated":true}]}}