{"id":6289,"date":"2024-03-20T15:57:56","date_gmt":"2024-03-20T08:57:56","guid":{"rendered":"https:\/\/b2c.fairs.vn\/?post_type=product&#038;p=6289"},"modified":"2024-05-14T09:31:35","modified_gmt":"2024-05-14T02:31:35","slug":"dong-trung-ha-thao","status":"publish","type":"product","link":"https:\/\/b2c.fairs.vn\/en\/product\/dong-trung-ha-thao\/","title":{"rendered":"\u0110\u00f4ng tr\u00f9ng h\u1ea1 th\u1ea3o"},"content":{"rendered":"<p>Gi\u1edbi thi\u1ec7u:<\/p>\n<p>D\u00f9ng h\u1ed7 tr\u1ee3 ng\u01b0\u1eddi th\u1ec3 tr\u1ea1ng y\u1ebfu, ng\u01b0\u1eddi cao tu\u1ed5i. Ng\u01b0\u1eddi \u0111ang kh\u1ecfe m\u1ea1nh mu\u1ed1n duy tr\u00ec s\u1ee9c kh\u1ecfe v\u00e0 ph\u00f2ng b\u1ec7nh. B\u1ec7nh nh\u00e2n \u0111ang \u0111i\u1ec1u tr\u1ecb c\u1ea7n n\u00e2ng cao th\u1ec3 tr\u1ea1ng. Ng\u01b0\u1eddi ch\u01a1i th\u1ec3 thao c\u1ea7n t\u0103ng s\u1ee9c b\u1ec1n v\u00e0 s\u1ee9c m\u1ea1nh th\u1ec3 l\u1ef1c. Tr\u1ebb em tr\u00ean 5 tu\u1ed5i c\u1ea7n b\u1ed5 sung ch\u1ea5t dinh d\u01b0\u1ee1ng. Ph\u1ee5 n\u1eef mu\u1ed1n \u0111\u1eb9p da, duy tr\u00ec tu\u1ed5i xu\u00e2n. \u0110\u00e0n \u00f4ng l\u00e0m vi\u1ec7c c\u0103ng th\u1eb3ng, c\u1ea7n t\u0103ng c\u01b0\u1eddng sinh l\u00fd.H\u01b0\u1edbng d\u1eabn s\u1eed d\u1ee5ng: \u0102n tr\u1ef1c ti\u1ebfp, pha tr\u00e0, n\u1ea5u ch\u00e1o, s\u00fap ho\u1eb7c canh, ng\u00e2m r\u01b0\u1ee3u. M\u1ed7i ng\u00e0y d\u00f9ng 1gram.<\/p>\n<p>Tha\u0300nh ph\u00e2\u0300n:<\/p>\n<p>N\u1ea5m \u0111\u00f4ng tr\u00f9ng h\u1ea1 th\u1ea3o<\/p>\n<p>Th\u00f4ng tin kha\u0301c:<\/p>\n<p>S\u1ea3n xu\u1ea5t t\u1ea1i c\u01a1 s\u1edf ATTP s\u1ed1: 07\/2022 ATTP &#8211; CN\u0110K. B\u1ea3o qu\u1ea3n n\u01a1i kh\u00f4 r\u00e1o v\u00e0 tho\u1ea3ng m\u00e1t<\/p>","protected":false},"excerpt":{"rendered":"<p>Gi\u1edbi thi\u1ec7u:<\/p>\n<p>D\u00f9ng h\u1ed7 tr\u1ee3 ng\u01b0\u1eddi th\u1ec3 tr\u1ea1ng y\u1ebfu, ng\u01b0\u1eddi cao tu\u1ed5i. Ng\u01b0\u1eddi \u0111ang kh\u1ecfe m\u1ea1nh mu\u1ed1n duy tr\u00ec s\u1ee9c kh\u1ecfe v\u00e0 ph\u00f2ng b\u1ec7nh. B\u1ec7nh nh\u00e2n \u0111ang \u0111i\u1ec1u tr\u1ecb c\u1ea7n n\u00e2ng cao th\u1ec3 tr\u1ea1ng. Ng\u01b0\u1eddi ch\u01a1i th\u1ec3 thao c\u1ea7n t\u0103ng s\u1ee9c b\u1ec1n v\u00e0 s\u1ee9c m\u1ea1nh th\u1ec3 l\u1ef1c. Tr\u1ebb em tr\u00ean 5 tu\u1ed5i c\u1ea7n b\u1ed5 sung ch\u1ea5t dinh d\u01b0\u1ee1ng. Ph\u1ee5 n\u1eef mu\u1ed1n \u0111\u1eb9p da, duy tr\u00ec tu\u1ed5i xu\u00e2n. \u0110\u00e0n \u00f4ng l\u00e0m vi\u1ec7c c\u0103ng th\u1eb3ng, c\u1ea7n t\u0103ng c\u01b0\u1eddng sinh l\u00fd.H\u01b0\u1edbng d\u1eabn s\u1eed d\u1ee5ng: \u0102n tr\u1ef1c ti\u1ebfp, pha tr\u00e0, n\u1ea5u ch\u00e1o, s\u00fap ho\u1eb7c canh, ng\u00e2m r\u01b0\u1ee3u. M\u1ed7i ng\u00e0y d\u00f9ng 1gram.<\/p>\n<p>Tha\u0300nh ph\u00e2\u0300n:<\/p>\n<p>N\u1ea5m \u0111\u00f4ng tr\u00f9ng h\u1ea1 th\u1ea3o<\/p>\n<p>Th\u00f4ng tin kha\u0301c:<\/p>\n<p>S\u1ea3n xu\u1ea5t t\u1ea1i c\u01a1 s\u1edf ATTP s\u1ed1: 07\/2022 ATTP &#8211; CN\u0110K. B\u1ea3o qu\u1ea3n n\u01a1i kh\u00f4 r\u00e1o v\u00e0 tho\u1ea3ng m\u00e1t<\/p>","protected":false},"featured_media":6291,"comment_status":"open","ping_status":"closed","template":"","meta":{"_acf_changed":false},"product_cat":[332,335],"product_tag":[],"class_list":{"0":"post-6289","1":"product","2":"type-product","3":"status-publish","4":"has-post-thumbnail","6":"product_cat-san-pham-duoc-lieu-va-san-pham-tu-duoc-lieu","7":"product_cat-tinh-dau-va-thao-duoc-khac","9":"first","10":"instock","11":"shipping-taxable","12":"purchasable","13":"product-type-simple"},"acf":[],"_links":{"self":[{"href":"https:\/\/b2c.fairs.vn\/en\/wp-json\/wp\/v2\/product\/6289","targetHints":{"allow":["GET"]}}],"collection":[{"href":"https:\/\/b2c.fairs.vn\/en\/wp-json\/wp\/v2\/product"}],"about":[{"href":"https:\/\/b2c.fairs.vn\/en\/wp-json\/wp\/v2\/types\/product"}],"replies":[{"embeddable":true,"href":"https:\/\/b2c.fairs.vn\/en\/wp-json\/wp\/v2\/comments?post=6289"}],"version-history":[{"count":0,"href":"https:\/\/b2c.fairs.vn\/en\/wp-json\/wp\/v2\/product\/6289\/revisions"}],"wp:featuredmedia":[{"embeddable":true,"href":"https:\/\/b2c.fairs.vn\/en\/wp-json\/wp\/v2\/media\/6291"}],"wp:attachment":[{"href":"https:\/\/b2c.fairs.vn\/en\/wp-json\/wp\/v2\/media?parent=6289"}],"wp:term":[{"taxonomy":"product_cat","embeddable":true,"href":"https:\/\/b2c.fairs.vn\/en\/wp-json\/wp\/v2\/product_cat?post=6289"},{"taxonomy":"product_tag","embeddable":true,"href":"https:\/\/b2c.fairs.vn\/en\/wp-json\/wp\/v2\/product_tag?post=6289"}],"curies":[{"name":"wp","href":"https:\/\/api.w.org\/{rel}","templated":true}]}}