{"id":6272,"date":"2024-03-20T15:55:59","date_gmt":"2024-03-20T08:55:59","guid":{"rendered":"https:\/\/b2c.fairs.vn\/?post_type=product&#038;p=6272"},"modified":"2024-05-14T09:31:11","modified_gmt":"2024-05-14T02:31:11","slug":"toi-den-tue-tam","status":"publish","type":"product","link":"https:\/\/b2c.fairs.vn\/en\/product\/toi-den-tue-tam\/","title":{"rendered":"T\u1ecfi \u0111en Tu\u1ec7 T\u00e2m"},"content":{"rendered":"<p><strong>C\u00d4NG D\u1ee4NG:\u00a0<\/strong><\/p>\n<p>&#8211; T\u1ecfi \u0111en c\u00f3 kh\u00e1 nhi\u1ec1u c\u00f4ng d\u1ee5ng kh\u00e1c nhau, \u0111i\u1ec3n h\u00ecnh trong s\u1ed1 \u0111\u00f3 ph\u1ea3i k\u1ec3 \u0111\u1ebfn nh\u1eefng c\u00f4ng d\u1ee5ng nh\u01b0:<\/p>\n<p>\u2713 B\u1ea3o v\u1ec7 c\u01a1 th\u1ec3 gi\u00fap ng\u0103n ng\u1eeba ung b\u01b0\u1edbu.<\/p>\n<p>\u2713 Gi\u00fap \u0111i\u1ec1u ch\u1ec9nh l\u01b0\u1ee3ng \u0111\u01b0\u1eddng huy\u1ebft trong m\u00e1u v\u00e0 c\u1ea3i thi\u1ec7n ch\u1ee9c n\u0103ng gan.<\/p>\n<p>\u2713 Gi\u00fap gi\u1ea3m m\u1ee1 m\u00e1u.<\/p>\n<p>\u2713 Gi\u00fap cho n\u00e3o c\u1ea3i thi\u1ec7n tr\u00ed nh\u1edb t\u1ed1t.<\/p>\n<p>\u2713 Ng\u0103n ng\u1eeba nhi\u1ec5m ch\u1ea5t ph\u00f3ng x\u1ea1 \u0111\u1ed9c h\u1ea1i.<\/p>\n<p>\u2713 Ch\u1ed1ng c\u00e1c b\u1ec7nh \u0111\u01b0\u1eddng h\u00f4 h\u1ea5p, ch\u1ed1ng nhi\u1ec5m tr\u00f9ng, ch\u1ed1ng b\u1ec7nh t\u1eadt.<\/p>\n<p>\u2713 Gi\u00fap t\u0103ng c\u01b0\u1eddng kh\u1ea3 n\u0103ng mi\u1ec5n d\u1ecbch ,t\u0103ng s\u1ee9c \u0111\u1ec1 kh\u00e1ng cho c\u01a1 th\u1ec3.<\/p>\n<p>\u2713 Ch\u1eefa ch\u1ee9ng \u0111\u1ea7y b\u1ee5ng, \u0103n kh\u00f4ng ti\u00eau.<\/p>\n<p><strong>C\u00c1CH D\u00d9NG:\u00a0<\/strong><\/p>\n<p>&#8211; D\u00f9ng 2-3 c\u1ee7\/ng\u00e0y.<\/p>\n<p>&#8211; \u0102n tr\u1ef1c ti\u1ebfp tr\u01b0\u1edbc b\u1eefa \u0103n ho\u1eb7c ch\u1ebf bi\u1ebfn v\u1edbi c\u00e1c th\u1ef1c ph\u1ea9m kh\u00e1c.<\/p>\n<p>&#8211; S\u1eed d\u1ee5ng th\u01b0\u1eddng xuy\u00ean \u0111\u1ec3 c\u00f3 hi\u1ec7u qu\u1ea3 cao nh\u1ea5t.<\/p>\n<p>Cam k\u1ebft h\u00e0ng chu\u1ea9n, l\u00ean men t\u1eeb t\u1ecfi c\u00f4 \u0111\u01a1n 100% !<\/p>","protected":false},"excerpt":{"rendered":"<p><strong>C\u00d4NG D\u1ee4NG:\u00a0<\/strong><\/p>\n<p>&#8211; T\u1ecfi \u0111en c\u00f3 kh\u00e1 nhi\u1ec1u c\u00f4ng d\u1ee5ng kh\u00e1c nhau, \u0111i\u1ec3n h\u00ecnh trong s\u1ed1 \u0111\u00f3 ph\u1ea3i k\u1ec3 \u0111\u1ebfn nh\u1eefng c\u00f4ng d\u1ee5ng nh\u01b0:<\/p>\n<p>\u2713 B\u1ea3o v\u1ec7 c\u01a1 th\u1ec3 gi\u00fap ng\u0103n ng\u1eeba ung b\u01b0\u1edbu.<\/p>\n<p>\u2713 Gi\u00fap \u0111i\u1ec1u ch\u1ec9nh l\u01b0\u1ee3ng \u0111\u01b0\u1eddng huy\u1ebft trong m\u00e1u v\u00e0 c\u1ea3i thi\u1ec7n ch\u1ee9c n\u0103ng gan.<\/p>\n<p>\u2713 Gi\u00fap gi\u1ea3m m\u1ee1 m\u00e1u.<\/p>\n<p>\u2713 Gi\u00fap cho n\u00e3o c\u1ea3i thi\u1ec7n tr\u00ed nh\u1edb t\u1ed1t.<\/p>\n<p>\u2713 Ng\u0103n ng\u1eeba nhi\u1ec5m ch\u1ea5t ph\u00f3ng x\u1ea1 \u0111\u1ed9c h\u1ea1i.<\/p>\n<p>\u2713 Ch\u1ed1ng c\u00e1c b\u1ec7nh \u0111\u01b0\u1eddng h\u00f4 h\u1ea5p, ch\u1ed1ng nhi\u1ec5m tr\u00f9ng, ch\u1ed1ng b\u1ec7nh t\u1eadt.<\/p>\n<p>\u2713 Gi\u00fap t\u0103ng c\u01b0\u1eddng kh\u1ea3 n\u0103ng mi\u1ec5n d\u1ecbch ,t\u0103ng s\u1ee9c \u0111\u1ec1 kh\u00e1ng cho c\u01a1 th\u1ec3.<\/p>\n<p>\u2713 Ch\u1eefa ch\u1ee9ng \u0111\u1ea7y b\u1ee5ng, \u0103n kh\u00f4ng ti\u00eau.<\/p>\n<p><strong>C\u00c1CH D\u00d9NG:\u00a0<\/strong><\/p>\n<p>&#8211; D\u00f9ng 2-3 c\u1ee7\/ng\u00e0y.<\/p>\n<p>&#8211; \u0102n tr\u1ef1c ti\u1ebfp tr\u01b0\u1edbc b\u1eefa \u0103n ho\u1eb7c ch\u1ebf bi\u1ebfn v\u1edbi c\u00e1c th\u1ef1c ph\u1ea9m kh\u00e1c.<\/p>\n<p>&#8211; S\u1eed d\u1ee5ng th\u01b0\u1eddng xuy\u00ean \u0111\u1ec3 c\u00f3 hi\u1ec7u qu\u1ea3 cao nh\u1ea5t.<\/p>\n<p>Cam k\u1ebft h\u00e0ng chu\u1ea9n, l\u00ean men t\u1eeb t\u1ecfi c\u00f4 \u0111\u01a1n 100% !<\/p>","protected":false},"featured_media":6274,"comment_status":"open","ping_status":"closed","template":"","meta":{"_acf_changed":false},"product_cat":[332,333],"product_tag":[],"class_list":{"0":"post-6272","1":"product","2":"type-product","3":"status-publish","4":"has-post-thumbnail","6":"product_cat-san-pham-duoc-lieu-va-san-pham-tu-duoc-lieu","7":"product_cat-thuc-pham-chuc-nang-thuoc-duoc-lieu-thuoc-y-hoc-co-truyen","9":"first","10":"instock","11":"shipping-taxable","12":"purchasable","13":"product-type-simple"},"acf":[],"_links":{"self":[{"href":"https:\/\/b2c.fairs.vn\/en\/wp-json\/wp\/v2\/product\/6272","targetHints":{"allow":["GET"]}}],"collection":[{"href":"https:\/\/b2c.fairs.vn\/en\/wp-json\/wp\/v2\/product"}],"about":[{"href":"https:\/\/b2c.fairs.vn\/en\/wp-json\/wp\/v2\/types\/product"}],"replies":[{"embeddable":true,"href":"https:\/\/b2c.fairs.vn\/en\/wp-json\/wp\/v2\/comments?post=6272"}],"version-history":[{"count":0,"href":"https:\/\/b2c.fairs.vn\/en\/wp-json\/wp\/v2\/product\/6272\/revisions"}],"wp:featuredmedia":[{"embeddable":true,"href":"https:\/\/b2c.fairs.vn\/en\/wp-json\/wp\/v2\/media\/6274"}],"wp:attachment":[{"href":"https:\/\/b2c.fairs.vn\/en\/wp-json\/wp\/v2\/media?parent=6272"}],"wp:term":[{"taxonomy":"product_cat","embeddable":true,"href":"https:\/\/b2c.fairs.vn\/en\/wp-json\/wp\/v2\/product_cat?post=6272"},{"taxonomy":"product_tag","embeddable":true,"href":"https:\/\/b2c.fairs.vn\/en\/wp-json\/wp\/v2\/product_tag?post=6272"}],"curies":[{"name":"wp","href":"https:\/\/api.w.org\/{rel}","templated":true}]}}