{"id":6266,"date":"2024-03-20T15:56:26","date_gmt":"2024-03-20T08:56:26","guid":{"rendered":"https:\/\/b2c.fairs.vn\/?post_type=product&#038;p=6266"},"modified":"2024-04-03T17:09:41","modified_gmt":"2024-04-03T10:09:41","slug":"tam-op-nhua-pvc-gia-da","status":"publish","type":"product","link":"https:\/\/b2c.fairs.vn\/en\/product\/tam-op-nhua-pvc-gia-da\/","title":{"rendered":"T\u1ea5m \u1ed1p nh\u1ef1a PVC gi\u1ea3 \u0111\u00e1"},"content":{"rendered":"<p>T\u1ea5m \u1ed1p nh\u1ef1a PVC gi\u1ea3 \u0111\u00e1 kh\u00f4ng c\u00f2n l\u1ea1 g\u00ec v\u1edbi th\u1ecb tr\u01b0\u1eddng v\u1eadt li\u1ec7u n\u1ed9i th\u1ea5t Vi\u1ec7t v\u1edbi nh\u1eefng m\u1eabu m\u00e3 \u0111a d\u1ea1ng, h\u00ecnh th\u1ee9c sang tr\u1ecdng nh\u1ea5t hi\u1ec7n nay. H\u00e3y c\u00f9ng Ng\u00e2n Hoa t\u00ecm hi\u1ec3u v\u1ec1 s\u1ea3n ph\u1ea9m c\u1ee5 th\u1ec3 n\u00e0y.<\/p>\n<p>&nbsp;<\/p>\n<h4>T\u1ea5m g\u1ed7 nh\u1ef1a \u0111\u01b0\u1ee3c d\u00f9ng \u0111\u1ec3 l\u00e0m g\u00ec ?<\/h4>\n<p>&nbsp;<\/p>\n<p>Hi\u1ec7n nay s\u1ea3n ph\u1ea9m \u0111\u01b0\u1ee3c s\u1eed d\u1ee5ng r\u1ea5t ph\u1ed5 bi\u1ebfn trong n\u1ed9i th\u1ea5t: l\u00e0m t\u1ea5m \u1ed1p t\u1ee7 b\u1ebfp, t\u1ee7 l\u1ea1nh, bi\u1ec3n qu\u1ea3ng c\u00e1o, in ch\u1eef, v\u00e1ch ng\u0103n, \u1ed1p tr\u1ea7n, \u1ed1p t\u01b0\u1eddng, l\u00e0m d\u1ee5ng c\u1ee5 th\u1ec3 thao,\u2026 Gi\u00e1 t\u1ea5m g\u1ed7 nh\u1ef1a th\u00f4ng minh lo\u1ea1i n\u00e0y c\u0169ng v\u1eeba ph\u1ea3i, kh\u00f4ng qu\u00e1 cao, ph\u00f9 h\u1ee3p v\u1edbi nhu c\u1ea7u ng\u01b0\u1eddi d\u00f9ng.<\/p>","protected":false},"excerpt":{"rendered":"<p>T\u1ea5m \u1ed1p nh\u1ef1a PVC gi\u1ea3 \u0111\u00e1 kh\u00f4ng c\u00f2n l\u1ea1 g\u00ec v\u1edbi th\u1ecb tr\u01b0\u1eddng v\u1eadt li\u1ec7u n\u1ed9i th\u1ea5t Vi\u1ec7t v\u1edbi nh\u1eefng<\/p>","protected":false},"featured_media":6285,"comment_status":"open","ping_status":"closed","template":"","meta":{"_acf_changed":false},"product_cat":[520,399],"product_tag":[],"class_list":{"0":"post-6266","1":"product","2":"type-product","3":"status-publish","4":"has-post-thumbnail","6":"product_cat-nha-cua-doi-song","7":"product_cat-vat-lieu-xay-dung","9":"first","10":"instock","11":"shipping-taxable","12":"product-type-simple"},"acf":[],"_links":{"self":[{"href":"https:\/\/b2c.fairs.vn\/en\/wp-json\/wp\/v2\/product\/6266","targetHints":{"allow":["GET"]}}],"collection":[{"href":"https:\/\/b2c.fairs.vn\/en\/wp-json\/wp\/v2\/product"}],"about":[{"href":"https:\/\/b2c.fairs.vn\/en\/wp-json\/wp\/v2\/types\/product"}],"replies":[{"embeddable":true,"href":"https:\/\/b2c.fairs.vn\/en\/wp-json\/wp\/v2\/comments?post=6266"}],"version-history":[{"count":0,"href":"https:\/\/b2c.fairs.vn\/en\/wp-json\/wp\/v2\/product\/6266\/revisions"}],"wp:featuredmedia":[{"embeddable":true,"href":"https:\/\/b2c.fairs.vn\/en\/wp-json\/wp\/v2\/media\/6285"}],"wp:attachment":[{"href":"https:\/\/b2c.fairs.vn\/en\/wp-json\/wp\/v2\/media?parent=6266"}],"wp:term":[{"taxonomy":"product_cat","embeddable":true,"href":"https:\/\/b2c.fairs.vn\/en\/wp-json\/wp\/v2\/product_cat?post=6266"},{"taxonomy":"product_tag","embeddable":true,"href":"https:\/\/b2c.fairs.vn\/en\/wp-json\/wp\/v2\/product_tag?post=6266"}],"curies":[{"name":"wp","href":"https:\/\/api.w.org\/{rel}","templated":true}]}}