{"id":6265,"date":"2024-03-20T15:54:40","date_gmt":"2024-03-20T08:54:40","guid":{"rendered":"https:\/\/b2c.fairs.vn\/?post_type=product&#038;p=6265"},"modified":"2024-03-28T10:42:20","modified_gmt":"2024-03-28T03:42:20","slug":"hop-tra-qua-tang-dinh-hop-tre","status":"publish","type":"product","link":"https:\/\/b2c.fairs.vn\/en\/product\/hop-tra-qua-tang-dinh-hop-tre\/","title":{"rendered":"H\u1ed9p tr\u00e0 qu\u00e0 t\u1eb7ng &#8211; \u0110inh h\u1ed9p tre"},"content":{"rendered":"<p><strong>&#8211; Tr\u00e0 \u0110inh s\u1ea3n ph\u1ea9m s\u1ed1 1 \u0110\u1ec7 nh\u1ea5t danh tr\u00e0.<\/strong>\u00a0T\u1eebng \u0111inh tr\u00e0 c\u00f2n \u0111ang ng\u1eadm h\u01a1i s\u01b0\u01a1ng \u0111\u01b0\u1ee3c t\u1ec9 m\u1ec9 l\u1ef1a ch\u1ecdn v\u00e0o m\u1ed7i bu\u1ed5i s\u1edbm mai tr\u00ean v\u00f9ng Tr\u00e0 T\u00e2n C\u01b0\u01a1ng \u2013 Th\u00e1i Nguy\u00ean \u0111\u1ec3 h\u1ed9i t\u1ee5 v\u00e0 l\u1eafng \u0111\u1ecdng \u0111\u01b0\u1ee3c nh\u1eefng tinh t\u00fay c\u1ee7a kho\u1ea3nh kh\u1eafc chuy\u1ec3n giao \u0111\u1ea5t tr\u1eddi. R\u1ed3i b\u00e0n tay ngh\u1ec7 nh\u00e2n l\u00e0m tr\u00e0 l\u1ea1i ti\u1ebfp\u00a0t\u1ee5c g\u00ecn gi\u1eef gi\u1ecdt ng\u1ecdc \u1ea5y, l\u00e0m sao cho th\u1ea5m v\u00e0o t\u1eebng nh\u00e1nh tr\u00e0 \u0111\u1ec3 khi u\u1ed1ng, ng\u01b0\u1eddi u\u1ed1ng th\u1ea5y c\u1ea3 m\u1ed9t c\u00e2u chuy\u1ec7n, m\u1ed9t d\u00f2ng \u0111\u1eddi trong \u0111\u00f3. C\u00e1nh tr\u00e0 sau khi sao s\u1ea5y c\u00f3 m\u00e0u xanh \u0111en nh\u1ecf nh\u01b0 nh\u1eefng chi\u1ebfc \u0111inh. \u0110\u1ec3 t\u1ea1o ra \u0111\u01b0\u1ee3c 1 kg tr\u00e0 \u0111inh c\u1ea7n t\u1edbi 10 th\u1ee3 gi\u1ecfi thu h\u00e1i ch\u00e8 t\u01b0\u01a1i th\u1ee7 c\u00f4ng b\u1eb1ng tay li\u00ean t\u1ee5c tr\u00ean di\u1ec7n t\u00edch 3 s\u00e0o.<\/p>\n<p><strong>&#8211; H\u01b0\u01a1ng tr\u00e0:<\/strong>H\u01b0\u01a1ng th\u01a1m m\u00f9i c\u1ed1m n\u1ebfp m\u1edbi, h\u01b0\u01a1ng th\u01a1m c\u1ee7a t\u1ef1 nhi\u00ean.<\/p>\n<p><strong>&#8211; N\u01b0\u1edbc tr\u00e0:<\/strong>N\u01b0\u1edbc tr\u00e0 s\u00e1nh c\u00f3 m\u00e0u v\u00e0ng s\u00e1ng.<\/p>\n<p><strong>&#8211; V\u1ecb tr\u00e0:<\/strong>V\u1ecb tr\u00e0 ch\u00e1t n\u01a1i \u0111\u1ea7u l\u01b0\u1ee1i \u0111\u1ebfn li\u1ec1n sau \u0111\u00f3 l\u00e0 v\u1ecb h\u1eadu ng\u1ecdt \u0111\u1eadm \u0111\u00e0 th\u1ea5m s\u00e2u n\u01a1i c\u1ed5 h\u1ecdng.<\/p>\n<p>&#8211; Tr\u00e0 \u0111\u01b0\u1ee3c s\u1ea3n xu\u1ea5t theo ti\u00eau chu\u1ea9n h\u1eefu c\u01a1.<\/p>\n<p>&#8211; H\u1ec7 th\u1ed1ng qu\u1ea3n l\u00fd an to\u00e0n th\u1ef1c ph\u1ea9m ph\u00f9 h\u1ee3p ti\u00eau chu\u1ea9n qu\u1ed1c t\u1ebf ISO 22000:2018<\/p>\n<p>&#8211; Quy tr\u00ecnh ch\u1ebf bi\u1ebfn t\u1eeb vi\u1ec7c sao s\u1ea5y, l\u00ean h\u01b0\u01a1ng ho\u00e0n to\u00e0n th\u1ee7 c\u00f4ng truy\u1ec1n th\u1ed1ng.<\/p>\n<p>&nbsp;<\/p>\n<p>S\u00f4ng C\u00f4ng \u0111\u01b0\u1ee3c h\u00ecnh th\u00e0nh b\u1edfi su\u1ed1i ngu\u1ed3n n\u01b0\u1edbc m\u1eaft m\u00e0 n\u00e0ng C\u00f4ng kh\u00f3c ng\u00e0y \u0111\u00eam. T\u01b0\u01a1ng truy\u1ec1n khi d\u00f2ng s\u00f4ng ch\u1ea3y \u0111\u1ebfn ch\u00e2n n\u00fai C\u1ed1c \u0111\u00e3 sinh ra m\u1ed9t lo\u00e0i c\u00e2y xanh l\u00e1 quanh n\u0103m. Ph\u00f9 sa s\u00f4ng C\u00f4ng d\u00e2ng \u0111\u1ea7y x\u00f4 d\u1ea1t, t\u1ee5 v\u1ec1 th\u00e0nh nh\u1eefng g\u00f2 \u0111\u1ea5t m\u1edbi l\u00e0m n\u00ean nh\u1eefng \u0111\u1ed3i ch\u00e8 nh\u01b0 m\u00e2m s\u00f4i r\u1ea3i r\u00e1c t\u1ea1i v\u00f9ng T\u00e2n C\u01b0\u01a1ng. N\u01b0\u1edbc m\u1eaft n\u00e0ng C\u00f4ng th\u1ea5m v\u00e0o r\u1ec5 n\u00ean l\u00e1 c\u00e2y c\u00f3 v\u1ecb v\u1eeba ch\u00e1t, v\u1eeba ng\u1ecdt s\u00e2u l\u01b0u luy\u1ebfn m\u00e3i n\u01a1i c\u1ed5 h\u1ecdng. V\u1ecb tr\u00e0 n\u01a1i \u0111\u00e2y \u0111\u01b0\u1ee3c \u1ea9n gi\u1ea5u \u1edf t\u1ea5m l\u00f2ng, s\u1ef1 th\u1ee7y chung c\u1ee7a t\u00ecnh y\u00eau. V\u1ecb th\u01a1m \u0111\u01b0\u1ee3m, ti\u1ec1n ch\u00e1t h\u1eadu ng\u1ecdt, \u0111\u00f3 l\u00e0 th\u1ee9c u\u1ed1ng nh\u1ea5p m\u1ed9t ng\u1ee5m m\u00e0 nh\u1edb su\u1ed1t \u0111\u1eddi, khi\u1ebfn gi\u1edbi s\u00e0nh tr\u00e0 ph\u1ea3i t\u00f4n x\u01b0ng \u201c\u0110\u1ec7 nh\u1ea5t Danh tr\u00e0\u201d.<\/p>\n<p>&nbsp;<\/p>\n<p>Tr\u00e0 \u0110inh, s\u1ea3n ph\u1ea9m s\u1ed1 m\u1ed9t \u0110\u1ec7 nh\u1ea5t danh tr\u00e0. T\u1eebng \u0111inh tr\u00e0 c\u00f2n \u0111ang ng\u1eadm h\u01a1i s\u01b0\u01a1ng \u0111\u01b0\u1ee3c t\u1ec9 m\u1ec9 l\u1ef1a ch\u1ecdn v\u00e0o m\u1ed7i bu\u1ed5i s\u1edbm mai tr\u00ean v\u00f9ng Tr\u00e0 T\u00e2n C\u01b0\u01a1ng \u2013 Th\u00e1i Nguy\u00ean \u0111\u1ec3 h\u1ed9i t\u1ee5 v\u00e0 l\u1eafng \u0111\u1ecdng \u0111\u01b0\u1ee3c nh\u1eefng tinh hoa c\u1ee7a kho\u1ea3nh kh\u1eafc chuy\u1ec3n giao \u0111\u1ea5t tr\u1eddi.<\/p>\n<p>&nbsp;<\/p>\n<p>B\u1eb1ng ph\u01b0\u01a1ng ph\u00e1p th\u1ee7 c\u00f4ng truy\u1ec1n th\u1ed1ng, d\u01b0\u1edbi b\u00e0n tay c\u1ee7a c\u00e1c ngh\u1ec7 nh\u00e2n HTX.Tr\u00e0 S\u01a1n Dung, nh\u1eefng \u0111inh tr\u00e0 h\u1ea3o h\u1ea1ng \u0111\u01b0\u1ee3c t\u1ea1o ra mang \u0111\u1eb7c tr\u01b0ng ri\u00eang bi\u1ec7t.<\/p>\n<p>&nbsp;<\/p>\n<p>B\u1ed9 h\u1ed9p Sinh L\u1ed9c Th\u01b0\u1ee3ng h\u1ea1ng bao g\u1ed3m 12 g\u00f3i tr\u00e0, m\u1ed7i g\u00f3i tr\u00e0 mang \u00fd ngh\u0129a \u0111\u1eb7c tr\u01b0ng cho t\u1eebng con gi\u00e1p trong v\u0103n h\u00f3a T\u00e2m linh c\u1ee7a ng\u01b0\u1eddi Vi\u1ec7t, l\u00e0 k\u1ebft qu\u1ea3 c\u1ee7a Thi\u00ean can \u2013 \u0110\u1ecba chi v\u1edbi mong mu\u1ed1n m\u1ed7i n\u0103m qua \u0111i \u0111\u1ec1u c\u00f3 1 con Gi\u00e1p che ch\u1edf, b\u1edfi s\u1ef1 v\u1eadn \u0111\u1ed9ng c\u1ee7a V\u0169 tr\u1ee5 \u0111\u1ec1u c\u00f3 n\u1ec1n t\u1ea3ng t\u1eeb nh\u1eefng th\u1ee9 r\u1ea5t \u0111\u1ed7i quen thu\u1ed9c v\u1edbi con ng\u01b0\u1eddi, gi\u00fap con ng\u01b0\u1eddi h\u00f2a nh\u1eadp \u0111\u1ec3 t\u1eadn h\u01b0\u1edfng c\u1ea3m gi\u00e1c th\u1ef1c m\u00e0 thi\u00ean nhi\u00ean ban t\u1eb7ng.<\/p>\n<p>&nbsp;<\/p>\n<p>M\u01b0\u1eddi hai g\u00f3i tr\u00e0 \u0111\u01b0\u1ee3c chia th\u00e0nh 4 c\u1ed9t bi\u1ec3u tr\u01b0ng cho kh\u00ed ti\u1ebft trong n\u0103m.\u00a0<strong>Xu\u00e2n<\/strong>\u00a0l\u00e0m m\u00f9a m\u00e0ng c\u00e2y c\u1ed1i xanh t\u01b0\u01a1i,\u00a0<strong>H\u1ea1<\/strong>\u00a0cho tr\u00e1i ng\u1ecdt, hoa th\u01a1m,\u00a0<strong>Thu<\/strong>\u00a0m\u00e1t d\u1ecbu xanh cao,\u00a0<strong>\u0110\u00f4ng<\/strong>\u00a0\u1ea5p \u1ee7 m\u1ea7m s\u1ed1ng \u0111\u1ec3 khi Xu\u00e2n v\u1ec1 \u1ea5m \u00e1p mang theo ch\u1ed3i non. S\u1ef1 lu\u00e2n chuy\u1ec3n 4 m\u00f9a \u0111em l\u1ea1i may m\u1eafn v\u00e0 ni\u1ec1m \u01b0\u1edbc v\u1ecdng cho cu\u1ed9c s\u1ed1ng no \u0111\u1ee7, sum v\u1ea7y.\u00a0<strong>S\u01a1n Dung Tr\u00e0<\/strong>\u00a0\u201cN\u0103ng l\u01b0\u1ee3ng t\u1eeb thi\u00ean nhi\u00ean\u201d \u0111ang l\u00e0m \u0111i\u1ec1u \u0111\u00f3 v\u00ec b\u1ea1n!<\/p>","protected":false},"excerpt":{"rendered":"<div class=\"my-2 py-2\">Xu\u1ea5t x\u1ee9<span class=\"mlr-1\">:<\/span><span class=\"ml-1\">T\u00e2n C\u01b0\u01a1ng Th\u00e1i Nguy\u00ean<\/span><\/div>\n<div class=\"my-2 py-2\">B\u1ea3o qu\u1ea3n<span class=\"mlr-1\">:<\/span><span class=\"ml-1\">\u0110\u1ec3 n\u01a1i kh\u00f4 r\u00e1o, tho\u00e1ng m\u00e1t, tr\u00e1nh \u00e1nh n\u1eafng tr\u1ef1c ti\u1ebfp<\/span><\/div>\n<div class=\"my-2 py-2\">Th\u00e0nh ph\u1ea7n<span class=\"mlr-1\">:<\/span><span class=\"ml-1\">100% b\u00fap ch\u00e8 xanh nguy\u00ean ch\u1ea5t<\/span><\/div>\n<div class=\"my-2 py-2\">Kh\u1ed1i l\u01b0\u1ee3ng<span class=\"mlr-1\">:<\/span><span class=\"ml-1\">300g (\u0111\u00f3ng g\u00f3i 10g h\u00fat ch\u00e2n kh\u00f4ng). \u0110\u00f3ng v\u00e0o h\u1ed9p tre sang tr\u1ecdng, l\u1ecbch s\u1ef1<\/span><\/div>\n<div class=\"my-2 py-2\">Th\u01b0\u01a1ng hi\u1ec7u<span class=\"mlr-1\">:<\/span><span class=\"ml-1\">S\u01a1n Dung Tr\u00e0<\/span><\/div>\n<div class=\"my-2 py-2\">H\u1ea1n s\u1eed d\u1ee5ng<span class=\"mlr-1\">:<\/span><span class=\"ml-1\">12 th\u00e1ng k\u1ec3 t\u1eeb ng\u00e0y s\u1ea3n xu\u1ea5t<\/span><\/div>","protected":false},"featured_media":5124,"comment_status":"open","ping_status":"closed","template":"","meta":{"_acf_changed":false},"product_cat":[321,22],"product_tag":[],"class_list":{"0":"post-6265","1":"product","2":"type-product","3":"status-publish","4":"has-post-thumbnail","6":"product_cat-che","7":"product_cat-sanphamthucpham","9":"first","10":"instock","11":"shipping-taxable","12":"purchasable","13":"product-type-simple"},"acf":[],"_links":{"self":[{"href":"https:\/\/b2c.fairs.vn\/en\/wp-json\/wp\/v2\/product\/6265","targetHints":{"allow":["GET"]}}],"collection":[{"href":"https:\/\/b2c.fairs.vn\/en\/wp-json\/wp\/v2\/product"}],"about":[{"href":"https:\/\/b2c.fairs.vn\/en\/wp-json\/wp\/v2\/types\/product"}],"replies":[{"embeddable":true,"href":"https:\/\/b2c.fairs.vn\/en\/wp-json\/wp\/v2\/comments?post=6265"}],"version-history":[{"count":0,"href":"https:\/\/b2c.fairs.vn\/en\/wp-json\/wp\/v2\/product\/6265\/revisions"}],"wp:featuredmedia":[{"embeddable":true,"href":"https:\/\/b2c.fairs.vn\/en\/wp-json\/wp\/v2\/media\/5124"}],"wp:attachment":[{"href":"https:\/\/b2c.fairs.vn\/en\/wp-json\/wp\/v2\/media?parent=6265"}],"wp:term":[{"taxonomy":"product_cat","embeddable":true,"href":"https:\/\/b2c.fairs.vn\/en\/wp-json\/wp\/v2\/product_cat?post=6265"},{"taxonomy":"product_tag","embeddable":true,"href":"https:\/\/b2c.fairs.vn\/en\/wp-json\/wp\/v2\/product_tag?post=6265"}],"curies":[{"name":"wp","href":"https:\/\/api.w.org\/{rel}","templated":true}]}}