{"id":6263,"date":"2024-03-20T15:54:39","date_gmt":"2024-03-20T08:54:39","guid":{"rendered":"https:\/\/b2c.fairs.vn\/?post_type=product&#038;p=6263"},"modified":"2024-05-14T09:30:55","modified_gmt":"2024-05-14T02:30:55","slug":"tinh-dau-buoi","status":"publish","type":"product","link":"https:\/\/b2c.fairs.vn\/en\/product\/tinh-dau-buoi\/","title":{"rendered":"TINH D\u1ea6U B\u01af\u1edeI"},"content":{"rendered":"<div>\n<div>\n<p>&#8211; \u0110\u1ed1i t\u01b0\u1ee3ng s\u1eed d\u1ee5ng:<\/p>\n<p>+ Ng\u01b0\u1eddi b\u1ecb t\u00f3c m\u1ecfng, t\u00f3c th\u01b0a ho\u1eb7c b\u1ecb h\u00f3i \u0111\u1ea7u.<br \/>\n+ Ph\u1ee5 n\u1eef sau sinh b\u1ecb r\u1ee5ng t\u00f3c qu\u00e1 nhi\u1ec1u.<br \/>\n+ Ng\u01b0\u1eddi c\u00f3 ti\u1ec1n s\u1eed v\u00e0 th\u00e2m ni\u00ean r\u1ee5ng t\u00f3c.<br \/>\n+ Ng\u01b0\u1eddi mu\u1ed1n ch\u0103m s\u00f3c t\u00f3c \u0111\u1ec3 c\u00f3 1 m\u00e1i t\u00f3c d\u00e0y \u0111\u1eb9p v\u00e0 ch\u1eafc kh\u1ecfe.<br \/>\n+ Nh\u1eefng ng\u01b0\u1eddi s\u1eed d\u1ee5ng qu\u00e1 nhi\u1ec1u h\u00f3a ch\u1ea5t l\u00e0m \u0111\u1eb9p cho t\u00f3c nh\u01b0: u\u1ed1n, \u00e9p, nhu\u1ed9m, s\u1ea5y n\u00f3ng&#8230;<br \/>\n&#8211; H\u01b0\u1edbng d\u1eabn s\u1eed d\u1ee5ng:<br \/>\n+ Sau khi \u0111\u00e3 g\u1ed9i s\u1ea1ch \u0111\u1ea7u t\u00f3c kh\u00f4 h\u1eb3n, x\u1ecbt tinh d\u1ea7u b\u01b0\u1edfi l\u00ean t\u00f3c v\u00e0 massage da \u0111\u1ea7u trong 5 ph\u00fat. Th\u1ef1c hi\u1ec7n \u0111\u1ec1u \u0111\u1eb7n m\u1ed7i l\u1ea7n g\u1ed9i s\u1ebd cho hi\u1ec7u qu\u1ea3 t\u1ed1t nh\u1ea5t.<br \/>\n+ B\u1ea3o qu\u1ea3n n\u01a1i kh\u00f4 r\u00e1o v\u00e0 tho\u00e1ng m\u00e1t.<\/p>\n<\/div>\n<\/div>\n<div>\n<div>\n<h3 class=\"text-xl my-5 font-bold\">Th\u00f4ng s\u1ed1 k\u1ef9 thu\u1eadt<\/h3>\n<div>\n<div class=\"my-2 py-2\">Th\u00e0nh ph\u1ea7n<span class=\"mlr-1\">:<\/span><span class=\"ml-1\">Tinh d\u1ea7u b\u01b0\u1edfi<\/span><\/div>\n<\/div>\n<\/div>\n<\/div>","protected":false},"excerpt":{"rendered":"<div>\n<div>\n<p>&#8211; \u0110\u1ed1i t\u01b0\u1ee3ng s\u1eed d\u1ee5ng:<\/p>\n<p>+ Ng\u01b0\u1eddi b\u1ecb t\u00f3c m\u1ecfng, t\u00f3c th\u01b0a ho\u1eb7c b\u1ecb h\u00f3i \u0111\u1ea7u.<br \/>\n+ Ph\u1ee5 n\u1eef sau sinh b\u1ecb r\u1ee5ng t\u00f3c qu\u00e1 nhi\u1ec1u.<br \/>\n+ Ng\u01b0\u1eddi c\u00f3 ti\u1ec1n s\u1eed v\u00e0 th\u00e2m ni\u00ean r\u1ee5ng t\u00f3c.<br \/>\n+ Ng\u01b0\u1eddi mu\u1ed1n ch\u0103m s\u00f3c t\u00f3c \u0111\u1ec3 c\u00f3 1 m\u00e1i t\u00f3c d\u00e0y \u0111\u1eb9p v\u00e0 ch\u1eafc kh\u1ecfe.<br \/>\n+ Nh\u1eefng ng\u01b0\u1eddi s\u1eed d\u1ee5ng qu\u00e1 nhi\u1ec1u h\u00f3a ch\u1ea5t l\u00e0m \u0111\u1eb9p cho t\u00f3c nh\u01b0: u\u1ed1n, \u00e9p, nhu\u1ed9m, s\u1ea5y n\u00f3ng&#8230;<br \/>\n&#8211; H\u01b0\u1edbng d\u1eabn s\u1eed d\u1ee5ng:<br \/>\n+ Sau khi \u0111\u00e3 g\u1ed9i s\u1ea1ch \u0111\u1ea7u t\u00f3c kh\u00f4 h\u1eb3n, x\u1ecbt tinh d\u1ea7u b\u01b0\u1edfi l\u00ean t\u00f3c v\u00e0 massage da \u0111\u1ea7u trong 5 ph\u00fat. Th\u1ef1c hi\u1ec7n \u0111\u1ec1u \u0111\u1eb7n m\u1ed7i l\u1ea7n g\u1ed9i s\u1ebd cho hi\u1ec7u qu\u1ea3 t\u1ed1t nh\u1ea5t.<br \/>\n+ B\u1ea3o qu\u1ea3n n\u01a1i kh\u00f4 r\u00e1o v\u00e0 tho\u00e1ng m\u00e1t.<\/p>\n<\/div>\n<\/div>\n<div>\n<div>\n<h3 class=\"text-xl my-5 font-bold\">Th\u00f4ng s\u1ed1 k\u1ef9 thu\u1eadt<\/h3>\n<div>\n<div class=\"my-2 py-2\">Th\u00e0nh ph\u1ea7n<span class=\"mlr-1\">:<\/span><span class=\"ml-1\">Tinh d\u1ea7u b\u01b0\u1edfi<\/span><\/div>\n<\/div>\n<\/div>\n<\/div>","protected":false},"featured_media":6267,"comment_status":"open","ping_status":"closed","template":"","meta":{"_acf_changed":false},"product_cat":[332,335],"product_tag":[],"class_list":{"0":"post-6263","1":"product","2":"type-product","3":"status-publish","4":"has-post-thumbnail","6":"product_cat-san-pham-duoc-lieu-va-san-pham-tu-duoc-lieu","7":"product_cat-tinh-dau-va-thao-duoc-khac","9":"first","10":"instock","11":"shipping-taxable","12":"purchasable","13":"product-type-simple"},"acf":[],"_links":{"self":[{"href":"https:\/\/b2c.fairs.vn\/en\/wp-json\/wp\/v2\/product\/6263","targetHints":{"allow":["GET"]}}],"collection":[{"href":"https:\/\/b2c.fairs.vn\/en\/wp-json\/wp\/v2\/product"}],"about":[{"href":"https:\/\/b2c.fairs.vn\/en\/wp-json\/wp\/v2\/types\/product"}],"replies":[{"embeddable":true,"href":"https:\/\/b2c.fairs.vn\/en\/wp-json\/wp\/v2\/comments?post=6263"}],"version-history":[{"count":0,"href":"https:\/\/b2c.fairs.vn\/en\/wp-json\/wp\/v2\/product\/6263\/revisions"}],"wp:featuredmedia":[{"embeddable":true,"href":"https:\/\/b2c.fairs.vn\/en\/wp-json\/wp\/v2\/media\/6267"}],"wp:attachment":[{"href":"https:\/\/b2c.fairs.vn\/en\/wp-json\/wp\/v2\/media?parent=6263"}],"wp:term":[{"taxonomy":"product_cat","embeddable":true,"href":"https:\/\/b2c.fairs.vn\/en\/wp-json\/wp\/v2\/product_cat?post=6263"},{"taxonomy":"product_tag","embeddable":true,"href":"https:\/\/b2c.fairs.vn\/en\/wp-json\/wp\/v2\/product_tag?post=6263"}],"curies":[{"name":"wp","href":"https:\/\/api.w.org\/{rel}","templated":true}]}}