{"id":6252,"date":"2024-03-20T15:53:12","date_gmt":"2024-03-20T08:53:12","guid":{"rendered":"https:\/\/b2c.fairs.vn\/?post_type=product&#038;p=6252"},"modified":"2024-03-27T13:26:51","modified_gmt":"2024-03-27T06:26:51","slug":"tra-hoa-cuc-chi","status":"publish","type":"product","link":"https:\/\/b2c.fairs.vn\/en\/product\/tra-hoa-cuc-chi\/","title":{"rendered":"TR\u00c0 HOA C\u00daC CHI"},"content":{"rendered":"<div>\n<div>\n<p>&#8211; T\u00e0i li\u1ec7u tham kh\u1ea3o: gi\u00fap \u0111i\u1ec1u h\u00f2a huy\u1ebft \u00e1p cao, l\u00e0m gi\u1ea3m m\u1ee9c \u0111\u01b0\u1eddng huy\u1ebft. Ng\u0103n ng\u1eeba s\u1ef1 l\u00e3o h\u00f3a trong c\u01a1 th\u1ec3. L\u00e0m s\u1ea1ch c\u01a1 th\u1ec3, t\u0103ng c\u01b0\u1eddng n\u01b0\u1edbc cho da. Ch\u1eefa qu\u1ea7ng th\u00e2m v\u00e0 tr\u00e1nh b\u1ecdng m\u1eaft.<br \/>\n&#8211; C\u00e1ch d\u00f9ng:<br \/>\n+ B\u01b0\u1edbc 1: d\u00f9ng 1 nh\u00fam hoa c\u00fac (10gram) kh\u00f4 cho 150ml n\u01b0\u1edbc.<br \/>\n+ B\u01b0\u1edbc 2: cho n\u01b0\u1edbc \u1edf nhi\u1ec7t \u0111\u1ed9 tr\u00ean 90\u00b0C, pha tr\u00e0 theo t\u1ef7 l\u1ec7 pha, \u0111\u1ee3t 5 &#8211; 7 ph\u00fat cho n\u01b0\u1edbc ng\u1ea5m v\u00e0o tr\u00e0. Th\u01b0\u1edfng th\u1ee9c khi tr\u00e0 c\u00f2n \u1ea5m m\u00f9i v\u1ecb s\u1ebd th\u01a1m ngon h\u01a1n.<\/p>\n<\/div>\n<\/div>\n<div>\n<div>\n<h3 class=\"text-xl my-5 font-bold\">Th\u00f4ng s\u1ed1 k\u1ef9 thu\u1eadt<\/h3>\n<div>\n<div class=\"my-2 py-2\">Th\u00e0nh ph\u1ea7n<span class=\"mlr-1\">:<\/span><span class=\"ml-1\">Hoa c\u00fac s\u1ea5y l\u1ea1nh<\/span><\/div>\n<\/div>\n<\/div>\n<\/div>","protected":false},"excerpt":{"rendered":"<div>\n<div>\n<p>&#8211; T\u00e0i li\u1ec7u tham kh\u1ea3o: gi\u00fap \u0111i\u1ec1u h\u00f2a huy\u1ebft \u00e1p cao, l\u00e0m gi\u1ea3m m\u1ee9c \u0111\u01b0\u1eddng huy\u1ebft. Ng\u0103n ng\u1eeba s\u1ef1 l\u00e3o h\u00f3a trong c\u01a1 th\u1ec3. L\u00e0m s\u1ea1ch c\u01a1 th\u1ec3, t\u0103ng c\u01b0\u1eddng n\u01b0\u1edbc cho da. Ch\u1eefa qu\u1ea7ng th\u00e2m v\u00e0 tr\u00e1nh b\u1ecdng m\u1eaft.<br \/>\n&#8211; C\u00e1ch d\u00f9ng:<br \/>\n+ B\u01b0\u1edbc 1: d\u00f9ng 1 nh\u00fam hoa c\u00fac (10gram) kh\u00f4 cho 150ml n\u01b0\u1edbc.<br \/>\n+ B\u01b0\u1edbc 2: cho n\u01b0\u1edbc \u1edf nhi\u1ec7t \u0111\u1ed9 tr\u00ean 90\u00b0C, pha tr\u00e0 theo t\u1ef7 l\u1ec7 pha, \u0111\u1ee3t 5 &#8211; 7 ph\u00fat cho n\u01b0\u1edbc ng\u1ea5m v\u00e0o tr\u00e0. Th\u01b0\u1edfng th\u1ee9c khi tr\u00e0 c\u00f2n \u1ea5m m\u00f9i v\u1ecb s\u1ebd th\u01a1m ngon h\u01a1n.<\/p>\n<\/div>\n<\/div>\n<div>\n<div>\n<h3 class=\"text-xl my-5 font-bold\">Th\u00f4ng s\u1ed1 k\u1ef9 thu\u1eadt<\/h3>\n<div>\n<div class=\"my-2 py-2\">Th\u00e0nh ph\u1ea7n<span class=\"mlr-1\">:<\/span><span class=\"ml-1\">Hoa c\u00fac s\u1ea5y l\u1ea1nh<\/span><\/div>\n<\/div>\n<\/div>\n<\/div>","protected":false},"featured_media":6255,"comment_status":"open","ping_status":"closed","template":"","meta":{"_acf_changed":false},"product_cat":[332,333],"product_tag":[],"class_list":{"0":"post-6252","1":"product","2":"type-product","3":"status-publish","4":"has-post-thumbnail","6":"product_cat-san-pham-duoc-lieu-va-san-pham-tu-duoc-lieu","7":"product_cat-thuc-pham-chuc-nang-thuoc-duoc-lieu-thuoc-y-hoc-co-truyen","9":"first","10":"instock","11":"shipping-taxable","12":"product-type-simple"},"acf":[],"_links":{"self":[{"href":"https:\/\/b2c.fairs.vn\/en\/wp-json\/wp\/v2\/product\/6252","targetHints":{"allow":["GET"]}}],"collection":[{"href":"https:\/\/b2c.fairs.vn\/en\/wp-json\/wp\/v2\/product"}],"about":[{"href":"https:\/\/b2c.fairs.vn\/en\/wp-json\/wp\/v2\/types\/product"}],"replies":[{"embeddable":true,"href":"https:\/\/b2c.fairs.vn\/en\/wp-json\/wp\/v2\/comments?post=6252"}],"version-history":[{"count":0,"href":"https:\/\/b2c.fairs.vn\/en\/wp-json\/wp\/v2\/product\/6252\/revisions"}],"wp:featuredmedia":[{"embeddable":true,"href":"https:\/\/b2c.fairs.vn\/en\/wp-json\/wp\/v2\/media\/6255"}],"wp:attachment":[{"href":"https:\/\/b2c.fairs.vn\/en\/wp-json\/wp\/v2\/media?parent=6252"}],"wp:term":[{"taxonomy":"product_cat","embeddable":true,"href":"https:\/\/b2c.fairs.vn\/en\/wp-json\/wp\/v2\/product_cat?post=6252"},{"taxonomy":"product_tag","embeddable":true,"href":"https:\/\/b2c.fairs.vn\/en\/wp-json\/wp\/v2\/product_tag?post=6252"}],"curies":[{"name":"wp","href":"https:\/\/api.w.org\/{rel}","templated":true}]}}