{"id":6244,"date":"2024-03-20T15:52:04","date_gmt":"2024-03-20T08:52:04","guid":{"rendered":"https:\/\/b2c.fairs.vn\/?post_type=product&#038;p=6244"},"modified":"2024-03-28T10:56:56","modified_gmt":"2024-03-28T03:56:56","slug":"tra-phat-tai","status":"publish","type":"product","link":"https:\/\/b2c.fairs.vn\/en\/product\/tra-phat-tai\/","title":{"rendered":"Tr\u00e0 ph\u00e1t t\u00e0i"},"content":{"rendered":"<ul>\n<li>Th\u00e0nh ph\u1ea7n: 100% b\u00fap ch\u00e8 xanh t\u1ef1 nhi\u00ean<\/li>\n<li>\u0110\u01b0\u1ee3c thu h\u00e1i t\u1ec9 m\u1ec9 t\u1ea1i nh\u1eefng v\u01b0\u1eddn ch\u00e8 truy\u1ec1n th\u1ed1ng l\u00e2u n\u0103m t\u1ea1i v\u00f9ng ch\u00e8 T\u00e2n C\u01b0\u01a1ng b\u1eb1ng ph\u01b0\u01a1ng ph\u00e1p th\u1ee7 c\u00f4ng, thu ho\u1ea1ch nh\u1eefng b\u00fap tr\u00e0 non h\u00e1i \u0111\u00fang quy chu\u1ea9n 1 b\u00fap 1 l\u00e1 non.<\/li>\n<li>N\u01b0\u1edbc tr\u00e0 s\u00e1nh c\u00f3 m\u00e0u v\u00e0ng s\u00e1ng. H\u01b0\u01a1ng th\u01a1m m\u00f9i c\u1ed1m n\u1ebfp m\u1edbi, h\u01b0\u01a1ng th\u01a1m c\u1ee7a t\u1ef1 nhi\u00ean.<\/li>\n<li>Tr\u00e0 \u0111\u01b0\u1ee3c s\u1ea3n xu\u1ea5t theo h\u01b0\u1edbng h\u1eefu c\u01a1.<\/li>\n<li>H\u1ec7 th\u1ed1ng qu\u1ea3n l\u00fd an to\u00e0n th\u1ef1c ph\u1ea9m ph\u00f9 h\u1ee3p ti\u00eau chu\u1ea9n qu\u1ed1c t\u1ebf ISO 22000:2018<\/li>\n<li>Quy tr\u00ecnh ch\u1ebf bi\u1ebfn t\u1eeb vi\u1ec7c sao s\u1ea5y, l\u00ean h\u01b0\u01a1ng ho\u00e0n to\u00e0n th\u1ee7 c\u00f4ng truy\u1ec1n th\u1ed1ng<\/li>\n<li>Bao b\u00ec: t\u00fai h\u00fat ch\u00e2n kh\u00f4ng.<\/li>\n<li>\u0110\u00f3ng h\u1ed9p sang tr\u1ecdng, l\u1ecbch s\u1ef1.<\/li>\n<\/ul>","protected":false},"excerpt":{"rendered":"<p>Th\u00e0nh ph\u1ea7n: 100% b\u00fap ch\u00e8 xanh t\u1ef1 nhi\u00ean \u0110\u01b0\u1ee3c thu h\u00e1i t\u1ec9 m\u1ec9 t\u1ea1i nh\u1eefng v\u01b0\u1eddn ch\u00e8 truy\u1ec1n th\u1ed1ng l\u00e2u<\/p>","protected":false},"featured_media":5244,"comment_status":"open","ping_status":"closed","template":"","meta":{"_acf_changed":false},"product_cat":[321,22],"product_tag":[],"class_list":{"0":"post-6244","1":"product","2":"type-product","3":"status-publish","4":"has-post-thumbnail","6":"product_cat-che","7":"product_cat-sanphamthucpham","9":"first","10":"instock","11":"shipping-taxable","12":"purchasable","13":"product-type-simple"},"acf":[],"_links":{"self":[{"href":"https:\/\/b2c.fairs.vn\/en\/wp-json\/wp\/v2\/product\/6244","targetHints":{"allow":["GET"]}}],"collection":[{"href":"https:\/\/b2c.fairs.vn\/en\/wp-json\/wp\/v2\/product"}],"about":[{"href":"https:\/\/b2c.fairs.vn\/en\/wp-json\/wp\/v2\/types\/product"}],"replies":[{"embeddable":true,"href":"https:\/\/b2c.fairs.vn\/en\/wp-json\/wp\/v2\/comments?post=6244"}],"version-history":[{"count":0,"href":"https:\/\/b2c.fairs.vn\/en\/wp-json\/wp\/v2\/product\/6244\/revisions"}],"wp:featuredmedia":[{"embeddable":true,"href":"https:\/\/b2c.fairs.vn\/en\/wp-json\/wp\/v2\/media\/5244"}],"wp:attachment":[{"href":"https:\/\/b2c.fairs.vn\/en\/wp-json\/wp\/v2\/media?parent=6244"}],"wp:term":[{"taxonomy":"product_cat","embeddable":true,"href":"https:\/\/b2c.fairs.vn\/en\/wp-json\/wp\/v2\/product_cat?post=6244"},{"taxonomy":"product_tag","embeddable":true,"href":"https:\/\/b2c.fairs.vn\/en\/wp-json\/wp\/v2\/product_tag?post=6244"}],"curies":[{"name":"wp","href":"https:\/\/api.w.org\/{rel}","templated":true}]}}