{"id":6234,"date":"2024-03-20T15:51:37","date_gmt":"2024-03-20T08:51:37","guid":{"rendered":"https:\/\/b2c.fairs.vn\/?post_type=product&#038;p=6234"},"modified":"2024-03-27T13:24:18","modified_gmt":"2024-03-27T06:24:18","slug":"cay-an-xoa","status":"publish","type":"product","link":"https:\/\/b2c.fairs.vn\/en\/product\/cay-an-xoa\/","title":{"rendered":"C\u00c2Y AN XOA"},"content":{"rendered":"<p>Theo \u0111\u00f4ng y c\u00e1c \u0111\u1ed1i t\u01b0\u1ee3ng c\u00f3 th\u1ec3 s\u1eed d\u1ee5ng:<br \/>\n&#8211; Ng\u01b0\u1eddi c\u00f3 v\u1ea5n \u0111\u1ec1 v\u1ec1 gan nh\u01b0 n\u00f3ng gan, men gan cao, vi\u00eam gan, x\u01a1 gan&#8230;<br \/>\n&#8211; Ng\u01b0\u1eddi th\u01b0\u1eddng xuy\u00ean u\u1ed1ng r\u01b0\u1ee3u bia ho\u1eb7c \u0103n th\u1ee9c \u0103n c\u00f3 nhi\u1ec1u d\u1ea7u m\u1ee1.<br \/>\n&#8211; Ng\u01b0\u1eddi b\u1ecb vi\u00eam gan a, b, c.<br \/>\n&#8211; Ng\u01b0\u1eddi m\u1eafc b\u1ec7nh s\u01a1 gan c\u1ed5 ch\u01b0\u1edbng, ung th\u01b0 gan.<br \/>\n&#8211; Ng\u01b0\u1eddi th\u1eeba c\u00e2n b\u00e9o ph\u00ec.<br \/>\nC\u00e1ch d\u00f9ng:<\/p>\n<p>&#8211; S\u1eafc n\u01b0\u1edbc u\u1ed1ng ng\u00e0y d\u00f9ng 50 gram.<br \/>\n&#8211; B\u1ea3o qu\u1ea3n n\u01a1i kh\u00f4 r\u00e1o v\u00e0o tho\u00e1ng m\u00e1t.<\/p>","protected":false},"excerpt":{"rendered":"<p>Theo \u0111\u00f4ng y c\u00e1c \u0111\u1ed1i t\u01b0\u1ee3ng c\u00f3 th\u1ec3 s\u1eed d\u1ee5ng:<br \/>\n&#8211; Ng\u01b0\u1eddi c\u00f3 v\u1ea5n \u0111\u1ec1 v\u1ec1 gan nh\u01b0 n\u00f3ng gan, men gan cao, vi\u00eam gan, x\u01a1 gan&#8230;<br \/>\n&#8211; Ng\u01b0\u1eddi th\u01b0\u1eddng xuy\u00ean u\u1ed1ng r\u01b0\u1ee3u bia ho\u1eb7c \u0103n th\u1ee9c \u0103n c\u00f3 nhi\u1ec1u d\u1ea7u m\u1ee1.<br \/>\n&#8211; Ng\u01b0\u1eddi b\u1ecb vi\u00eam gan a, b, c.<br \/>\n&#8211; Ng\u01b0\u1eddi m\u1eafc b\u1ec7nh s\u01a1 gan c\u1ed5 ch\u01b0\u1edbng, ung th\u01b0 gan.<br \/>\n&#8211; Ng\u01b0\u1eddi th\u1eeba c\u00e2n b\u00e9o ph\u00ec.<br \/>\nC\u00e1ch d\u00f9ng:<\/p>\n<p>&#8211; S\u1eafc n\u01b0\u1edbc u\u1ed1ng ng\u00e0y d\u00f9ng 50 gram.<br \/>\n&#8211; B\u1ea3o qu\u1ea3n n\u01a1i kh\u00f4 r\u00e1o v\u00e0o tho\u00e1ng m\u00e1t.<\/p>","protected":false},"featured_media":6240,"comment_status":"open","ping_status":"closed","template":"","meta":{"_acf_changed":false},"product_cat":[332,333],"product_tag":[],"class_list":{"0":"post-6234","1":"product","2":"type-product","3":"status-publish","4":"has-post-thumbnail","6":"product_cat-san-pham-duoc-lieu-va-san-pham-tu-duoc-lieu","7":"product_cat-thuc-pham-chuc-nang-thuoc-duoc-lieu-thuoc-y-hoc-co-truyen","9":"first","10":"instock","11":"shipping-taxable","12":"product-type-simple"},"acf":[],"_links":{"self":[{"href":"https:\/\/b2c.fairs.vn\/en\/wp-json\/wp\/v2\/product\/6234","targetHints":{"allow":["GET"]}}],"collection":[{"href":"https:\/\/b2c.fairs.vn\/en\/wp-json\/wp\/v2\/product"}],"about":[{"href":"https:\/\/b2c.fairs.vn\/en\/wp-json\/wp\/v2\/types\/product"}],"replies":[{"embeddable":true,"href":"https:\/\/b2c.fairs.vn\/en\/wp-json\/wp\/v2\/comments?post=6234"}],"version-history":[{"count":0,"href":"https:\/\/b2c.fairs.vn\/en\/wp-json\/wp\/v2\/product\/6234\/revisions"}],"wp:featuredmedia":[{"embeddable":true,"href":"https:\/\/b2c.fairs.vn\/en\/wp-json\/wp\/v2\/media\/6240"}],"wp:attachment":[{"href":"https:\/\/b2c.fairs.vn\/en\/wp-json\/wp\/v2\/media?parent=6234"}],"wp:term":[{"taxonomy":"product_cat","embeddable":true,"href":"https:\/\/b2c.fairs.vn\/en\/wp-json\/wp\/v2\/product_cat?post=6234"},{"taxonomy":"product_tag","embeddable":true,"href":"https:\/\/b2c.fairs.vn\/en\/wp-json\/wp\/v2\/product_tag?post=6234"}],"curies":[{"name":"wp","href":"https:\/\/api.w.org\/{rel}","templated":true}]}}