{"id":6224,"date":"2024-03-20T15:50:16","date_gmt":"2024-03-20T08:50:16","guid":{"rendered":"https:\/\/b2c.fairs.vn\/?post_type=product&#038;p=6224"},"modified":"2024-03-27T13:24:22","modified_gmt":"2024-03-27T06:24:22","slug":"che-day","status":"publish","type":"product","link":"https:\/\/b2c.fairs.vn\/en\/product\/che-day\/","title":{"rendered":"CH\u00c8 D\u00c2Y"},"content":{"rendered":"<p>&#8211; Theo \u0111\u00f4ng y c\u00e1c \u0111\u1ed1i t\u01b0\u1ee3ng c\u00f3 th\u1ec3 s\u1eed d\u1ee5ng: Ng\u01b0\u1eddi b\u1ecb vi\u00eam lo\u00e1t d\u1ea1 d\u00e0y, t\u00e1 tr\u00e0ng, \u0111\u1ea1i tr\u00e0ng, tr\u00e0o ng\u01b0\u1ee3c d\u1ecbch v\u1ecb, \u0111\u1ea7y h\u01a1i \u1ee3 chua, vi khu\u1ea9n hp; Ng\u01b0\u1eddi b\u1ecb ti\u00eau h\u00f3a k\u00e9m.<br \/>\nC\u00e1ch d\u00f9ng: S\u1eafc n\u01b0\u1edbc u\u1ed1ng ng\u00e0y d\u00f9ng t\u1eeb 40 gram.<\/p>","protected":false},"excerpt":{"rendered":"<p>&#8211; Theo \u0111\u00f4ng y c\u00e1c \u0111\u1ed1i t\u01b0\u1ee3ng c\u00f3 th\u1ec3 s\u1eed d\u1ee5ng: Ng\u01b0\u1eddi b\u1ecb vi\u00eam lo\u00e1t d\u1ea1 d\u00e0y, t\u00e1 tr\u00e0ng, \u0111\u1ea1i tr\u00e0ng, tr\u00e0o ng\u01b0\u1ee3c d\u1ecbch v\u1ecb, \u0111\u1ea7y h\u01a1i \u1ee3 chua, vi khu\u1ea9n hp; Ng\u01b0\u1eddi b\u1ecb ti\u00eau h\u00f3a k\u00e9m.<br \/>\nC\u00e1ch d\u00f9ng: S\u1eafc n\u01b0\u1edbc u\u1ed1ng ng\u00e0y d\u00f9ng t\u1eeb 40 gram.<\/p>","protected":false},"featured_media":6226,"comment_status":"open","ping_status":"closed","template":"","meta":{"_acf_changed":false},"product_cat":[332,333],"product_tag":[],"class_list":{"0":"post-6224","1":"product","2":"type-product","3":"status-publish","4":"has-post-thumbnail","6":"product_cat-san-pham-duoc-lieu-va-san-pham-tu-duoc-lieu","7":"product_cat-thuc-pham-chuc-nang-thuoc-duoc-lieu-thuoc-y-hoc-co-truyen","9":"first","10":"instock","11":"shipping-taxable","12":"product-type-simple"},"acf":[],"_links":{"self":[{"href":"https:\/\/b2c.fairs.vn\/en\/wp-json\/wp\/v2\/product\/6224","targetHints":{"allow":["GET"]}}],"collection":[{"href":"https:\/\/b2c.fairs.vn\/en\/wp-json\/wp\/v2\/product"}],"about":[{"href":"https:\/\/b2c.fairs.vn\/en\/wp-json\/wp\/v2\/types\/product"}],"replies":[{"embeddable":true,"href":"https:\/\/b2c.fairs.vn\/en\/wp-json\/wp\/v2\/comments?post=6224"}],"version-history":[{"count":0,"href":"https:\/\/b2c.fairs.vn\/en\/wp-json\/wp\/v2\/product\/6224\/revisions"}],"wp:featuredmedia":[{"embeddable":true,"href":"https:\/\/b2c.fairs.vn\/en\/wp-json\/wp\/v2\/media\/6226"}],"wp:attachment":[{"href":"https:\/\/b2c.fairs.vn\/en\/wp-json\/wp\/v2\/media?parent=6224"}],"wp:term":[{"taxonomy":"product_cat","embeddable":true,"href":"https:\/\/b2c.fairs.vn\/en\/wp-json\/wp\/v2\/product_cat?post=6224"},{"taxonomy":"product_tag","embeddable":true,"href":"https:\/\/b2c.fairs.vn\/en\/wp-json\/wp\/v2\/product_tag?post=6224"}],"curies":[{"name":"wp","href":"https:\/\/api.w.org\/{rel}","templated":true}]}}