{"id":6217,"date":"2024-03-20T15:48:54","date_gmt":"2024-03-20T08:48:54","guid":{"rendered":"https:\/\/b2c.fairs.vn\/?post_type=product&#038;p=6217"},"modified":"2024-05-13T17:12:03","modified_gmt":"2024-05-13T10:12:03","slug":"che-vang","status":"publish","type":"product","link":"https:\/\/b2c.fairs.vn\/en\/product\/che-vang\/","title":{"rendered":"CH\u00c8 V\u1eb0NG"},"content":{"rendered":"<p><strong>Theo \u0111\u00f4ng y c\u00e1c \u0111\u1ed1i t\u01b0\u1ee3ng c\u00f3 th\u1ec3 s\u1eed d\u1ee5ng:<\/strong><br \/>\n&#8211; Ph\u1ee5 n\u1eef sau sinh l\u00e0m l\u1ee3i s\u1eefa.<br \/>\n&#8211; Ng\u01b0\u1eddi mu\u1ed1n gi\u1ea3m c\u00e2n.<br \/>\n&#8211; Ng\u01b0\u1eddi cao huy\u1ebft \u00e1p, x\u01a1 v\u1eefa \u0111\u1ed9ng m\u1ea1ch, gan nhi\u1ec5m m\u1ee1, \u1ed5n \u0111\u1ecbnh \u0111\u01b0\u1eddng huy\u1ebft.<br \/>\n&#8211; Ng\u01b0\u1eddi b\u1ecb n\u00f3ng trong ng\u01b0\u1eddi.<br \/>\n&#8211; Ng\u01b0\u1eddi m\u1ec7t m\u1ecfi, c\u0103ng th\u1eb3ng, kh\u00f3 ng\u1ee7, bi\u1ebfng \u0103n.<br \/>\n<strong>C\u00e1ch d\u00f9ng:\u00a0<\/strong><\/p>\n<p>&#8211; S\u1eafc n\u01b0\u1edbc u\u1ed1ng ng\u00e0y d\u00f9ng t\u1eeb 30 gram \u0111\u1ebfn 50gram.<br \/>\n&#8211; B\u1ea3o qu\u1ea3n n\u01a1i kh\u00f4 r\u00e1o v\u00e0 tho\u00e1ng m\u00e1t.<\/p>","protected":false},"excerpt":{"rendered":"<p><strong>Theo \u0111\u00f4ng y c\u00e1c \u0111\u1ed1i t\u01b0\u1ee3ng c\u00f3 th\u1ec3 s\u1eed d\u1ee5ng:<\/strong><br \/>\n&#8211; Ph\u1ee5 n\u1eef sau sinh l\u00e0m l\u1ee3i s\u1eefa.<br \/>\n&#8211; Ng\u01b0\u1eddi mu\u1ed1n gi\u1ea3m c\u00e2n.<br \/>\n&#8211; Ng\u01b0\u1eddi cao huy\u1ebft \u00e1p, x\u01a1 v\u1eefa \u0111\u1ed9ng m\u1ea1ch, gan nhi\u1ec5m m\u1ee1, \u1ed5n \u0111\u1ecbnh \u0111\u01b0\u1eddng huy\u1ebft.<br \/>\n&#8211; Ng\u01b0\u1eddi b\u1ecb n\u00f3ng trong ng\u01b0\u1eddi.<br \/>\n&#8211; Ng\u01b0\u1eddi m\u1ec7t m\u1ecfi, c\u0103ng th\u1eb3ng, kh\u00f3 ng\u1ee7, bi\u1ebfng \u0103n.<br \/>\n<strong>C\u00e1ch d\u00f9ng:\u00a0<\/strong><\/p>\n<p>&#8211; S\u1eafc n\u01b0\u1edbc u\u1ed1ng ng\u00e0y d\u00f9ng t\u1eeb 30 gram \u0111\u1ebfn 50gram.<br \/>\n&#8211; B\u1ea3o qu\u1ea3n n\u01a1i kh\u00f4 r\u00e1o v\u00e0 tho\u00e1ng m\u00e1t.<\/p>","protected":false},"featured_media":6220,"comment_status":"open","ping_status":"closed","template":"","meta":{"_acf_changed":false},"product_cat":[332,333],"product_tag":[],"class_list":{"0":"post-6217","1":"product","2":"type-product","3":"status-publish","4":"has-post-thumbnail","6":"product_cat-san-pham-duoc-lieu-va-san-pham-tu-duoc-lieu","7":"product_cat-thuc-pham-chuc-nang-thuoc-duoc-lieu-thuoc-y-hoc-co-truyen","9":"first","10":"instock","11":"sale","12":"shipping-taxable","13":"purchasable","14":"product-type-simple"},"acf":[],"_links":{"self":[{"href":"https:\/\/b2c.fairs.vn\/en\/wp-json\/wp\/v2\/product\/6217","targetHints":{"allow":["GET"]}}],"collection":[{"href":"https:\/\/b2c.fairs.vn\/en\/wp-json\/wp\/v2\/product"}],"about":[{"href":"https:\/\/b2c.fairs.vn\/en\/wp-json\/wp\/v2\/types\/product"}],"replies":[{"embeddable":true,"href":"https:\/\/b2c.fairs.vn\/en\/wp-json\/wp\/v2\/comments?post=6217"}],"version-history":[{"count":0,"href":"https:\/\/b2c.fairs.vn\/en\/wp-json\/wp\/v2\/product\/6217\/revisions"}],"wp:featuredmedia":[{"embeddable":true,"href":"https:\/\/b2c.fairs.vn\/en\/wp-json\/wp\/v2\/media\/6220"}],"wp:attachment":[{"href":"https:\/\/b2c.fairs.vn\/en\/wp-json\/wp\/v2\/media?parent=6217"}],"wp:term":[{"taxonomy":"product_cat","embeddable":true,"href":"https:\/\/b2c.fairs.vn\/en\/wp-json\/wp\/v2\/product_cat?post=6217"},{"taxonomy":"product_tag","embeddable":true,"href":"https:\/\/b2c.fairs.vn\/en\/wp-json\/wp\/v2\/product_tag?post=6217"}],"curies":[{"name":"wp","href":"https:\/\/api.w.org\/{rel}","templated":true}]}}