{"id":6212,"date":"2024-03-20T15:47:41","date_gmt":"2024-03-20T08:47:41","guid":{"rendered":"https:\/\/b2c.fairs.vn\/?post_type=product&#038;p=6212"},"modified":"2024-03-28T10:40:01","modified_gmt":"2024-03-28T03:40:01","slug":"hop-tra-qua-tang-dinh-hop-go","status":"publish","type":"product","link":"https:\/\/b2c.fairs.vn\/en\/product\/hop-tra-qua-tang-dinh-hop-go\/","title":{"rendered":"H\u1ed9p tr\u00e0 qu\u00e0 t\u1eb7ng &#8211; \u0110inh h\u1ed9p g\u1ed7"},"content":{"rendered":"<p><strong>&#8211; Tr\u00e0 \u0110inh s\u1ea3n ph\u1ea9m s\u1ed1 1 \u0110\u1ec7 nh\u1ea5t danh tr\u00e0.<\/strong>\u00a0T\u1eebng \u0111inh tr\u00e0 c\u00f2n \u0111ang ng\u1eadm h\u01a1i s\u01b0\u01a1ng \u0111\u01b0\u1ee3c t\u1ec9 m\u1ec9 l\u1ef1a ch\u1ecdn v\u00e0o m\u1ed7i bu\u1ed5i s\u1edbm mai tr\u00ean v\u00f9ng Tr\u00e0 T\u00e2n C\u01b0\u01a1ng \u2013 Th\u00e1i Nguy\u00ean \u0111\u1ec3 h\u1ed9i t\u1ee5 v\u00e0 l\u1eafng \u0111\u1ecdng \u0111\u01b0\u1ee3c nh\u1eefng tinh t\u00fay c\u1ee7a kho\u1ea3nh kh\u1eafc chuy\u1ec3n giao \u0111\u1ea5t tr\u1eddi. R\u1ed3i b\u00e0n tay ngh\u1ec7 nh\u00e2n l\u00e0m tr\u00e0 l\u1ea1i ti\u1ebfp\u00a0t\u1ee5c g\u00ecn gi\u1eef gi\u1ecdt ng\u1ecdc \u1ea5y, l\u00e0m sao cho th\u1ea5m v\u00e0o t\u1eebng nh\u00e1nh tr\u00e0 \u0111\u1ec3 khi u\u1ed1ng, ng\u01b0\u1eddi u\u1ed1ng th\u1ea5y c\u1ea3 m\u1ed9t c\u00e2u chuy\u1ec7n, m\u1ed9t d\u00f2ng \u0111\u1eddi trong \u0111\u00f3. C\u00e1nh tr\u00e0 sau khi sao s\u1ea5y c\u00f3 m\u00e0u xanh \u0111en nh\u1ecf nh\u01b0 nh\u1eefng chi\u1ebfc \u0111inh. \u0110\u1ec3 t\u1ea1o ra \u0111\u01b0\u1ee3c 1 kg tr\u00e0 \u0111inh c\u1ea7n t\u1edbi 10 th\u1ee3 gi\u1ecfi thu h\u00e1i ch\u00e8 t\u01b0\u01a1i th\u1ee7 c\u00f4ng b\u1eb1ng tay li\u00ean t\u1ee5c tr\u00ean di\u1ec7n t\u00edch 3 s\u00e0o.<\/p>\n<p><strong>&#8211; H\u01b0\u01a1ng tr\u00e0:<\/strong>H\u01b0\u01a1ng th\u01a1m m\u00f9i c\u1ed1m n\u1ebfp m\u1edbi, h\u01b0\u01a1ng th\u01a1m c\u1ee7a t\u1ef1 nhi\u00ean.<\/p>\n<p><strong>&#8211; N\u01b0\u1edbc tr\u00e0:<\/strong>N\u01b0\u1edbc tr\u00e0 s\u00e1nh c\u00f3 m\u00e0u v\u00e0ng s\u00e1ng.<\/p>\n<p><strong>&#8211; V\u1ecb tr\u00e0:<\/strong>V\u1ecb tr\u00e0 ch\u00e1t n\u01a1i \u0111\u1ea7u l\u01b0\u1ee1i \u0111\u1ebfn li\u1ec1n sau \u0111\u00f3 l\u00e0 v\u1ecb h\u1eadu ng\u1ecdt \u0111\u1eadm \u0111\u00e0 th\u1ea5m s\u00e2u n\u01a1i c\u1ed5 h\u1ecdng.<\/p>\n<p>&#8211; Tr\u00e0 \u0111\u01b0\u1ee3c s\u1ea3n xu\u1ea5t theo ti\u00eau chu\u1ea9n h\u1eefu c\u01a1.<\/p>\n<p>&#8211; H\u1ec7 th\u1ed1ng qu\u1ea3n l\u00fd an to\u00e0n th\u1ef1c ph\u1ea9m ph\u00f9 h\u1ee3p ti\u00eau chu\u1ea9n qu\u1ed1c t\u1ebf ISO 22000:2018<\/p>\n<p>&#8211; Quy tr\u00ecnh ch\u1ebf bi\u1ebfn t\u1eeb vi\u1ec7c sao s\u1ea5y, l\u00ean h\u01b0\u01a1ng ho\u00e0n to\u00e0n th\u1ee7 c\u00f4ng truy\u1ec1n th\u1ed1ng.<\/p>\n<p>&#8211; \u0110\u00f3ng h\u1ed9p g\u1ed7 sang tr\u1ecdng, l\u1ecbch s\u1ef1.<\/p>\n<p>&nbsp;<\/p>\n<p>Tr\u00e0 \u0110inh s\u1ea3n ph\u1ea9m s\u1ed1 1 \u0110\u1ec7 nh\u1ea5t danh tr\u00e0. T\u1eebng \u0111inh tr\u00e0\u00a0 c\u00f2n \u0111ang ng\u1eadm h\u01a1i s\u01b0\u01a1ng \u0111\u01b0\u1ee3c t\u1ec9 m\u1ec9 l\u1ef1a ch\u1ecdn v\u00e0o m\u1ed7i bu\u1ed5i s\u1edbm mai tr\u00ean v\u00f9ng Tr\u00e0 T\u00e2n C\u01b0\u01a1ng \u2013 Th\u00e1i Nguy\u00ean \u0111\u1ec3 h\u1ed9i t\u1ee5 v\u00e0 l\u1eafng \u0111\u1ecdng \u0111\u01b0\u1ee3c nh\u1eefng tinh t\u00fay c\u1ee7a kho\u1ea3nh kh\u1eafc chuy\u1ec3n giao \u0111\u1ea5t tr\u1eddi. R\u1ed3i b\u00e0n tay ngh\u1ec7 nh\u00e2n l\u00e0m tr\u00e0 l\u1ea1i ti\u1ebfp\u00a0 t\u1ee5c g\u00ecn gi\u1eef gi\u1ecdt ng\u1ecdc \u1ea5y, l\u00e0m sao cho th\u1ea5m v\u00e0o t\u1eebng nh\u00e1nh tr\u00e0 \u0111\u1ec3 khi u\u1ed1ng, ng\u01b0\u1eddi u\u1ed1ng th\u1ea5y c\u1ea3 m\u1ed9t c\u00e2u chuy\u1ec7n, m\u1ed9t d\u00f2ng \u0111\u1eddi trong \u0111\u00f3.<\/p>\n<p>&nbsp;<\/p>\n<p>Khi tr\u00e0\u00a0 v\u1eeba \u0111\u01b0\u1ee3c r\u00f3t ra ch\u00e9n, h\u01b0\u01a1ng t\u1ecfa ra ng\u00e0o ng\u1ea1t, h\u01b0\u01a1ng th\u01a1m m\u00f9i c\u1ed1m n\u1ebfp m\u1edbi, h\u01b0\u01a1ng th\u01a1m c\u1ee7a t\u1ef1 nhi\u00ean, c\u1ee7a \u0111\u1ea5t tr\u1eddi tinh t\u00fay. Sau c\u1ea3m nh\u1eadn v\u1ecb ch\u00e1t nh\u1eb9 m\u00e0 \u0111\u01b0\u1ee3m \u0111\u00e0 n\u01a1i \u0111\u1ea7u l\u01b0\u1ee1i, ng\u01b0\u1eddi th\u01b0\u1edfng tr\u00e0 s\u1ebd th\u1ea5y h\u1eadu ng\u1ecdt \u0111\u1eadm b\u00f9i \u1edf s\u00e2u trong h\u1ecdng t\u1ea1o c\u1ea3m gi\u00e1c l\u00e2ng l\u00e2ng kh\u00f3 t\u1ea3 m\u00e0 s\u1ea3ng kho\u00e1i v\u00f4 c\u00f9ng ch\u1ec9 c\u00f3 t\u1ea1i S\u01a1n Dung Tr\u00e0.<\/p>\n<p>&nbsp;<\/p>\n<p>L\u00e1 ch\u00e8 \u0111\u01b0\u1ee3c ch\u1ecdn ph\u1ea3i l\u00e0 b\u00fap n\u00f5n \u0111ang ng\u1eadm ch\u1eb7t ng\u1ecdn nh\u01b0 nh\u1eefng chi\u1ebfc \u0111inh, \u0111\u01b0\u1ee3c h\u00e1i v\u00e0o l\u00fac s\u00e1ng s\u1edbm ph\u1ea3i \u0111\u01b0\u1ee3c cho v\u00e0o s\u1ecdt tre tho\u00e1ng \u0111\u1ec3 tr\u00e1nh l\u00e1 ch\u00e8 t\u01b0\u01a1i kh\u00f4ng b\u1ecb h\u1ea5p nhi\u1ec7t, nh\u1eefng b\u00fap ch\u00e8 kh\u00f4ng \u0111\u01b0\u1ee3c l\u00e8n ch\u1eb7t, tr\u00e1nh d\u1eadp n\u00e1t. Ng\u01b0\u1eddi l\u00e0m tr\u00e0 c\u1ea9n tr\u1ecdng n\u00e2ng niu t\u1eebng b\u00fap tr\u00e0. Tr\u00e0 sau khi thu h\u00e1i xong \u0111\u01b0\u1ee3c mang v\u1ec1 tr\u1ea3i ra nong 2 ti\u1ebfng r\u1ed3i cho v\u00e0o t\u00f4n xao b\u1eb1ng nhi\u1ec7t than c\u1ee7i, \u0111\u00e2y l\u00e0 m\u1ed9t c\u00f4ng \u0111o\u1ea1n k\u00ec c\u00f4ng, tr\u00e0 \u0111\u01b0\u1ee3c cho v\u00e0o t\u00f4n v\u1edbi th\u1eddi gian v\u00e0 nhi\u1ec7t \u0111\u1ed9 k\u1ef9 thu\u1eadt ri\u00eang c\u1ee7a nh\u1eefng ng\u01b0\u1eddi l\u00e0m tr\u00e0 chuy\u00ean nghi\u1ec7p HTX Tr\u00e0 S\u01a1n Dung. Tr\u00e0 sau khi xao \u0111\u01b0\u1ee3c mang \u0111i v\u00f2 b\u1eb1ng c\u00e1c m\u00e1y v\u00f2 c\u00f3 c\u00e1c th\u00f4ng s\u1ed1 c\u1ee7a c\u00e1c r\u00e3nh v\u1edbi k\u1ef9 thu\u1eadt ri\u00eang do TS. Tr\u1ea7n Ng\u1ecdc Giang \u2013 Gi\u1ea3ng vi\u00ean \u0110H K\u1ef9 thu\u1eadt C\u00f4ng nghi\u1ec7p \u2013 m\u1ed9t ng\u01b0\u1eddi con c\u1ee7a S\u01a1n Dung Tr\u00e0 nghi\u00ean c\u1ee9u v\u00e0 l\u00e0m th\u1ef1c nghi\u1ec7m. Tr\u00e0 sau khi v\u00f2 l\u00e0m t\u01a1i s\u1ebd \u0111\u01b0\u1ee3c \u0111em s\u1ea5y qua v\u00e0 xao kh\u00f4.<\/p>\n<p>\u0110\u1ec3 t\u1ea1o ra \u0111\u01b0\u1ee3c h\u01b0\u01a1ng v\u1ecb \u0111\u1eb7c tr\u01b0ng ri\u00eang bi\u1ec7t c\u1ee7a Tr\u00e0 S\u01a1n Dung, qu\u00e1 tr\u00ecnh l\u00ean h\u01b0\u01a1ng v\u1eabn \u0111\u01b0\u1ee3c S\u01a1n Dung Tr\u00e0 s\u1eed d\u1ee5ng ph\u01b0\u01a1ng ph\u00e1p th\u1ee7 c\u00f4ng truy\u1ec1n th\u1ed1ng l\u00e0 s\u1eed d\u1ee5ng nhi\u1ec7t c\u1ee7a than c\u1ee7i. L\u1eeda l\u00fac to l\u00fac nh\u1ecf, t\u00f4n quay l\u00fac ch\u1eadm l\u00fac nhanh, n\u1ebfm th\u1eed, c\u1ea3m nh\u1eadn r\u1ed3i l\u1ea1i ch\u1edd \u0111\u1ee3i r\u1ed3i \u0111i\u1ec1u ch\u1ec9nh. Tr\u00e0 ph\u1ea3i \u0111\u01b0\u1ee3c quay \u0111\u1ee7 v\u00f2ng, l\u1eeda v\u1eeba t\u1edbi khi c\u00e1nh tr\u00e0 th\u1eadt th\u1ea5u trong l\u00f5i t\u1ecfa h\u01b0\u01a1ng th\u01a1m ng\u00e0o ng\u1ea1t. Nh\u1eefng ng\u01b0\u1eddi l\u00e0m tr\u00e0 chuy\u00ean nghi\u1ec7p c\u1ee7a HTX Tr\u00e0 S\u01a1n Dung ph\u1ea3i r\u1ea5t c\u1ea9n th\u1eadn n\u1ebfu kh\u00f4ng s\u1ebd h\u1ecfng c\u1ea3 m\u1ed9t c\u00f4ng tr\u00ecnh.<\/p>","protected":false},"excerpt":{"rendered":"<p>&#8211; Tr\u00e0 \u0110inh s\u1ea3n ph\u1ea9m s\u1ed1 1 \u0110\u1ec7 nh\u1ea5t danh tr\u00e0.\u00a0T\u1eebng \u0111inh tr\u00e0 c\u00f2n \u0111ang ng\u1eadm h\u01a1i s\u01b0\u01a1ng \u0111\u01b0\u1ee3c t\u1ec9<\/p>","protected":false},"featured_media":5115,"comment_status":"open","ping_status":"closed","template":"","meta":{"_acf_changed":false},"product_cat":[22],"product_tag":[],"class_list":{"0":"post-6212","1":"product","2":"type-product","3":"status-publish","4":"has-post-thumbnail","6":"product_cat-sanphamthucpham","8":"first","9":"instock","10":"shipping-taxable","11":"purchasable","12":"product-type-simple"},"acf":[],"_links":{"self":[{"href":"https:\/\/b2c.fairs.vn\/en\/wp-json\/wp\/v2\/product\/6212","targetHints":{"allow":["GET"]}}],"collection":[{"href":"https:\/\/b2c.fairs.vn\/en\/wp-json\/wp\/v2\/product"}],"about":[{"href":"https:\/\/b2c.fairs.vn\/en\/wp-json\/wp\/v2\/types\/product"}],"replies":[{"embeddable":true,"href":"https:\/\/b2c.fairs.vn\/en\/wp-json\/wp\/v2\/comments?post=6212"}],"version-history":[{"count":0,"href":"https:\/\/b2c.fairs.vn\/en\/wp-json\/wp\/v2\/product\/6212\/revisions"}],"wp:featuredmedia":[{"embeddable":true,"href":"https:\/\/b2c.fairs.vn\/en\/wp-json\/wp\/v2\/media\/5115"}],"wp:attachment":[{"href":"https:\/\/b2c.fairs.vn\/en\/wp-json\/wp\/v2\/media?parent=6212"}],"wp:term":[{"taxonomy":"product_cat","embeddable":true,"href":"https:\/\/b2c.fairs.vn\/en\/wp-json\/wp\/v2\/product_cat?post=6212"},{"taxonomy":"product_tag","embeddable":true,"href":"https:\/\/b2c.fairs.vn\/en\/wp-json\/wp\/v2\/product_tag?post=6212"}],"curies":[{"name":"wp","href":"https:\/\/api.w.org\/{rel}","templated":true}]}}