{"id":6206,"date":"2024-03-20T15:46:05","date_gmt":"2024-03-20T08:46:05","guid":{"rendered":"https:\/\/b2c.fairs.vn\/?post_type=product&#038;p=6206"},"modified":"2024-03-27T13:26:58","modified_gmt":"2024-03-27T06:26:58","slug":"tra-thao-duoc-giam-can","status":"publish","type":"product","link":"https:\/\/b2c.fairs.vn\/en\/product\/tra-thao-duoc-giam-can\/","title":{"rendered":"TR\u00c0 TH\u1ea2O D\u01af\u1ee2C GI\u1ea2M C\u00c2N"},"content":{"rendered":"<p>&#8211; Th\u00e0nh ph\u1ea7n: l\u00e1 sen, ch\u00e8 v\u1eb1ng, ch\u00e8 xanh, kh\u1ed5 qua, gi\u1ea3o c\u1ed5 lam, n\u1ea5m linh chi \u0111\u1ecf, t\u00e1o m\u00e8o, h\u00e0 th\u1ee7 \u00f4.<\/p>\n<p>&#8211; \u0110\u1ed1i t\u01b0\u1ee3ng s\u1eed d\u1ee5ng: ng\u01b0\u1eddi b\u00e9o ph\u00ec mu\u1ed1n gi\u1ea3m c\u00e2n, ng\u01b0\u1eddi hay b\u1ecb m\u1ea5t ng\u1ee7, ng\u01b0\u1eddi huy\u1ebft \u00e1p cao, m\u1ee1 m\u00e1u, men gan cao, ng\u01b0\u1eddi mu\u1ed1n thanh nhi\u1ec7t, gi\u1ea3i \u0111\u1ed9c gan, n\u00f3ng trong, ng\u01b0\u1eddi r\u00f4m s\u1ea9y, m\u1ee5n nh\u1ecdt.<\/p>\n<p>&#8211; C\u00e1ch d\u00f9ng: ng\u00e0y 40 gram s\u1eafc u\u1ed1ng thay n\u01b0\u1edbc l\u1ecdc.<\/p>","protected":false},"excerpt":{"rendered":"<p>&#8211; Th\u00e0nh ph\u1ea7n: l\u00e1 sen, ch\u00e8 v\u1eb1ng, ch\u00e8 xanh, kh\u1ed5 qua, gi\u1ea3o c\u1ed5 lam, n\u1ea5m linh chi \u0111\u1ecf, t\u00e1o m\u00e8o, h\u00e0 th\u1ee7 \u00f4.<\/p>\n<p>&#8211; \u0110\u1ed1i t\u01b0\u1ee3ng s\u1eed d\u1ee5ng: ng\u01b0\u1eddi b\u00e9o ph\u00ec mu\u1ed1n gi\u1ea3m c\u00e2n, ng\u01b0\u1eddi hay b\u1ecb m\u1ea5t ng\u1ee7, ng\u01b0\u1eddi huy\u1ebft \u00e1p cao, m\u1ee1 m\u00e1u, men gan cao, ng\u01b0\u1eddi mu\u1ed1n thanh nhi\u1ec7t, gi\u1ea3i \u0111\u1ed9c gan, n\u00f3ng trong, ng\u01b0\u1eddi r\u00f4m s\u1ea9y, m\u1ee5n nh\u1ecdt.<\/p>\n<p>&#8211; C\u00e1ch d\u00f9ng: ng\u00e0y 40 gram s\u1eafc u\u1ed1ng thay n\u01b0\u1edbc l\u1ecdc.<\/p>","protected":false},"featured_media":6207,"comment_status":"open","ping_status":"closed","template":"","meta":{"_acf_changed":false},"product_cat":[332,333],"product_tag":[],"class_list":{"0":"post-6206","1":"product","2":"type-product","3":"status-publish","4":"has-post-thumbnail","6":"product_cat-san-pham-duoc-lieu-va-san-pham-tu-duoc-lieu","7":"product_cat-thuc-pham-chuc-nang-thuoc-duoc-lieu-thuoc-y-hoc-co-truyen","9":"first","10":"instock","11":"shipping-taxable","12":"product-type-simple"},"acf":[],"_links":{"self":[{"href":"https:\/\/b2c.fairs.vn\/en\/wp-json\/wp\/v2\/product\/6206","targetHints":{"allow":["GET"]}}],"collection":[{"href":"https:\/\/b2c.fairs.vn\/en\/wp-json\/wp\/v2\/product"}],"about":[{"href":"https:\/\/b2c.fairs.vn\/en\/wp-json\/wp\/v2\/types\/product"}],"replies":[{"embeddable":true,"href":"https:\/\/b2c.fairs.vn\/en\/wp-json\/wp\/v2\/comments?post=6206"}],"version-history":[{"count":0,"href":"https:\/\/b2c.fairs.vn\/en\/wp-json\/wp\/v2\/product\/6206\/revisions"}],"wp:featuredmedia":[{"embeddable":true,"href":"https:\/\/b2c.fairs.vn\/en\/wp-json\/wp\/v2\/media\/6207"}],"wp:attachment":[{"href":"https:\/\/b2c.fairs.vn\/en\/wp-json\/wp\/v2\/media?parent=6206"}],"wp:term":[{"taxonomy":"product_cat","embeddable":true,"href":"https:\/\/b2c.fairs.vn\/en\/wp-json\/wp\/v2\/product_cat?post=6206"},{"taxonomy":"product_tag","embeddable":true,"href":"https:\/\/b2c.fairs.vn\/en\/wp-json\/wp\/v2\/product_tag?post=6206"}],"curies":[{"name":"wp","href":"https:\/\/api.w.org\/{rel}","templated":true}]}}