{"id":6197,"date":"2024-03-20T15:44:59","date_gmt":"2024-03-20T08:44:59","guid":{"rendered":"https:\/\/b2c.fairs.vn\/?post_type=product&#038;p=6197"},"modified":"2024-03-28T11:04:02","modified_gmt":"2024-03-28T04:04:02","slug":"tra-tui-loc-3d","status":"publish","type":"product","link":"https:\/\/b2c.fairs.vn\/en\/product\/tra-tui-loc-3d\/","title":{"rendered":"Tr\u00e0 t\u00fai l\u1ecdc 3D"},"content":{"rendered":"<p>HTX TR\u00c0 S\u01a0N DUNG t\u1ef1 h\u00e0o l\u00e0 \u0111\u01a1n v\u1ecb ti\u00ean phong mang m\u1ed9t xu h\u01b0\u1edbng m\u1edbi v\u00e0o d\u00f2ng s\u1ea3n ph\u1ea9m tr\u00e0 t\u00fai l\u1ecdc quen thu\u1ed9c.\u00a0L\u00e0 m\u1ed9t lo\u1ea1i tr\u00e0 t\u00fai l\u1ecdc 100% nguy\u00ean v\u1ecb tr\u00e0 xanh t\u1ef1 nhi\u00ean. V\u1edbi c\u00f4ng ngh\u1ec7 \u0111\u00f3ng g\u00f3i b\u1eb1ng s\u00f3ng si\u00eau \u00e2m m\u00e0ng l\u1ecdc s\u1ebd t\u1ef1 chuy\u1ec3n h\u00f3a v\u00e0 k\u1ebft d\u00ednh v\u1edbi nhau m\u00e0 kh\u00f4ng ph\u1ea3i s\u1eed d\u1ee5ng keo nh\u01b0 m\u1ed9t s\u1ed1 gi\u1ea5y tr\u00e0 t\u00fai l\u1ecdc th\u00f4ng th\u01b0\u1eddng. S\u1eed d\u1ee5ng m\u00e0ng l\u1ecdc l\u01b0\u1edbi NH\u1eacT B\u1ea2N \u2013 YAMANAKA tuy\u1ec7t \u0111\u1ed1i an to\u00e0n cho s\u1ee9c kh\u1ecfe, m\u00e0ng l\u1ecdc l\u00e0m t\u1eeb b\u1ed9t ng\u00f4 c\u00f3 kh\u1ea3 n\u0103ng t\u1ef1 ph\u00e2n h\u1ee7y th\u00e2n thi\u1ec7n v\u1edbi m\u00f4i tr\u01b0\u1eddng.<\/p>\n<p>&nbsp;<\/p>\n<p>Tr\u00e0 t\u00fai l\u1ecdc 3D c\u1ee7a S\u01a0N DUNG TR\u00c0 \u0111\u01b0\u1ee3c tuy\u1ec3n ch\u1ecdn t\u1eeb nh\u1eefng t\u1ea5m c\u1ee7a tr\u00e0 \u0111inh l\u00e0 nh\u1eefng g\u00ec tinh t\u00fay nh\u1ea5t c\u1ee7a c\u00e2y tr\u00e0, nguy\u00ean ch\u1ea5t 100% v\u1ecb tr\u00e0 xanh.<\/p>\n<p>&nbsp;<\/p>\n<p>Sau c\u1ea3m nh\u1eadn v\u1ecb ch\u00e1t nh\u1eb9 m\u00e0 \u0111\u01b0\u1ee3m \u0111\u00e0 n\u01a1i \u0111\u1ea7u l\u01b0\u1ee1i, ng\u01b0\u1eddi th\u01b0\u1edfng tr\u00e0 s\u1ebd th\u1ea5y h\u1eadu ng\u1ecdt \u0111\u1eadm b\u00f9i \u1edf s\u00e2u trong h\u1ecdng t\u1ea1o c\u1ea3m gi\u00e1c l\u00e2ng l\u00e2ng kh\u00f3 t\u1ea3 m\u00e0 s\u1ea3ng kho\u00e1i v\u00f4 c\u00f9ng ch\u1ec9 c\u00f3 t\u1ea1i S\u01a1n Dung Tr\u00e0.<\/p>\n<p>&nbsp;<\/p>\n<p>Tr\u00e0 t\u00fai l\u1ecdc 3D c\u1ee7a S\u01a0N DUNG TR\u00c0 \u0111\u01b0\u1ee3c tuy\u1ec3n ch\u1ecdn t\u1eeb nh\u1eefng t\u1ea5m c\u1ee7a tr\u00e0 \u0111inh l\u00e0 nh\u1eefng g\u00ec tinh t\u00fay nh\u1ea5t c\u1ee7a c\u00e2y tr\u00e0, nguy\u00ean ch\u1ea5t 100% v\u1ecb tr\u00e0 xanh.<\/p>\n<p>HTX TR\u00c0 S\u01a0N DUNG t\u1ef1 h\u00e0o l\u00e0 \u0111\u01a1n v\u1ecb ti\u00ean phong mang m\u1ed9t xu h\u01b0\u1edbng m\u1edbi v\u00e0o d\u00f2ng s\u1ea3n ph\u1ea9m tr\u00e0 t\u00fai l\u1ecdc quen thu\u1ed9c.\u00a0L\u00e0 m\u1ed9t lo\u1ea1i tr\u00e0 t\u00fai l\u1ecdc 100% nguy\u00ean v\u1ecb tr\u00e0 xanh t\u1ef1 nhi\u00ean. V\u1edbi c\u00f4ng ngh\u1ec7 \u0111\u00f3ng g\u00f3i b\u1eb1ng s\u00f3ng si\u00eau \u00e2m m\u00e0ng l\u1ecdc s\u1ebd t\u1ef1 chuy\u1ec3n h\u00f3a v\u00e0 k\u1ebft d\u00ednh v\u1edbi nhau m\u00e0 kh\u00f4ng ph\u1ea3i s\u1eed d\u1ee5ng keo nh\u01b0 m\u1ed9t s\u1ed1 gi\u1ea5y tr\u00e0 t\u00fai l\u1ecdc th\u00f4ng th\u01b0\u1eddng. S\u1eed d\u1ee5ng m\u00e0ng l\u1ecdc l\u01b0\u1edbi NH\u1eacT B\u1ea2N \u2013 YAMANAKA tuy\u1ec7t \u0111\u1ed1i an to\u00e0n cho s\u1ee9c kh\u1ecfe, m\u00e0ng l\u1ecdc l\u00e0m t\u1eeb b\u1ed9t ng\u00f4 c\u00f3 kh\u1ea3 n\u0103ng t\u1ef1 ph\u00e2n h\u1ee7y th\u00e2n thi\u1ec7n v\u1edbi m\u00f4i tr\u01b0\u1eddng.<\/p>\n<p>&nbsp;<\/p>\n<p>Tr\u00e0 t\u00fai l\u1ecdc 3D c\u1ee7a S\u01a0N DUNG TR\u00c0 \u0111\u01b0\u1ee3c tuy\u1ec3n ch\u1ecdn t\u1eeb nh\u1eefng t\u1ea5m c\u1ee7a tr\u00e0 \u0111inh l\u00e0 nh\u1eefng g\u00ec tinh t\u00fay nh\u1ea5t c\u1ee7a c\u00e2y tr\u00e0, nguy\u00ean ch\u1ea5t 100% v\u1ecb tr\u00e0 xanh.<\/p>\n<p>&nbsp;<\/p>\n<p>Sau c\u1ea3m nh\u1eadn v\u1ecb ch\u00e1t nh\u1eb9 m\u00e0 \u0111\u01b0\u1ee3m \u0111\u00e0 n\u01a1i \u0111\u1ea7u l\u01b0\u1ee1i, ng\u01b0\u1eddi th\u01b0\u1edfng tr\u00e0 s\u1ebd th\u1ea5y h\u1eadu ng\u1ecdt \u0111\u1eadm b\u00f9i \u1edf s\u00e2u trong h\u1ecdng t\u1ea1o c\u1ea3m gi\u00e1c l\u00e2ng l\u00e2ng kh\u00f3 t\u1ea3 m\u00e0 s\u1ea3ng kho\u00e1i v\u00f4 c\u00f9ng ch\u1ec9 c\u00f3 t\u1ea1i S\u01a1n Dung Tr\u00e0<\/p>","protected":false},"excerpt":{"rendered":"<p>H\u1ea1n s\u1eed d\u1ee5ng<span class=\"mlr-1\">:<\/span><span class=\"ml-1\">12 th\u00e1ng k\u1ec3 t\u1eeb ng\u00e0y s\u1ea3n xu\u1ea5t<\/span><\/p>","protected":false},"featured_media":5112,"comment_status":"open","ping_status":"closed","template":"","meta":{"_acf_changed":false},"product_cat":[321,22],"product_tag":[],"class_list":{"0":"post-6197","1":"product","2":"type-product","3":"status-publish","4":"has-post-thumbnail","6":"product_cat-che","7":"product_cat-sanphamthucpham","9":"first","10":"instock","11":"shipping-taxable","12":"purchasable","13":"product-type-simple"},"acf":[],"_links":{"self":[{"href":"https:\/\/b2c.fairs.vn\/en\/wp-json\/wp\/v2\/product\/6197","targetHints":{"allow":["GET"]}}],"collection":[{"href":"https:\/\/b2c.fairs.vn\/en\/wp-json\/wp\/v2\/product"}],"about":[{"href":"https:\/\/b2c.fairs.vn\/en\/wp-json\/wp\/v2\/types\/product"}],"replies":[{"embeddable":true,"href":"https:\/\/b2c.fairs.vn\/en\/wp-json\/wp\/v2\/comments?post=6197"}],"version-history":[{"count":0,"href":"https:\/\/b2c.fairs.vn\/en\/wp-json\/wp\/v2\/product\/6197\/revisions"}],"wp:featuredmedia":[{"embeddable":true,"href":"https:\/\/b2c.fairs.vn\/en\/wp-json\/wp\/v2\/media\/5112"}],"wp:attachment":[{"href":"https:\/\/b2c.fairs.vn\/en\/wp-json\/wp\/v2\/media?parent=6197"}],"wp:term":[{"taxonomy":"product_cat","embeddable":true,"href":"https:\/\/b2c.fairs.vn\/en\/wp-json\/wp\/v2\/product_cat?post=6197"},{"taxonomy":"product_tag","embeddable":true,"href":"https:\/\/b2c.fairs.vn\/en\/wp-json\/wp\/v2\/product_tag?post=6197"}],"curies":[{"name":"wp","href":"https:\/\/api.w.org\/{rel}","templated":true}]}}