{"id":6196,"date":"2024-03-20T15:44:45","date_gmt":"2024-03-20T08:44:45","guid":{"rendered":"https:\/\/b2c.fairs.vn\/?post_type=product&#038;p=6196"},"modified":"2024-03-27T13:25:51","modified_gmt":"2024-03-27T06:25:51","slug":"thao-duoc-mat-gan","status":"publish","type":"product","link":"https:\/\/b2c.fairs.vn\/en\/product\/thao-duoc-mat-gan\/","title":{"rendered":"TH\u1ea2O D\u01af\u1ee2C M\u00c1T GAN"},"content":{"rendered":"<p>&#8211; Th\u00e0nh ph\u1ea7n: Gi\u1ea3o c\u1ed5 lam, c\u00e0 gai leo, hoa atiso, c\u00e2y an xoa, x\u1ea1 \u0111en, t\u1ea7m g\u1eedi g\u1ea1o t\u00eda.<\/p>\n<p>&#8211; \u0110\u1ed1i t\u01b0\u1ee3ng s\u1eed d\u1ee5ng: Ng\u01b0\u1eddi b\u1ecb vi\u00eam gan, x\u01a1 gan, suy gan, men gan t\u0103ng. Ng\u01b0\u1eddi b\u1ecb m\u1ee1 m\u00e1u cao. Ng\u01b0\u1eddi c\u00f3 ch\u1ee9c n\u0103ng gan k\u00e9m bi\u1ec3u hi\u1ec7n: v\u00e0ng da, s\u1ea1m da, m\u1ea9n ng\u1ee9a, m\u1ee5n nh\u1ecdt ngo\u00e0i da, ch\u00e1n \u0103n, m\u1ec7t m\u1ecfi.<\/p>\n<p>&#8211; C\u00e1ch d\u00f9ng: ng\u00e0y s\u1eafc n\u01b0\u1edbc u\u1ed1ng 40gram.<\/p>","protected":false},"excerpt":{"rendered":"<p>&#8211; Th\u00e0nh ph\u1ea7n: Gi\u1ea3o c\u1ed5 lam, c\u00e0 gai leo, hoa atiso, c\u00e2y an xoa, x\u1ea1 \u0111en, t\u1ea7m g\u1eedi g\u1ea1o t\u00eda.<\/p>\n<p>&#8211; \u0110\u1ed1i t\u01b0\u1ee3ng s\u1eed d\u1ee5ng: Ng\u01b0\u1eddi b\u1ecb vi\u00eam gan, x\u01a1 gan, suy gan, men gan t\u0103ng. Ng\u01b0\u1eddi b\u1ecb m\u1ee1 m\u00e1u cao. Ng\u01b0\u1eddi c\u00f3 ch\u1ee9c n\u0103ng gan k\u00e9m bi\u1ec3u hi\u1ec7n: v\u00e0ng da, s\u1ea1m da, m\u1ea9n ng\u1ee9a, m\u1ee5n nh\u1ecdt ngo\u00e0i da, ch\u00e1n \u0103n, m\u1ec7t m\u1ecfi.<\/p>\n<p>&#8211; C\u00e1ch d\u00f9ng: ng\u00e0y s\u1eafc n\u01b0\u1edbc u\u1ed1ng 40gram.<\/p>","protected":false},"featured_media":6201,"comment_status":"open","ping_status":"closed","template":"","meta":{"_acf_changed":false},"product_cat":[332,333],"product_tag":[],"class_list":{"0":"post-6196","1":"product","2":"type-product","3":"status-publish","4":"has-post-thumbnail","6":"product_cat-san-pham-duoc-lieu-va-san-pham-tu-duoc-lieu","7":"product_cat-thuc-pham-chuc-nang-thuoc-duoc-lieu-thuoc-y-hoc-co-truyen","9":"first","10":"instock","11":"shipping-taxable","12":"product-type-simple"},"acf":[],"_links":{"self":[{"href":"https:\/\/b2c.fairs.vn\/en\/wp-json\/wp\/v2\/product\/6196","targetHints":{"allow":["GET"]}}],"collection":[{"href":"https:\/\/b2c.fairs.vn\/en\/wp-json\/wp\/v2\/product"}],"about":[{"href":"https:\/\/b2c.fairs.vn\/en\/wp-json\/wp\/v2\/types\/product"}],"replies":[{"embeddable":true,"href":"https:\/\/b2c.fairs.vn\/en\/wp-json\/wp\/v2\/comments?post=6196"}],"version-history":[{"count":0,"href":"https:\/\/b2c.fairs.vn\/en\/wp-json\/wp\/v2\/product\/6196\/revisions"}],"wp:featuredmedia":[{"embeddable":true,"href":"https:\/\/b2c.fairs.vn\/en\/wp-json\/wp\/v2\/media\/6201"}],"wp:attachment":[{"href":"https:\/\/b2c.fairs.vn\/en\/wp-json\/wp\/v2\/media?parent=6196"}],"wp:term":[{"taxonomy":"product_cat","embeddable":true,"href":"https:\/\/b2c.fairs.vn\/en\/wp-json\/wp\/v2\/product_cat?post=6196"},{"taxonomy":"product_tag","embeddable":true,"href":"https:\/\/b2c.fairs.vn\/en\/wp-json\/wp\/v2\/product_tag?post=6196"}],"curies":[{"name":"wp","href":"https:\/\/api.w.org\/{rel}","templated":true}]}}