{"id":6190,"date":"2024-03-20T15:43:10","date_gmt":"2024-03-20T08:43:10","guid":{"rendered":"https:\/\/b2c.fairs.vn\/?post_type=product&#038;p=6190"},"modified":"2024-03-27T13:25:45","modified_gmt":"2024-03-27T06:25:45","slug":"kim-ngan-hoa","status":"publish","type":"product","link":"https:\/\/b2c.fairs.vn\/en\/product\/kim-ngan-hoa\/","title":{"rendered":"KIM NG\u00c2N HOA"},"content":{"rendered":"<p>&#8211; H\u01b0\u1edbng d\u1eabn tham kh\u1ea3o: Theo \u0111\u00f4ng y c\u00e1c \u0111\u1ed1i t\u01b0\u1ee3ng c\u00f3 th\u1ec3 s\u1eed d\u1ee5ng. T\u1ed1t cho b\u1ec7nh nh\u00e2n m\u1eafc vi\u00eam xoong c\u1ea5p v\u00e0 m\u00e3n t\u00ednh, ti\u00eau m\u1ee5n nh\u1ecdt, d\u1ecb \u1ee9ng m\u1ea9n ng\u1ee9a, gi\u1ea3i c\u1ea3m c\u00fam, tr\u1ecb vi\u00eam h\u1ecdng, \u0111au h\u1ecdng, quay b\u1ecb, t\u0103ng c\u01b0\u1eddng chuy\u1ec3n h\u00f3a ch\u1ea5t b\u00e9o, gi\u00fap gi\u1ea3m c\u00e2n hi\u1ec7u qu\u1ea3<\/p>\n<p>&#8211; C\u00e1ch d\u00f9ng: s\u1eafc n\u01b0\u1edbc u\u1ed1ng ng\u00e0y d\u00f9ng t\u1eeb 20 gram \u0111\u1ebfn 30 gram<\/p>","protected":false},"excerpt":{"rendered":"<p>&#8211; H\u01b0\u1edbng d\u1eabn tham kh\u1ea3o: Theo \u0111\u00f4ng y c\u00e1c \u0111\u1ed1i t\u01b0\u1ee3ng c\u00f3 th\u1ec3 s\u1eed d\u1ee5ng. T\u1ed1t cho b\u1ec7nh nh\u00e2n m\u1eafc vi\u00eam xoong c\u1ea5p v\u00e0 m\u00e3n t\u00ednh, ti\u00eau m\u1ee5n nh\u1ecdt, d\u1ecb \u1ee9ng m\u1ea9n ng\u1ee9a, gi\u1ea3i c\u1ea3m c\u00fam, tr\u1ecb vi\u00eam h\u1ecdng, \u0111au h\u1ecdng, quay b\u1ecb, t\u0103ng c\u01b0\u1eddng chuy\u1ec3n h\u00f3a ch\u1ea5t b\u00e9o, gi\u00fap gi\u1ea3m c\u00e2n hi\u1ec7u qu\u1ea3<\/p>\n<p>&#8211; C\u00e1ch d\u00f9ng: s\u1eafc n\u01b0\u1edbc u\u1ed1ng ng\u00e0y d\u00f9ng t\u1eeb 20 gram \u0111\u1ebfn 30 gram<\/p>","protected":false},"featured_media":6191,"comment_status":"open","ping_status":"closed","template":"","meta":{"_acf_changed":false},"product_cat":[332,333],"product_tag":[],"class_list":{"0":"post-6190","1":"product","2":"type-product","3":"status-publish","4":"has-post-thumbnail","6":"product_cat-san-pham-duoc-lieu-va-san-pham-tu-duoc-lieu","7":"product_cat-thuc-pham-chuc-nang-thuoc-duoc-lieu-thuoc-y-hoc-co-truyen","9":"first","10":"instock","11":"shipping-taxable","12":"product-type-simple"},"acf":[],"_links":{"self":[{"href":"https:\/\/b2c.fairs.vn\/en\/wp-json\/wp\/v2\/product\/6190","targetHints":{"allow":["GET"]}}],"collection":[{"href":"https:\/\/b2c.fairs.vn\/en\/wp-json\/wp\/v2\/product"}],"about":[{"href":"https:\/\/b2c.fairs.vn\/en\/wp-json\/wp\/v2\/types\/product"}],"replies":[{"embeddable":true,"href":"https:\/\/b2c.fairs.vn\/en\/wp-json\/wp\/v2\/comments?post=6190"}],"version-history":[{"count":0,"href":"https:\/\/b2c.fairs.vn\/en\/wp-json\/wp\/v2\/product\/6190\/revisions"}],"wp:featuredmedia":[{"embeddable":true,"href":"https:\/\/b2c.fairs.vn\/en\/wp-json\/wp\/v2\/media\/6191"}],"wp:attachment":[{"href":"https:\/\/b2c.fairs.vn\/en\/wp-json\/wp\/v2\/media?parent=6190"}],"wp:term":[{"taxonomy":"product_cat","embeddable":true,"href":"https:\/\/b2c.fairs.vn\/en\/wp-json\/wp\/v2\/product_cat?post=6190"},{"taxonomy":"product_tag","embeddable":true,"href":"https:\/\/b2c.fairs.vn\/en\/wp-json\/wp\/v2\/product_tag?post=6190"}],"curies":[{"name":"wp","href":"https:\/\/api.w.org\/{rel}","templated":true}]}}