{"id":6179,"date":"2024-03-20T15:43:24","date_gmt":"2024-03-20T08:43:24","guid":{"rendered":"https:\/\/b2c.fairs.vn\/?post_type=product&#038;p=6179"},"modified":"2024-03-20T15:43:25","modified_gmt":"2024-03-20T08:43:25","slug":"tra-non-dac-biet-thao-tra","status":"publish","type":"product","link":"https:\/\/b2c.fairs.vn\/en\/product\/tra-non-dac-biet-thao-tra\/","title":{"rendered":"Tr\u00e0 n\u00f5n \u0111\u1eb7c bi\u1ec7t &#8211; Th\u1ea3o tr\u00e0"},"content":{"rendered":"<p>&#8211; Th\u00e0nh ph\u1ea7n: 100% b\u00fap ch\u00e8 xanh t\u1ef1 nhi\u00ean<\/p>\n<p>&#8211; \u0110\u01b0\u1ee3c thu h\u00e1i t\u1ec9 m\u1ec9 t\u1ea1i nh\u1eefng v\u01b0\u1eddn ch\u00e8 truy\u1ec1n th\u1ed1ng l\u00e2u n\u0103m t\u1ea1i v\u00f9ng ch\u00e8 T\u00e2n C\u01b0\u01a1ng b\u1eb1ng ph\u01b0\u01a1ng ph\u00e1p th\u1ee7 c\u00f4ng, thu ho\u1ea1ch nh\u1eefng b\u00fap tr\u00e0 non h\u00e1i \u0111\u00fang quy chu\u1ea9n 1 b\u00fap 1 l\u00e1 non.<\/p>\n<p>&#8211; N\u01b0\u1edbc tr\u00e0 s\u00e1nh c\u00f3 m\u00e0u v\u00e0ng s\u00e1ng. H\u01b0\u01a1ng th\u01a1m m\u00f9i c\u1ed1m n\u1ebfp m\u1edbi, h\u01b0\u01a1ng th\u01a1m c\u1ee7a t\u1ef1 nhi\u00ean.<\/p>\n<p>&#8211; Tr\u00e0 \u0111\u01b0\u1ee3c tr\u1ed3ng theo ti\u00eau chu\u1ea9n h\u1eefu c\u01a1.<\/p>\n<p>&#8211; H\u1ec7 th\u1ed1ng qu\u1ea3n l\u00fd an to\u00e0n th\u1ef1c ph\u1ea9m ph\u00f9 h\u1ee3p ti\u00eau chu\u1ea9n qu\u1ed1c t\u1ebf ISO 22000:2018<\/p>\n<p>&#8211; Quy tr\u00ecnh ch\u1ebf bi\u1ebfn t\u1eeb vi\u1ec7c sao s\u1ea5y, l\u00ean h\u01b0\u01a1ng ho\u00e0n to\u00e0n th\u1ee7 c\u00f4ng truy\u1ec1n th\u1ed1ng.<\/p>\n<p>&nbsp;<\/p>\n<p>Tr\u00e0 n\u00f5n gi\u1eef trong m\u00ecnh nh\u1eefng g\u00ec qu\u00ed gi\u00e1 nh\u1ea5t m\u00e0 m\u1ea3nh \u0111\u1ea5t T\u00e2n C\u01b0\u01a1ng Th\u00e1i Nguy\u00ean \u0111\u00e3 ban t\u1eb7ng. C\u00e1i trong l\u00e0nh tinh khi\u1ebft kh\u00f3 g\u00ec m\u00e0 v\u00ed m\u00e0 t\u1ea3 m\u00e0 v\u1ebd. C\u00e1i trong c\u1ee7a v\u1ecb, c\u1ee7a h\u01b0\u01a1ng, c\u1ee7a n\u01b0\u1edbc tr\u00e0 m\u00e0 ch\u1ec9 khi ta c\u1ea7m, ta ng\u1eedi, ta u\u1ed1ng m\u1edbi th\u1ea5y h\u1ebft \u0111\u01b0\u1ee3c. M\u1ed7i s\u1edbm mai th\u1ee9c d\u1eady, ng\u01b0\u1eddi h\u00e1i ch\u00e8 c\u1ea7n m\u1eabn b\u00ean nh\u1eefng v\u1ea1t ch\u00e8 xanh non, t\u1ec9 m\u1ec9 ch\u1ecdn l\u1ea5y b\u00fap m\u1ed9t l\u00e1, l\u00e1 ng\u1eadm s\u01b0\u01a1ng \u0111\u00eam. M\u1ed7i b\u00fap ch\u00e8 \u0111\u01b0\u1ee3c h\u00e1i, gi\u1eef trong m\u00ecnh gi\u1ecdt ng\u1ecdc c\u1ee7a \u0111\u1ea5t tr\u1eddi. R\u1ed3i b\u00e0n tay ngh\u1ec7 nh\u00e2n l\u00e0m tr\u00e0 l\u1ea1i ti\u1ebfp\u00a0 t\u1ee5c g\u00ecn gi\u1eef gi\u1ecdt ng\u1ecdc \u1ea5y, l\u00e0m sao cho th\u1ea5m v\u00e0o t\u1eebng nh\u00e1nh tr\u00e0 \u0111\u1ec3 khi u\u1ed1ng, ng\u01b0\u1eddi u\u1ed1ng th\u1ea5y c\u1ea3 m\u1ed9t c\u00e2u chuy\u1ec7n, m\u1ed9t d\u00f2ng \u0111\u1eddi trong \u0111\u00f3.<\/p>\n<p>&nbsp;<\/p>\n<p>Khi tr\u00e0\u00a0 v\u1eeba \u0111\u01b0\u1ee3c r\u00f3t ra ch\u00e9n, h\u01b0\u01a1ng t\u1ecfa ra ng\u00e0o ng\u1ea1t, h\u01b0\u01a1ng th\u01a1m m\u00f9i c\u1ed1m n\u1ebfp m\u1edbi, h\u01b0\u01a1ng th\u01a1m c\u1ee7a t\u1ef1 nhi\u00ean, c\u1ee7a \u0111\u1ea5t tr\u1eddi tinh t\u00fay. Sau c\u1ea3m nh\u1eadn v\u1ecb ch\u00e1t nh\u1eb9 m\u00e0 \u0111\u01b0\u1ee3m \u0111\u00e0 n\u01a1i \u0111\u1ea7u l\u01b0\u1ee1i, ng\u01b0\u1eddi th\u01b0\u1edfng tr\u00e0 s\u1ebd th\u1ea5y h\u1eadu ng\u1ecdt \u0111\u1eadm b\u00f9i \u1edf s\u00e2u trong h\u1ecdng t\u1ea1o c\u1ea3m gi\u00e1c l\u00e2ng l\u00e2ng kh\u00f3 t\u1ea3 m\u00e0 s\u1ea3ng kho\u00e1i v\u00f4 c\u00f9ng ch\u1ec9 c\u00f3 t\u1ea1i S\u01a1n Dung Tr\u00e0.<\/p>\n<p>&nbsp;<\/p>\n<p>T\u1eebng b\u00fap tr\u00e0 n\u00f5n \u0111\u01b0\u1ee3c h\u00e1i v\u00e0o l\u00fac s\u00e1ng s\u1edbm ph\u1ea3i \u0111\u01b0\u1ee3c cho v\u00e0o s\u1ecdt tre tho\u00e1ng \u0111\u1ec3 tr\u00e1nh l\u00e1 ch\u00e8 t\u01b0\u01a1i kh\u00f4ng b\u1ecb h\u1ea5p nhi\u1ec7t, nh\u1eefng b\u00fap ch\u00e8 kh\u00f4ng \u0111\u01b0\u1ee3c l\u00e8n ch\u1eb7t, tr\u00e1nh d\u1eadp n\u00e1t. Ng\u01b0\u1eddi l\u00e0m tr\u00e0 c\u1ea9n tr\u1ecdng n\u00e2ng niu t\u1eebng b\u00fap tr\u00e0. Tr\u00e0 sau khi thu h\u00e1i xong \u0111\u01b0\u1ee3c mang v\u1ec1 tr\u1ea3i ra nong 2 ti\u1ebfng r\u1ed3i cho v\u00e0o t\u00f4n xao b\u1eb1ng nhi\u1ec7t than c\u1ee7i, \u0111\u00e2y l\u00e0 m\u1ed9t c\u00f4ng \u0111o\u1ea1n k\u00ec c\u00f4ng, tr\u00e0 \u0111\u01b0\u1ee3c cho v\u00e0o t\u00f4n v\u1edbi th\u1eddi gian v\u00e0 nhi\u1ec7t \u0111\u1ed9 k\u1ef9 thu\u1eadt ri\u00eang c\u1ee7a c\u00e1c ngh\u1ec7 nh\u00e2n c\u1ee7a HTX Tr\u00e0 S\u01a1n Dung. Tr\u00e0 sau khi sao \u0111\u01b0\u1ee3c mang \u0111i v\u00f2 b\u1eb1ng c\u00e1c m\u00e1y v\u00f2 c\u00f3 c\u00e1c th\u00f4ng s\u1ed1 c\u1ee7a c\u00e1c r\u00e3nh v\u1edbi k\u1ef9 thu\u1eadt ri\u00eang do TS. Tr\u1ea7n Ng\u1ecdc Giang \u2013 Gi\u1ea3ng vi\u00ean \u0110H K\u1ef9 thu\u1eadt C\u00f4ng nghi\u1ec7p nghi\u00ean c\u1ee9u v\u00e0 l\u00e0m th\u1ef1c nghi\u1ec7m. Tr\u00e0 sau khi v\u00f2 l\u00e0m t\u01a1i s\u1ebd \u0111\u01b0\u1ee3c \u0111em s\u1ea5y qua v\u00e0 sao kh\u00f4.<\/p>\n<p>&nbsp;<\/p>\n<p>\u0110\u1ec3 t\u1ea1o ra \u0111\u01b0\u1ee3c h\u01b0\u01a1ng v\u1ecb \u0111\u1eb7c tr\u01b0ng ri\u00eang bi\u1ec7t c\u1ee7a Tr\u00e0 S\u01a1n Dung, qu\u00e1 tr\u00ecnh l\u00ean h\u01b0\u01a1ng v\u1eabn \u0111\u01b0\u1ee3c S\u01a1n Dung Tr\u00e0 s\u1eed d\u1ee5ng ph\u01b0\u01a1ng ph\u00e1p th\u1ee7 c\u00f4ng truy\u1ec1n th\u1ed1ng l\u00e0 s\u1eed d\u1ee5ng nhi\u1ec7t c\u1ee7a than c\u1ee7i. L\u1eeda l\u00fac to l\u00fac nh\u1ecf, t\u00f4n quay l\u00fac ch\u1eadm l\u00fac nhanh, n\u1ebfm th\u1eed, c\u1ea3m nh\u1eadn r\u1ed3i l\u1ea1i ch\u1edd \u0111\u1ee3i r\u1ed3i \u0111i\u1ec1u ch\u1ec9nh. Tr\u00e0 ph\u1ea3i \u0111\u01b0\u1ee3c quay \u0111\u1ee7 v\u00f2ng, l\u1eeda v\u1eeba t\u1edbi khi c\u00e1nh tr\u00e0 th\u1eadt th\u1ea5u trong l\u00f5i t\u1ecfa h\u01b0\u01a1ng th\u01a1m ng\u00e0o ng\u1ea1t. Nh\u1eefng ngh\u1ec7 nh\u00e2n c\u1ee7a HTX Tr\u00e0 S\u01a1n Dung ph\u1ea3i r\u1ea5t c\u1ea9n th\u1eadn n\u1ebfu kh\u00f4ng s\u1ebd h\u1ecfng c\u1ea3 m\u1ed9t c\u00f4ng tr\u00ecnh.<\/p>\n<p>&nbsp;<\/p>\n<p><strong>H\u01b0\u1edbng d\u1eabn pha tr\u00e0:<\/strong><\/p>\n<p>1. Ch\u1ecdn n\u01b0\u1edbc pha tr\u00e0: N\u01b0\u1edbc pha tr\u00e0 s\u1eed d\u1ee5ng n\u01b0\u1edbc su\u1ed1i ngu\u1ed3n ho\u1eb7c n\u01b0\u1edbc gi\u1ebfng kh\u01a1i l\u00e0 ngon nh\u1ea5t. Ho\u1eb7c c\u00f3 th\u1ec3 d\u00f9ng n\u01b0\u1edbc l\u1ecdc m\u00e1y \u0111\u1ec3 pha. Kh\u00f4ng n\u00ean s\u1eed d\u1ee5ng n\u01b0\u1edbc m\u00e1y ho\u1eb7c n\u01b0\u1edbc kho\u00e1ng v\u00ec s\u1ebd l\u00e0m thay \u0111\u1ed5i m\u00e0u s\u1eafc, m\u00f9i v\u1ecb c\u1ee7a n\u01b0\u1edbc tr\u00e0<\/p>\n<p>2. \u1ea4m pha tr\u00e0: N\u00ean ch\u1ecdn d\u00f9ng c\u00e1c lo\u1ea1i \u1ea5m t\u1eed sa, \u1ea5m g\u1ed1m. Trong tr\u01b0\u1eddng h\u1ee3p kh\u00f4ng c\u00f3 hai lo\u1ea1i \u1ea5m n\u00e0y th\u00ec n\u00ean ch\u1ecdn \u1ea5m s\u1ee9, tuy\u1ec7t \u0111\u1ed1i kh\u00f4ng n\u00ean d\u00f9ng \u1ea5m s\u1eaft \u0111\u1ec3 pha tr\u00e0.<\/p>\n<p>3. \u0110\u00e1nh th\u1ee9c tr\u00e0: L\u00e0m n\u00f3ng \u1ea5m b\u1eb1ng n\u01b0\u1edbc \u0111un s\u00f4i, sau \u0111\u00f3 cho m\u1ed9t l\u01b0\u1ee3ng tr\u00e0 v\u1eeba \u0111\u1ee7 v\u00e0o \u1ea5m. Cho m\u1ed9t l\u01b0\u1ee3ng n\u01b0\u1edbc s\u00f4i kho\u1ea3ng 80 \u2013 90 \u0111\u1ed9 C v\u1eeba \u0111\u1ee7 v\u00e0o \u1ea5m. Sau 3 gi\u00e2y \u0111\u1ed5 n\u01b0\u1edbc ra, d\u00f9ng n\u01b0\u1edbc n\u00e0y \u0111\u1ec3 l\u00e0m n\u00f3ng c\u00e1c ch\u00e9n tr\u00e0. Vi\u1ec7c l\u00e0m n\u00e0y gi\u00fap lo\u1ea1i b\u1ecf m\u1ed9t s\u1ed1 c\u00e1c b\u1ee5i ph\u1ea5n tr\u00e0 (c\u00f3 v\u1ecb ng\u00e1i) \u0111\u1ed3ng th\u1eddi l\u00e0m n\u00f3ng tr\u00e0 v\u00e0 n\u1edf c\u00e1nh tr\u00e0.<\/p>\n<p>4. Ch\u1ebf n\u01b0\u1edbc s\u00f4i v\u00e0o \u1ea5m: Cho m\u1ed9t l\u01b0\u1ee3ng n\u01b0\u1edbc s\u00f4i kho\u1ea3ng 80 \u2013 90 \u0111\u1ed9 C v\u1eeba \u0111\u1ee7 v\u00e0o \u1ea5m. H\u00e3m 3 ph\u00fat, sau \u0111\u00f3 \u0111\u1ed5 h\u1ebft n\u01b0\u1edbc tr\u00e0 ra ch\u00e9n t\u1ed1ng ho\u1eb7c chia \u0111\u1ec1u ra c\u00e1c ch\u00e9n qu\u00e2n. L\u01b0u \u00fd: Kh\u00f4ng n\u00ean \u0111\u1ec3 l\u1ea1i n\u01b0\u1edbc nhi\u1ec1u trong \u1ea5m v\u00ec ng\u00e2m tr\u00e0 b\u00fap non trong n\u01b0\u1edbc s\u00f4i l\u00e2u s\u1ebd l\u00e0m m\u1ea5t h\u01b0\u01a1ng v\u1ecb v\u00e0 m\u00e0u n\u01b0\u1edbc. T\u1edbi n\u01b0\u1edbc sau, n\u00ean \u0111\u1ee3i \u0111\u1ebfn khi n\u00e0o g\u1ea7n th\u01b0\u1edfng h\u1ebft ch\u00e9n \u0111\u1ea7u th\u00ec h\u00e3y ch\u1ebf th\u00eam n\u01b0\u1edbc s\u00f4i, \u0111\u1ee3i th\u00eam kho\u1ea3ng 1 ph\u00fat l\u00e0 r\u00f3t ra ngay.<\/p>\n<p>5. Ngay sau khi chia n\u01b0\u1edbc tr\u00e0 ra c\u00e1c ch\u00e9n, \u0111\u01b0a ch\u00e9n tr\u00e0 l\u1ea1i g\u1ea7n m\u0169i \u0111\u1ec3 th\u01b0\u1edfng th\u1ee9c th\u00eam m\u1ed9t l\u1ea7n n\u1eefa h\u01b0\u01a1ng c\u1ed1m t\u1ef1 nhi\u00ean c\u1ee7a tr\u00e0 sau \u0111\u00f3 t\u1eeb t\u1eeb th\u01b0\u1edfng tr\u00e0.<\/p>\n<p>&nbsp;<\/p>\n<p><strong>H\u01b0\u1edbng d\u1eabn b\u1ea3o qu\u1ea3n:<\/strong><\/p>\n<p>1. K\u1eb9p ch\u1eb7t g\u00f3i tr\u00e0 sau khi s\u1eed d\u1ee5ng. Ho\u1eb7c b\u1ea3o qu\u1ea3n trong h\u1ed9p k\u00edn.<\/p>\n<p>2. B\u1ea3o qu\u1ea3n n\u01a1i kh\u00f4 r\u00e1o tho\u00e1ng m\u00e1t, tr\u00e1nh \u00e1nh s\u00e1ng tr\u1ef1c ti\u1ebfp, tr\u00e1nh n\u01a1i \u1ea9m m\u1ed1c.<\/p>\n<p>3. Tr\u00e0 kh\u00f4 b\u1ea3o qu\u1ea3n \u0111\u01b0\u1ee3c l\u00e2u d\u00e0i trong ng\u0103n m\u00e1t t\u1ee7 l\u1ea1nh. C\u00f3 th\u1ec3 gi\u1eef \u0111\u01b0\u1ee3c m\u00f9i th\u01a1m v\u00e0 ch\u1ea5t l\u01b0\u1ee3ng tr\u00e0 l\u00e2u h\u01a1n.<\/p>\n<p>4. H\u1ea1n d\u00f9ng 01 n\u0103m k\u1ec3 t\u1eeb ng\u00e0y s\u1ea3n xu\u1ea5t.<\/p>","protected":false},"excerpt":{"rendered":"<p>&#8211; Th\u00e0nh ph\u1ea7n: 100% b\u00fap ch\u00e8 xanh t\u1ef1 nhi\u00ean &#8211; \u0110\u01b0\u1ee3c thu h\u00e1i t\u1ec9 m\u1ec9 t\u1ea1i nh\u1eefng v\u01b0\u1eddn ch\u00e8 truy\u1ec1n<\/p>","protected":false},"featured_media":5106,"comment_status":"open","ping_status":"closed","template":"","meta":{"_acf_changed":false},"product_cat":[321,22],"product_tag":[],"class_list":{"0":"post-6179","1":"product","2":"type-product","3":"status-publish","4":"has-post-thumbnail","6":"product_cat-che","7":"product_cat-sanphamthucpham","9":"first","10":"instock","11":"shipping-taxable","12":"purchasable","13":"product-type-simple"},"acf":[],"_links":{"self":[{"href":"https:\/\/b2c.fairs.vn\/en\/wp-json\/wp\/v2\/product\/6179","targetHints":{"allow":["GET"]}}],"collection":[{"href":"https:\/\/b2c.fairs.vn\/en\/wp-json\/wp\/v2\/product"}],"about":[{"href":"https:\/\/b2c.fairs.vn\/en\/wp-json\/wp\/v2\/types\/product"}],"replies":[{"embeddable":true,"href":"https:\/\/b2c.fairs.vn\/en\/wp-json\/wp\/v2\/comments?post=6179"}],"version-history":[{"count":0,"href":"https:\/\/b2c.fairs.vn\/en\/wp-json\/wp\/v2\/product\/6179\/revisions"}],"wp:featuredmedia":[{"embeddable":true,"href":"https:\/\/b2c.fairs.vn\/en\/wp-json\/wp\/v2\/media\/5106"}],"wp:attachment":[{"href":"https:\/\/b2c.fairs.vn\/en\/wp-json\/wp\/v2\/media?parent=6179"}],"wp:term":[{"taxonomy":"product_cat","embeddable":true,"href":"https:\/\/b2c.fairs.vn\/en\/wp-json\/wp\/v2\/product_cat?post=6179"},{"taxonomy":"product_tag","embeddable":true,"href":"https:\/\/b2c.fairs.vn\/en\/wp-json\/wp\/v2\/product_tag?post=6179"}],"curies":[{"name":"wp","href":"https:\/\/api.w.org\/{rel}","templated":true}]}}