{"id":6159,"date":"2024-03-20T15:34:22","date_gmt":"2024-03-20T08:34:22","guid":{"rendered":"https:\/\/b2c.fairs.vn\/?post_type=product&#038;p=6159"},"modified":"2024-03-28T10:54:59","modified_gmt":"2024-03-28T03:54:59","slug":"tra-moc-cau-nhi-tra","status":"publish","type":"product","link":"https:\/\/b2c.fairs.vn\/en\/product\/tra-moc-cau-nhi-tra\/","title":{"rendered":"Tr\u00e0 m\u00f3c c\u00e2u &#8211; Nh\u1ecb tr\u00e0"},"content":{"rendered":"<p>&#8211; Th\u00e0nh ph\u1ea7n: 100% b\u00fap ch\u00e8 xanh t\u1ef1 nhi\u00ean<\/p>\n<p>&#8211; Lo\u1ea1i tr\u00e0 n\u00e0y c\u00f3 h\u00ecnh d\u00e1ng nh\u01b0 chi\u1ebfc m\u00f3c c\u00e2u cong cong, ng\u1eafn m\u00e0 thanh. B\u1edfi l\u1ebd, t\u1eebng nh\u00e1nh tr\u00e0 con con cong \u1ea5y l\u00e0 ti\u00eau ch\u1ec9 \u201c m\u1ed9t t\u00f4m hai l\u00e1 non\u201d \u0111\u01b0\u1ee3c h\u00e1i th\u1ee7 c\u00f4ng tr\u00ean nh\u1eefng \u0111\u1ed3i ch\u00e8 \u0111\u1ea1t ti\u00eau chu\u1ea9n VietGap theo h\u01b0\u1edbng h\u1eefu c\u01a1 v\u00e0o m\u1ed7i s\u1edbm tinh s\u01b0\u01a1ng, khi n\u1eafng v\u1eeba l\u00ean.<\/p>\n<p>&#8211; N\u01b0\u1edbc tr\u00e0 s\u00e1nh c\u00f3 m\u00e0u v\u00e0ng s\u00e1ng. H\u01b0\u01a1ng th\u01a1m m\u00f9i c\u1ed1m n\u1ebfp m\u1edbi, h\u01b0\u01a1ng th\u01a1m c\u1ee7a t\u1ef1 nhi\u00ean.<\/p>\n<p>&#8211; H\u1ec7 th\u1ed1ng qu\u1ea3n l\u00fd an to\u00e0n th\u1ef1c ph\u1ea9m ph\u00f9 h\u1ee3p ti\u00eau chu\u1ea9n qu\u1ed1c t\u1ebf ISO 22000:2018<\/p>\n<p>&#8211; Quy tr\u00ecnh ch\u1ebf bi\u1ebfn t\u1eeb vi\u1ec7c sao s\u1ea5y, l\u00ean h\u01b0\u01a1ng ho\u00e0n to\u00e0n th\u1ee7 c\u00f4ng truy\u1ec1n th\u1ed1ng<\/p>\n<p>&nbsp;<\/p>\n<p>\u0110\u00fang nh\u01b0 t\u00ean g\u1ecdi, lo\u1ea1i tr\u00e0 n\u00e0y c\u00f3 h\u00ecnh d\u00e1ng nh\u01b0 chi\u1ebfc m\u00f3c c\u00e2u cong cong, ng\u1eafn m\u00e0 thanh. B\u1edfi l\u1ebd, t\u1eebng nh\u00e1nh tr\u00e0 con con cong \u1ea5y l\u00e0 ti\u00eau ch\u1ec9 \u201c m\u1ed9t t\u00f4m hai l\u00e1 non\u201d \u0111\u01b0\u1ee3c h\u00e1i th\u1ee7 c\u00f4ng tr\u00ean nh\u1eefng \u0111\u1ed3i ch\u00e8 \u0111\u1ea1t ti\u00eau chu\u1ea9n VietGap theo h\u01b0\u1edbng h\u1eefu c\u01a1 v\u00e0o m\u1ed7i s\u1edbm tinh s\u01b0\u01a1ng, khi n\u1eafng v\u1eeba l\u00ean.<\/p>\n<p>&nbsp;<\/p>\n<p>Ng\u01b0\u1eddi kh\u00f4ng bi\u1ebft, nh\u00ecn tho\u00e1ng qua c\u1ee9 ngh\u0129 tr\u00e0 t\u00e2n c\u01b0\u01a1ng m\u00f3c c\u00e2u b\u1ecb m\u1ed1c b\u1edfi c\u00e1i \u00e1nh b\u1ea1c \u0111\u1eb7c tr\u01b0ng m\u00e0 kh\u00f4ng lo\u1ea1i tr\u00e0 n\u00e0o c\u00f3. C\u00e1i \u00e1nh b\u1ea1c nh\u00ecn m\u1ed9c m\u00e0 l\u1ea1i r\u1ea5t sang \u1ea5y l\u00e0 th\u1ee9 r\u1ea5t ri\u00eang c\u1ee7a T\u00e2n C\u01b0\u01a1ng m\u00f3c c\u00e2u.<\/p>\n<p>&nbsp;<\/p>\n<p>L\u00e1 ch\u00e8 t\u01b0\u01a1i \u0111\u01b0\u1ee3c l\u01b0u gi\u1eef sau khi h\u00e1i b\u1eb1ng s\u1ecdt tre \u0111\u1ea3m b\u1ea3o \u0111\u1ed9 th\u00f4ng tho\u00e1ng c\u1ea7n thi\u1ebft nh\u01b0ng ph\u1ea3i gi\u1eef \u0111\u01b0\u1ee3c \u0111\u1ed9 t\u01b0\u01a1i ngon, kh\u00f4ng b\u1ecb l\u00e8n ch\u1eb7t hay d\u1eadp n\u00e1t. Ng\u01b0\u1eddi l\u00e0m tr\u00e0 n\u00e2ng niu t\u1eebng b\u00fap non nh\u01b0 nh\u1eefng \u0111\u1ee9a con tinh th\u1ea7n c\u1ee7a m\u00ecnh. Sau th\u1eddi gian hong kh\u00f4 tr\u00ean nh\u1eefng t\u1ea5m ph\u00ean tre l\u00e0 c\u00f4ng \u0111o\u1ea1n l\u00e0m h\u00e9o v\u00e0 v\u00f2. L\u00e0m h\u00e9o tr\u00ean h\u1ec7 th\u1ed1ng t\u00f4n quay d\u00e0i d\u01b0\u1edbi t\u00e1c d\u1ee5ng c\u1ee7a nhi\u1ec7t than c\u1ee7i, qu\u00e1 tr\u00ecnh v\u00f2 \u0111\u1ec3 t\u1ea1o \u0111\u1ed9 x\u1ed1p c\u00e1nh v\u00e0 \u0111\u1ed9 qu\u0103n. C\u00e1c c\u00f4ng \u0111o\u1ea1n n\u00e0y \u0111\u00f2i h\u1ecfi s\u1ef1 t\u1ec9 m\u1ec9, kh\u1eaft khe do ph\u1ea7n l\u1edbn c\u1ea3m nh\u1eadn b\u1eb1ng kinh nghi\u1ec7m l\u00e2u n\u0103m c\u1ee7a ng\u01b0\u1eddi l\u00e0m tr\u00e0 chuy\u00ean nghi\u1ec7p. C\u00e1c m\u00e1y v\u00f2 c\u00f3 g\u00e2n \u0111\u01b0\u1ee3c t\u00ednh to\u00e1n v\u00e0 nghi\u00ean c\u1ee9u th\u1ef1c nghi\u1ec7m d\u00e0y c\u00f4ng c\u1ee7a nh\u00f3m t\u00e1c gi\u1ea3 do TS.Tr\u1ea7n Ng\u1ecdc Giang, gi\u1ea3ng vi\u00ean Tr\u01b0\u1eddng \u0110H K\u1ef9 thu\u1eadt C\u00f4ng nghi\u1ec7p chuy\u1ec3n giao c\u00f4ng ngh\u1ec7. Ti\u1ebfp \u0111\u1ebfn l\u00e0 c\u00f4ng \u0111o\u1ea1n hong kh\u00f4 qua r\u1ed3i cho v\u00e0o sao s\u1ea5y. L\u00fac n\u00e0y s\u1ea3n ph\u1ea9m \u0111\u01b0\u1ee3c g\u1ecdi l\u00e0 tr\u00e0 m\u1ed9c-ch\u01b0a l\u00ean h\u01b0\u01a1ng.<\/p>\n<p>&nbsp;<\/p>\n<p>\u0110\u1ec3 t\u1ea1o ra \u0111\u01b0\u1ee3c h\u01b0\u01a1ng v\u1ecb \u0111\u1eb7c tr\u01b0ng ri\u00eang bi\u1ec7t, qu\u00e1 tr\u00ecnh l\u00ean h\u01b0\u01a1ng v\u1eabn \u0111\u01b0\u1ee3c S\u01a1n Dung Tr\u00e0 s\u1eed d\u1ee5ng ngu\u1ed3n nhi\u1ec7t truy\u1ec1n th\u1ed1ng c\u1ee7a than c\u1ee7i. L\u1eeda l\u00fac to, l\u00fac nh\u1ecf, t\u00f4n quay l\u00fac nhanh l\u00fac l\u1ea1i ch\u1eadm, n\u1ebfm th\u1eed, c\u1ea3m nh\u1eadn r\u1ed3i ch\u1edd \u0111i\u1ec1u ch\u1ec9nh, c\u1ea3m nh\u1eadn nhi\u1ec7t trong l\u00f2 do gi\u00e1c quan \u201cth\u1ee9 6\u201d. Tr\u00e0 ph\u1ea3i \u0111\u01b0\u1ee3c quay \u0111\u1ee7 v\u00f2ng, l\u1eeda v\u1eeba t\u1edbi khi th\u1eadt th\u1ea5u trong l\u00f5i t\u1ecfa h\u01b0\u01a1ng th\u01a1m ng\u00e0o ng\u1ea1t.<\/p>\n<p>&nbsp;<\/p>\n<p>Tr\u00e0 ra kh\u1ecfi l\u00f2 sau l\u00ean h\u01b0\u01a1ng th\u01b0\u1eddng \u0111\u01b0\u1ee3c hong ngu\u1ed9i \u0111\u1ec3 b\u1ea3o qu\u1ea3n t\u1ed1t h\u01a1n, khi pha tr\u00e0, m\u00f9i h\u01b0\u01a1ng h\u1ea5p d\u1eabn bao th\u1ef1c kh\u00e1ch kh\u00f3 t\u00ednh, \u0111\u1ebfn khi nh\u1ea5p v\u00e0i ng\u1ee5m th\u00ec c\u1ea3m nh\u1eadn m\u00f9i c\u1ed1m n\u1ebfp m\u1edbi, v\u1ecb ch\u00e1t nh\u1eb9 n\u01a1i \u0111\u1ea7u l\u01b0\u1ee1i, m\u00e0u xanh \u00e1nh v\u00e0ng s\u00f3ng s\u00e1nh, sau c\u00f9ng l\u00e0 \u0111\u1ed9 \u201cng\u1ecdt gi\u1ecdng\u201d n\u01a1i cu\u1ed1ng h\u1ecdng, c\u1ea3m gi\u00e1c thanh tao th\u01b0 gi\u00e3n v\u00f4 c\u00f9ng ch\u1ec9 c\u00f3 t\u1ea1i S\u01a1n Dung Tr\u00e0.<\/p>\n<p>&nbsp;<\/p>\n<p><strong>H\u01b0\u1edbng d\u1eabn pha tr\u00e0:<\/strong><\/p>\n<p>1. Ch\u1ecdn n\u01b0\u1edbc pha tr\u00e0: N\u01b0\u1edbc pha tr\u00e0 s\u1eed d\u1ee5ng n\u01b0\u1edbc su\u1ed1i ngu\u1ed3n ho\u1eb7c n\u01b0\u1edbc gi\u1ebfng kh\u01a1i l\u00e0 ngon nh\u1ea5t. Ho\u1eb7c c\u00f3 th\u1ec3 d\u00f9ng n\u01b0\u1edbc l\u1ecdc m\u00e1y \u0111\u1ec3 pha. Kh\u00f4ng n\u00ean s\u1eed d\u1ee5ng n\u01b0\u1edbc m\u00e1y ho\u1eb7c n\u01b0\u1edbc kho\u00e1ng v\u00ec s\u1ebd l\u00e0m thay \u0111\u1ed5i m\u00e0u s\u1eafc, m\u00f9i v\u1ecb c\u1ee7a n\u01b0\u1edbc tr\u00e0<\/p>\n<p>2. \u1ea4m pha tr\u00e0: N\u00ean ch\u1ecdn d\u00f9ng c\u00e1c lo\u1ea1i \u1ea5m t\u1eed sa, \u1ea5m g\u1ed1m. Trong tr\u01b0\u1eddng h\u1ee3p kh\u00f4ng c\u00f3 hai lo\u1ea1i \u1ea5m n\u00e0y th\u00ec n\u00ean ch\u1ecdn \u1ea5m s\u1ee9, tuy\u1ec7t \u0111\u1ed1i kh\u00f4ng n\u00ean d\u00f9ng \u1ea5m s\u1eaft \u0111\u1ec3 pha tr\u00e0.<\/p>\n<p>3. \u0110\u00e1nh th\u1ee9c tr\u00e0: L\u00e0m n\u00f3ng \u1ea5m b\u1eb1ng n\u01b0\u1edbc \u0111un s\u00f4i, sau \u0111\u00f3 cho m\u1ed9t l\u01b0\u1ee3ng tr\u00e0 v\u1eeba \u0111\u1ee7 v\u00e0o \u1ea5m. Cho m\u1ed9t l\u01b0\u1ee3ng n\u01b0\u1edbc s\u00f4i kho\u1ea3ng 80 \u2013 90 \u0111\u1ed9 C v\u1eeba \u0111\u1ee7 v\u00e0o \u1ea5m. Sau 3 gi\u00e2y \u0111\u1ed5 n\u01b0\u1edbc ra, d\u00f9ng n\u01b0\u1edbc n\u00e0y \u0111\u1ec3 l\u00e0m n\u00f3ng c\u00e1c ch\u00e9n tr\u00e0. Vi\u1ec7c l\u00e0m n\u00e0y gi\u00fap lo\u1ea1i b\u1ecf m\u1ed9t s\u1ed1 c\u00e1c b\u1ee5i ph\u1ea5n tr\u00e0 (c\u00f3 v\u1ecb ng\u00e1i) \u0111\u1ed3ng th\u1eddi l\u00e0m n\u00f3ng tr\u00e0 v\u00e0 n\u1edf c\u00e1nh tr\u00e0.<\/p>\n<p>4. Ch\u1ebf n\u01b0\u1edbc s\u00f4i v\u00e0o \u1ea5m: Cho m\u1ed9t l\u01b0\u1ee3ng n\u01b0\u1edbc s\u00f4i kho\u1ea3ng 80 \u2013 90 \u0111\u1ed9 C v\u1eeba \u0111\u1ee7 v\u00e0o \u1ea5m. H\u00e3m 3 ph\u00fat, sau \u0111\u00f3 \u0111\u1ed5 h\u1ebft n\u01b0\u1edbc tr\u00e0 ra ch\u00e9n t\u1ed1ng ho\u1eb7c chia \u0111\u1ec1u ra c\u00e1c ch\u00e9n qu\u00e2n. L\u01b0u \u00fd: Kh\u00f4ng n\u00ean \u0111\u1ec3 l\u1ea1i n\u01b0\u1edbc nhi\u1ec1u trong \u1ea5m v\u00ec ng\u00e2m tr\u00e0 b\u00fap non trong n\u01b0\u1edbc s\u00f4i l\u00e2u s\u1ebd l\u00e0m m\u1ea5t h\u01b0\u01a1ng v\u1ecb v\u00e0 m\u00e0u n\u01b0\u1edbc. T\u1edbi n\u01b0\u1edbc sau, n\u00ean \u0111\u1ee3i \u0111\u1ebfn khi n\u00e0o g\u1ea7n th\u01b0\u1edfng h\u1ebft ch\u00e9n \u0111\u1ea7u th\u00ec h\u00e3y ch\u1ebf th\u00eam n\u01b0\u1edbc s\u00f4i, \u0111\u1ee3i th\u00eam kho\u1ea3ng 1 ph\u00fat l\u00e0 r\u00f3t ra ngay.<\/p>\n<p>5. Ngay sau khi chia n\u01b0\u1edbc tr\u00e0 ra c\u00e1c ch\u00e9n, \u0111\u01b0a ch\u00e9n tr\u00e0 l\u1ea1i g\u1ea7n m\u0169i \u0111\u1ec3 th\u01b0\u1edfng th\u1ee9c th\u00eam m\u1ed9t l\u1ea7n n\u1eefa h\u01b0\u01a1ng c\u1ed1m t\u1ef1 nhi\u00ean c\u1ee7a tr\u00e0 sau \u0111\u00f3 t\u1eeb t\u1eeb th\u01b0\u1edfng tr\u00e0.<\/p>\n<p>&nbsp;<\/p>\n<p><strong>H\u01b0\u1edbng d\u1eabn b\u1ea3o qu\u1ea3n:<\/strong><\/p>\n<p>1. K\u1eb9p ch\u1eb7t g\u00f3i tr\u00e0 sau khi s\u1eed d\u1ee5ng. Ho\u1eb7c b\u1ea3o qu\u1ea3n trong h\u1ed9p k\u00edn.<\/p>\n<p>2. B\u1ea3o qu\u1ea3n n\u01a1i kh\u00f4 r\u00e1o tho\u00e1ng m\u00e1t, tr\u00e1nh \u00e1nh s\u00e1ng tr\u1ef1c ti\u1ebfp, tr\u00e1nh n\u01a1i \u1ea9m m\u1ed1c.<\/p>\n<p>3. Tr\u00e0 kh\u00f4 b\u1ea3o qu\u1ea3n \u0111\u01b0\u1ee3c l\u00e2u d\u00e0i trong ng\u0103n m\u00e1t t\u1ee7 l\u1ea1nh. C\u00f3 th\u1ec3 gi\u1eef \u0111\u01b0\u1ee3c m\u00f9i th\u01a1m v\u00e0 ch\u1ea5t l\u01b0\u1ee3ng tr\u00e0 l\u00e2u h\u01a1n.<\/p>\n<p>4. H\u1ea1n d\u00f9ng 01 n\u0103m k\u1ec3 t\u1eeb ng\u00e0y s\u1ea3n xu\u1ea5t.<\/p>","protected":false},"excerpt":{"rendered":"<div class=\"my-2 py-2\">Gi\u00e1<span class=\"mlr-1\">:<\/span><span class=\"ml-1\">400,000\u20ab \/ 1kg<\/span><\/div>\n<div class=\"my-2 py-2\">Xu\u1ea5t x\u1ee9<span class=\"mlr-1\">:<\/span><span class=\"ml-1\">T\u00e2n C\u01b0\u01a1ng Th\u00e1i Nguy\u00ean<\/span><\/div>\n<div class=\"my-2 py-2\">B\u1ea3o qu\u1ea3n<span class=\"mlr-1\">:<\/span><span class=\"ml-1\">\u0110\u1ec3 n\u01a1i kh\u00f4 r\u00e1o, tho\u00e1ng m\u00e1t, tr\u00e1nh \u00e1nh n\u1eafng tr\u1ef1c ti\u1ebfp<\/span><\/div>\n<div class=\"my-2 py-2\">Th\u00e0nh ph\u1ea7n<span class=\"mlr-1\">:<\/span><span class=\"ml-1\">100% b\u00fap ch\u00e8 xanh nguy\u00ean ch\u1ea5t<\/span><\/div>\n<div class=\"my-2 py-2\">Kh\u1ed1i l\u01b0\u1ee3ng<span class=\"mlr-1\">:<\/span><span class=\"ml-1\">G\u00f3i 100g, 200g \u0111\u00f3ng h\u00fat ch\u00e2n kh\u00f4ng<\/span><\/div>\n<div class=\"my-2 py-2\">Th\u01b0\u01a1ng hi\u1ec7u<span class=\"mlr-1\">:<\/span><span class=\"ml-1\">S\u01a1n Dung Tr\u00e0<\/span><\/div>\n<div class=\"my-2 py-2\">H\u1ea1n s\u1eed d\u1ee5ng<span class=\"mlr-1\">:<\/span><span class=\"ml-1\">12 th\u00e1ng k\u1ec3 t\u1eeb ng\u00e0y s\u1ea3n xu\u1ea5t<\/span><\/div>","protected":false},"featured_media":5100,"comment_status":"open","ping_status":"closed","template":"","meta":{"_acf_changed":false},"product_cat":[321,22],"product_tag":[],"class_list":{"0":"post-6159","1":"product","2":"type-product","3":"status-publish","4":"has-post-thumbnail","6":"product_cat-che","7":"product_cat-sanphamthucpham","9":"first","10":"instock","11":"shipping-taxable","12":"purchasable","13":"product-type-simple"},"acf":[],"_links":{"self":[{"href":"https:\/\/b2c.fairs.vn\/en\/wp-json\/wp\/v2\/product\/6159","targetHints":{"allow":["GET"]}}],"collection":[{"href":"https:\/\/b2c.fairs.vn\/en\/wp-json\/wp\/v2\/product"}],"about":[{"href":"https:\/\/b2c.fairs.vn\/en\/wp-json\/wp\/v2\/types\/product"}],"replies":[{"embeddable":true,"href":"https:\/\/b2c.fairs.vn\/en\/wp-json\/wp\/v2\/comments?post=6159"}],"version-history":[{"count":0,"href":"https:\/\/b2c.fairs.vn\/en\/wp-json\/wp\/v2\/product\/6159\/revisions"}],"wp:featuredmedia":[{"embeddable":true,"href":"https:\/\/b2c.fairs.vn\/en\/wp-json\/wp\/v2\/media\/5100"}],"wp:attachment":[{"href":"https:\/\/b2c.fairs.vn\/en\/wp-json\/wp\/v2\/media?parent=6159"}],"wp:term":[{"taxonomy":"product_cat","embeddable":true,"href":"https:\/\/b2c.fairs.vn\/en\/wp-json\/wp\/v2\/product_cat?post=6159"},{"taxonomy":"product_tag","embeddable":true,"href":"https:\/\/b2c.fairs.vn\/en\/wp-json\/wp\/v2\/product_tag?post=6159"}],"curies":[{"name":"wp","href":"https:\/\/api.w.org\/{rel}","templated":true}]}}