{"id":6153,"date":"2024-03-20T15:32:27","date_gmt":"2024-03-20T08:32:27","guid":{"rendered":"https:\/\/b2c.fairs.vn\/?post_type=product&#038;p=6153"},"modified":"2024-04-09T16:32:21","modified_gmt":"2024-04-09T09:32:21","slug":"che-xanh-ngoc-thuy-hop-tron","status":"publish","type":"product","link":"https:\/\/b2c.fairs.vn\/en\/product\/che-xanh-ngoc-thuy-hop-tron\/","title":{"rendered":"Ch\u00e8 xanh Ng\u1ecdc Th\u00fay h\u1ed9p tr\u00f2n"},"content":{"rendered":"<h2><strong>Th\u00e0nh ph\u1ea7n<\/strong><\/h2>\n<p>Tr\u00e0 xanh<\/p>\n<h2><strong>C\u00e1ch s\u1eed d\u1ee5ng<\/strong><\/h2>\n<ul>\n<li><strong>B\u01b0\u1edbc 1:<\/strong>\u00a0Tr\u00e1ng \u1ea5m ch\u00e9n: R\u00f3t n\u01b0\u1edbc s\u00f4i 100\u00b0c v\u00e0o \u1ea5m pha tr\u00e0, tr\u00e1ng \u0111\u1ec1u m\u1eb7t trong \u1ea5m tr\u00e0 r\u1ed3i \u0111\u1ed5 n\u01b0\u1edbc \u0111i.<\/li>\n<li><strong>B\u01b0\u1edbc 2:<\/strong>\u00a0Pha tr\u00e0: Cho l\u01b0\u1ee3ng tr\u00e0 kho\u1ea3ng 5 \u2013 8gr v\u00e0o \u1ea5m \u0111\u00e3 \u0111\u01b0\u1ee3c tr\u00e1ng. L\u1eafc nh\u1eb9 \u1ea5m \u0111\u1ec3 \u0111\u00e1nh th\u1ee9c tr\u00e0. Sau \u0111\u00f3, d\u00f9ng n\u01b0\u1edbc s\u00f4i \u0111\u1ec3 ngu\u1ed9i kho\u1ea3ng 90 \u2013 95\u00b0C r\u00f3t v\u00e0o \u1ea5m tr\u00e0<\/li>\n<li><strong>B\u01b0\u1edbc 3:<\/strong>\u00a0Ch\u1edd 15 \u2013 20s. R\u00f3t tr\u00e0 ra t\u1ed1ng l\u1edbn, r\u1ed3i r\u00f3t ra t\u1eebng ch\u00e9n nh\u1ecf \u0111\u1ec3 th\u01b0\u1edfng th\u1ee9c<\/li>\n<\/ul>\n<h2><strong>B\u1ea3o qu\u1ea3n<\/strong><\/h2>\n<ul>\n<li>C\u1ea5t gi\u1eef tr\u00e0 trong m\u00f4i tr\u01b0\u1eddng kh\u00f4:\u00a0\u0110\u1ec3 tr\u00e0 trong m\u00f4i tr\u01b0\u1eddng kh\u00f4 r\u00e1o, tho\u00e1ng m\u00e1t, tr\u00e1nh \u1ea9m \u01b0\u1edbt gi\u00fap tr\u00e0 kh\u00f4ng b\u1ecb \u1ea9m m\u1ed1c v\u00e0 gi\u1eef nguy\u00ean tu\u1ed5i th\u1ecd c\u1ee7a tr\u00e0.<\/li>\n<li>Khi \u0111\u00e3 m\u1edf t\u00fai tr\u00e0, c\u1ea7n zip ch\u1eb7t mi\u1ec7ng t\u00fai, h\u1ea1n ch\u1ebf t\u1ed1i \u0111a vi\u1ec7c ti\u1ebfp x\u00fac tr\u1ef1c ti\u1ebfp v\u1edbi kh\u00f4ng kh\u00ed<\/li>\n<li>Tr\u00e1nh xa c\u00e1c m\u00f9i h\u01b0\u01a1ng m\u1ea1nh:\u00a0Tr\u00e0 r\u1ea5t d\u1ec5 b\u1ecb h\u1ea5p th\u1ee5 c\u00e1c m\u00f9i h\u01b0\u01a1ng m\u1ea1nh do \u0111\u00f3 c\u1ea7n tr\u00e1nh xa c\u00e1c b\u1ecb tr\u00ed t\u1ee7 b\u1ebfp, t\u1ee7 \u0111\u1ed3 \u0103n, t\u1ee7 gia v\u1ecb\u2026<\/li>\n<\/ul>\n<h2><strong>H\u1ea1n s\u1eed d\u1ee5ng<\/strong><\/h2>\n<p>12 th\u00e1ng k\u1ec3 t\u1eeb ng\u00e0y \u0111\u00f3ng g\u00f3i<\/p>\n<h2><strong>Quy m\u00f4:\u00a0<\/strong><\/h2>\n<p>V\u00f9ng nguy\u00ean li\u1ec7u 50 ha, s\u1ea3n xu\u1ea5t theo ti\u00eau chu\u1ea9n VietGAP tr\u00ean 80% di\u1ec7n t\u00edch v\u00e0 li\u00ean k\u1ebft c\u00e1c v\u00f9ng nguy\u00ean li\u1ec7u l\u00e2n c\u1eadn.<\/p>\n<h2><strong>Nh\u1eefng l\u01b0u \u00fd \u0111\u1ec3 pha \u0111\u01b0\u1ee3c tr\u00e0 ngon:<\/strong><\/h2>\n<ul>\n<li>T\u1ed1t nh\u1ea5t n\u00ean d\u00f9ng \u1ea5m \u0111\u1ea5t nung l\u01b0u h\u01b0\u01a1ng \u0111\u1ec3 pha tr\u00e0. M\u1ed7i \u1ea5m \u0111\u1ea5t nung ch\u1ec9 n\u00ean d\u00f9ng 1 d\u00f2ng tr\u00e0 v\u00ec c\u00f3 t\u00ednh ch\u1ea5t l\u01b0u l\u1ea1i h\u01b0\u01a1ng th\u01a1m c\u1ee7a tr\u00e0. N\u1ebfu pha nhi\u1ec1u lo\u1ea1i tr\u00e0 kh\u00e1c nhau th\u00ec c\u00f3 th\u1ec3 d\u00f9ng \u1ea5m g\u1ed1m s\u1ee9, th\u1ee7y tinh<\/li>\n<li>Khi \u0111\u00e3 m\u1edf t\u00fai tr\u00e0, c\u1ea7n zip ch\u1eb7t mi\u1ec7ng t\u00fai, h\u1ea1n ch\u1ebf t\u1ed1i \u0111a vi\u1ec7c ti\u1ebfp x\u00fac tr\u1ef1c ti\u1ebfp<\/li>\n<li>N\u00ean d\u00f9ng n\u01b0\u1edbc m\u01b0a, ho\u1eb7c n\u01b0\u1edbc tinh khi\u1ebft \u0111\u1ec3 pha tr\u00e0. Kh\u00f4ng n\u00ean d\u00f9ng n\u01b0\u1edbc kho\u00e1ng<\/li>\n<li>Kh\u00f4ng n\u00ean d\u00f9ng n\u01b0\u1edbc s\u00f4i 100 \u0111\u1ed9 \u0111\u1ec3 pha tr\u00e0, d\u1ec5 b\u1ecb \u201cch\u00e1y tr\u00e0\u201d \u1ea3nh h\u01b0\u1edfng \u0111\u1ebfn h\u01b0\u01a1ng v\u1ecb<\/li>\n<li>M\u1ed7i l\u1ea7n n\u01b0\u1edbc, n\u00ean r\u00f3t h\u1ebft n\u01b0\u1edbc tr\u00e0 trong \u1ea5m ra ch\u00e9n t\u1ed1ng, kh\u00f4ng \u0111\u1ec3 ng\u00e2m tr\u00e0. Sau khi r\u00f3t h\u1ebft n\u01b0\u1edbc tr\u00e0, m\u1edf h\u00e9 n\u1eafp \u1ea5m \u0111\u1ec3 tr\u00e0 \u201cth\u1edf\u201d tr\u01b0\u1edbc khi v\u00e0o l\u01b0\u1ee3t n\u01b0\u1edbc m\u1edbi<\/li>\n<li>M\u1ed7i \u1ea5m tr\u00e0 pha \u0111\u01b0\u1ee3c 8 \u2013 12 n\u01b0\u1edbc<\/li>\n<\/ul>","protected":false},"excerpt":{"rendered":"<p>Th\u00e0nh ph\u1ea7n Tr\u00e0 xanh C\u00e1ch s\u1eed d\u1ee5ng B\u01b0\u1edbc 1:\u00a0Tr\u00e1ng \u1ea5m ch\u00e9n: R\u00f3t n\u01b0\u1edbc s\u00f4i 100\u00b0c v\u00e0o \u1ea5m pha tr\u00e0, tr\u00e1ng<\/p>","protected":false},"featured_media":16300,"comment_status":"open","ping_status":"closed","template":"","meta":{"_acf_changed":false},"product_cat":[321,322,22],"product_tag":[],"class_list":{"0":"post-6153","1":"product","2":"type-product","3":"status-publish","4":"has-post-thumbnail","6":"product_cat-che","7":"product_cat-che-tuoi-che-bien","8":"product_cat-sanphamthucpham","10":"first","11":"instock","12":"shipping-taxable","13":"product-type-simple"},"acf":[],"_links":{"self":[{"href":"https:\/\/b2c.fairs.vn\/en\/wp-json\/wp\/v2\/product\/6153","targetHints":{"allow":["GET"]}}],"collection":[{"href":"https:\/\/b2c.fairs.vn\/en\/wp-json\/wp\/v2\/product"}],"about":[{"href":"https:\/\/b2c.fairs.vn\/en\/wp-json\/wp\/v2\/types\/product"}],"replies":[{"embeddable":true,"href":"https:\/\/b2c.fairs.vn\/en\/wp-json\/wp\/v2\/comments?post=6153"}],"version-history":[{"count":0,"href":"https:\/\/b2c.fairs.vn\/en\/wp-json\/wp\/v2\/product\/6153\/revisions"}],"wp:featuredmedia":[{"embeddable":true,"href":"https:\/\/b2c.fairs.vn\/en\/wp-json\/wp\/v2\/media\/16300"}],"wp:attachment":[{"href":"https:\/\/b2c.fairs.vn\/en\/wp-json\/wp\/v2\/media?parent=6153"}],"wp:term":[{"taxonomy":"product_cat","embeddable":true,"href":"https:\/\/b2c.fairs.vn\/en\/wp-json\/wp\/v2\/product_cat?post=6153"},{"taxonomy":"product_tag","embeddable":true,"href":"https:\/\/b2c.fairs.vn\/en\/wp-json\/wp\/v2\/product_tag?post=6153"}],"curies":[{"name":"wp","href":"https:\/\/api.w.org\/{rel}","templated":true}]}}