{"id":6138,"date":"2024-03-20T15:30:10","date_gmt":"2024-03-20T08:30:10","guid":{"rendered":"https:\/\/b2c.fairs.vn\/?post_type=product&#038;p=6138"},"modified":"2024-04-09T16:33:44","modified_gmt":"2024-04-09T09:33:44","slug":"che-ngoc-thuy-hop-luc-giac-100g","status":"publish","type":"product","link":"https:\/\/b2c.fairs.vn\/en\/product\/che-ngoc-thuy-hop-luc-giac-100g\/","title":{"rendered":"Ch\u00e8 Ng\u1ecdc Th\u00fay h\u1ed9p l\u1ee5c Gi\u00e1c (100g)"},"content":{"rendered":"<div>\n<div>\n<ul>\n<li>Ch\u00e8 Ng\u1ecdc Th\u00fay l\u00e0 lo\u1ea1i ch\u00e8 h\u1ea3o h\u1ea1ng c\u1ee7a mi\u00ea\u0300n \u0111\u00e2\u0301t Y\u00ean S\u01a1n, Tuy\u00ean Quang, \u0111\u01b0\u1ee3c ch\u1ebf bi\u00ea\u0301n t\u1ef7 m\u1ec9, th\u1ee7 c\u00f4ng tuy\u1ec7t \u0111\u1ed1i an to\u00e0n, ch\u1ea5t l\u01b0\u1ee3ng tuy\u00ea\u0323t h\u1ea3o, \u0111\u1ea3m b\u1ea3o ti\u00eau chu\u1ea9n VietGAP<\/li>\n<li>Ch\u00e8 Ng\u1ecdc Th\u00fay c\u00f3 m\u00f9i th\u01a1m \u0111\u1eb7c tr\u01b0ng r\u1ea5t ri\u00eang,\u00a0c\u00f3 d\u01b0 v\u1ecb trong mi\u1ec7ng r\u1ea5t th\u01a1m, ch\u00fat ng\u1ecdt d\u1ecbu. N\u01b0\u1edbc ch\u00e8 xanh trong, kh\u00f4ng ng\u1ea3 m\u1ea7u \u0111en khi \u0111\u1ec3 l\u00e2u nh\u01b0 lo\u1ea1i ch\u00e8 kh\u00e1c, kh\u00f4ng c\u00f3 c\u1eb7n, kh\u00f4ng c\u00f3 v\u00e1ng. Ch\u00e8 c\u00f3 t\u00e1c d\u1ee5ng ch\u1ed1ng oxi ho\u00e1, ng\u0103n ng\u1eeba ung th\u01b0 ti\u1ec1n li\u1ec7t tuy\u1ebfn,\u00a0\u0111\u1eb9p da, th\u01b0 gi\u00e3n, ch\u1ed1ng b\u00e9o ph\u00ec, kh\u00f4ng g\u00e2y m\u1ea5t ng\u1ee7 khi u\u00f4\u0301ng nhi\u00ea\u0300u.<\/li>\n<li>C\u1eeda h\u00e0ng\u00a0\u0110\u1eb7c s\u1ea3n x\u1ee9 Tuy\u00ean cung c\u1ea5p s\u1ea3n ph\u1ea9m ch\u00e8 Ng\u1ecdc Thu\u00fd \u0111\u1ea3m b\u1ea3o ch\u1ea5t l\u01b0\u1ee3ng, m\u1eabu m\u00e3 \u0111\u1eb9p. \u0110\u1eb7c bi\u1ec7t l\u00e0 s\u1ea3n ph\u1ea9m ch\u00e8 t\u01b0\u01a1i xanh (c\u00f2n g\u1ecdi #ch\u00e8_t\u00fai_l\u1ea1nh). Ch\u00e8 t\u00fai l\u1ea1nh Ng\u1ecdc Th\u00fay kh\u00f4ng gi\u1ed1ng nh\u01b0 c\u00e1c s\u1ea3n ph\u1ea9m ch\u00e8 sao su\u1ed1t m\u00e0 s\u1ea3n ph\u1ea9m khi m\u1edf ra v\u1eabn c\u00f2n t\u01b0\u01a1i nguy\u00ean nh\u01b0 ch\u1ec9 qua m\u00e1y v\u00f2.<\/li>\n<\/ul>\n<h2><strong>Th\u01b0\u01a1ng hi\u1ec7u<\/strong><\/h2>\n<p>S\u1eed Anh Tea<\/p>\n<h2><strong>Xu\u1ea5t x\u1ee9\u00a0<\/strong><\/h2>\n<p>Tuy\u00ean Quang<\/p>\n<h2><strong>\u0110\u00f3ng g\u00f3i<\/strong><\/h2>\n<p>H\u1ed9p l\u1ee5c gi\u00e1c\u00a0200gr<\/p>\n<h2><strong>Th\u00e0nh ph\u1ea7n<\/strong><\/h2>\n<p>Tr\u00e0 xanh<\/p>\n<h2><strong>C\u00e1ch s\u1eed d\u1ee5ng<\/strong><\/h2>\n<ul>\n<li><strong>B\u01b0\u1edbc 1:<\/strong>\u00a0Tr\u00e1ng \u1ea5m ch\u00e9n: R\u00f3t n\u01b0\u1edbc s\u00f4i 100\u00b0c v\u00e0o \u1ea5m pha tr\u00e0, tr\u00e1ng \u0111\u1ec1u m\u1eb7t trong \u1ea5m tr\u00e0 r\u1ed3i \u0111\u1ed5 n\u01b0\u1edbc \u0111i.<\/li>\n<li><strong>B\u01b0\u1edbc 2:<\/strong>\u00a0Pha tr\u00e0: Cho l\u01b0\u1ee3ng tr\u00e0 kho\u1ea3ng 5 \u2013 8gr v\u00e0o \u1ea5m \u0111\u00e3 \u0111\u01b0\u1ee3c tr\u00e1ng. L\u1eafc nh\u1eb9 \u1ea5m \u0111\u1ec3 \u0111\u00e1nh th\u1ee9c tr\u00e0. Sau \u0111\u00f3, d\u00f9ng n\u01b0\u1edbc s\u00f4i \u0111\u1ec3 ngu\u1ed9i kho\u1ea3ng 90 \u2013 95\u00b0C r\u00f3t v\u00e0o \u1ea5m tr\u00e0<\/li>\n<li><strong>B\u01b0\u1edbc 3:<\/strong>\u00a0Ch\u1edd 15 \u2013 20s. R\u00f3t tr\u00e0 ra t\u1ed1ng l\u1edbn, r\u1ed3i r\u00f3t ra t\u1eebng ch\u00e9n nh\u1ecf \u0111\u1ec3 th\u01b0\u1edfng th\u1ee9c<\/li>\n<\/ul>\n<h2><strong>B\u1ea3o qu\u1ea3n<\/strong><\/h2>\n<ul>\n<li>C\u1ea5t gi\u1eef tr\u00e0 trong m\u00f4i tr\u01b0\u1eddng kh\u00f4:\u00a0\u0110\u1ec3 tr\u00e0 trong m\u00f4i tr\u01b0\u1eddng kh\u00f4 r\u00e1o, tho\u00e1ng m\u00e1t, tr\u00e1nh \u1ea9m \u01b0\u1edbt gi\u00fap tr\u00e0 kh\u00f4ng b\u1ecb \u1ea9m m\u1ed1c v\u00e0 gi\u1eef nguy\u00ean tu\u1ed5i th\u1ecd c\u1ee7a tr\u00e0.<\/li>\n<li>Khi \u0111\u00e3 m\u1edf t\u00fai tr\u00e0, c\u1ea7n zip ch\u1eb7t mi\u1ec7ng t\u00fai, h\u1ea1n ch\u1ebf t\u1ed1i \u0111a vi\u1ec7c ti\u1ebfp x\u00fac tr\u1ef1c ti\u1ebfp v\u1edbi kh\u00f4ng kh\u00ed<\/li>\n<li>Tr\u00e1nh xa c\u00e1c m\u00f9i h\u01b0\u01a1ng m\u1ea1nh:\u00a0Tr\u00e0 r\u1ea5t d\u1ec5 b\u1ecb h\u1ea5p th\u1ee5 c\u00e1c m\u00f9i h\u01b0\u01a1ng m\u1ea1nh do \u0111\u00f3 c\u1ea7n tr\u00e1nh xa c\u00e1c b\u1ecb tr\u00ed t\u1ee7 b\u1ebfp, t\u1ee7 \u0111\u1ed3 \u0103n, t\u1ee7 gia v\u1ecb\u2026<\/li>\n<\/ul>\n<h2><strong>H\u1ea1n s\u1eed d\u1ee5ng<\/strong><\/h2>\n<p>12 th\u00e1ng k\u1ec3 t\u1eeb ng\u00e0y \u0111\u00f3ng g\u00f3i<\/p>\n<h2><strong>Quy m\u00f4:\u00a0<\/strong><\/h2>\n<p>V\u00f9ng nguy\u00ean li\u1ec7u 50 ha, s\u1ea3n xu\u1ea5t theo ti\u00eau chu\u1ea9n VietGAP tr\u00ean 80% di\u1ec7n t\u00edch v\u00e0 li\u00ean k\u1ebft c\u00e1c v\u00f9ng nguy\u00ean li\u1ec7u l\u00e2n c\u1eadn.<\/p>\n<h2><strong>Nh\u1eefng l\u01b0u \u00fd \u0111\u1ec3 pha \u0111\u01b0\u1ee3c tr\u00e0 ngon:<\/strong><\/h2>\n<ul>\n<li>T\u1ed1t nh\u1ea5t n\u00ean d\u00f9ng \u1ea5m \u0111\u1ea5t nung l\u01b0u h\u01b0\u01a1ng \u0111\u1ec3 pha tr\u00e0. M\u1ed7i \u1ea5m \u0111\u1ea5t nung ch\u1ec9 n\u00ean d\u00f9ng 1 d\u00f2ng tr\u00e0 v\u00ec c\u00f3 t\u00ednh ch\u1ea5t l\u01b0u l\u1ea1i h\u01b0\u01a1ng th\u01a1m c\u1ee7a tr\u00e0. N\u1ebfu pha nhi\u1ec1u lo\u1ea1i tr\u00e0 kh\u00e1c nhau th\u00ec c\u00f3 th\u1ec3 d\u00f9ng \u1ea5m g\u1ed1m s\u1ee9, th\u1ee7y tinh<\/li>\n<li>Khi \u0111\u00e3 m\u1edf t\u00fai tr\u00e0, c\u1ea7n zip ch\u1eb7t mi\u1ec7ng t\u00fai, h\u1ea1n ch\u1ebf t\u1ed1i \u0111a vi\u1ec7c ti\u1ebfp x\u00fac tr\u1ef1c ti\u1ebfp<\/li>\n<li>N\u00ean d\u00f9ng n\u01b0\u1edbc m\u01b0a, ho\u1eb7c n\u01b0\u1edbc tinh khi\u1ebft \u0111\u1ec3 pha tr\u00e0. Kh\u00f4ng n\u00ean d\u00f9ng n\u01b0\u1edbc kho\u00e1ng<\/li>\n<li>Kh\u00f4ng n\u00ean d\u00f9ng n\u01b0\u1edbc s\u00f4i 100 \u0111\u1ed9 \u0111\u1ec3 pha tr\u00e0, d\u1ec5 b\u1ecb \u201cch\u00e1y tr\u00e0\u201d \u1ea3nh h\u01b0\u1edfng \u0111\u1ebfn h\u01b0\u01a1ng v\u1ecb<\/li>\n<li>M\u1ed7i l\u1ea7n n\u01b0\u1edbc, n\u00ean r\u00f3t h\u1ebft n\u01b0\u1edbc tr\u00e0 trong \u1ea5m ra ch\u00e9n t\u1ed1ng, kh\u00f4ng \u0111\u1ec3 ng\u00e2m tr\u00e0. Sau khi r\u00f3t h\u1ebft n\u01b0\u1edbc tr\u00e0, m\u1edf h\u00e9 n\u1eafp \u1ea5m \u0111\u1ec3 tr\u00e0 \u201cth\u1edf\u201d tr\u01b0\u1edbc khi v\u00e0o l\u01b0\u1ee3t n\u01b0\u1edbc m\u1edbi<\/li>\n<li>M\u1ed7i \u1ea5m tr\u00e0 pha \u0111\u01b0\u1ee3c 8 \u2013 12 n\u01b0\u1edbc<\/li>\n<\/ul>\n<\/div>\n<\/div>\n<div>\n<div>\n<h3 class=\"text-xl my-5 font-bold\">Th\u00f4ng s\u1ed1 k\u1ef9 thu\u1eadt<\/h3>\n<\/div>\n<\/div>","protected":false},"excerpt":{"rendered":"<p>Ch\u00e8 Ng\u1ecdc Th\u00fay l\u00e0 lo\u1ea1i ch\u00e8 h\u1ea3o h\u1ea1ng c\u1ee7a mi\u00ea\u0300n \u0111\u00e2\u0301t Y\u00ean S\u01a1n, Tuy\u00ean Quang, \u0111\u01b0\u1ee3c ch\u1ebf bi\u00ea\u0301n t\u1ef7 m\u1ec9,<\/p>","protected":false},"featured_media":6139,"comment_status":"open","ping_status":"closed","template":"","meta":{"_acf_changed":false},"product_cat":[321,322,22],"product_tag":[],"class_list":{"0":"post-6138","1":"product","2":"type-product","3":"status-publish","4":"has-post-thumbnail","6":"product_cat-che","7":"product_cat-che-tuoi-che-bien","8":"product_cat-sanphamthucpham","10":"first","11":"instock","12":"shipping-taxable","13":"product-type-simple"},"acf":[],"_links":{"self":[{"href":"https:\/\/b2c.fairs.vn\/en\/wp-json\/wp\/v2\/product\/6138","targetHints":{"allow":["GET"]}}],"collection":[{"href":"https:\/\/b2c.fairs.vn\/en\/wp-json\/wp\/v2\/product"}],"about":[{"href":"https:\/\/b2c.fairs.vn\/en\/wp-json\/wp\/v2\/types\/product"}],"replies":[{"embeddable":true,"href":"https:\/\/b2c.fairs.vn\/en\/wp-json\/wp\/v2\/comments?post=6138"}],"version-history":[{"count":0,"href":"https:\/\/b2c.fairs.vn\/en\/wp-json\/wp\/v2\/product\/6138\/revisions"}],"wp:featuredmedia":[{"embeddable":true,"href":"https:\/\/b2c.fairs.vn\/en\/wp-json\/wp\/v2\/media\/6139"}],"wp:attachment":[{"href":"https:\/\/b2c.fairs.vn\/en\/wp-json\/wp\/v2\/media?parent=6138"}],"wp:term":[{"taxonomy":"product_cat","embeddable":true,"href":"https:\/\/b2c.fairs.vn\/en\/wp-json\/wp\/v2\/product_cat?post=6138"},{"taxonomy":"product_tag","embeddable":true,"href":"https:\/\/b2c.fairs.vn\/en\/wp-json\/wp\/v2\/product_tag?post=6138"}],"curies":[{"name":"wp","href":"https:\/\/api.w.org\/{rel}","templated":true}]}}