{"id":6133,"date":"2024-03-20T15:28:44","date_gmt":"2024-03-20T08:28:44","guid":{"rendered":"https:\/\/b2c.fairs.vn\/?post_type=product&#038;p=6133"},"modified":"2024-04-09T16:35:55","modified_gmt":"2024-04-09T09:35:55","slug":"che-xanh-phu-lam","status":"publish","type":"product","link":"https:\/\/b2c.fairs.vn\/en\/product\/che-xanh-phu-lam\/","title":{"rendered":"Che\u0300 xanh Phu\u0301 L\u00e2m"},"content":{"rendered":"<p>Gi\u1edbi thi\u1ec7u:<\/p>\n<p>Ch\u00e8 xanh Ph\u00fa L\u00e2m * Quy m\u00f4: V\u00f9ng nguy\u00ean li\u1ec7u 30 ha, s\u1ea3n xu\u1ea5t theo ti\u00eau chu\u1ea9n VietGAP v\u00e0 li\u00ean k\u1ebft c\u00e1c v\u00f9ng nguy\u00ean li\u1ec7u l\u00e2n c\u1eadn. S\u1ea3n l\u01b0\u1ee3ng ch\u00e8 t\u01b0\u01a1i: &gt; 23.000 kg\/n\u0103m. S\u1ea3n l\u01b0\u1ee3ng ch\u00e8 kh\u00f4: &gt; 4.000 kg\/n\u0103m. S\u1ea3n ph\u1ea9m \u0111\u00f3ng g\u00f3i: 10g,100g &#8211; 5.00g \/t\u00fai (\u0111\u1ef1ng trong h\u1ed9p). H\u1ea1n s\u1eed d\u1ee5ng 12 th\u00e1ng k\u1ec3 t\u1eeb ng\u00e0y \u0111\u00f3ng g\u00f3i. Gi\u00e1 b\u00e1n: 200.000 \u0111\u1ed3ng\/1 kg. \u0110\u1ec3 kh\u1eb3ng \u0111\u1ecbnh v\u1ecb th\u1ebf c\u1ee7a ch\u00e8 x\u1ee9 Tuy\u00ean th\u00ec ng\u01b0\u1eddi l\u00e0m ch\u00e8 ph\u1ea3i chuy\u00ean t\u00e2m. \u0110\u00f3 kh\u00f4ng ch\u1ec9 n\u00e2ng cao n\u0103ng su\u1ea5t, ch\u1ea5t l\u01b0\u1ee3ng nguy\u00ean li\u1ec7u m\u00e0 c\u00e1ch th\u1ee9c ch\u0103m b\u00f3n \u0111\u00fang quy tr\u00ecnh c\u0169ng gi\u1ea3m b\u1edbt \u0111\u01b0\u1ee3c \u0111\u1ed9 ch\u00e1t, \u0111\u1eafng. Khi thu h\u00e1i ch\u00e8 kh\u00f4ng \u0111\u1ec3 d\u1eadp n\u00e1t b\u00fap ch\u00e8 v\u00e0 v\u1ec1 ph\u1ea3i sao ngay. Gia \u0111\u00ecnh anh S\u1eed thu\u00ea ng\u01b0\u1eddi h\u00e1i tay v\u00e0 ch\u1ec9 \u0111\u01b0\u1ee3c ph\u00e9p h\u00e1i 1 t\u00f4m 2 l\u00e1, n\u1ebfu kh\u00f4ng \u0111\u00fang gia \u0111\u00ecnh y\u00eau c\u1ea7u ng\u01b0\u1eddi h\u00e1i ph\u1ea3i nh\u1eb7t l\u1ea1i m\u1edbi tr\u1ea3 c\u00f4ng nh\u1eadt, ng\u01b0\u1eddi h\u00e1i gi\u1ecfi c\u0169ng ch\u1ec9 \u0111\u1ea1t tr\u00ean 10 kg\/c\u00f4ng. Khi ch\u1ebf bi\u1ebfn ph\u1ea3i t\u00ecm t\u00f2i s\u00e1ng t\u1ea1o \u0111\u1ec3 c\u00f3 s\u1ea3n ph\u1ea9m m\u1edbi, \u0111\u1ed3ng th\u1eddi c\u1ea3i ti\u1ebfn m\u1eabu m\u00e3, bao b\u00ec s\u1ea3n ph\u1ea9m, \u0111\u00e1p \u1ee9ng y\u00eau c\u1ea7u th\u1ecb tr\u01b0\u1eddng.<\/p>\n<p>Tha\u0300nh ph\u00e2\u0300n:<\/p>\n<p>100% Ch\u00e8 xanh Ph\u00fa L\u00e2m<\/p>\n<p>Th\u00f4ng tin kha\u0301c:<\/p>\n<p>B\u1ea3o qu\u1ea3n n\u01a1i kh\u00f4 m\u00e1t d\u01b0\u1edbi 25 \u0111\u1ed9, tr\u00e1nh \u00e1nh s\u00e1ng.<\/p>","protected":false},"excerpt":{"rendered":"<p>Gi\u1edbi thi\u1ec7u: Ch\u00e8 xanh Ph\u00fa L\u00e2m * Quy m\u00f4: V\u00f9ng nguy\u00ean li\u1ec7u 30 ha, s\u1ea3n xu\u1ea5t theo ti\u00eau chu\u1ea9n VietGAP<\/p>","protected":false},"featured_media":6134,"comment_status":"open","ping_status":"closed","template":"","meta":{"_acf_changed":false},"product_cat":[321,322,22],"product_tag":[],"class_list":{"0":"post-6133","1":"product","2":"type-product","3":"status-publish","4":"has-post-thumbnail","6":"product_cat-che","7":"product_cat-che-tuoi-che-bien","8":"product_cat-sanphamthucpham","10":"first","11":"instock","12":"shipping-taxable","13":"product-type-simple"},"acf":[],"_links":{"self":[{"href":"https:\/\/b2c.fairs.vn\/en\/wp-json\/wp\/v2\/product\/6133","targetHints":{"allow":["GET"]}}],"collection":[{"href":"https:\/\/b2c.fairs.vn\/en\/wp-json\/wp\/v2\/product"}],"about":[{"href":"https:\/\/b2c.fairs.vn\/en\/wp-json\/wp\/v2\/types\/product"}],"replies":[{"embeddable":true,"href":"https:\/\/b2c.fairs.vn\/en\/wp-json\/wp\/v2\/comments?post=6133"}],"version-history":[{"count":0,"href":"https:\/\/b2c.fairs.vn\/en\/wp-json\/wp\/v2\/product\/6133\/revisions"}],"wp:featuredmedia":[{"embeddable":true,"href":"https:\/\/b2c.fairs.vn\/en\/wp-json\/wp\/v2\/media\/6134"}],"wp:attachment":[{"href":"https:\/\/b2c.fairs.vn\/en\/wp-json\/wp\/v2\/media?parent=6133"}],"wp:term":[{"taxonomy":"product_cat","embeddable":true,"href":"https:\/\/b2c.fairs.vn\/en\/wp-json\/wp\/v2\/product_cat?post=6133"},{"taxonomy":"product_tag","embeddable":true,"href":"https:\/\/b2c.fairs.vn\/en\/wp-json\/wp\/v2\/product_tag?post=6133"}],"curies":[{"name":"wp","href":"https:\/\/api.w.org\/{rel}","templated":true}]}}