{"id":6122,"date":"2024-03-20T15:25:22","date_gmt":"2024-03-20T08:25:22","guid":{"rendered":"https:\/\/b2c.fairs.vn\/?post_type=product&#038;p=6122"},"modified":"2024-04-09T16:36:11","modified_gmt":"2024-04-09T09:36:11","slug":"tra-ngoc-thuy-2","status":"publish","type":"product","link":"https:\/\/b2c.fairs.vn\/en\/product\/tra-ngoc-thuy-2\/","title":{"rendered":"Tra\u0300 Ngo\u0323c Thu\u0301y"},"content":{"rendered":"<p>Gi\u1edbi thi\u1ec7u:<\/p>\n<p>S\u1ea3n ph\u1ea9m ch\u00e8 xanh Ng\u1ecdc Th\u00fay \u0111\u01b0\u1ee3c canh t\u00e1c, s\u1eed d\u1ee5ng ho\u00e0n to\u00e0n c\u00f4ng ngh\u1ec7 sinh h\u1ecdc ANISAF SH-01, \u0111\u01b0\u1ee3c Vi\u1ec7n H\u00e0n l\u00e2m Khoa h\u1ecdc v\u00e0 C\u00f4ng ngh\u1ec7 Vi\u1ec7t Nam v\u00e0 ITC h\u1ed7 tr\u1ee3 gi\u1ea3i ph\u00e1p c\u00f4ng ngh\u1ec7 s\u1ea1ch trong s\u1ea3n xu\u1ea5t.\u0110\u1eb7c s\u1ea3n ch\u00e8 Ng\u1ecdc Th\u00fay c\u00f3 h\u01b0\u01a1ng v\u1ecb th\u01a1m, ngon n\u00ean \u0111\u01b0\u1ee3c nhi\u1ec1u kh\u00e1ch h\u00e0ng trong v\u00e0 ngo\u00e0i t\u1ec9nh bi\u1ebft \u0111\u1ebfn. \u0110\u00e2y l\u00e0 s\u1ea3n ph\u1ea9m c\u1ee7a H\u1ee3p t\u00e1c x\u00e3 d\u1ecbch v\u1ee5 s\u1ea3n xu\u1ea5t n\u00f4ng nghi\u1ec7p S\u1eed Anh. H\u1ee3p t\u00e1c x\u00e3 \u0111\u00e3 \u0111\u0103ng k\u00fd v\u00e0 \u0111\u01b0\u1ee3c c\u1ea5p Gi\u1ea5y ch\u1ee9ng nh\u1eadn \u0111\u0103ng k\u00fd nh\u00e3n hi\u1ec7u S\u1eed Anh TEA Tinh Hoa Tr\u00e0 Vi\u1ec7t, h\u00ecnh. Gi\u1ed1ng ch\u00e8 Ng\u1ecdc Th\u00fay c\u00f3 ngu\u1ed3n g\u1ed1c t\u1eeb \u0110\u00e0i Loan v\u00e0 \u0111\u01b0\u1ee3c \u0111\u01b0a v\u00e0o Vi\u1ec7t Nam n\u0103m 1994. Ch\u00e8 c\u00f3 nhi\u1ec1u c\u00f4ng d\u1ee5ng: Gi\u1ea3m stress, t\u0103ng c\u01b0\u1eddng s\u1ee9c \u0111\u1ec1 kh\u00e1ng, ch\u1ed1ng c\u1ea3m m\u1ea1o. Gi\u1ea3m nguy c\u01a1 m\u1eafc b\u1ec7nh x\u01a1 c\u1ee9ng \u0111\u1ed9ng m\u1ea1ch, ti\u1ec3u \u0111\u01b0\u1eddng&#8230;<\/p>\n<p>Tha\u0300nh ph\u00e2\u0300n:<\/p>\n<p>100% Ch\u00e8 xanh Ng\u1ecdc Th\u00fay<\/p>\n<p>Th\u00f4ng tin kha\u0301c:<\/p>\n<p>B\u1ea3o qu\u1ea3n n\u01a1i kh\u00f4 m\u00e1t d\u01b0\u1edbi 25 \u0111\u1ed9, tr\u00e1nh \u00e1nh s\u00e1ng.<\/p>","protected":false},"excerpt":{"rendered":"<p>Gi\u1edbi thi\u1ec7u: S\u1ea3n ph\u1ea9m ch\u00e8 xanh Ng\u1ecdc Th\u00fay \u0111\u01b0\u1ee3c canh t\u00e1c, s\u1eed d\u1ee5ng ho\u00e0n to\u00e0n c\u00f4ng ngh\u1ec7 sinh h\u1ecdc ANISAF<\/p>","protected":false},"featured_media":6123,"comment_status":"open","ping_status":"closed","template":"","meta":{"_acf_changed":false},"product_cat":[321,322,22],"product_tag":[],"class_list":{"0":"post-6122","1":"product","2":"type-product","3":"status-publish","4":"has-post-thumbnail","6":"product_cat-che","7":"product_cat-che-tuoi-che-bien","8":"product_cat-sanphamthucpham","10":"first","11":"instock","12":"shipping-taxable","13":"product-type-simple"},"acf":[],"_links":{"self":[{"href":"https:\/\/b2c.fairs.vn\/en\/wp-json\/wp\/v2\/product\/6122","targetHints":{"allow":["GET"]}}],"collection":[{"href":"https:\/\/b2c.fairs.vn\/en\/wp-json\/wp\/v2\/product"}],"about":[{"href":"https:\/\/b2c.fairs.vn\/en\/wp-json\/wp\/v2\/types\/product"}],"replies":[{"embeddable":true,"href":"https:\/\/b2c.fairs.vn\/en\/wp-json\/wp\/v2\/comments?post=6122"}],"version-history":[{"count":0,"href":"https:\/\/b2c.fairs.vn\/en\/wp-json\/wp\/v2\/product\/6122\/revisions"}],"wp:featuredmedia":[{"embeddable":true,"href":"https:\/\/b2c.fairs.vn\/en\/wp-json\/wp\/v2\/media\/6123"}],"wp:attachment":[{"href":"https:\/\/b2c.fairs.vn\/en\/wp-json\/wp\/v2\/media?parent=6122"}],"wp:term":[{"taxonomy":"product_cat","embeddable":true,"href":"https:\/\/b2c.fairs.vn\/en\/wp-json\/wp\/v2\/product_cat?post=6122"},{"taxonomy":"product_tag","embeddable":true,"href":"https:\/\/b2c.fairs.vn\/en\/wp-json\/wp\/v2\/product_tag?post=6122"}],"curies":[{"name":"wp","href":"https:\/\/api.w.org\/{rel}","templated":true}]}}