{"id":6109,"date":"2024-03-20T15:23:58","date_gmt":"2024-03-20T08:23:58","guid":{"rendered":"https:\/\/b2c.fairs.vn\/?post_type=product&#038;p=6109"},"modified":"2024-03-20T15:29:33","modified_gmt":"2024-03-20T08:29:33","slug":"tra-dinh-cao-cap-minh-tra","status":"publish","type":"product","link":"https:\/\/b2c.fairs.vn\/en\/product\/tra-dinh-cao-cap-minh-tra\/","title":{"rendered":"Tr\u00e0 \u0110inh cao c\u1ea5p &#8211; Minh tr\u00e0"},"content":{"rendered":"<p><strong>&#8211; Tr\u00e0 \u0110inh s\u1ea3n ph\u1ea9m s\u1ed1 1 \u0110\u1ec7 nh\u1ea5t danh tr\u00e0.<\/strong>\u00a0T\u1eebng \u0111inh tr\u00e0 c\u00f2n \u0111ang ng\u1eadm h\u01a1i s\u01b0\u01a1ng \u0111\u01b0\u1ee3c t\u1ec9 m\u1ec9 l\u1ef1a ch\u1ecdn v\u00e0o m\u1ed7i bu\u1ed5i s\u1edbm mai tr\u00ean v\u00f9ng Tr\u00e0 T\u00e2n C\u01b0\u01a1ng \u2013 Th\u00e1i Nguy\u00ean \u0111\u1ec3 h\u1ed9i t\u1ee5 v\u00e0 l\u1eafng \u0111\u1ecdng \u0111\u01b0\u1ee3c nh\u1eefng tinh t\u00fay c\u1ee7a kho\u1ea3nh kh\u1eafc chuy\u1ec3n giao \u0111\u1ea5t tr\u1eddi. R\u1ed3i b\u00e0n tay ngh\u1ec7 nh\u00e2n l\u00e0m tr\u00e0 l\u1ea1i ti\u1ebfp t\u1ee5c g\u00ecn gi\u1eef gi\u1ecdt ng\u1ecdc \u1ea5y, l\u00e0m sao cho th\u1ea5m v\u00e0o t\u1eebng nh\u00e1nh tr\u00e0 \u0111\u1ec3 khi u\u1ed1ng, ng\u01b0\u1eddi u\u1ed1ng th\u1ea5y c\u1ea3 m\u1ed9t c\u00e2u chuy\u1ec7n, m\u1ed9t d\u00f2ng \u0111\u1eddi trong \u0111\u00f3. C\u00e1nh tr\u00e0 sau khi sao s\u1ea5y c\u00f3 m\u00e0u xanh \u0111en nh\u1ecf nh\u01b0 nh\u1eefng chi\u1ebfc \u0111inh. \u0110\u1ec3 t\u1ea1o ra \u0111\u01b0\u1ee3c 1 kg tr\u00e0 \u0111inh c\u1ea7n t\u1edbi 10 th\u1ee3 gi\u1ecfi thu h\u00e1i ch\u00e8 t\u01b0\u01a1i th\u1ee7 c\u00f4ng b\u1eb1ng tay li\u00ean t\u1ee5c tr\u00ean di\u1ec7n t\u00edch 3 s\u00e0o.<\/p>\n<p><strong>&#8211; H\u01b0\u01a1ng tr\u00e0:<\/strong>H\u01b0\u01a1ng th\u01a1m m\u00f9i c\u1ed1m n\u1ebfp m\u1edbi, h\u01b0\u01a1ng th\u01a1m c\u1ee7a t\u1ef1 nhi\u00ean.<\/p>\n<p><strong>&#8211; N\u01b0\u1edbc tr\u00e0:<\/strong>N\u01b0\u1edbc tr\u00e0 s\u00e1nh c\u00f3 m\u00e0u v\u00e0ng s\u00e1ng.<\/p>\n<p><strong>&#8211; V\u1ecb tr\u00e0:<\/strong>V\u1ecb tr\u00e0 ch\u00e1t n\u01a1i \u0111\u1ea7u l\u01b0\u1ee1i \u0111\u1ebfn li\u1ec1n sau \u0111\u00f3 l\u00e0 v\u1ecb h\u1eadu ng\u1ecdt \u0111\u1eadm \u0111\u00e0 th\u1ea5m s\u00e2u n\u01a1i c\u1ed5 h\u1ecdng.<\/p>\n<p>&#8211; Tr\u00e0 \u0111\u01b0\u1ee3c s\u1ea3n xu\u1ea5t theo ti\u00eau chu\u1ea9n h\u1eefu c\u01a1.<\/p>\n<p>&#8211; H\u1ec7 th\u1ed1ng qu\u1ea3n l\u00fd an to\u00e0n th\u1ef1c ph\u1ea9m ph\u00f9 h\u1ee3p ti\u00eau chu\u1ea9n qu\u1ed1c t\u1ebf ISO 22000:2018<\/p>\n<p>&#8211; Quy tr\u00ecnh ch\u1ebf bi\u1ebfn t\u1eeb vi\u1ec7c sao s\u1ea5y, l\u00ean h\u01b0\u01a1ng ho\u00e0n to\u00e0n th\u1ee7 c\u00f4ng truy\u1ec1n th\u1ed1ng.<\/p>\n<p>&nbsp;<\/p>\n<p>Tre gi\u00e0 m\u0103ng m\u1ecdc l\u00e0 l\u1ebd th\u01b0\u1eddng t\u00ecnh, \u0111\u01b0\u01a1ng nhi\u00ean. \u0110\u00e2y l\u00e0 h\u00ecnh \u1ea3nh th\u1ef1c sinh \u0111\u1ed9ng minh ch\u1ee9ng cho quy lu\u1eadt v\u1eadn \u0111\u1ed9ng kh\u00f4ng ng\u1eebng cu\u1ea3 m\u1ecdi s\u1ef1 v\u1eadt hi\u1ec7n t\u01b0\u1ee3ng. V\u1eadn \u0111\u1ed9ng l\u00e0 tuy\u1ec7t \u0111\u1ed1i, \u0111\u1ee9ng y\u00ean l\u00e0 t\u01b0\u01a1ng \u0111\u1ed1i, mang t\u00ednh nh\u1ea5t th\u1eddi. Minh Tr\u00e0 \u0111\u1ea1i di\u1ec7n cho th\u1ebf h\u1ec7 k\u1ebf ti\u1ebfp ph\u00e1t huy truy\u1ec1n th\u1ed1ng v\u1ed1n \u0111\u00e3 tr\u1ea3i qua nhi\u1ec1u th\u1eadp k\u1ef7 c\u1ee7a S\u01a1n Dung Tr\u00e0, minh l\u00e0 s\u1ef1 trong s\u00e1ng, r\u00f5 r\u00e0ng m\u1ea1ch l\u1ea1c, kh\u00f4ng th\u1ec3 nh\u1ea7m l\u1eabn. Minh g\u1eafn li\u1ec1n v\u1edbi c\u00e1c danh t\u1eeb c\u00f3 \u00fd ngh\u0129a cao \u0111\u1eb9p, ch\u1ec9 r\u00f5 s\u1ef1 th\u01b0\u1ee3ng t\u00f4n, ph\u1ea3n \u00e1nh gi\u00e1 tr\u1ecb t\u00e2m linh c\u1ee7a ng\u01b0\u1eddi Vi\u1ec7t. Khi b\u1ea1n th\u01b0\u1edfng tr\u00e0 g\u1eafn m\u00e1c\u00a0<strong>Minh Tr\u00e0<\/strong>\u00a0\u0111\u1ed3ng ngh\u0129a b\u1ea1n \u0111\u00e3 v\u00e0 \u0111ang c\u1ea3m nh\u1eadn \u0111\u01b0\u1ee3c gi\u00e1 tr\u1ecb cao c\u1ea5p m\u00e0 Tr\u00e0 ch\u00ednh g\u1ed1c T\u00e2n C\u01b0\u01a1ng mang l\u1ea1i.<\/p>\n<p>&nbsp;<\/p>\n<p>L\u00e1 ch\u00e8 nh\u1ea5t \u0111\u1ecbnh kh\u00f4ng \u0111\u01b0\u1ee3c h\u00e1i l\u00fac n\u1eafng g\u1eaft hay khi tr\u1eddi m\u01b0a. L\u00e1 ch\u00e8 \u0111\u01b0\u1ee3c ch\u1ecdn c\u0169ng ph\u1ea3i l\u00e0 b\u00fap n\u00f5n \u0111ang ng\u1eadm ch\u1eb7t ng\u1ecdn nh\u01b0 chi\u1ebfc \u0111inh. Ng\u01b0\u1eddi h\u00e1i ph\u1ea3i d\u1eady s\u1edbm, khi m\u00e0 nh\u1eefng ng\u1ecdn ch\u00e8 l\u00fac b\u1ea5y gi\u1edd v\u1eabn \u0111\u1eadm s\u01b0\u01a1ng \u0111\u00eam v\u00e0 \u0111\u1eafm m\u00ecnh trong nh\u1eefng tia n\u1eafng \u0111\u1ea7u ti\u00ean c\u1ee7a m\u1ed9t ng\u00e0y, \u0111\u1ec3 t\u1eebng ng\u1ecdn ch\u00e8 \u0111\u1ec1u ng\u1eadm \u0111\u01b0\u1ee3c h\u1ebft tinh t\u00fay c\u1ee7a kho\u1ea3nh kh\u1eafc chuy\u1ec3n giao \u0111\u1ea5t tr\u1eddi. R\u1ed3i ph\u1ea3i \u0111\u01b0\u1ee3c cho v\u00e0o s\u1ecdt tre tho\u00e1ng \u0111\u1ec3 tr\u00e1nh l\u00e1 ch\u00e8 t\u01b0\u01a1i kh\u00f4ng b\u1ecb h\u1ea5p nhi\u1ec7t, nh\u1eefng b\u00fap ch\u00e8 kh\u00f4ng \u0111\u01b0\u1ee3c l\u00e8n ch\u1eb7t, tr\u00e1nh d\u1eadp n\u00e1t. Ng\u01b0\u1eddi l\u00e0m tr\u00e0 c\u1ea9n tr\u1ecdng n\u00e2ng niu t\u1eebng b\u00fap tr\u00e0. Tr\u00e0 sau khi thu h\u00e1i xong \u0111\u01b0\u1ee3c mang v\u1ec1 tr\u1ea3i ra nong 2 ti\u1ebfng r\u1ed3i cho v\u00e0o t\u00f4n xao b\u1eb1ng nhi\u1ec7t than c\u1ee7i, \u0111\u00e2y l\u00e0 m\u1ed9t c\u00f4ng \u0111o\u1ea1n k\u00ec c\u00f4ng, tr\u00e0 \u0111\u01b0\u1ee3c cho v\u00e0o t\u00f4n v\u1edbi th\u1eddi gian v\u00e0 nhi\u1ec7t \u0111\u1ed9 k\u1ef9 thu\u1eadt ri\u00eang c\u1ee7a nh\u1eefng ng\u01b0\u1eddi l\u00e0m tr\u00e0 chuy\u00ean nghi\u1ec7p HTX Tr\u00e0 S\u01a1n Dung. Tr\u00e0 sau khi sao \u0111\u01b0\u1ee3c mang \u0111i v\u00f2 b\u1eb1ng c\u00e1c m\u00e1y v\u00f2 c\u00f3 c\u00e1c th\u00f4ng s\u1ed1 c\u1ee7a c\u00e1c r\u00e3nh v\u1edbi k\u1ef9 thu\u1eadt ri\u00eang do TS. Tr\u1ea7n Ng\u1ecdc Giang \u2013 Gi\u1ea3ng vi\u00ean \u0110H K\u1ef9 thu\u1eadt C\u00f4ng nghi\u1ec7p nghi\u00ean c\u1ee9u v\u00e0 l\u00e0m th\u1ef1c nghi\u1ec7m. Tr\u00e0 sau khi v\u00f2 l\u00e0m t\u01a1i s\u1ebd \u0111\u01b0\u1ee3c \u0111em s\u1ea5y qua v\u00e0 xao kh\u00f4.<\/p>\n<p>&nbsp;<\/p>\n<p>\u0110\u1ec3 t\u1ea1o ra \u0111\u01b0\u1ee3c h\u01b0\u01a1ng v\u1ecb \u0111\u1eb7c tr\u01b0ng ri\u00eang bi\u1ec7t c\u1ee7a Tr\u00e0 S\u01a1n Dung, qu\u00e1 tr\u00ecnh l\u00ean h\u01b0\u01a1ng v\u1eabn \u0111\u01b0\u1ee3c S\u01a1n Dung Tr\u00e0 s\u1eed d\u1ee5ng ph\u01b0\u01a1ng ph\u00e1p th\u1ee7 c\u00f4ng truy\u1ec1n th\u1ed1ng l\u00e0 s\u1eed d\u1ee5ng nhi\u1ec7t c\u1ee7a than c\u1ee7i. L\u1eeda l\u00fac to l\u00fac nh\u1ecf, t\u00f4n quay l\u00fac ch\u1eadm l\u00fac nhanh, n\u1ebfm th\u1eed, c\u1ea3m nh\u1eadn r\u1ed3i l\u1ea1i ch\u1edd \u0111\u1ee3i r\u1ed3i \u0111i\u1ec1u ch\u1ec9nh. Tr\u00e0 ph\u1ea3i \u0111\u01b0\u1ee3c quay \u0111\u1ee7 v\u00f2ng, l\u1eeda v\u1eeba t\u1edbi khi c\u00e1nh tr\u00e0 th\u1eadt th\u1ea5u trong l\u00f5i t\u1ecfa h\u01b0\u01a1ng th\u01a1m ng\u00e0o ng\u1ea1t. Nh\u1eefng ng\u01b0\u1eddi l\u00e0m tr\u00e0 chuy\u00ean nghi\u1ec7p c\u1ee7a HTX Tr\u00e0 S\u01a1n Dung ph\u1ea3i r\u1ea5t c\u1ea9n th\u1eadn n\u1ebfu kh\u00f4ng s\u1ebd h\u1ecfng c\u1ea3 m\u1ed9t c\u00f4ng tr\u00ecnh.<\/p>\n<p>&nbsp;<\/p>\n<p><strong>H\u01b0\u1edbng d\u1eabn pha tr\u00e0:<\/strong><\/p>\n<p>1. Ch\u1ecdn n\u01b0\u1edbc pha tr\u00e0: N\u01b0\u1edbc pha tr\u00e0 s\u1eed d\u1ee5ng n\u01b0\u1edbc su\u1ed1i ngu\u1ed3n ho\u1eb7c n\u01b0\u1edbc gi\u1ebfng kh\u01a1i l\u00e0 ngon nh\u1ea5t. Ho\u1eb7c c\u00f3 th\u1ec3 d\u00f9ng n\u01b0\u1edbc l\u1ecdc m\u00e1y \u0111\u1ec3 pha. Kh\u00f4ng n\u00ean s\u1eed d\u1ee5ng n\u01b0\u1edbc m\u00e1y ho\u1eb7c n\u01b0\u1edbc kho\u00e1ng v\u00ec s\u1ebd l\u00e0m thay \u0111\u1ed5i m\u00e0u s\u1eafc, m\u00f9i v\u1ecb c\u1ee7a n\u01b0\u1edbc tr\u00e0<\/p>\n<p>2. \u1ea4m pha tr\u00e0: N\u00ean ch\u1ecdn d\u00f9ng c\u00e1c lo\u1ea1i \u1ea5m t\u1eed sa, \u1ea5m g\u1ed1m. Trong tr\u01b0\u1eddng h\u1ee3p kh\u00f4ng c\u00f3 hai lo\u1ea1i \u1ea5m n\u00e0y th\u00ec n\u00ean ch\u1ecdn \u1ea5m s\u1ee9, tuy\u1ec7t \u0111\u1ed1i kh\u00f4ng n\u00ean d\u00f9ng \u1ea5m s\u1eaft \u0111\u1ec3 pha tr\u00e0.<\/p>\n<p>3. \u0110\u00e1nh th\u1ee9c tr\u00e0: L\u00e0m n\u00f3ng \u1ea5m b\u1eb1ng n\u01b0\u1edbc \u0111un s\u00f4i, sau \u0111\u00f3 cho m\u1ed9t l\u01b0\u1ee3ng tr\u00e0 v\u1eeba \u0111\u1ee7 v\u00e0o \u1ea5m. Cho m\u1ed9t l\u01b0\u1ee3ng n\u01b0\u1edbc s\u00f4i kho\u1ea3ng 80 \u2013 90 \u0111\u1ed9 C v\u1eeba \u0111\u1ee7 v\u00e0o \u1ea5m. Sau 3 gi\u00e2y \u0111\u1ed5 n\u01b0\u1edbc ra, d\u00f9ng n\u01b0\u1edbc n\u00e0y \u0111\u1ec3 l\u00e0m n\u00f3ng c\u00e1c ch\u00e9n tr\u00e0. Vi\u1ec7c l\u00e0m n\u00e0y gi\u00fap lo\u1ea1i b\u1ecf m\u1ed9t s\u1ed1 c\u00e1c b\u1ee5i ph\u1ea5n tr\u00e0 (c\u00f3 v\u1ecb ng\u00e1i) \u0111\u1ed3ng th\u1eddi l\u00e0m n\u00f3ng tr\u00e0 v\u00e0 n\u1edf c\u00e1nh tr\u00e0.<\/p>\n<p>4. Ch\u1ebf n\u01b0\u1edbc s\u00f4i v\u00e0o \u1ea5m: Cho m\u1ed9t l\u01b0\u1ee3ng n\u01b0\u1edbc s\u00f4i kho\u1ea3ng 80 \u2013 90 \u0111\u1ed9 C v\u1eeba \u0111\u1ee7 v\u00e0o \u1ea5m. H\u00e3m 3 ph\u00fat, sau \u0111\u00f3 \u0111\u1ed5 h\u1ebft n\u01b0\u1edbc tr\u00e0 ra ch\u00e9n t\u1ed1ng ho\u1eb7c chia \u0111\u1ec1u ra c\u00e1c ch\u00e9n qu\u00e2n. L\u01b0u \u00fd: Kh\u00f4ng n\u00ean \u0111\u1ec3 l\u1ea1i n\u01b0\u1edbc nhi\u1ec1u trong \u1ea5m v\u00ec ng\u00e2m tr\u00e0 b\u00fap non trong n\u01b0\u1edbc s\u00f4i l\u00e2u s\u1ebd l\u00e0m m\u1ea5t h\u01b0\u01a1ng v\u1ecb v\u00e0 m\u00e0u n\u01b0\u1edbc. T\u1edbi n\u01b0\u1edbc sau, n\u00ean \u0111\u1ee3i \u0111\u1ebfn khi n\u00e0o g\u1ea7n th\u01b0\u1edfng h\u1ebft ch\u00e9n \u0111\u1ea7u th\u00ec h\u00e3y ch\u1ebf th\u00eam n\u01b0\u1edbc s\u00f4i, \u0111\u1ee3i th\u00eam kho\u1ea3ng 1 ph\u00fat l\u00e0 r\u00f3t ra ngay.<\/p>\n<p>5. Ngay sau khi chia n\u01b0\u1edbc tr\u00e0 ra c\u00e1c ch\u00e9n, \u0111\u01b0a ch\u00e9n tr\u00e0 l\u1ea1i g\u1ea7n m\u0169i \u0111\u1ec3 th\u01b0\u1edfng th\u1ee9c th\u00eam m\u1ed9t l\u1ea7n n\u1eefa h\u01b0\u01a1ng c\u1ed1m t\u1ef1 nhi\u00ean c\u1ee7a tr\u00e0 sau \u0111\u00f3 t\u1eeb t\u1eeb th\u01b0\u1edfng tr\u00e0.<\/p>\n<p>&nbsp;<\/p>\n<p><strong>H\u01b0\u1edbng d\u1eabn b\u1ea3o qu\u1ea3n:<\/strong><\/p>\n<p>1. K\u1eb9p ch\u1eb7t g\u00f3i tr\u00e0 sau khi s\u1eed d\u1ee5ng. Ho\u1eb7c b\u1ea3o qu\u1ea3n trong h\u1ed9p k\u00edn.<\/p>\n<p>2. B\u1ea3o qu\u1ea3n n\u01a1i kh\u00f4 r\u00e1o tho\u00e1ng m\u00e1t, tr\u00e1nh \u00e1nh s\u00e1ng tr\u1ef1c ti\u1ebfp, tr\u00e1nh n\u01a1i \u1ea9m m\u1ed1c.<\/p>\n<p>3. Tr\u00e0 kh\u00f4 b\u1ea3o qu\u1ea3n \u0111\u01b0\u1ee3c l\u00e2u d\u00e0i trong ng\u0103n m\u00e1t t\u1ee7 l\u1ea1nh. C\u00f3 th\u1ec3 gi\u1eef \u0111\u01b0\u1ee3c m\u00f9i th\u01a1m v\u00e0 ch\u1ea5t l\u01b0\u1ee3ng tr\u00e0 l\u00e2u h\u01a1n.<\/p>\n<p>5. H\u1ea1n d\u00f9ng 01 n\u0103m k\u1ec3 t\u1eeb ng\u00e0y s\u1ea3n xu\u1ea5t.<\/p>","protected":false},"excerpt":{"rendered":"<div class=\"my-2 py-2\">Gi\u00e1<span class=\"mlr-1\">:<\/span><span class=\"ml-1\">2,000,000\u20ab \/ 1kg<\/span><\/div>\n<div class=\"my-2 py-2\">Xu\u1ea5t x\u1ee9<span class=\"mlr-1\">:<\/span><span class=\"ml-1\">T\u00e2n C\u01b0\u01a1ng Th\u00e1i Nguy\u00ean<\/span><\/div>\n<div class=\"my-2 py-2\">B\u1ea3o qu\u1ea3n<span class=\"mlr-1\">:<\/span><span class=\"ml-1\">\u0110\u1ec3 n\u01a1i kh\u00f4 r\u00e1o, tho\u00e1ng m\u00e1t, tr\u00e1nh \u00e1nh n\u1eafng tr\u1ef1c ti\u1ebfp<\/span><\/div>\n<div class=\"my-2 py-2\">Th\u00e0nh ph\u1ea7n<span class=\"mlr-1\">:<\/span><span class=\"ml-1\">100% b\u00fap ch\u00e8 xanh t\u1ef1 nhi\u00ean<\/span><\/div>\n<div class=\"my-2 py-2\">Kh\u1ed1i l\u01b0\u1ee3ng<span class=\"mlr-1\">:<\/span><span class=\"ml-1\">G\u00f3i 100g, 50g \u0111\u00f3ng h\u00fat ch\u00e2n kh\u00f4ng<\/span><\/div>\n<div class=\"my-2 py-2\">Th\u01b0\u01a1ng hi\u1ec7u<span class=\"mlr-1\">:<\/span><span class=\"ml-1\">S\u01a1n Dung Tr\u00e0<\/span><\/div>\n<div class=\"my-2 py-2\">H\u1ea1n s\u1eed d\u1ee5ng<span class=\"mlr-1\">:<\/span><span class=\"ml-1\">12 th\u00e1ng k\u1ec3 t\u1eeb ng\u00e0y s\u1ea3n xu\u1ea5t<\/span><\/div>","protected":false},"featured_media":5093,"comment_status":"open","ping_status":"closed","template":"","meta":{"_acf_changed":false},"product_cat":[321,22],"product_tag":[],"class_list":{"0":"post-6109","1":"product","2":"type-product","3":"status-publish","4":"has-post-thumbnail","6":"product_cat-che","7":"product_cat-sanphamthucpham","9":"first","10":"instock","11":"shipping-taxable","12":"purchasable","13":"product-type-simple"},"acf":[],"_links":{"self":[{"href":"https:\/\/b2c.fairs.vn\/en\/wp-json\/wp\/v2\/product\/6109","targetHints":{"allow":["GET"]}}],"collection":[{"href":"https:\/\/b2c.fairs.vn\/en\/wp-json\/wp\/v2\/product"}],"about":[{"href":"https:\/\/b2c.fairs.vn\/en\/wp-json\/wp\/v2\/types\/product"}],"replies":[{"embeddable":true,"href":"https:\/\/b2c.fairs.vn\/en\/wp-json\/wp\/v2\/comments?post=6109"}],"version-history":[{"count":0,"href":"https:\/\/b2c.fairs.vn\/en\/wp-json\/wp\/v2\/product\/6109\/revisions"}],"wp:featuredmedia":[{"embeddable":true,"href":"https:\/\/b2c.fairs.vn\/en\/wp-json\/wp\/v2\/media\/5093"}],"wp:attachment":[{"href":"https:\/\/b2c.fairs.vn\/en\/wp-json\/wp\/v2\/media?parent=6109"}],"wp:term":[{"taxonomy":"product_cat","embeddable":true,"href":"https:\/\/b2c.fairs.vn\/en\/wp-json\/wp\/v2\/product_cat?post=6109"},{"taxonomy":"product_tag","embeddable":true,"href":"https:\/\/b2c.fairs.vn\/en\/wp-json\/wp\/v2\/product_tag?post=6109"}],"curies":[{"name":"wp","href":"https:\/\/api.w.org\/{rel}","templated":true}]}}