{"id":5067,"date":"2024-03-20T15:16:07","date_gmt":"2024-03-20T08:16:07","guid":{"rendered":"https:\/\/b2c.fairs.vn\/?post_type=product&#038;p=5067"},"modified":"2024-04-09T16:37:03","modified_gmt":"2024-04-09T09:37:03","slug":"che-xanh-ngoc-thuy-non","status":"publish","type":"product","link":"https:\/\/b2c.fairs.vn\/en\/product\/che-xanh-ngoc-thuy-non\/","title":{"rendered":"Ch\u00e8 xanh Ng\u1ecdc Th\u00fay n\u00f5n"},"content":{"rendered":"<div>\n<div>\n<p>Quy m\u00f4:<\/p>\n<p>&#8211; S\u1ea3n l\u01b0\u1ee3ng ch\u00e8 t\u01b0\u01a1i: &gt; 20.000 kg\/n\u0103m.<\/p>\n<p>&#8211; S\u1ea3n l\u01b0\u1ee3ng ch\u00e8 kh\u00f4: &gt; 4.000 kg\/n\u0103m.<\/p>\n<p>&#8211; S\u1ea3n ph\u1ea9m \u0111\u00f3ng g\u00f3i: 100g, 200g, 500g; lo\u1ea1i 100g, 200g \/t\u00fai (\u0111\u1ef1ng trong h\u1ed9p).<\/p>\n<p>H\u1ea1n s\u1eed d\u1ee5ng 12 th\u00e1ng k\u1ec3 t\u1eeb ng\u00e0y \u0111\u00f3ng g\u00f3i.<\/p>\n<\/div>\n<\/div>\n<div>\n<div>\n<h3 class=\"text-xl my-5 font-bold\">Th\u00f4ng s\u1ed1 k\u1ef9 thu\u1eadt<\/h3>\n<div>\n<div class=\"my-2 py-2\">Tr\u1ecdng l\u01b0\u1ee3ng<span class=\"mlr-1\">:<\/span><span class=\"ml-1\">1Kg<\/span><\/div>\n<div class=\"my-2 py-2\">S\u1ea3n xu\u1ea5t t\u1ea1i<span class=\"mlr-1\">:<\/span><span class=\"ml-1\">Vi\u1ec7t Nam<\/span><\/div>\n<\/div>\n<\/div>\n<\/div>","protected":false},"excerpt":{"rendered":"<p>Quy m\u00f4: &#8211; S\u1ea3n l\u01b0\u1ee3ng ch\u00e8 t\u01b0\u01a1i: &gt; 20.000 kg\/n\u0103m. &#8211; S\u1ea3n l\u01b0\u1ee3ng ch\u00e8 kh\u00f4: &gt; 4.000 kg\/n\u0103m. &#8211; S\u1ea3n<\/p>","protected":false},"featured_media":5073,"comment_status":"open","ping_status":"closed","template":"","meta":{"_acf_changed":false},"product_cat":[321,322,22],"product_tag":[],"class_list":{"0":"post-5067","1":"product","2":"type-product","3":"status-publish","4":"has-post-thumbnail","6":"product_cat-che","7":"product_cat-che-tuoi-che-bien","8":"product_cat-sanphamthucpham","10":"first","11":"instock","12":"shipping-taxable","13":"product-type-simple"},"acf":[],"_links":{"self":[{"href":"https:\/\/b2c.fairs.vn\/en\/wp-json\/wp\/v2\/product\/5067","targetHints":{"allow":["GET"]}}],"collection":[{"href":"https:\/\/b2c.fairs.vn\/en\/wp-json\/wp\/v2\/product"}],"about":[{"href":"https:\/\/b2c.fairs.vn\/en\/wp-json\/wp\/v2\/types\/product"}],"replies":[{"embeddable":true,"href":"https:\/\/b2c.fairs.vn\/en\/wp-json\/wp\/v2\/comments?post=5067"}],"version-history":[{"count":0,"href":"https:\/\/b2c.fairs.vn\/en\/wp-json\/wp\/v2\/product\/5067\/revisions"}],"wp:featuredmedia":[{"embeddable":true,"href":"https:\/\/b2c.fairs.vn\/en\/wp-json\/wp\/v2\/media\/5073"}],"wp:attachment":[{"href":"https:\/\/b2c.fairs.vn\/en\/wp-json\/wp\/v2\/media?parent=5067"}],"wp:term":[{"taxonomy":"product_cat","embeddable":true,"href":"https:\/\/b2c.fairs.vn\/en\/wp-json\/wp\/v2\/product_cat?post=5067"},{"taxonomy":"product_tag","embeddable":true,"href":"https:\/\/b2c.fairs.vn\/en\/wp-json\/wp\/v2\/product_tag?post=5067"}],"curies":[{"name":"wp","href":"https:\/\/api.w.org\/{rel}","templated":true}]}}