{"id":4640,"date":"2024-03-20T15:14:23","date_gmt":"2024-03-20T08:14:23","guid":{"rendered":"https:\/\/b2c.fairs.vn\/?post_type=product&#038;p=4640"},"modified":"2024-03-20T15:14:23","modified_gmt":"2024-03-20T08:14:23","slug":"che-xanh-phu-lam-non","status":"publish","type":"product","link":"https:\/\/b2c.fairs.vn\/en\/product\/che-xanh-phu-lam-non\/","title":{"rendered":"Ch\u00e8 xanh Ph\u00fa L\u00e2m n\u00f5n"},"content":{"rendered":"<div>\n<div>\n<p>Quy m\u00f4:<\/p>\n<p>&#8211; S\u1ea3n l\u01b0\u1ee3ng ch\u00e8 t\u01b0\u01a1i: &gt; 10.000 kg\/n\u0103m.<\/p>\n<p>&#8211; S\u1ea3n l\u01b0\u1ee3ng ch\u00e8 kh\u00f4: &gt; 2.000 kg\/n\u0103m.<\/p>\n<p>&#8211; S\u1ea3n ph\u1ea9m \u0111\u00f3ng g\u00f3i: 100g, 200g, 500g\/t\u00fai; lo\u1ea1i 100g, 200g (\u0111\u1ef1ng trong h\u1ed9p).<\/p>\n<p>H\u1ea1n s\u1eed d\u1ee5ng 12 th\u00e1ng k\u1ec3 t\u1eeb ng\u00e0y \u0111\u00f3ng g\u00f3i.<\/p>\n<\/div>\n<\/div>\n<div>\n<div>\n<h3 class=\"text-xl my-5 font-bold\">Th\u00f4ng s\u1ed1 k\u1ef9 thu\u1eadt<\/h3>\n<div>\n<div class=\"my-2 py-2\">Tr\u1ecdng l\u01b0\u1ee3ng<span class=\"mlr-1\">:<\/span><span class=\"ml-1\">1Kg<\/span><\/div>\n<div class=\"my-2 py-2\">S\u1ea3n xu\u1ea5t t\u1ea1i<span class=\"mlr-1\">:<\/span><span class=\"ml-1\">Vi\u1ec7t Nam<\/span><\/div>\n<\/div>\n<\/div>\n<\/div>","protected":false},"excerpt":{"rendered":"<div>\n<div>\n<p>Quy m\u00f4:<\/p>\n<p>&#8211; S\u1ea3n l\u01b0\u1ee3ng ch\u00e8 t\u01b0\u01a1i: &gt; 10.000 kg\/n\u0103m.<\/p>\n<p>&#8211; S\u1ea3n l\u01b0\u1ee3ng ch\u00e8 kh\u00f4: &gt; 2.000 kg\/n\u0103m.<\/p>\n<p>&#8211; S\u1ea3n ph\u1ea9m \u0111\u00f3ng g\u00f3i: 100g, 200g, 500g\/t\u00fai; lo\u1ea1i 100g, 200g (\u0111\u1ef1ng trong h\u1ed9p).<\/p>\n<p>H\u1ea1n s\u1eed d\u1ee5ng 12 th\u00e1ng k\u1ec3 t\u1eeb ng\u00e0y \u0111\u00f3ng g\u00f3i.<\/p>\n<\/div>\n<\/div>\n<div>\n<div>\n<h3 class=\"text-xl my-5 font-bold\">Th\u00f4ng s\u1ed1 k\u1ef9 thu\u1eadt<\/h3>\n<div>\n<div class=\"my-2 py-2\">Tr\u1ecdng l\u01b0\u1ee3ng<span class=\"mlr-1\">:<\/span><span class=\"ml-1\">1Kg<\/span><\/div>\n<div class=\"my-2 py-2\">S\u1ea3n xu\u1ea5t t\u1ea1i<span class=\"mlr-1\">:<\/span><span class=\"ml-1\">Vi\u1ec7t Nam<\/span><\/div>\n<\/div>\n<\/div>\n<\/div>","protected":false},"featured_media":4703,"comment_status":"open","ping_status":"closed","template":"","meta":{"_acf_changed":false},"product_cat":[321,322,22],"product_tag":[],"class_list":{"0":"post-4640","1":"product","2":"type-product","3":"status-publish","4":"has-post-thumbnail","6":"product_cat-che","7":"product_cat-che-tuoi-che-bien","8":"product_cat-sanphamthucpham","10":"first","11":"instock","12":"shipping-taxable","13":"purchasable","14":"product-type-simple"},"acf":[],"_links":{"self":[{"href":"https:\/\/b2c.fairs.vn\/en\/wp-json\/wp\/v2\/product\/4640","targetHints":{"allow":["GET"]}}],"collection":[{"href":"https:\/\/b2c.fairs.vn\/en\/wp-json\/wp\/v2\/product"}],"about":[{"href":"https:\/\/b2c.fairs.vn\/en\/wp-json\/wp\/v2\/types\/product"}],"replies":[{"embeddable":true,"href":"https:\/\/b2c.fairs.vn\/en\/wp-json\/wp\/v2\/comments?post=4640"}],"version-history":[{"count":0,"href":"https:\/\/b2c.fairs.vn\/en\/wp-json\/wp\/v2\/product\/4640\/revisions"}],"wp:featuredmedia":[{"embeddable":true,"href":"https:\/\/b2c.fairs.vn\/en\/wp-json\/wp\/v2\/media\/4703"}],"wp:attachment":[{"href":"https:\/\/b2c.fairs.vn\/en\/wp-json\/wp\/v2\/media?parent=4640"}],"wp:term":[{"taxonomy":"product_cat","embeddable":true,"href":"https:\/\/b2c.fairs.vn\/en\/wp-json\/wp\/v2\/product_cat?post=4640"},{"taxonomy":"product_tag","embeddable":true,"href":"https:\/\/b2c.fairs.vn\/en\/wp-json\/wp\/v2\/product_tag?post=4640"}],"curies":[{"name":"wp","href":"https:\/\/api.w.org\/{rel}","templated":true}]}}