{"id":3538,"date":"2024-03-20T15:08:56","date_gmt":"2024-03-20T08:08:56","guid":{"rendered":"https:\/\/b2c.fairs.vn\/?post_type=product&#038;p=3538"},"modified":"2024-03-28T11:31:21","modified_gmt":"2024-03-28T04:31:21","slug":"mien-viet-cuong","status":"publish","type":"product","link":"https:\/\/b2c.fairs.vn\/en\/product\/mien-viet-cuong\/","title":{"rendered":"Mi\u1ebfn s\u1eafn d\u00e2y Vi\u1ec7t C\u01b0\u1eddng OCOP 5SAO"},"content":{"rendered":"<p>Mi\u1ebfn S\u1eafn D\u00e2y Vi\u1ec7t C\u01b0\u1eddng l\u00e0 \u0111\u1eb7c s\u1ea3n \u0111\u01b0\u1ee3c ch\u1ee9ng nh\u1eadn OCOP 5 sao c\u1ee7a Th\u00e1i Nguy\u00ean.<br \/>\nT\u1ea4T C\u1ea2 C\u00c1C S\u1ea2N PH\u1ea8M OCOP 5 SAO \u0110\u1ec0U \u0110\u1ea0T \u0110\u1ee6 TI\u00caU CHU\u1ea8N XU\u1ea4T KH\u1ea8U (r\u00f5 r\u00e0ng v\u1ec1 ngu\u1ed3n g\u1ed1c v\u00e0 ch\u1ea5t l\u01b0\u1ee3ng). Mi\u1ebfn \u0111\u01b0\u1ee3c l\u00e0m t\u1eeb tinh b\u1ed9t s\u1eafn d\u00e2y v\u00e0 tinh b\u1ed9t dong ri\u1ec1ng cho s\u1ee3i mi\u1ebfn dai ngon, gi\u00f2n ch\u1eafc v\u00e0 kh\u00f4ng b\u1ecb n\u00e1t khi n\u1ea5u. T\u1eeb \u0111\u00f3 mang \u0111\u1ebfn s\u1ef1 tr\u1ecdn v\u1eb9n trong h\u01b0\u01a1ng v\u1ecb khi th\u01b0\u1edfng th\u1ee9c.<\/p>\n<p>Gi\u00e1 tr\u1ecb dinh d\u01b0\u1ee1ng trong 100g Mi\u1ebfn:<br \/>\nN\u0103ng l\u01b0\u1ee3ng 285 Kcal \u2013 427 Kcal<br \/>\nCarbohydrate: 66 g \u2013 99 g<br \/>\nLipid: 0,10 g \u2013 0,16 g<\/p>\n<p>H\u01b0\u1edbng d\u1eabn s\u1eed d\u1ee5ng: Cho v\u00e0o ng\u00e2m \u1edf n\u01b0\u1edbc \u1ea5m 60 \u0111\u1ed9 C kho\u1ea3ng 3 ph\u00fat \u2013 \u0111\u1ebfn 5 ph\u00fat sau \u0111\u00f3 r\u1eeda s\u1ea1ch, d\u00f9ng x\u00e0o, n\u1ea5u ho\u1eb7c nh\u00fang l\u1ea9u t\u00f9y \u00fd.<\/p>\n<p>H\u01b0\u1edbng d\u1eabn b\u1ea3o qu\u1ea3n: B\u1ea3o qu\u1ea3n \u1edf n\u01a1i kh\u00f4 r\u00e1o, tho\u00e1ng m\u00e1t, tr\u00e1nh \u00e1nh n\u1eafng m\u1eb7t tr\u1eddi<\/p>","protected":false},"excerpt":{"rendered":"<p>Mi\u1ebfn S\u1eafn D\u00e2y Vi\u1ec7t C\u01b0\u1eddng l\u00e0 \u0111\u1eb7c s\u1ea3n \u0111\u01b0\u1ee3c ch\u1ee9ng nh\u1eadn OCOP 5 sao c\u1ee7a Th\u00e1i Nguy\u00ean. T\u1ea4T C\u1ea2 C\u00c1C<\/p>","protected":false},"featured_media":11382,"comment_status":"open","ping_status":"closed","template":"","meta":{"_acf_changed":false},"product_cat":[315,22,313],"product_tag":[],"class_list":{"0":"post-3538","1":"product","2":"type-product","3":"status-publish","4":"has-post-thumbnail","6":"product_cat-che-bien-tu-gao-ngu-coc","7":"product_cat-sanphamthucpham","8":"product_cat-thuc-pham-che-bien","10":"first","11":"instock","12":"shipping-taxable","13":"purchasable","14":"product-type-variable"},"acf":[],"_links":{"self":[{"href":"https:\/\/b2c.fairs.vn\/en\/wp-json\/wp\/v2\/product\/3538","targetHints":{"allow":["GET"]}}],"collection":[{"href":"https:\/\/b2c.fairs.vn\/en\/wp-json\/wp\/v2\/product"}],"about":[{"href":"https:\/\/b2c.fairs.vn\/en\/wp-json\/wp\/v2\/types\/product"}],"replies":[{"embeddable":true,"href":"https:\/\/b2c.fairs.vn\/en\/wp-json\/wp\/v2\/comments?post=3538"}],"version-history":[{"count":0,"href":"https:\/\/b2c.fairs.vn\/en\/wp-json\/wp\/v2\/product\/3538\/revisions"}],"wp:featuredmedia":[{"embeddable":true,"href":"https:\/\/b2c.fairs.vn\/en\/wp-json\/wp\/v2\/media\/11382"}],"wp:attachment":[{"href":"https:\/\/b2c.fairs.vn\/en\/wp-json\/wp\/v2\/media?parent=3538"}],"wp:term":[{"taxonomy":"product_cat","embeddable":true,"href":"https:\/\/b2c.fairs.vn\/en\/wp-json\/wp\/v2\/product_cat?post=3538"},{"taxonomy":"product_tag","embeddable":true,"href":"https:\/\/b2c.fairs.vn\/en\/wp-json\/wp\/v2\/product_tag?post=3538"}],"curies":[{"name":"wp","href":"https:\/\/api.w.org\/{rel}","templated":true}]}}