{"id":3529,"date":"2024-03-20T15:05:22","date_gmt":"2024-03-20T08:05:22","guid":{"rendered":"https:\/\/b2c.fairs.vn\/?post_type=product&#038;p=3529"},"modified":"2024-03-20T15:05:23","modified_gmt":"2024-03-20T08:05:23","slug":"que-bot","status":"publish","type":"product","link":"https:\/\/b2c.fairs.vn\/en\/product\/que-bot\/","title":{"rendered":"Qu\u1ebf b\u1ed9t"},"content":{"rendered":"<p>Qu\u1ebf Vi\u1ec7t Nam v\u1edbi h\u00e0m l\u01b0\u1ee3ng tinh d\u1ea7u cao cho h\u01b0\u01a1ng v\u1ecb \u0111\u1eadm \u0111\u00e0, ng\u1ecdt ng\u00e0o \u0111\u1eb7c tr\u01b0ng,\u00a0100% tinh khi\u1ebft. H\u1ec7 th\u1ed1ng l\u00e0m s\u1ea1ch v\u00e0 xay hi\u1ec7n \u0111\u1ea1i, hi\u1ec7u qu\u1ea3 c\u1ee7a Hagimex \u0111\u1ea3m b\u1ea3o b\u1ed9t qu\u1ebf an to\u00e0n, s\u1ea1ch v\u00e0 m\u1ecbn.<\/p>\n<p>&nbsp;<\/p>\n<p>&#8211; H\u00e0m l\u01b0\u1ee3ng d\u1ea7u d\u1ec5 bay h\u01a1i: t\u1eeb 1% \u0111\u1ebfn 5%.<\/p>\n<p>&#8211; \u0110\u1ed9 \u1ea9m: 12%.<\/p>\n<p>&#8211; \u0110\u00f3ng g\u00f3i: T\u00fai gi\u1ea5y kraft 50lb, t\u00fai gi\u1ea5y kraft 20kg, ho\u1eb7c t\u00fai PE v\u00e0 th\u00f9ng carton, t\u00f9y thu\u1ed9c v\u00e0o y\u00eau c\u1ea7u c\u1ee7a kh\u00e1ch h\u00e0ng.<\/p>","protected":false},"excerpt":{"rendered":"<p>Qu\u1ebf Vi\u1ec7t Nam v\u1edbi h\u00e0m l\u01b0\u1ee3ng tinh d\u1ea7u cao cho h\u01b0\u01a1ng v\u1ecb \u0111\u1eadm \u0111\u00e0, ng\u1ecdt ng\u00e0o \u0111\u1eb7c tr\u01b0ng,\u00a0100% tinh khi\u1ebft.<\/p>","protected":false},"featured_media":3531,"comment_status":"open","ping_status":"closed","template":"","meta":{"_acf_changed":false},"product_cat":[311,312,22,310],"product_tag":[],"class_list":{"0":"post-3529","1":"product","2":"type-product","3":"status-publish","4":"has-post-thumbnail","6":"product_cat-gao-ngu-coc-hat-so-che-khac","7":"product_cat-mat-ong-mat-khac-va-nong-san-thuc-pham-khac","8":"product_cat-sanphamthucpham","9":"product_cat-thuc-pham-tho-so-che","11":"first","12":"instock","13":"shipping-taxable","14":"product-type-simple"},"acf":[],"_links":{"self":[{"href":"https:\/\/b2c.fairs.vn\/en\/wp-json\/wp\/v2\/product\/3529","targetHints":{"allow":["GET"]}}],"collection":[{"href":"https:\/\/b2c.fairs.vn\/en\/wp-json\/wp\/v2\/product"}],"about":[{"href":"https:\/\/b2c.fairs.vn\/en\/wp-json\/wp\/v2\/types\/product"}],"replies":[{"embeddable":true,"href":"https:\/\/b2c.fairs.vn\/en\/wp-json\/wp\/v2\/comments?post=3529"}],"version-history":[{"count":0,"href":"https:\/\/b2c.fairs.vn\/en\/wp-json\/wp\/v2\/product\/3529\/revisions"}],"wp:featuredmedia":[{"embeddable":true,"href":"https:\/\/b2c.fairs.vn\/en\/wp-json\/wp\/v2\/media\/3531"}],"wp:attachment":[{"href":"https:\/\/b2c.fairs.vn\/en\/wp-json\/wp\/v2\/media?parent=3529"}],"wp:term":[{"taxonomy":"product_cat","embeddable":true,"href":"https:\/\/b2c.fairs.vn\/en\/wp-json\/wp\/v2\/product_cat?post=3529"},{"taxonomy":"product_tag","embeddable":true,"href":"https:\/\/b2c.fairs.vn\/en\/wp-json\/wp\/v2\/product_tag?post=3529"}],"curies":[{"name":"wp","href":"https:\/\/api.w.org\/{rel}","templated":true}]}}