{"id":3527,"date":"2024-03-20T15:04:59","date_gmt":"2024-03-20T08:04:59","guid":{"rendered":"https:\/\/b2c.fairs.vn\/?post_type=product&#038;p=3527"},"modified":"2024-03-20T15:04:59","modified_gmt":"2024-03-20T08:04:59","slug":"mien-san-day-viet-cuong","status":"publish","type":"product","link":"https:\/\/b2c.fairs.vn\/en\/product\/mien-san-day-viet-cuong\/","title":{"rendered":"Mi\u1ebfn S\u1eafn D\u00e2y Vi\u1ec7t C\u01b0\u1eddng"},"content":{"rendered":"<p>Ngay t\u1eeb c\u00f4ng \u0111o\u1ea1n ch\u1ecdn nguy\u00ean li\u1ec7u \u0111\u00e3 y\u00eau c\u1ea7u r\u1ea5t cao. S\u1eafn d\u00e2y v\u00e0 dong ph\u1ea3i \u0111\u01b0\u1ee3c l\u1ef1a ch\u1ecdn t\u1eeb v\u00f9ng nguy\u00ean li\u1ec7u. S\u1eafn d\u00e2y \u1ea5y \u0111em v\u1ec1 l\u00e0m s\u1ea1ch sau \u0111\u00f3 d\u00f9ng dao nh\u1ecf g\u1ecdt b\u1ecf nh\u1eefng ph\u1ea7n h\u1ecfng, c\u1ea1o v\u1ecf r\u1ed3i cho v\u00e0o m\u00e0i n\u00e1t. Sau khi S\u1eafn D\u00e2y \u0111\u01b0\u1ee3c l\u00e0m nhuy\u1ec5n \u0111\u01b0\u1ee3c b\u1ecdc v\u00e0o m\u1ed9t t\u1ea5m v\u1ea3i m\u00e0n th\u01b0a \u0111\u1ec3 l\u1ecdc. N\u01b0\u1edbc l\u1ecdc dong y\u00eau c\u1ea7u l\u00e0 n\u01b0\u1edbc m\u01b0a s\u1ea1ch v\u00e0 kh\u00f4ng c\u00f3 v\u00e1ng b\u1ea9n. C\u00f3 th\u1ec3 d\u00f9ng n\u01b0\u1edbc gi\u1ebfng nh\u01b0ng ph\u1ea3i l\u00e0 gi\u1ebfng \u0111\u00e0o ch\u1ee9 kh\u00f4ng d\u00f9ng gi\u1ebfng khoan. Sau khi \u0111\u00e3 c\u00f3 n\u01b0\u1edbc dong g\u1ed9t qua 2 \u0111\u1ebfn 3 l\u1ea7n ng\u01b0\u1eddi th\u1ee3 s\u1ebd pha ch\u1ebf th\u00eam m\u1ed9t ph\u1ea7n b\u1ed9t g\u1ea1o v\u00e0 m\u1ed9t s\u1ed1 ph\u1ee5 gia n\u1eefa v\u00e0 b\u1eaft \u0111\u1ea7u qu\u1ea5y b\u1ed9t cho th\u1eadt s\u00e1nh. C\u00f4ng \u0111o\u1ea1n n\u00e0y r\u1ea5t t\u1ed1n s\u1ee9c n\u00ean \u0111\u00f2i h\u1ecfi ng\u01b0\u1eddi l\u00e0m mi\u1ebfn ph\u1ea3i d\u1ebbo dai v\u00e0 c\u00f3 s\u1ee9c kh\u1ecfe v\u00ec c\u00e0ng l\u00fac b\u1ed9t c\u00e0ng \u0111\u1eb7c h\u01a1n, ph\u1ea3i qu\u1ea5y li\u00ean t\u1ee5c v\u00e0 \u0111\u1ec1u tay th\u00ec b\u1ed9t kh\u00f4ng b\u1ecb v\u00f3n v\u00e0 s\u1ed1ng.<\/p>","protected":false},"excerpt":{"rendered":"<p>Ngay t\u1eeb c\u00f4ng \u0111o\u1ea1n ch\u1ecdn nguy\u00ean li\u1ec7u \u0111\u00e3 y\u00eau c\u1ea7u r\u1ea5t cao. S\u1eafn d\u00e2y v\u00e0 dong ph\u1ea3i \u0111\u01b0\u1ee3c l\u1ef1a ch\u1ecdn<\/p>","protected":false},"featured_media":3482,"comment_status":"open","ping_status":"closed","template":"","meta":{"_acf_changed":false},"product_cat":[22],"product_tag":[],"class_list":{"0":"post-3527","1":"product","2":"type-product","3":"status-publish","4":"has-post-thumbnail","6":"product_cat-sanphamthucpham","8":"first","9":"instock","10":"shipping-taxable","11":"purchasable","12":"product-type-simple"},"acf":[],"_links":{"self":[{"href":"https:\/\/b2c.fairs.vn\/en\/wp-json\/wp\/v2\/product\/3527","targetHints":{"allow":["GET"]}}],"collection":[{"href":"https:\/\/b2c.fairs.vn\/en\/wp-json\/wp\/v2\/product"}],"about":[{"href":"https:\/\/b2c.fairs.vn\/en\/wp-json\/wp\/v2\/types\/product"}],"replies":[{"embeddable":true,"href":"https:\/\/b2c.fairs.vn\/en\/wp-json\/wp\/v2\/comments?post=3527"}],"version-history":[{"count":0,"href":"https:\/\/b2c.fairs.vn\/en\/wp-json\/wp\/v2\/product\/3527\/revisions"}],"wp:featuredmedia":[{"embeddable":true,"href":"https:\/\/b2c.fairs.vn\/en\/wp-json\/wp\/v2\/media\/3482"}],"wp:attachment":[{"href":"https:\/\/b2c.fairs.vn\/en\/wp-json\/wp\/v2\/media?parent=3527"}],"wp:term":[{"taxonomy":"product_cat","embeddable":true,"href":"https:\/\/b2c.fairs.vn\/en\/wp-json\/wp\/v2\/product_cat?post=3527"},{"taxonomy":"product_tag","embeddable":true,"href":"https:\/\/b2c.fairs.vn\/en\/wp-json\/wp\/v2\/product_tag?post=3527"}],"curies":[{"name":"wp","href":"https:\/\/api.w.org\/{rel}","templated":true}]}}