{"id":3523,"date":"2024-03-20T15:03:41","date_gmt":"2024-03-20T08:03:41","guid":{"rendered":"https:\/\/b2c.fairs.vn\/?post_type=product&#038;p=3523"},"modified":"2024-03-28T11:14:30","modified_gmt":"2024-03-28T04:14:30","slug":"mien-khoai-lang-viet-cuong-200g","status":"publish","type":"product","link":"https:\/\/b2c.fairs.vn\/en\/product\/mien-khoai-lang-viet-cuong-200g\/","title":{"rendered":"Mi\u1ebfn Khoai Lang Vi\u1ec7t C\u01b0\u1eddng"},"content":{"rendered":"<p>Mi\u1ebfn khoai lang Vi\u1ec7t C\u01b0\u1eddng \u0111\u1eb7c s\u1ea3n Th\u00e1i Nguy\u00ean dai ngon kh\u00f4ng s\u1ea1n s\u1ea3n xu\u1ea5t t\u1ea1i H\u1ee3p t\u00e1c x\u00e3 mi\u1ebfn Vi\u1ec7t C\u01b0\u1eddng \u2013 H\u00f3a Th\u01b0\u1ee3ng \u2013 \u0110\u1ed3ng H\u1ef7 \u2013 Th\u00e1i Nguy\u00ean gi\u00fap cung c\u1ea5p n\u0103ng l\u01b0\u1ee3ng, vitamin, d\u01b0\u1ee1ng ch\u1ea5t c\u1ea7n thi\u1ebft cho c\u00e1c ho\u1ea1t \u0111\u1ed9ng h\u00e0ng ng\u00e0y, \u0111\u01b0\u1ee3c ch\u1ebf bi\u1ebfn t\u1eeb c\u1ee7 dong ri\u1ec1ng t\u00eda ng\u1ecdt m\u00e1t c\u1ee7a v\u00f9ng \u0111\u1ea5t B\u1eafc K\u1ea1n, khoai lang c\u1ee7a c\u00e1c t\u1ec9nh T\u00e2y B\u1eafc. Quy tr\u00ecnh t\u1ea1o n\u00ean th\u1ee9 mi\u1ebfn ngon \u0111\u1eb7c bi\u1ec7t n\u00e0y g\u1ed3m nhi\u1ec1u c\u00f4ng \u0111o\u1ea1n c\u1ea7u k\u1ef3, t\u1ec9 m\u1ec9 d\u01b0\u1edbi b\u00e0n tay kh\u00e9o l\u00e9o c\u1ee7a nh\u1eefng ng\u01b0\u1eddi th\u1ee3 l\u00e0nh ngh\u1ec1 \u0111\u00e3 gi\u00fap t\u1ea1o n\u00ean \u0111\u1ed9 dai ngon ng\u1ecdt c\u1ee7a mi\u1ebfn, s\u1ee3i mi\u1ebfn m\u00e0u n\u00e2u trong \u0111\u1eb9p m\u1eaft, kh\u00f4ng h\u1ec1 b\u1ecb s\u1ea1n b\u1ecb v\u00f3n c\u1ee5c khi \u0103n, h\u00e2m n\u00f3ng l\u1ea1i s\u1ee3i mi\u1ebfn c\u0169ng kh\u00f4ng b\u1ecb b\u1edf n\u00e1t. Nh\u1eefng \u0111i\u1ec1u n\u00e0y \u0111\u00e3 tr\u1edf th\u00e0nh \u0111i\u1ec3m \u0111\u1eb7c bi\u1ec7t c\u1ee7a th\u01b0\u01a1ng hi\u1ec7u mi\u1ebfn Vi\u1ec7t C\u01b0\u1eddng v\u00e0 L\u00e0ng ngh\u1ec1 mi\u1ebfn Vi\u1ec7t C\u01b0\u1eddng trong su\u1ed1t h\u01a1n 40 n\u0103m qua.<\/p>","protected":false},"excerpt":{"rendered":"<p>Mi\u1ebfn khoai lang Vi\u1ec7t C\u01b0\u1eddng \u0111\u1eb7c s\u1ea3n Th\u00e1i Nguy\u00ean dai ngon kh\u00f4ng s\u1ea1n s\u1ea3n xu\u1ea5t t\u1ea1i H\u1ee3p t\u00e1c x\u00e3 mi\u1ebfn<\/p>","protected":false},"featured_media":3480,"comment_status":"open","ping_status":"closed","template":"","meta":{"_acf_changed":false},"product_cat":[22],"product_tag":[],"class_list":{"0":"post-3523","1":"product","2":"type-product","3":"status-publish","4":"has-post-thumbnail","6":"product_cat-sanphamthucpham","8":"first","9":"instock","10":"shipping-taxable","11":"purchasable","12":"product-type-variable"},"acf":[],"_links":{"self":[{"href":"https:\/\/b2c.fairs.vn\/en\/wp-json\/wp\/v2\/product\/3523","targetHints":{"allow":["GET"]}}],"collection":[{"href":"https:\/\/b2c.fairs.vn\/en\/wp-json\/wp\/v2\/product"}],"about":[{"href":"https:\/\/b2c.fairs.vn\/en\/wp-json\/wp\/v2\/types\/product"}],"replies":[{"embeddable":true,"href":"https:\/\/b2c.fairs.vn\/en\/wp-json\/wp\/v2\/comments?post=3523"}],"version-history":[{"count":0,"href":"https:\/\/b2c.fairs.vn\/en\/wp-json\/wp\/v2\/product\/3523\/revisions"}],"wp:featuredmedia":[{"embeddable":true,"href":"https:\/\/b2c.fairs.vn\/en\/wp-json\/wp\/v2\/media\/3480"}],"wp:attachment":[{"href":"https:\/\/b2c.fairs.vn\/en\/wp-json\/wp\/v2\/media?parent=3523"}],"wp:term":[{"taxonomy":"product_cat","embeddable":true,"href":"https:\/\/b2c.fairs.vn\/en\/wp-json\/wp\/v2\/product_cat?post=3523"},{"taxonomy":"product_tag","embeddable":true,"href":"https:\/\/b2c.fairs.vn\/en\/wp-json\/wp\/v2\/product_tag?post=3523"}],"curies":[{"name":"wp","href":"https:\/\/api.w.org\/{rel}","templated":true}]}}