{"id":3522,"date":"2024-03-20T15:03:41","date_gmt":"2024-03-20T08:03:41","guid":{"rendered":"https:\/\/b2c.fairs.vn\/?post_type=product&#038;p=3522"},"modified":"2024-03-20T15:03:42","modified_gmt":"2024-03-20T08:03:42","slug":"dua-khoanh-dong-lon","status":"publish","type":"product","link":"https:\/\/b2c.fairs.vn\/en\/product\/dua-khoanh-dong-lon\/","title":{"rendered":"D\u1ee9a khoanh \u0111\u00f3ng lon"},"content":{"rendered":"<p>D\u1ee9a khoanh \u0111\u00f3ng lon\u00a0\u0111\u01b0\u1ee3c ch\u1ebf bi\u1ebfn t\u1eeb nh\u1eefng tr\u00e1i d\u1ee9a th\u01a1m ngon, gi\u1eef tr\u1ecdn h\u01b0\u01a1ng v\u1ecb nhi\u1ec7t \u0111\u1edbi gi\u00fap b\u1ea1n s\u1ea3ng kho\u00e1i tinh th\u1ea7n, l\u1ea1c quan m\u1ed7i ng\u00e0y.<\/p>\n<p>&nbsp;<\/p>\n<p>&#8211; Si-r\u00f4: lo\u00e3ng ho\u1eb7c \u0111\u1eb7c.<\/p>\n<p>&#8211; Lo\u1ea1i: D\u1ee9a Queen v\u00e0 Cayenne.<\/p>\n<p>&#8211; \u0110\u00f3ng g\u00f3i: trong lon thi\u1ebfc (580ml, 850ml, 3100ml) ho\u1eb7c t\u00fai.<\/p>\n<p>&#8211; Nh\u00e3n hi\u1ec7u: Gusto\u00a0ho\u1eb7c nh\u00e3n hi\u1ec7u ri\u00eang c\u1ee7a kh\u00e1ch h\u00e0ng.<\/p>","protected":false},"excerpt":{"rendered":"<p>D\u1ee9a khoanh \u0111\u00f3ng lon\u00a0\u0111\u01b0\u1ee3c ch\u1ebf bi\u1ebfn t\u1eeb nh\u1eefng tr\u00e1i d\u1ee9a th\u01a1m ngon, gi\u1eef tr\u1ecdn h\u01b0\u01a1ng v\u1ecb nhi\u1ec7t \u0111\u1edbi gi\u00fap b\u1ea1n<\/p>","protected":false},"featured_media":3524,"comment_status":"open","ping_status":"closed","template":"","meta":{"_acf_changed":false},"product_cat":[316,22,313],"product_tag":[],"class_list":{"0":"post-3522","1":"product","2":"type-product","3":"status-publish","4":"has-post-thumbnail","6":"product_cat-che-bien-tu-rau-cu-qua-hat","7":"product_cat-sanphamthucpham","8":"product_cat-thuc-pham-che-bien","10":"first","11":"instock","12":"shipping-taxable","13":"product-type-simple"},"acf":[],"_links":{"self":[{"href":"https:\/\/b2c.fairs.vn\/en\/wp-json\/wp\/v2\/product\/3522","targetHints":{"allow":["GET"]}}],"collection":[{"href":"https:\/\/b2c.fairs.vn\/en\/wp-json\/wp\/v2\/product"}],"about":[{"href":"https:\/\/b2c.fairs.vn\/en\/wp-json\/wp\/v2\/types\/product"}],"replies":[{"embeddable":true,"href":"https:\/\/b2c.fairs.vn\/en\/wp-json\/wp\/v2\/comments?post=3522"}],"version-history":[{"count":0,"href":"https:\/\/b2c.fairs.vn\/en\/wp-json\/wp\/v2\/product\/3522\/revisions"}],"wp:featuredmedia":[{"embeddable":true,"href":"https:\/\/b2c.fairs.vn\/en\/wp-json\/wp\/v2\/media\/3524"}],"wp:attachment":[{"href":"https:\/\/b2c.fairs.vn\/en\/wp-json\/wp\/v2\/media?parent=3522"}],"wp:term":[{"taxonomy":"product_cat","embeddable":true,"href":"https:\/\/b2c.fairs.vn\/en\/wp-json\/wp\/v2\/product_cat?post=3522"},{"taxonomy":"product_tag","embeddable":true,"href":"https:\/\/b2c.fairs.vn\/en\/wp-json\/wp\/v2\/product_tag?post=3522"}],"curies":[{"name":"wp","href":"https:\/\/api.w.org\/{rel}","templated":true}]}}