{"id":3518,"date":"2024-03-20T15:01:43","date_gmt":"2024-03-20T08:01:43","guid":{"rendered":"https:\/\/b2c.fairs.vn\/?post_type=product&#038;p=3518"},"modified":"2024-03-20T15:01:43","modified_gmt":"2024-03-20T08:01:43","slug":"dua-chuot-dam-giam","status":"publish","type":"product","link":"https:\/\/b2c.fairs.vn\/en\/product\/dua-chuot-dam-giam\/","title":{"rendered":"D\u01b0a chu\u1ed9t d\u1ea7m gi\u1ea5m"},"content":{"rendered":"<p>Ch\u00fang t\u00f4i cam k\u1ebft ch\u1ec9 s\u1ea3n xu\u1ea5t\u00a0ra c\u00e1c s\u1ea3n ph\u1ea9m d\u01b0a chu\u1ed9t d\u1ea7m gi\u1ea5m\u00a0GI\u00d2N\u00a0v\u00e0 T\u01af\u01a0I NGON. Ngu\u1ed3n nguy\u00ean li\u1ec7u\u00a0ch\u1ecdn l\u1ecdc k\u0129 c\u00e0ng, \u0111\u1ea3m b\u1ea3o ch\u1ec9 s\u1eed d\u1ee5ng\u00a0d\u01b0a chu\u1ed9t\u00a0t\u01b0\u01a1i ngon v\u00e0 an to\u00e0n nh\u1ea5t, \u0111\u01b0\u1ee3c s\u1ea3n xu\u1ea5t v\u1edbi c\u00f4ng ngh\u1ec7 hi\u1ec7n \u0111\u1ea1i c\u00f9ng quy tr\u00ecnh ki\u1ec3m so\u00e1t ch\u1ea5t l\u01b0\u1ee3ng ch\u1eb7t ch\u1ebd. H\u1ec7 th\u1ed1ng m\u00e1y m\u00f3c t\u1ef1 \u0111\u1ed9ng ho\u1ea1t \u0111\u1ed9ng hi\u1ec7u qu\u1ea3 gi\u00fap gi\u1ea3m b\u1edbt s\u1ef1 ph\u1ee5 thu\u1ed9c v\u00e0o lao \u0111\u1ed9ng v\u00e0 n\u00e2ng cao n\u0103ng l\u1ef1c s\u1ea3n xu\u1ea5t.<\/p>\n<p>Hagimex l\u00e0 m\u1ed9t trong s\u1ed1 r\u1ea5t \u00edt nh\u00e0 s\u1ea3n xu\u1ea5t d\u01b0a chu\u1ed9t mu\u1ed1i t\u1ea1i Vi\u1ec7t Nam \u0111\u1ea1t \u0111\u01b0\u1ee3c ch\u1ee9ng ch\u1ec9 BRC v\u00e0 IFS unannounce. \u0110\u00e2y l\u00e0 hai ch\u1ee9ng ch\u1ec9 v\u1ec1 an to\u00e0n v\u1ec7 sinh th\u1ef1c ph\u1ea9m uy t\u00edn b\u1eadc nh\u1ea5t to\u00e0n c\u1ea7u, v\u00e0 c\u0169ng l\u00e0 t\u1ea5m v\u00e9 th\u00f4ng h\u00e0nh \u0111\u01b0a s\u1ea3n ph\u1ea9m c\u1ee7a ch\u00fang t\u00f4i v\u00e0o th\u1ecb tr\u01b0\u1eddng kh\u00f3 t\u00ednh nh\u1ea5t l\u00e0 ch\u00e2u \u00c2u.<\/p>","protected":false},"excerpt":{"rendered":"<p>Ch\u00fang t\u00f4i cam k\u1ebft ch\u1ec9 s\u1ea3n xu\u1ea5t\u00a0ra c\u00e1c s\u1ea3n ph\u1ea9m d\u01b0a chu\u1ed9t d\u1ea7m gi\u1ea5m\u00a0GI\u00d2N\u00a0v\u00e0 T\u01af\u01a0I NGON. Ngu\u1ed3n nguy\u00ean li\u1ec7u\u00a0ch\u1ecdn l\u1ecdc<\/p>","protected":false},"featured_media":3519,"comment_status":"open","ping_status":"closed","template":"","meta":{"_acf_changed":false},"product_cat":[316,22,313],"product_tag":[],"class_list":{"0":"post-3518","1":"product","2":"type-product","3":"status-publish","4":"has-post-thumbnail","6":"product_cat-che-bien-tu-rau-cu-qua-hat","7":"product_cat-sanphamthucpham","8":"product_cat-thuc-pham-che-bien","10":"first","11":"instock","12":"shipping-taxable","13":"product-type-simple"},"acf":[],"_links":{"self":[{"href":"https:\/\/b2c.fairs.vn\/en\/wp-json\/wp\/v2\/product\/3518","targetHints":{"allow":["GET"]}}],"collection":[{"href":"https:\/\/b2c.fairs.vn\/en\/wp-json\/wp\/v2\/product"}],"about":[{"href":"https:\/\/b2c.fairs.vn\/en\/wp-json\/wp\/v2\/types\/product"}],"replies":[{"embeddable":true,"href":"https:\/\/b2c.fairs.vn\/en\/wp-json\/wp\/v2\/comments?post=3518"}],"version-history":[{"count":0,"href":"https:\/\/b2c.fairs.vn\/en\/wp-json\/wp\/v2\/product\/3518\/revisions"}],"wp:featuredmedia":[{"embeddable":true,"href":"https:\/\/b2c.fairs.vn\/en\/wp-json\/wp\/v2\/media\/3519"}],"wp:attachment":[{"href":"https:\/\/b2c.fairs.vn\/en\/wp-json\/wp\/v2\/media?parent=3518"}],"wp:term":[{"taxonomy":"product_cat","embeddable":true,"href":"https:\/\/b2c.fairs.vn\/en\/wp-json\/wp\/v2\/product_cat?post=3518"},{"taxonomy":"product_tag","embeddable":true,"href":"https:\/\/b2c.fairs.vn\/en\/wp-json\/wp\/v2\/product_tag?post=3518"}],"curies":[{"name":"wp","href":"https:\/\/api.w.org\/{rel}","templated":true}]}}