{"id":3515,"date":"2024-03-20T14:58:25","date_gmt":"2024-03-20T07:58:25","guid":{"rendered":"https:\/\/b2c.fairs.vn\/?post_type=product&#038;p=3515"},"modified":"2024-03-28T11:23:19","modified_gmt":"2024-03-28T04:23:19","slug":"dac-san-mien-viet-cuong-1kg","status":"publish","type":"product","link":"https:\/\/b2c.fairs.vn\/en\/product\/dac-san-mien-viet-cuong-1kg\/","title":{"rendered":"Mi\u1ebfn dong Vi\u1ec7t C\u01b0\u1eddng OCOP 5SAO"},"content":{"rendered":"<p>Dong ph\u1ea3i l\u00e0 th\u1ee9 Dong ri\u1ec1ng t\u00eda, ng\u1ecdt m\u00e1t \u0111\u01b0\u1ee3c l\u1ef1a ch\u1ecdn k\u1ef9 c\u00e0ng t\u1eadn v\u00f9ng \u0111\u1ea5t B\u1eafc C\u1ea1n. Dong \u1ea5y \u0111em v\u1ec1 l\u00e0m s\u1ea1ch sau \u0111\u00f3 d\u00f9ng dao nh\u1ecf g\u1ecdt b\u1ecf nh\u1eefng ph\u1ea7n h\u1ecfng, c\u1ea1o v\u1ecf r\u1ed3i cho v\u00e0o m\u00e0i n\u00e1t.<\/p>\n<p>Sau khi dong \u0111\u01b0\u1ee3c l\u00e0m nhuy\u1ec5n \u0111\u01b0\u1ee3c b\u1ecdc v\u00e0o m\u1ed9t t\u1ea5m v\u1ea3i m\u00e0n th\u01b0a \u0111\u1ec3 l\u1ecdc. N\u01b0\u1edbc l\u1ecdc dong y\u00eau c\u1ea7u l\u00e0 n\u01b0\u1edbc m\u01b0a s\u1ea1ch v\u00e0 kh\u00f4ng c\u00f3 v\u00e1ng b\u1ea9n.<\/p>\n<p>Th\u00f4ng tin chung:<\/p>\n<p>&#8211; \u0110\u01b0\u1ee3c l\u00e0m t\u1eeb tinh b\u1ed9t dong, n\u01b0\u1edbc.<\/p>\n<p>&#8211; C\u00e1ch s\u01a1 ch\u1ebf: ng\u00e2m mi\u1ebfn trong n\u01b0\u1edbc kho\u1ea3ng 3-5 ph\u00fat. Sau \u0111\u00f3 ch\u1ebf bi\u1ebfn tu\u1ef3 \u00fd s\u1eed d\u1ee5ng<\/p>\n<p>+ N\u1ea5u: cho mi\u1ebfn tr\u1ef1c ti\u1ebfp v\u00e0o n\u1ed3i n\u01b0\u1edbc d\u00f9ng kho\u1ea3ng 3 ph\u00fat<\/p>\n<p>+ X\u00e0o: Tr\u1ea7n mi\u1ebfn trong n\u01b0\u1edbc kho\u1ea3ng 3 ph\u00fat, x\u00e0o mi\u1ebfn v\u1edbi gia v\u1ecb tu\u1ef3 \u00fd<\/p>\n<p>+ L\u1ea9u: Cho mi\u1ebfn tr\u1ef1c ti\u1ebfp v\u00e0o n\u1ed3i l\u1ea9u 3-4 ph\u00fat l\u00e0 d\u00f9ng \u0111\u01b0\u1ee3c.<\/p>\n<p>&#8211; Dinh d\u01b0\u1ee1ng: Protein 0,9%; Lipit\/Lipid &lt; 0,5%; Gluxit\/Carbohydrates 84,2%; \u1ea8m 12,9%; Aflatoxin t\u1ed5ng s\u1ed1 &lt; 1,0 ng\/kg; Ch\u00ec (pb) &lt; 0.01mg\/kg<\/p>\n<p>&#8211; H\u1ea1n d\u00f9ng: 24 th\u00e1ng<\/p>\n<p>&#8211; B\u1ea3o qu\u1ea3n n\u01a1i kh\u00f4 r\u00e1o, tho\u00e1ng m\u00e1t<\/p>\n<p>&#8211; Kh\u1ed1i l\u01b0\u1ee3ng t\u1ecbnh:200gr- 500g<\/p>\n<p>&#8211; S\u1ea3n Xu\u1ea5t v\u00e0 \u0110\u00f3ng g\u00f3i t\u1ea1i: H\u1ee3p T\u00e1c X\u00e3 Mi\u1ebfn Vi\u1ec7t C\u01b0\u1eddng- X\u00e3 Ho\u00e1 Th\u01b0\u1ee3ng &#8211; Huy\u1ec7n \u0110\u1ed3ng H\u1ef7 &#8211; T\u1ec9nh Th\u00e1i Nguy\u00ean<\/p>\n<p>&#8211; \u0110\u1eb7c bi\u1ec7t: Ch\u00fang t\u00f4i cam k\u1ebft kh\u00f4ng s\u1eed d\u1ee5ng b\u1ed9t ng\u1ecdt, b\u1ed9t n\u00eam, \u0111\u01b0\u1eddng, ph\u1ea9m m\u00e0u, h\u00f3a ch\u1ea5t, ch\u1ea5t b\u1ea3o qu\u1ea3n hay c\u00e1c thi\u1ebft b\u1ecb \u0111i\u1ec7n trong qu\u00e1 tr\u00ecnh ch\u1ebf bi\u1ebfn v\u00e0 b\u1ea3o qu\u1ea3n. \u0110\u1ed3ng th\u1eddi, ch\u00fang t\u00f4i ch\u1ec9 s\u1eed d\u1ee5ng rau c\u1ee7 kh\u00f4ng b\u00f3n ph\u00e2n h\u00f3a h\u1ecdc, thu\u1ed1c tr\u1eeb s\u00e2u hay c\u00e1c h\u00f3a ch\u1ea5t t\u0103ng tr\u01b0\u1edfng.<\/p>","protected":false},"excerpt":{"rendered":"<p>Dong ph\u1ea3i l\u00e0 th\u1ee9 Dong ri\u1ec1ng t\u00eda, ng\u1ecdt m\u00e1t \u0111\u01b0\u1ee3c l\u1ef1a ch\u1ecdn k\u1ef9 c\u00e0ng t\u1eadn v\u00f9ng \u0111\u1ea5t B\u1eafc C\u1ea1n. Dong<\/p>","protected":false},"featured_media":3478,"comment_status":"open","ping_status":"closed","template":"","meta":{"_acf_changed":false},"product_cat":[22],"product_tag":[],"class_list":{"0":"post-3515","1":"product","2":"type-product","3":"status-publish","4":"has-post-thumbnail","6":"product_cat-sanphamthucpham","8":"first","9":"instock","10":"shipping-taxable","11":"purchasable","12":"product-type-variable"},"acf":[],"_links":{"self":[{"href":"https:\/\/b2c.fairs.vn\/en\/wp-json\/wp\/v2\/product\/3515","targetHints":{"allow":["GET"]}}],"collection":[{"href":"https:\/\/b2c.fairs.vn\/en\/wp-json\/wp\/v2\/product"}],"about":[{"href":"https:\/\/b2c.fairs.vn\/en\/wp-json\/wp\/v2\/types\/product"}],"replies":[{"embeddable":true,"href":"https:\/\/b2c.fairs.vn\/en\/wp-json\/wp\/v2\/comments?post=3515"}],"version-history":[{"count":0,"href":"https:\/\/b2c.fairs.vn\/en\/wp-json\/wp\/v2\/product\/3515\/revisions"}],"wp:featuredmedia":[{"embeddable":true,"href":"https:\/\/b2c.fairs.vn\/en\/wp-json\/wp\/v2\/media\/3478"}],"wp:attachment":[{"href":"https:\/\/b2c.fairs.vn\/en\/wp-json\/wp\/v2\/media?parent=3515"}],"wp:term":[{"taxonomy":"product_cat","embeddable":true,"href":"https:\/\/b2c.fairs.vn\/en\/wp-json\/wp\/v2\/product_cat?post=3515"},{"taxonomy":"product_tag","embeddable":true,"href":"https:\/\/b2c.fairs.vn\/en\/wp-json\/wp\/v2\/product_tag?post=3515"}],"curies":[{"name":"wp","href":"https:\/\/api.w.org\/{rel}","templated":true}]}}