{"id":3511,"date":"2024-03-20T15:00:03","date_gmt":"2024-03-20T08:00:03","guid":{"rendered":"https:\/\/b2c.fairs.vn\/?post_type=product&#038;p=3511"},"modified":"2024-03-20T15:00:04","modified_gmt":"2024-03-20T08:00:04","slug":"vai-thieu-ngam-nuoc-duong","status":"publish","type":"product","link":"https:\/\/b2c.fairs.vn\/en\/product\/vai-thieu-ngam-nuoc-duong\/","title":{"rendered":"V\u1ea3i Thi\u1ec1u ng\u00e2m n\u01b0\u1edbc \u0111\u01b0\u1eddng"},"content":{"rendered":"<ul>\n<li><strong>D\u00f2ng s\u1ea3n ph\u1ea9m::<\/strong>\u00a0Canned fruits<\/li>\n<\/ul>\n<p><strong>\u0110\u01b0\u1ee3c l\u00e0m t\u1eeb v\u1ea3i thi\u1ec1u ch\u00edn \u0111\u1ecf, t\u01b0\u01a1i ngon, v\u1ea3i thi\u1ec1u \u0111\u00f3ng h\u1ed9p c\u1ee7a Hagimex c\u00f3 v\u1ecb ngon ng\u1ecdt, m\u1ec1m m\u1ecbn. D\u00f9ng k\u00e8m v\u1edbi \u0111\u00e1 vi\u00ean \u0111\u1ec3 c\u00f3 m\u1ed9t m\u00f3n tr\u00e1ng mi\u1ec7ng \u0111\u01a1n gi\u1ea3n v\u00e0 ngon mi\u1ec7ng. M\u1ed9t th\u00e0nh ph\u1ea7n tuy\u1ec7t v\u1eddi trong c\u00e1c m\u00f3n \u0103n Ch\u00e2u \u00c1.<\/strong><\/p>\n<p>Si-r\u00f4: lo\u00e3ng ho\u1eb7c \u0111\u1eb7c<\/p>\n<p>\u0110\u00f3ng g\u00f3i: Lon thi\u1ebfc EOE 565gr, 850gr, 3050gr<\/p>\n<p>Gi\u1ed1ng v\u1ea3i: V\u1ea3i \u0111\u01b0\u1ee3c thu mua t\u1ea1i c\u00e1c v\u00f9ng tr\u1ed3ng v\u1ea3i thi\u1ec1u n\u1ed5i ti\u1ebfng \u1edf Vi\u1ec7t Nam nh\u01b0 Thanh H\u00e0, L\u1ee5c Ng\u1ea1n,\u2026<\/p>","protected":false},"excerpt":{"rendered":"<p>D\u00f2ng s\u1ea3n ph\u1ea9m::\u00a0Canned fruits \u0110\u01b0\u1ee3c l\u00e0m t\u1eeb v\u1ea3i thi\u1ec1u ch\u00edn \u0111\u1ecf, t\u01b0\u01a1i ngon, v\u1ea3i thi\u1ec1u \u0111\u00f3ng h\u1ed9p c\u1ee7a Hagimex c\u00f3<\/p>","protected":false},"featured_media":3514,"comment_status":"open","ping_status":"closed","template":"","meta":{"_acf_changed":false},"product_cat":[316,22,313],"product_tag":[],"class_list":{"0":"post-3511","1":"product","2":"type-product","3":"status-publish","4":"has-post-thumbnail","6":"product_cat-che-bien-tu-rau-cu-qua-hat","7":"product_cat-sanphamthucpham","8":"product_cat-thuc-pham-che-bien","10":"first","11":"instock","12":"shipping-taxable","13":"product-type-simple"},"acf":[],"_links":{"self":[{"href":"https:\/\/b2c.fairs.vn\/en\/wp-json\/wp\/v2\/product\/3511","targetHints":{"allow":["GET"]}}],"collection":[{"href":"https:\/\/b2c.fairs.vn\/en\/wp-json\/wp\/v2\/product"}],"about":[{"href":"https:\/\/b2c.fairs.vn\/en\/wp-json\/wp\/v2\/types\/product"}],"replies":[{"embeddable":true,"href":"https:\/\/b2c.fairs.vn\/en\/wp-json\/wp\/v2\/comments?post=3511"}],"version-history":[{"count":0,"href":"https:\/\/b2c.fairs.vn\/en\/wp-json\/wp\/v2\/product\/3511\/revisions"}],"wp:featuredmedia":[{"embeddable":true,"href":"https:\/\/b2c.fairs.vn\/en\/wp-json\/wp\/v2\/media\/3514"}],"wp:attachment":[{"href":"https:\/\/b2c.fairs.vn\/en\/wp-json\/wp\/v2\/media?parent=3511"}],"wp:term":[{"taxonomy":"product_cat","embeddable":true,"href":"https:\/\/b2c.fairs.vn\/en\/wp-json\/wp\/v2\/product_cat?post=3511"},{"taxonomy":"product_tag","embeddable":true,"href":"https:\/\/b2c.fairs.vn\/en\/wp-json\/wp\/v2\/product_tag?post=3511"}],"curies":[{"name":"wp","href":"https:\/\/api.w.org\/{rel}","templated":true}]}}