{"id":3502,"date":"2024-03-20T14:54:38","date_gmt":"2024-03-20T07:54:38","guid":{"rendered":"https:\/\/b2c.fairs.vn\/?post_type=product&#038;p=3502"},"modified":"2024-03-20T14:54:38","modified_gmt":"2024-03-20T07:54:38","slug":"beo-tam","status":"publish","type":"product","link":"https:\/\/b2c.fairs.vn\/en\/product\/beo-tam\/","title":{"rendered":"B\u00e8o t\u1eb1m"},"content":{"rendered":"<h4><strong>L\u1ee5a t\u01a1 t\u1eb1m hoa b\u00e8o\u00a0<\/strong><\/h4>\n<p>M\u1eabu v\u1ea3i l\u1ee5a t\u01a1 t\u1eb1m h\u1ecda ti\u1ebft hoa b\u00e8o BED t\u1ea1o c\u1ea3m gi\u00e1c v\u1eeba nh\u1eb9 nh\u00e0ng v\u1eeba t\u01b0\u01a1i tr\u1ebb. H\u1ecda ti\u1ebft \u0111\u01a1n gi\u1ea3n, kh\u00f4ng qu\u00e1 s\u1eb7c s\u1ee1, ph\u00f9 h\u1ee3p v\u1edbi m\u1ecdi l\u1ee9a tu\u1ed5i.<\/p>\n<p>&nbsp;<\/p>\n<p>L\u1ee5a hoa b\u00e8o\u00a0l\u00e0 d\u00f2ng l\u1ee5a h\u1ecda ti\u1ebft \u0111\u01b0\u1ee3c gi\u1edbi vua ch\u00faa v\u00e0 quan l\u1ea1i x\u01b0a \u01b0u chu\u1ed9ng s\u1eed d\u1ee5ng. C\u00f3 th\u1ec3 n\u00f3i \u0111\u00e2y l\u00e0 m\u1eabu l\u1ee5a truy\u1ec1n th\u1ed1ng l\u00e2u \u0111\u1eddi. L\u00e0ng l\u1ee5a Nha X\u00e1 ti\u1ebfp n\u1ed1i truy\u1ec1n th\u1ed1ng \u0111\u00f3 mang \u0111\u1ebfn s\u1ea3n ph\u1ea9m l\u1ee5a cao c\u1ea5p v\u1edbi gi\u00e1 c\u1ea3 ph\u1ea3i ch\u0103ng.<\/p>\n<p>&nbsp;<\/p>\n<p>L\u1ee5a hoa b\u00e8o Nha X\u00e1 n\u1ed5i ti\u1ebfng c\u1ea3 n\u01b0\u1edbc v\u1ec1 h\u1ecda ti\u1ebft s\u1eafc n\u00e9t n\u1ed5i b\u1eadt, m\u00e0u s\u1eafc t\u1ef1 nhi\u00ean ph\u00f9 h\u1ee3p v\u1edbi m\u1ecdi nhu c\u1ea7u. Ch\u1ea5t l\u01b0\u1ee3ng l\u1ee5a Nha X\u00e1 c\u00f3 \u0111\u01b0\u1ee3c nh\u1edd s\u1ef1 ch\u1ecdn l\u1ecdc k\u1ef9 l\u01b0\u1ee1ng ngay t\u1eeb kh\u00e2u \u0111\u1ea7u ti\u00ean \u0111\u1ebfn kh\u00e2u cu\u1ed1i c\u00f9ng \u0111\u01b0a s\u1ea3n ph\u1ea9m t\u1edbi t\u1eadn tay ng\u01b0\u1eddi ti\u00eau d\u00f9ng.<\/p>\n<p>Hi\u1ec7n nay c\u00e1c l\u00e0ng ngh\u1ec1 truy\u1ec1n th\u1ed1ng chuy\u00ean\u00a0s\u1ea3n xu\u1ea5t v\u1ea3i l\u1ee5a t\u01a1 t\u1eb1m nh\u01b0 Nha X\u00e1\u00a0\u0111ang t\u1eebng b\u01b0\u1edbc \u0111\u01b0\u1ee3c kh\u00f4i ph\u1ee5c v\u00e0 ph\u00e1t tri\u1ec3n. Kh\u00f4ng ch\u1ec9 d\u1eebng l\u1ea1i \u1edf th\u1ecb tr\u01b0\u1eddng trong n\u01b0\u1edbc, c\u00e1c s\u1ea3n ph\u1ea9m \u0111\u00e3 \u0111\u01b0\u1ee3c ng\u01b0\u1eddi ti\u00eau d\u00f9ng n\u01b0\u1edbc ngo\u00e0i \u01b0a chu\u1ed9ng v\u00e0 \u0111\u00e1nh gi\u00e1 cao. V\u00e0 \u0111\u00e2y ch\u00ednh l\u00e0 nh\u1eefng l\u00ed do gi\u00fap\u00a0v\u1ea3i l\u1ee5a t\u01a1 t\u1eb1m\u00a0Nha X\u00e1 \u0111\u00e3, \u0111ang v\u00e0 s\u1ebd ph\u00e1t tri\u1ec3n m\u1ea1nh m\u1ebd h\u01a1n trong t\u01b0\u01a1ng lai.<\/p>","protected":false},"excerpt":{"rendered":"<p>L\u1ee5a t\u01a1 t\u1eb1m hoa b\u00e8o\u00a0 M\u1eabu v\u1ea3i l\u1ee5a t\u01a1 t\u1eb1m h\u1ecda ti\u1ebft hoa b\u00e8o BED t\u1ea1o c\u1ea3m gi\u00e1c v\u1eeba nh\u1eb9<\/p>","protected":false},"featured_media":3504,"comment_status":"open","ping_status":"closed","template":"","meta":{"_acf_changed":false},"product_cat":[336,338],"product_tag":[],"class_list":{"0":"post-3502","1":"product","2":"type-product","3":"status-publish","4":"has-post-thumbnail","6":"product_cat-san-pham-thu-cong-my-nghe","7":"product_cat-vai-may-mac","9":"first","10":"instock","11":"shipping-taxable","12":"product-type-simple"},"acf":[],"_links":{"self":[{"href":"https:\/\/b2c.fairs.vn\/en\/wp-json\/wp\/v2\/product\/3502","targetHints":{"allow":["GET"]}}],"collection":[{"href":"https:\/\/b2c.fairs.vn\/en\/wp-json\/wp\/v2\/product"}],"about":[{"href":"https:\/\/b2c.fairs.vn\/en\/wp-json\/wp\/v2\/types\/product"}],"replies":[{"embeddable":true,"href":"https:\/\/b2c.fairs.vn\/en\/wp-json\/wp\/v2\/comments?post=3502"}],"version-history":[{"count":0,"href":"https:\/\/b2c.fairs.vn\/en\/wp-json\/wp\/v2\/product\/3502\/revisions"}],"wp:featuredmedia":[{"embeddable":true,"href":"https:\/\/b2c.fairs.vn\/en\/wp-json\/wp\/v2\/media\/3504"}],"wp:attachment":[{"href":"https:\/\/b2c.fairs.vn\/en\/wp-json\/wp\/v2\/media?parent=3502"}],"wp:term":[{"taxonomy":"product_cat","embeddable":true,"href":"https:\/\/b2c.fairs.vn\/en\/wp-json\/wp\/v2\/product_cat?post=3502"},{"taxonomy":"product_tag","embeddable":true,"href":"https:\/\/b2c.fairs.vn\/en\/wp-json\/wp\/v2\/product_tag?post=3502"}],"curies":[{"name":"wp","href":"https:\/\/api.w.org\/{rel}","templated":true}]}}